
{"id":1280,"date":"2022-11-15T17:24:12","date_gmt":"2022-11-15T20:24:12","guid":{"rendered":"https:\/\/www.uoh.cl\/escuela-de-educacion\/?page_id=1280"},"modified":"2024-07-25T11:25:14","modified_gmt":"2024-07-25T14:25:14","slug":"fondos-de-innovacion-docente","status":"publish","type":"page","link":"https:\/\/www.uoh.cl\/escuela-de-educacion\/fondos-de-innovacion-docente\/","title":{"rendered":"Fondos de Innovaci\u00f3n Docente"},"content":{"rendered":"<div class=\"wpb-content-wrapper\"><p>[vc_row][vc_column]<div class=\"uoh_slider_featured_component component__featured-slide row mx-auto col-12 m-0 align-items-center position-relative\" style=\" background: url()\"><div class=\"caption--degrade\"><svg  xmlns=\"http:\/\/www.w3.org\/2000\/svg\" xmlns:xlink=\"http:\/\/www.w3.org\/1999\/xlink\" width=\"1061px\" height=\"539px\"><defs><linearGradient id=\"PSgrad_0\" x1=\"0%\" x2=\"64.279%\" y1=\"76.604%\" y2=\"0%\"><stop offset=\"0%\" stop-color=\"rgb(66,160,248)\" stop-opacity=\"1\" \/><stop offset=\"100%\" stop-color=\"rgb(66,160,248)\" stop-opacity=\"0\" \/><\/linearGradient><\/defs><path fill-rule=\"evenodd\"  fill=\"none\" d=\"M311.000,515.000 C311.000,515.000 211.039,468.555 132.000,357.000 C21.864,201.555 -4.306,4.695 1.000,0.000 L196.000,0.000 L811.000,0.000 L1061.000,0.000 C1061.000,0.000 851.535,430.030 546.000,521.000 C402.674,563.674 311.000,515.000 311.000,515.000 Z\"\/> <path fill=\"url(#PSgrad_0)\"d=\"M311.000,515.000 C311.000,515.000 211.039,468.555 132.000,357.000 C21.864,201.555 -4.306,4.695 1.000,0.000 L196.000,0.000 L811.000,0.000 L1061.000,0.000 C1061.000,0.000 851.535,430.030 546.000,521.000 C402.674,563.674 311.000,515.000 311.000,515.000 Z\"\/><\/svg><\/div><div class=\"caption--quote\"><svg xmlns=\"http:\/\/www.w3.org\/2000\/svg\" xmlns:xlink=\"http:\/\/www.w3.org\/1999\/xlink\"width=\"226px\" height=\"273px\"><defs><linearGradient id=\"PSgrad_0\" x1=\"71.934%\" x2=\"0%\" y1=\"69.466%\" y2=\"0%\"><stop offset=\"0%\" stop-color=\"rgb(66,160,248)\" stop-opacity=\"0.49\" \/><stop offset=\"100%\" stop-color=\"rgb(66,160,248)\" stop-opacity=\"0\" \/><\/linearGradient><\/defs><path fill-rule=\"evenodd\"  fill=\"none\" d=\"M-0.000,273.000 L174.000,273.000 C174.000,273.000 226.000,266.268 226.000,221.000 C226.000,175.732 226.000,-0.000 226.000,-0.000 C226.000,-0.000 24.577,71.878 -0.000,273.000 Z\"\/><path fill=\"url(#PSgrad_0)\"d=\"M-0.000,273.000 L174.000,273.000 C174.000,273.000 226.000,266.268 226.000,221.000 C226.000,175.732 226.000,-0.000 226.000,-0.000 C226.000,-0.000 24.577,71.878 -0.000,273.000 Z\"\/><\/svg><\/div><div class=\"my-uoh_slider_featured_component container mx-auto p-md-0\" ><div class=\"content component__featured-slide-content container row mx-auto aling-items-center p-0\"><h1 class=\"p-0 featured-slide title\"  style=\"\"><em>Fondos de<\/em>Innovaci\u00f3n Docente<\/h1><\/div><span><\/span><\/div><\/div>[\/vc_column][\/vc_row][vc_row el_class=&#8221;container mx-auto px-2 align-items-center circle&#8211;pattern&#8221;][vc_column el_class=&#8221;block__cover-image&#8221; css=&#8221;.vc_custom_1648233655371{margin-top: 3rem !important;}&#8221;][vc_wp_custommenu nav_menu=&#8221;6&#8243;][vc_row_inner el_class=&#8221;align-items-center&#8221;][vc_column_inner]<div class=\"uoh_title_component-container\"><h2 class=\"title title--ms d-inline-block title--decorator  medium\">1er Concurso de Apoyo a la Investigaci\u00f3n y Desarrollo Colaborativo para la Innovaci\u00f3n Docente<\/h2><\/div>[\/vc_column_inner][\/vc_row_inner][vc_column_text]<\/p>\n<table style=\"height: 558px\" width=\"629\">\n<tbody>\n<tr>\n<td width=\"302\"><strong>Nombre proyecto<\/strong><\/td>\n<td width=\"321\"><strong>Miembros equipos<\/strong><\/td>\n<td width=\"16\"><\/td>\n<\/tr>\n<tr>\n<td width=\"302\">\u201cElaboraci\u00f3n de cuaderno de Ingl\u00e9s Escrito I como base fundamental en el proceso de ense\u00f1anza-aprendizaje para el desarrollo de la producci\u00f3n escrita en estudiantes de Pedagog\u00eda en Ingl\u00e9s\u201d<\/td>\n<td width=\"321\">Catalina Sandoval<\/p>\n<p>Patricio Canales<\/td>\n<td width=\"16\"><\/td>\n<\/tr>\n<tr>\n<td width=\"302\">\u201cElaboraci\u00f3n de material pedag\u00f3gico contextualizado para aprender la historia educativa de la Regi\u00f3n de O\u2019Higgins\u201d<\/td>\n<td width=\"321\">Camila P\u00e9rez<\/p>\n<p>Paulina Fuentes<\/p>\n<p>Constanza Cort\u00e9s<\/td>\n<td width=\"16\"><\/td>\n<\/tr>\n<tr>\n<td width=\"302\">\u201cTalleres de estrategias de diversificaci\u00f3n de la ense\u00f1anza a trav\u00e9s del dise\u00f1o universal de aprendizaje (DUA) para atender la diversidad en el aula\u201d<\/td>\n<td width=\"321\">Mar\u00eda Judith Alarc\u00f3n<\/p>\n<p>Ana Moncada<\/p>\n<p>Fabiola Marambio<\/td>\n<td width=\"16\"><\/td>\n<\/tr>\n<tr>\n<td width=\"302\">\u201cDise\u00f1os de estudios de caso para diagnosticar en las carreras de pedagog\u00eda en la Escuela de Educaci\u00f3n y fortalecer en pedagog\u00eda en matem\u00e1tica, la competencia reflexiva y observaci\u00f3n de estudiantes de pr\u00e1ctica II\u201d<\/td>\n<td width=\"321\">Roberto Araneda<\/p>\n<p>Mar\u00eda Victoria Mart\u00ednez<\/p>\n<p>Vania Ram\u00edrez<\/td>\n<td width=\"16\"><\/td>\n<\/tr>\n<tr>\n<td width=\"302\">\u201cRevista digital y escritura situada\u201d<\/td>\n<td width=\"321\">H\u00e9ctor Rojas<\/p>\n<p>Pablo Rupin<\/td>\n<td width=\"16\"><\/td>\n<\/tr>\n<\/tbody>\n<\/table>\n<p>&nbsp;<\/p>\n<p>[\/vc_column_text][vc_zigzag color=&#8221;white&#8221;][vc_btn title=&#8221;Written English Booklet I&#8221; color=&#8221;warning&#8221; align=&#8221;center&#8221; css=&#8221;&#8221; link=&#8221;url:https%3A%2F%2Fwww.uoh.cl%2Fescuela-de-educacion%2Fwp-content%2Fuploads%2Fsites%2F17%2F2022%2F11%2FLibro-de-ingles-completo-FINALdigital.pdf|target:_blank&#8221;][vc_zigzag color=&#8221;white&#8221;]<div class=\"uoh_title_component-container\"><h2 class=\"title title--ms d-inline-block medium\">2do Concurso de Apoyo a la Investigaci\u00f3n y Desarrollo Colaborativo para la Innovaci\u00f3n Docente<\/h2><\/div>[vc_column_text]<\/p>\n<table width=\"639\">\n<tbody>\n<tr>\n<td width=\"302\"><strong>Nombre proyecto<\/strong><\/td>\n<td width=\"321\"><strong>Miembros equipos<\/strong><\/td>\n<td width=\"16\"><\/td>\n<\/tr>\n<tr>\n<td width=\"302\">\u201cElaboraci\u00f3n de cuaderno de Ingl\u00e9s Escrito II para el desarrollo de la producci\u00f3n escrita en estudiantes de Pedagog\u00eda en Ingl\u00e9s\u201d<\/td>\n<td width=\"321\">Catalina Sandoval<\/p>\n<p>Patricio Canales<\/td>\n<td width=\"16\"><\/td>\n<\/tr>\n<tr>\n<td width=\"302\">\u201cDise\u00f1o de experiencias de aprendizajes que incorporen el movimiento como recurso metodol\u00f3gico en el \u00e1rea de las matem\u00e1ticas para fortalecer la formaci\u00f3n disciplinar y el desarrollo de pr\u00e1cticas colaborativas entre estudiantes de PES y PEB\u201d<\/td>\n<td width=\"321\">Paula Loyola<\/p>\n<p>Rub\u00e9n Balboa<\/p>\n<p>David G\u00f3mez<\/p>\n<p>Soledad Campos<\/p>\n<p>&nbsp;<\/td>\n<td width=\"16\"><\/td>\n<\/tr>\n<tr>\n<td width=\"302\">\u201cElaboraci\u00f3n de plan piloto de lectura contextualizado para el desarrollo de competencias de comunicaci\u00f3n oral en ingl\u00e9s\u201d<\/td>\n<td width=\"321\">Katherine Keim<\/p>\n<p>Anna Ivanova<\/p>\n<p>Mar\u00eda Jes\u00fas Betanzo<\/p>\n<p>Bel\u00e9n Fa\u00fandez<\/td>\n<td width=\"16\"><\/td>\n<\/tr>\n<\/tbody>\n<\/table>\n<p>&nbsp;<\/p>\n<p>[\/vc_column_text][vc_zigzag color=&#8221;white&#8221;][vc_btn title=&#8221;Written English Booklet II&#8221; color=&#8221;warning&#8221; align=&#8221;center&#8221; css=&#8221;&#8221; link=&#8221;url:https%3A%2F%2Fwww.uoh.cl%2Fescuela-de-educacion%2Fwp-content%2Fuploads%2Fsites%2F17%2F2022%2F11%2FWritten-English-II-Booklet.pdf|target:_blank&#8221;][vc_zigzag color=&#8221;white&#8221;]<div class=\"uoh_title_component-container\"><h2 class=\"title title--ms d-inline-block medium\">3er Concurso de Apoyo a la Investigaci\u00f3n y Desarrollo Colaborativo para la Innovaci\u00f3n Docente<\/h2><\/div>[vc_column_text css=&#8221;&#8221;]<\/p>\n<table width=\"639\">\n<tbody>\n<tr>\n<td width=\"302\"><strong>Nombre proyecto<\/strong><\/td>\n<td width=\"321\"><strong>Miembros equipos<\/strong><\/td>\n<td width=\"16\"><\/td>\n<\/tr>\n<tr>\n<td width=\"302\">\u201cElaboraci\u00f3n de cuaderno de Ingl\u00e9s Escrito III para el desarrollo de la producci\u00f3n escrita en estudiantes de Pedagog\u00eda en Ingl\u00e9s\u201d<\/td>\n<td width=\"321\">Catalina Sandoval<\/p>\n<p>Patricio Canales<\/td>\n<td width=\"16\"><\/td>\n<\/tr>\n<tr>\n<td width=\"302\">\u201cArgumentar y contra-argumentar frente a dilemas de aprendizaje: la revisi\u00f3n de pares como instrumento para el desarrollo de habilidades argumentativas de docentes en formaci\u00f3n\u201d<\/td>\n<td width=\"321\">Natalia Albornoz<\/p>\n<p>Francisca Corbal\u00e1n<\/p>\n<p>Felipe Acu\u00f1a<\/p>\n<p>&nbsp;<\/td>\n<td width=\"16\"><\/td>\n<\/tr>\n<tr>\n<td width=\"302\">\u201cConocimiento matem\u00e1tico, creencias y emociones hacia la matem\u00e1tica, y desempe\u00f1o acad\u00e9mico en el \u00e1mbito de la matem\u00e1tica en la formaci\u00f3n en Pedagog\u00eda en Educaci\u00f3n B\u00e1sica y Pedagog\u00eda en Educaci\u00f3n Especial\u201d<\/td>\n<td width=\"321\">David G\u00f3mez<\/p>\n<p>Mar\u00eda Victoria Mart\u00ednez<\/p>\n<p>Rub\u00e9n Balboa<\/p>\n<p>Eder Pinto<\/p>\n<p>Constanza San Mart\u00edn<\/td>\n<td width=\"16\"><\/td>\n<\/tr>\n<\/tbody>\n<\/table>\n<p>[\/vc_column_text][vc_zigzag color=&#8221;white&#8221;][vc_btn title=&#8221;Written English Booklet III&#8221; color=&#8221;warning&#8221; align=&#8221;center&#8221; css=&#8221;&#8221; link=&#8221;url:https%3A%2F%2Fwww.uoh.cl%2Fescuela-de-educacion%2Fwp-content%2Fuploads%2Fsites%2F17%2F2022%2F11%2FWritten-English-3-Booklet.pdf|target:_blank&#8221;][vc_zigzag color=&#8221;white&#8221;]<div class=\"uoh_title_component-container\"><h2 class=\"title title--ms d-inline-block medium\">4to Concurso de Apoyo a la Investigaci\u00f3n y Desarrollo Colaborativo para la Innovaci\u00f3n Docente<\/h2><\/div>[vc_column_text css=&#8221;&#8221;]<\/p>\n<table width=\"639\">\n<tbody>\n<tr>\n<td width=\"302\"><strong>Nombre proyecto<\/strong><\/td>\n<td width=\"321\"><strong>Miembros equipos<\/strong><\/td>\n<td width=\"16\"><\/td>\n<\/tr>\n<tr>\n<td width=\"302\">\u201cDesarrollo de una pauta de autoevaluaci\u00f3n de pr\u00e1cticas\u201d<\/td>\n<td width=\"321\">Ana Mar\u00eda Espinoza<\/p>\n<p>Natalia Albornoz<\/td>\n<td width=\"16\"><\/td>\n<\/tr>\n<tr>\n<td width=\"302\">\u201cElaboraci\u00f3n de cuaderno de Ingl\u00e9s Escrito IV para el desarrollo de la producci\u00f3n escrita en estudiantes de Pedagog\u00eda en Ingl\u00e9s\u201d<\/td>\n<td width=\"321\">Catalina Sandoval<br \/>\nPatricio Canales<\/td>\n<td width=\"16\"><\/td>\n<\/tr>\n<tr>\n<td width=\"302\">\u201cColecci\u00f3n de historias: recorriendo nuestras voces\u201d<\/td>\n<td width=\"321\">Soledad Concha<\/p>\n<p>Gabriela Peralta<\/p>\n<p>Hellen Andrades<\/td>\n<td width=\"16\"><\/td>\n<\/tr>\n<tr>\n<td width=\"302\">\u201cDise\u00f1o e impresi\u00f3n de prototipos 3D, para articular representaciones de objetos matem\u00e1ticos en estudiantes de pedagog\u00eda en matem\u00e1tica\u201d<\/td>\n<td width=\"321\">Jennypher Fuentes<br \/>\nRoberto Araneda<\/td>\n<td width=\"16\"><\/td>\n<\/tr>\n<tr>\n<td width=\"302\">\u201cLos textos y la ense\u00f1anza en escenarios inciertos. La selecci\u00f3n de materiales utilizados por los profesores para ense\u00f1ar a leer y escribir en primer a\u00f1o escolar en contextos presenciales, virtuales y a distancia de los aprendizajes\u201d<\/td>\n<td width=\"321\">Marta Alegr\u00eda<br \/>\nGabriela G\u00f3mez<\/td>\n<td width=\"16\"><\/td>\n<\/tr>\n<\/tbody>\n<\/table>\n<p>[\/vc_column_text][vc_zigzag color=&#8221;white&#8221;][vc_btn title=&#8221;Written English Booklet IV&#8221; color=&#8221;warning&#8221; align=&#8221;center&#8221; css=&#8221;&#8221; link=&#8221;url:https%3A%2F%2Fwww.uoh.cl%2Fescuela-de-educacion%2Fwp-content%2Fuploads%2Fsites%2F17%2F2022%2F11%2FWritten-english-IV-FINAL-DIGITAL3.pdf|target:_blank&#8221;][vc_zigzag color=&#8221;white&#8221;][\/vc_column][\/vc_row][vc_section el_class=&#8221;container mx-auto align-items-center px-md-0 pt-5&#8243; el_id=&#8221;noticias&#8221;][\/vc_section]<\/p>\n<\/div>","protected":false},"excerpt":{"rendered":"<p>[vc_row][vc_column][\/vc_column][\/vc_row][vc_row el_class=&#8221;container mx-auto px-2 align-items-center circle&#8211;pattern&#8221;][vc_column el_class=&#8221;block__cover-image&#8221; css=&#8221;.vc_custom_1648233655371{margin-top: 3rem !important;}&#8221;][vc_wp_custommenu nav_menu=&#8221;6&#8243;][vc_row_inner el_class=&#8221;align-items-center&#8221;][vc_column_inner][\/vc_column_inner][\/vc_row_inner][vc_column_text] Nombre proyecto Miembros equipos \u201cElaboraci\u00f3n de cuaderno de Ingl\u00e9s Escrito I como base fundamental en el proceso de ense\u00f1anza-aprendizaje para el desarrollo de la producci\u00f3n escrita en estudiantes de Pedagog\u00eda en Ingl\u00e9s\u201d Catalina Sandoval Patricio Canales \u201cElaboraci\u00f3n de material pedag\u00f3gico contextualizado para aprender [&hellip;]<\/p>\n","protected":false},"author":23,"featured_media":0,"parent":0,"menu_order":0,"comment_status":"closed","ping_status":"closed","template":"","meta":{"_acf_changed":false,"footnotes":""},"class_list":["post-1280","page","type-page","status-publish","hentry"],"acf":[],"yoast_head":"<!-- This site is optimized with the Yoast SEO plugin v26.6 - https:\/\/yoast.com\/wordpress\/plugins\/seo\/ -->\n<title>Fondos de Innovaci\u00f3n Docente - Escuela de Educaci\u00f3n<\/title>\n<meta name=\"robots\" content=\"index, follow, max-snippet:-1, max-image-preview:large, max-video-preview:-1\" \/>\n<link rel=\"canonical\" href=\"https:\/\/www.uoh.cl\/escuela-de-educacion\/fondos-de-innovacion-docente\/\" \/>\n<meta property=\"og:locale\" content=\"es_ES\" \/>\n<meta property=\"og:type\" content=\"article\" \/>\n<meta property=\"og:title\" content=\"Fondos de Innovaci\u00f3n Docente - Escuela de Educaci\u00f3n\" \/>\n<meta property=\"og:description\" content=\"[vc_row][vc_column][\/vc_column][\/vc_row][vc_row el_class=&#8221;container mx-auto px-2 align-items-center circle&#8211;pattern&#8221;][vc_column el_class=&#8221;block__cover-image&#8221; css=&#8221;.vc_custom_1648233655371{margin-top: 3rem !important;}&#8221;][vc_wp_custommenu nav_menu=&#8221;6&#8243;][vc_row_inner el_class=&#8221;align-items-center&#8221;][vc_column_inner][\/vc_column_inner][\/vc_row_inner][vc_column_text] Nombre proyecto Miembros equipos \u201cElaboraci\u00f3n de cuaderno de Ingl\u00e9s Escrito I como base fundamental en el proceso de ense\u00f1anza-aprendizaje para el desarrollo de la producci\u00f3n escrita en estudiantes de Pedagog\u00eda en Ingl\u00e9s\u201d Catalina Sandoval Patricio Canales \u201cElaboraci\u00f3n de material pedag\u00f3gico contextualizado para aprender [&hellip;]\" \/>\n<meta property=\"og:url\" content=\"https:\/\/www.uoh.cl\/escuela-de-educacion\/fondos-de-innovacion-docente\/\" \/>\n<meta property=\"og:site_name\" content=\"Escuela de Educaci\u00f3n\" \/>\n<meta property=\"article:modified_time\" content=\"2024-07-25T14:25:14+00:00\" \/>\n<meta name=\"twitter:card\" content=\"summary_large_image\" \/>\n<meta name=\"twitter:label1\" content=\"Tiempo estimado de lectura\" \/>\n\t<meta name=\"twitter:data1\" content=\"3 minutos\" \/>\n<script type=\"application\/ld+json\" class=\"yoast-schema-graph\">{\"@context\":\"https:\/\/schema.org\",\"@graph\":[{\"@type\":\"WebPage\",\"@id\":\"https:\/\/www.uoh.cl\/escuela-de-educacion\/fondos-de-innovacion-docente\/\",\"url\":\"https:\/\/www.uoh.cl\/escuela-de-educacion\/fondos-de-innovacion-docente\/\",\"name\":\"Fondos de Innovaci\u00f3n Docente - Escuela de Educaci\u00f3n\",\"isPartOf\":{\"@id\":\"https:\/\/www.uoh.cl\/escuela-de-educacion\/#website\"},\"datePublished\":\"2022-11-15T20:24:12+00:00\",\"dateModified\":\"2024-07-25T14:25:14+00:00\",\"inLanguage\":\"es-CL\",\"potentialAction\":[{\"@type\":\"ReadAction\",\"target\":[\"https:\/\/www.uoh.cl\/escuela-de-educacion\/fondos-de-innovacion-docente\/\"]}]},{\"@type\":\"WebSite\",\"@id\":\"https:\/\/www.uoh.cl\/escuela-de-educacion\/#website\",\"url\":\"https:\/\/www.uoh.cl\/escuela-de-educacion\/\",\"name\":\"Escuela de Educaci\u00f3n\",\"description\":\"Otro sitio de Sitios de Universidad O'higgins\",\"potentialAction\":[{\"@type\":\"SearchAction\",\"target\":{\"@type\":\"EntryPoint\",\"urlTemplate\":\"https:\/\/www.uoh.cl\/escuela-de-educacion\/?s={search_term_string}\"},\"query-input\":{\"@type\":\"PropertyValueSpecification\",\"valueRequired\":true,\"valueName\":\"search_term_string\"}}],\"inLanguage\":\"es-CL\"}]}<\/script>\n<!-- \/ Yoast SEO plugin. -->","yoast_head_json":{"title":"Fondos de Innovaci\u00f3n Docente - Escuela de Educaci\u00f3n","robots":{"index":"index","follow":"follow","max-snippet":"max-snippet:-1","max-image-preview":"max-image-preview:large","max-video-preview":"max-video-preview:-1"},"canonical":"https:\/\/www.uoh.cl\/escuela-de-educacion\/fondos-de-innovacion-docente\/","og_locale":"es_ES","og_type":"article","og_title":"Fondos de Innovaci\u00f3n Docente - Escuela de Educaci\u00f3n","og_description":"[vc_row][vc_column][\/vc_column][\/vc_row][vc_row el_class=&#8221;container mx-auto px-2 align-items-center circle&#8211;pattern&#8221;][vc_column el_class=&#8221;block__cover-image&#8221; css=&#8221;.vc_custom_1648233655371{margin-top: 3rem !important;}&#8221;][vc_wp_custommenu nav_menu=&#8221;6&#8243;][vc_row_inner el_class=&#8221;align-items-center&#8221;][vc_column_inner][\/vc_column_inner][\/vc_row_inner][vc_column_text] Nombre proyecto Miembros equipos \u201cElaboraci\u00f3n de cuaderno de Ingl\u00e9s Escrito I como base fundamental en el proceso de ense\u00f1anza-aprendizaje para el desarrollo de la producci\u00f3n escrita en estudiantes de Pedagog\u00eda en Ingl\u00e9s\u201d Catalina Sandoval Patricio Canales \u201cElaboraci\u00f3n de material pedag\u00f3gico contextualizado para aprender [&hellip;]","og_url":"https:\/\/www.uoh.cl\/escuela-de-educacion\/fondos-de-innovacion-docente\/","og_site_name":"Escuela de Educaci\u00f3n","article_modified_time":"2024-07-25T14:25:14+00:00","twitter_card":"summary_large_image","twitter_misc":{"Tiempo estimado de lectura":"3 minutos"},"schema":{"@context":"https:\/\/schema.org","@graph":[{"@type":"WebPage","@id":"https:\/\/www.uoh.cl\/escuela-de-educacion\/fondos-de-innovacion-docente\/","url":"https:\/\/www.uoh.cl\/escuela-de-educacion\/fondos-de-innovacion-docente\/","name":"Fondos de Innovaci\u00f3n Docente - Escuela de Educaci\u00f3n","isPartOf":{"@id":"https:\/\/www.uoh.cl\/escuela-de-educacion\/#website"},"datePublished":"2022-11-15T20:24:12+00:00","dateModified":"2024-07-25T14:25:14+00:00","inLanguage":"es-CL","potentialAction":[{"@type":"ReadAction","target":["https:\/\/www.uoh.cl\/escuela-de-educacion\/fondos-de-innovacion-docente\/"]}]},{"@type":"WebSite","@id":"https:\/\/www.uoh.cl\/escuela-de-educacion\/#website","url":"https:\/\/www.uoh.cl\/escuela-de-educacion\/","name":"Escuela de Educaci\u00f3n","description":"Otro sitio de Sitios de Universidad O'higgins","potentialAction":[{"@type":"SearchAction","target":{"@type":"EntryPoint","urlTemplate":"https:\/\/www.uoh.cl\/escuela-de-educacion\/?s={search_term_string}"},"query-input":{"@type":"PropertyValueSpecification","valueRequired":true,"valueName":"search_term_string"}}],"inLanguage":"es-CL"}]}},"_links":{"self":[{"href":"https:\/\/www.uoh.cl\/escuela-de-educacion\/wp-json\/wp\/v2\/pages\/1280","targetHints":{"allow":["GET"]}}],"collection":[{"href":"https:\/\/www.uoh.cl\/escuela-de-educacion\/wp-json\/wp\/v2\/pages"}],"about":[{"href":"https:\/\/www.uoh.cl\/escuela-de-educacion\/wp-json\/wp\/v2\/types\/page"}],"author":[{"embeddable":true,"href":"https:\/\/www.uoh.cl\/escuela-de-educacion\/wp-json\/wp\/v2\/users\/23"}],"replies":[{"embeddable":true,"href":"https:\/\/www.uoh.cl\/escuela-de-educacion\/wp-json\/wp\/v2\/comments?post=1280"}],"version-history":[{"count":35,"href":"https:\/\/www.uoh.cl\/escuela-de-educacion\/wp-json\/wp\/v2\/pages\/1280\/revisions"}],"predecessor-version":[{"id":3225,"href":"https:\/\/www.uoh.cl\/escuela-de-educacion\/wp-json\/wp\/v2\/pages\/1280\/revisions\/3225"}],"wp:attachment":[{"href":"https:\/\/www.uoh.cl\/escuela-de-educacion\/wp-json\/wp\/v2\/media?parent=1280"}],"curies":[{"name":"wp","href":"https:\/\/api.w.org\/{rel}","templated":true}]}}