
{"id":1561,"date":"2023-04-19T10:20:25","date_gmt":"2023-04-19T13:20:25","guid":{"rendered":"https:\/\/www.uoh.cl\/escuela-de-ciencias-sociales\/?page_id=1561"},"modified":"2023-11-27T08:51:49","modified_gmt":"2023-11-27T11:51:49","slug":"uohconstitucional2023","status":"publish","type":"page","link":"https:\/\/www.uoh.cl\/escuela-de-ciencias-sociales\/uohconstitucional2023\/","title":{"rendered":"#UOHConstitucional2023"},"content":{"rendered":"<div class=\"wpb-content-wrapper\"><p>[vc_section el_class=&#8221;container mx-auto align-items-center text-right circle&#8211;pattern&#8221; css=&#8221;.vc_custom_1683057253351{padding-top: 3rem !important;}&#8221;][vc_row el_class=&#8221;pb-5&#8243;][vc_column][vc_wp_custommenu nav_menu=&#8221;5&#8243;]<div class=\"breadcrumb\"><ol itemscope itemtype=\"https:\/\/schema.org\/BreadcrumbList\"><li itemprop=\"itemListElement\" itemscope itemtype=\"https:\/\/schema.org\/ListItem\"><a itemprop=\"item\" href=\"http:\/\/www.uoh.cl\"><span itemprop=\"name\">Inicio<\/span><\/a><meta itemprop=\"position\" content=\"1\" \/><li itemprop=\"itemListElement\" itemscope itemtype=\"https:\/\/schema.org\/ListItem\"><a itemprop=\"item\" href=\"https:\/\/www.uoh.cl\/escuela-de-ciencias-sociales\"><span itemprop=\"name\">Escuela de Ciencias de Sociales<\/span><\/a><meta itemprop=\"position\" content=\"2\" \/><li itemprop=\"itemListElement\" itemscope itemtype=\"https:\/\/schema.org\/ListItem\"><span itemprop=\"name\">#UOHConstitucional2023 <\/span><meta itemprop=\"position\" content=\"3\" \/><\/ol><\/div>[vc_single_image image=&#8221;1562&#8243; img_size=&#8221;large&#8221;][vc_column_text]El Proceso Constitucional 2023 busca redactar una nueva propuesta de Constituci\u00f3n Pol\u00edtica para Chile, tras el compromiso adquirido por gran parte de las fuerzas pol\u00edticas del pa\u00eds, en diciembre de 2022, con la firma del \u201cAcuerdo por Chile\u201d.<\/p>\n<p>Este proceso se ha desarrollado durante los \u00faltimos meses con el trabajo de una Comisi\u00f3n Experta, que desarroll\u00f3 el anteproyecto de texto constitucional; un Consejo Constitucional, que modific\u00f3 y adecu\u00f3 dicho texto; y el Comit\u00e9 T\u00e9cnico de Admisibilidad, que act\u00faa como \u00e1rbitro durante el proceso.<\/p>\n<p>Si quieres conocer en qu\u00e9 se encuentra la nueva propuesta de Constituci\u00f3n Pol\u00edtica y cu\u00e1les son los siguientes pasos, revisa la siguiente informaci\u00f3n:[\/vc_column_text][\/vc_column][\/vc_row][vc_row][vc_column width=&#8221;1\/2&#8243;][vc_zigzag color=&#8221;white&#8221;][vc_raw_html]JTNDaWZyYW1lJTIwd2lkdGglM0QlMjI1NjAlMjIlMjBoZWlnaHQlM0QlMjIzMTUlMjIlMjBzcmMlM0QlMjJodHRwcyUzQSUyRiUyRnd3dy55b3V0dWJlLmNvbSUyRmVtYmVkJTJGWmdtUWRwSTVNbm8lM0ZzaSUzRE1Ea2FRc2hxUnlqYVJqQVMlMjIlMjB0aXRsZSUzRCUyMllvdVR1YmUlMjB2aWRlbyUyMHBsYXllciUyMiUyMGZyYW1lYm9yZGVyJTNEJTIyMCUyMiUyMGFsbG93JTNEJTIyYWNjZWxlcm9tZXRlciUzQiUyMGF1dG9wbGF5JTNCJTIwY2xpcGJvYXJkLXdyaXRlJTNCJTIwZW5jcnlwdGVkLW1lZGlhJTNCJTIwZ3lyb3Njb3BlJTNCJTIwcGljdHVyZS1pbi1waWN0dXJlJTNCJTIwd2ViLXNoYXJlJTIyJTIwYWxsb3dmdWxsc2NyZWVuJTNFJTNDJTJGaWZyYW1lJTNF[\/vc_raw_html][vc_zigzag color=&#8221;white&#8221;][vc_column_text]<em>Javiera Delgadillo, jefa de carrera de Administraci\u00f3n P\u00fablica, y Marcelo Acu\u00f1a,\u00a0 jefe de carrera de Derecho, nos explican en qu\u00e9 est\u00e1 el Proceso Constitucional 2023.<\/em>[\/vc_column_text][\/vc_column][vc_column width=&#8221;1\/2&#8243;][vc_single_image image=&#8221;1787&#8243; img_size=&#8221;600&#215;600&#8243; alignment=&#8221;center&#8221; onclick=&#8221;img_link_large&#8221; img_link_target=&#8221;_blank&#8221;][\/vc_column][\/vc_row][\/vc_section][vc_section el_class=&#8221;container mx-auto align-items-center text-right&#8221; css=&#8221;.vc_custom_1698263406598{padding-top: 3rem !important;}&#8221;][vc_row el_class=&#8221;pb-5&#8243;][vc_column width=&#8221;1\/2&#8243;]<div class=\"uoh_title_component-container\"><h2 class=\"title title--ms d-inline-block medium\">Pr\u00f3ximas actividades<\/h2><\/div>[\/vc_column][vc_column width=&#8221;1\/2&#8243;][\/vc_column][\/vc_row][vc_row el_class=&#8221;pb-5&#8243;][vc_column width=&#8221;1\/2&#8243;][vc_single_image image=&#8221;1850&#8243; img_size=&#8221;800&#215;800&#8243; alignment=&#8221;center&#8221; onclick=&#8221;img_link_large&#8221; img_link_target=&#8221;_blank&#8221;][\/vc_column][vc_column width=&#8221;1\/2&#8243;][vc_single_image image=&#8221;1851&#8243; img_size=&#8221;800&#215;800&#8243; alignment=&#8221;center&#8221; onclick=&#8221;img_link_large&#8221; img_link_target=&#8221;_blank&#8221;][\/vc_column][\/vc_row][vc_row el_class=&#8221;pb-5&#8243;][vc_column width=&#8221;1\/2&#8243;][vc_single_image image=&#8221;1852&#8243; img_size=&#8221;800&#215;800&#8243; alignment=&#8221;center&#8221; onclick=&#8221;img_link_large&#8221; img_link_target=&#8221;_blank&#8221;][\/vc_column][vc_column width=&#8221;1\/2&#8243;][\/vc_column][\/vc_row][\/vc_section]<\/p>\n<\/div>","protected":false},"excerpt":{"rendered":"<p>[vc_section el_class=&#8221;container mx-auto align-items-center text-right circle&#8211;pattern&#8221; css=&#8221;.vc_custom_1683057253351{padding-top: 3rem !important;}&#8221;][vc_row el_class=&#8221;pb-5&#8243;][vc_column][vc_wp_custommenu nav_menu=&#8221;5&#8243;][vc_single_image image=&#8221;1562&#8243; img_size=&#8221;large&#8221;][vc_column_text]El Proceso Constitucional 2023 busca redactar una nueva propuesta de Constituci\u00f3n Pol\u00edtica para Chile, tras el compromiso adquirido por gran parte de las fuerzas pol\u00edticas del pa\u00eds, en diciembre de 2022, con la firma del \u201cAcuerdo por Chile\u201d. Este proceso se ha desarrollado [&hellip;]<\/p>\n","protected":false},"author":7,"featured_media":0,"parent":0,"menu_order":0,"comment_status":"closed","ping_status":"closed","template":"","meta":{"_acf_changed":false,"footnotes":""},"class_list":["post-1561","page","type-page","status-publish","hentry"],"acf":[],"yoast_head":"<!-- This site is optimized with the Yoast SEO plugin v26.6 - https:\/\/yoast.com\/wordpress\/plugins\/seo\/ -->\n<title>#UOHConstitucional2023 - Escuela de Ciencias de Sociales<\/title>\n<meta name=\"robots\" content=\"index, follow, max-snippet:-1, max-image-preview:large, max-video-preview:-1\" \/>\n<link rel=\"canonical\" href=\"https:\/\/www.uoh.cl\/escuela-de-ciencias-sociales\/uohconstitucional2023\/\" \/>\n<meta property=\"og:locale\" content=\"es_ES\" \/>\n<meta property=\"og:type\" content=\"article\" \/>\n<meta property=\"og:title\" content=\"#UOHConstitucional2023 - Escuela de Ciencias de Sociales\" \/>\n<meta property=\"og:description\" content=\"[vc_section el_class=&#8221;container mx-auto align-items-center text-right circle&#8211;pattern&#8221; css=&#8221;.vc_custom_1683057253351{padding-top: 3rem !important;}&#8221;][vc_row el_class=&#8221;pb-5&#8243;][vc_column][vc_wp_custommenu nav_menu=&#8221;5&#8243;][vc_single_image image=&#8221;1562&#8243; img_size=&#8221;large&#8221;][vc_column_text]El Proceso Constitucional 2023 busca redactar una nueva propuesta de Constituci\u00f3n Pol\u00edtica para Chile, tras el compromiso adquirido por gran parte de las fuerzas pol\u00edticas del pa\u00eds, en diciembre de 2022, con la firma del \u201cAcuerdo por Chile\u201d. Este proceso se ha desarrollado [&hellip;]\" \/>\n<meta property=\"og:url\" content=\"https:\/\/www.uoh.cl\/escuela-de-ciencias-sociales\/uohconstitucional2023\/\" \/>\n<meta property=\"og:site_name\" content=\"Escuela de Ciencias de Sociales\" \/>\n<meta property=\"article:modified_time\" content=\"2023-11-27T11:51:49+00:00\" \/>\n<meta name=\"twitter:card\" content=\"summary_large_image\" \/>\n<meta name=\"twitter:label1\" content=\"Tiempo estimado de lectura\" \/>\n\t<meta name=\"twitter:data1\" content=\"1 minuto\" \/>\n<script type=\"application\/ld+json\" class=\"yoast-schema-graph\">{\"@context\":\"https:\/\/schema.org\",\"@graph\":[{\"@type\":\"WebPage\",\"@id\":\"https:\/\/www.uoh.cl\/escuela-de-ciencias-sociales\/uohconstitucional2023\/\",\"url\":\"https:\/\/www.uoh.cl\/escuela-de-ciencias-sociales\/uohconstitucional2023\/\",\"name\":\"#UOHConstitucional2023 - Escuela de Ciencias de Sociales\",\"isPartOf\":{\"@id\":\"https:\/\/www.uoh.cl\/escuela-de-ciencias-sociales\/#website\"},\"datePublished\":\"2023-04-19T13:20:25+00:00\",\"dateModified\":\"2023-11-27T11:51:49+00:00\",\"inLanguage\":\"es-CL\",\"potentialAction\":[{\"@type\":\"ReadAction\",\"target\":[\"https:\/\/www.uoh.cl\/escuela-de-ciencias-sociales\/uohconstitucional2023\/\"]}]},{\"@type\":\"WebSite\",\"@id\":\"https:\/\/www.uoh.cl\/escuela-de-ciencias-sociales\/#website\",\"url\":\"https:\/\/www.uoh.cl\/escuela-de-ciencias-sociales\/\",\"name\":\"Escuela de Ciencias de Sociales\",\"description\":\"Otro sitio de Sitios de Universidad O'higgins\",\"potentialAction\":[{\"@type\":\"SearchAction\",\"target\":{\"@type\":\"EntryPoint\",\"urlTemplate\":\"https:\/\/www.uoh.cl\/escuela-de-ciencias-sociales\/?s={search_term_string}\"},\"query-input\":{\"@type\":\"PropertyValueSpecification\",\"valueRequired\":true,\"valueName\":\"search_term_string\"}}],\"inLanguage\":\"es-CL\"}]}<\/script>\n<!-- \/ Yoast SEO plugin. -->","yoast_head_json":{"title":"#UOHConstitucional2023 - Escuela de Ciencias de Sociales","robots":{"index":"index","follow":"follow","max-snippet":"max-snippet:-1","max-image-preview":"max-image-preview:large","max-video-preview":"max-video-preview:-1"},"canonical":"https:\/\/www.uoh.cl\/escuela-de-ciencias-sociales\/uohconstitucional2023\/","og_locale":"es_ES","og_type":"article","og_title":"#UOHConstitucional2023 - Escuela de Ciencias de Sociales","og_description":"[vc_section el_class=&#8221;container mx-auto align-items-center text-right circle&#8211;pattern&#8221; css=&#8221;.vc_custom_1683057253351{padding-top: 3rem !important;}&#8221;][vc_row el_class=&#8221;pb-5&#8243;][vc_column][vc_wp_custommenu nav_menu=&#8221;5&#8243;][vc_single_image image=&#8221;1562&#8243; img_size=&#8221;large&#8221;][vc_column_text]El Proceso Constitucional 2023 busca redactar una nueva propuesta de Constituci\u00f3n Pol\u00edtica para Chile, tras el compromiso adquirido por gran parte de las fuerzas pol\u00edticas del pa\u00eds, en diciembre de 2022, con la firma del \u201cAcuerdo por Chile\u201d. Este proceso se ha desarrollado [&hellip;]","og_url":"https:\/\/www.uoh.cl\/escuela-de-ciencias-sociales\/uohconstitucional2023\/","og_site_name":"Escuela de Ciencias de Sociales","article_modified_time":"2023-11-27T11:51:49+00:00","twitter_card":"summary_large_image","twitter_misc":{"Tiempo estimado de lectura":"1 minuto"},"schema":{"@context":"https:\/\/schema.org","@graph":[{"@type":"WebPage","@id":"https:\/\/www.uoh.cl\/escuela-de-ciencias-sociales\/uohconstitucional2023\/","url":"https:\/\/www.uoh.cl\/escuela-de-ciencias-sociales\/uohconstitucional2023\/","name":"#UOHConstitucional2023 - Escuela de Ciencias de Sociales","isPartOf":{"@id":"https:\/\/www.uoh.cl\/escuela-de-ciencias-sociales\/#website"},"datePublished":"2023-04-19T13:20:25+00:00","dateModified":"2023-11-27T11:51:49+00:00","inLanguage":"es-CL","potentialAction":[{"@type":"ReadAction","target":["https:\/\/www.uoh.cl\/escuela-de-ciencias-sociales\/uohconstitucional2023\/"]}]},{"@type":"WebSite","@id":"https:\/\/www.uoh.cl\/escuela-de-ciencias-sociales\/#website","url":"https:\/\/www.uoh.cl\/escuela-de-ciencias-sociales\/","name":"Escuela de Ciencias de Sociales","description":"Otro sitio de Sitios de Universidad O'higgins","potentialAction":[{"@type":"SearchAction","target":{"@type":"EntryPoint","urlTemplate":"https:\/\/www.uoh.cl\/escuela-de-ciencias-sociales\/?s={search_term_string}"},"query-input":{"@type":"PropertyValueSpecification","valueRequired":true,"valueName":"search_term_string"}}],"inLanguage":"es-CL"}]}},"_links":{"self":[{"href":"https:\/\/www.uoh.cl\/escuela-de-ciencias-sociales\/wp-json\/wp\/v2\/pages\/1561","targetHints":{"allow":["GET"]}}],"collection":[{"href":"https:\/\/www.uoh.cl\/escuela-de-ciencias-sociales\/wp-json\/wp\/v2\/pages"}],"about":[{"href":"https:\/\/www.uoh.cl\/escuela-de-ciencias-sociales\/wp-json\/wp\/v2\/types\/page"}],"author":[{"embeddable":true,"href":"https:\/\/www.uoh.cl\/escuela-de-ciencias-sociales\/wp-json\/wp\/v2\/users\/7"}],"replies":[{"embeddable":true,"href":"https:\/\/www.uoh.cl\/escuela-de-ciencias-sociales\/wp-json\/wp\/v2\/comments?post=1561"}],"version-history":[{"count":15,"href":"https:\/\/www.uoh.cl\/escuela-de-ciencias-sociales\/wp-json\/wp\/v2\/pages\/1561\/revisions"}],"predecessor-version":[{"id":1853,"href":"https:\/\/www.uoh.cl\/escuela-de-ciencias-sociales\/wp-json\/wp\/v2\/pages\/1561\/revisions\/1853"}],"wp:attachment":[{"href":"https:\/\/www.uoh.cl\/escuela-de-ciencias-sociales\/wp-json\/wp\/v2\/media?parent=1561"}],"curies":[{"name":"wp","href":"https:\/\/api.w.org\/{rel}","templated":true}]}}