
{"id":923,"date":"2022-11-02T12:32:38","date_gmt":"2022-11-02T15:32:38","guid":{"rendered":"https:\/\/www.uoh.cl\/equidad-de-genero-y-diversidades\/?page_id=923"},"modified":"2022-11-02T12:32:38","modified_gmt":"2022-11-02T15:32:38","slug":"reparacion","status":"publish","type":"page","link":"https:\/\/www.uoh.cl\/equidad-de-genero-y-diversidades\/reparacion\/","title":{"rendered":"Reparaci\u00f3n"},"content":{"rendered":"<div class=\"wpb-content-wrapper\"><p>[vc_section el_class=&#8221;container mx-auto p-md-0 align-items-center circle&#8211;pattern pb-md-5&#8243;][vc_row el_class=&#8221;pt-md-5&#8243;][vc_column][vc_wp_custommenu nav_menu=&#8221;13&#8243;]<div class=\"breadcrumb\"><ol itemscope itemtype=\"https:\/\/schema.org\/BreadcrumbList\"><li itemprop=\"itemListElement\" itemscope itemtype=\"https:\/\/schema.org\/ListItem\"><a itemprop=\"item\" href=\"http:\/\/www.uoh.cl\"><span itemprop=\"name\">Inicio<\/span><\/a><meta itemprop=\"position\" content=\"1\" \/><li itemprop=\"itemListElement\" itemscope itemtype=\"https:\/\/schema.org\/ListItem\"><a itemprop=\"item\" href=\"https:\/\/www.uoh.cl\/equidad-de-genero-y-diversidades\"><span itemprop=\"name\">Equidad de Genero y Diversidades<\/span><\/a><meta itemprop=\"position\" content=\"2\" \/><li itemprop=\"itemListElement\" itemscope itemtype=\"https:\/\/schema.org\/ListItem\"><span itemprop=\"name\">Reparaci\u00f3n <\/span><meta itemprop=\"position\" content=\"3\" \/><\/ol><\/div><div class=\"uoh_title_component-container\"><h1 class=\"title title--ms d-inline-block title--decorator  big\">Reparaci\u00f3n<\/h1><\/div><div class=\"uoh_title_component-container\"><h2 class=\"title title--ms d-inline-block medium\">Medidas de Reparaci\u00f3n<\/h2><\/div>[vc_row_inner el_class=&#8221;pb-4&#8243;][vc_column_inner][vc_column_text css=&#8221;.vc_custom_1667402745669{padding-top: 1rem !important;}&#8221;]La Universidad de O\u2019Higgins adoptar\u00e1 medidas tendientes a reparar a las v\u00edctimas e integrar a la comunidad universitaria al agresor cuando la situaci\u00f3n lo amerite. Dichas medidas versar\u00e1n sobre la \u201cAtenci\u00f3n Post-Evento\u201d, Restituci\u00f3n, Rehabilitaci\u00f3n, Satisfacci\u00f3n, Garant\u00edas de no repetici\u00f3n y prohibici\u00f3n de represalias hacia los intervinientes del proceso.[\/vc_column_text][\/vc_column_inner][\/vc_row_inner][\/vc_column][\/vc_row][vc_row el_class=&#8221;pb-4&#8243; css=&#8221;.vc_custom_1667400898936{background-color: #f6faff !important;}&#8221;][vc_column]<div class=\"uoh_title_component-container\"><h2 class=\"title title--ms d-inline-block big-medium\">Atenci\u00f3n Post Evento<\/h2><\/div>[vc_column_text]Se entender\u00e1 como la reparaci\u00f3n que comienza desde que se recibe la denuncia o solicitud de atenci\u00f3n y se traduce en la entrega de informaci\u00f3n clara sobre los posibles cursos de acci\u00f3n frente a lo ocurrido, incluida la denuncia a nivel institucional o ante la justicia para aquellos casos que constituyen faltas o delitos.<\/p>\n<p>&nbsp;<\/p>\n<p>[\/vc_column_text]<div class=\"uoh_title_component-container\"><h2 class=\"title title--ms d-inline-block big-medium\">Restituci\u00f3n<\/h2><\/div>[vc_column_text]Son las medidas que tienen por objetivo restablecer la situaci\u00f3n en la que se encontraba la v\u00edctima antes del acoso sexual, violencia de g\u00e9nero y\/o discriminaci\u00f3n, es decir que retome sus actividades de la manera m\u00e1s similar posible a su situaci\u00f3n original.<\/p>\n<p>&nbsp;<\/p>\n<p>[\/vc_column_text]<div class=\"uoh_title_component-container\"><h2 class=\"title title--ms d-inline-block big-medium\">Rehabilitaci\u00f3n<\/h2><\/div>[vc_column_text]Radica en la atenci\u00f3n para la restituci\u00f3n de las condiciones f\u00edsicas, psicol\u00f3gicas y\/o sociales de la v\u00edctima. La instituci\u00f3n va a proveer este servicio, para que la v\u00edctima sea atendida por especialistas en salud sexual, psicol\u00f3gica y f\u00edsica.<\/p>\n<p>&nbsp;<\/p>\n<p>[\/vc_column_text]<div class=\"uoh_title_component-container\"><h2 class=\"title title--ms d-inline-block big-medium\">Satisfacci\u00f3n<\/h2><\/div>[vc_column_text]Son todas las medidas tendientes a mitigar el dolor o sufrimiento de la v\u00edctima es el restablecimiento de su dignidad, a trav\u00e9s de la difusi\u00f3n de la verdad sobre lo sucedido, especialmente en casos de connotaci\u00f3n p\u00fablica, y la entrega de disculpas escritas, privadas o p\u00fablicas, de parte de la persona agresora.<\/p>\n<p>&nbsp;<\/p>\n<p>[\/vc_column_text]<div class=\"uoh_title_component-container\"><h2 class=\"title title--ms d-inline-block big-medium\">Garant\u00edas de no repetici\u00f3n<\/h2><\/div>[vc_column_text]Se entender\u00e1 por tal a las medidas que implementar\u00e1 la universidad de O\u2019Higgins con el fin de garantizar que no se repitan nuevas situaciones de acoso sexual, violencias de g\u00e9nero y discriminaciones ya sea en relaci\u00f3n a la persona agresora en particular, o de modo preventivo en toda la instituci\u00f3n.<\/p>\n<p>&nbsp;<\/p>\n<p>[\/vc_column_text][\/vc_column][\/vc_row][\/vc_section][vc_section el_class=&#8221;container mx-auto p-md-0 align-items-center circle&#8211;pattern pb-md-5&#8243;][\/vc_section]<\/p>\n<\/div>","protected":false},"excerpt":{"rendered":"<p>[vc_section el_class=&#8221;container mx-auto p-md-0 align-items-center circle&#8211;pattern pb-md-5&#8243;][vc_row el_class=&#8221;pt-md-5&#8243;][vc_column][vc_wp_custommenu nav_menu=&#8221;13&#8243;][vc_row_inner el_class=&#8221;pb-4&#8243;][vc_column_inner][vc_column_text css=&#8221;.vc_custom_1667402745669{padding-top: 1rem !important;}&#8221;]La Universidad de O\u2019Higgins adoptar\u00e1 medidas tendientes a reparar a las v\u00edctimas e integrar a la comunidad universitaria al agresor cuando la situaci\u00f3n lo amerite. Dichas medidas versar\u00e1n sobre la \u201cAtenci\u00f3n Post-Evento\u201d, Restituci\u00f3n, Rehabilitaci\u00f3n, Satisfacci\u00f3n, Garant\u00edas de no repetici\u00f3n y prohibici\u00f3n de represalias [&hellip;]<\/p>\n","protected":false},"author":23,"featured_media":0,"parent":0,"menu_order":0,"comment_status":"closed","ping_status":"closed","template":"","meta":{"_acf_changed":false,"footnotes":""},"class_list":["post-923","page","type-page","status-publish","hentry"],"acf":[],"yoast_head":"<!-- This site is optimized with the Yoast SEO plugin v26.6 - https:\/\/yoast.com\/wordpress\/plugins\/seo\/ -->\n<title>Reparaci\u00f3n - Equidad de Genero y Diversidades<\/title>\n<meta name=\"robots\" content=\"index, follow, max-snippet:-1, max-image-preview:large, max-video-preview:-1\" \/>\n<link rel=\"canonical\" href=\"https:\/\/www.uoh.cl\/equidad-de-genero-y-diversidades\/reparacion\/\" \/>\n<meta property=\"og:locale\" content=\"es_ES\" \/>\n<meta property=\"og:type\" content=\"article\" \/>\n<meta property=\"og:title\" content=\"Reparaci\u00f3n - Equidad de Genero y Diversidades\" \/>\n<meta property=\"og:description\" content=\"[vc_section el_class=&#8221;container mx-auto p-md-0 align-items-center circle&#8211;pattern pb-md-5&#8243;][vc_row el_class=&#8221;pt-md-5&#8243;][vc_column][vc_wp_custommenu nav_menu=&#8221;13&#8243;][vc_row_inner el_class=&#8221;pb-4&#8243;][vc_column_inner][vc_column_text css=&#8221;.vc_custom_1667402745669{padding-top: 1rem !important;}&#8221;]La Universidad de O\u2019Higgins adoptar\u00e1 medidas tendientes a reparar a las v\u00edctimas e integrar a la comunidad universitaria al agresor cuando la situaci\u00f3n lo amerite. Dichas medidas versar\u00e1n sobre la \u201cAtenci\u00f3n Post-Evento\u201d, Restituci\u00f3n, Rehabilitaci\u00f3n, Satisfacci\u00f3n, Garant\u00edas de no repetici\u00f3n y prohibici\u00f3n de represalias [&hellip;]\" \/>\n<meta property=\"og:url\" content=\"https:\/\/www.uoh.cl\/equidad-de-genero-y-diversidades\/reparacion\/\" \/>\n<meta property=\"og:site_name\" content=\"Equidad de Genero y Diversidades\" \/>\n<meta name=\"twitter:card\" content=\"summary_large_image\" \/>\n<meta name=\"twitter:label1\" content=\"Tiempo estimado de lectura\" \/>\n\t<meta name=\"twitter:data1\" content=\"2 minutos\" \/>\n<script type=\"application\/ld+json\" class=\"yoast-schema-graph\">{\"@context\":\"https:\/\/schema.org\",\"@graph\":[{\"@type\":\"WebPage\",\"@id\":\"https:\/\/www.uoh.cl\/equidad-de-genero-y-diversidades\/reparacion\/\",\"url\":\"https:\/\/www.uoh.cl\/equidad-de-genero-y-diversidades\/reparacion\/\",\"name\":\"Reparaci\u00f3n - Equidad de Genero y Diversidades\",\"isPartOf\":{\"@id\":\"https:\/\/www.uoh.cl\/equidad-de-genero-y-diversidades\/#website\"},\"datePublished\":\"2022-11-02T15:32:38+00:00\",\"inLanguage\":\"es-CL\",\"potentialAction\":[{\"@type\":\"ReadAction\",\"target\":[\"https:\/\/www.uoh.cl\/equidad-de-genero-y-diversidades\/reparacion\/\"]}]},{\"@type\":\"WebSite\",\"@id\":\"https:\/\/www.uoh.cl\/equidad-de-genero-y-diversidades\/#website\",\"url\":\"https:\/\/www.uoh.cl\/equidad-de-genero-y-diversidades\/\",\"name\":\"Equidad de Genero y Diversidades\",\"description\":\"Otro sitio de Sitios de Universidad O'higgins\",\"potentialAction\":[{\"@type\":\"SearchAction\",\"target\":{\"@type\":\"EntryPoint\",\"urlTemplate\":\"https:\/\/www.uoh.cl\/equidad-de-genero-y-diversidades\/?s={search_term_string}\"},\"query-input\":{\"@type\":\"PropertyValueSpecification\",\"valueRequired\":true,\"valueName\":\"search_term_string\"}}],\"inLanguage\":\"es-CL\"}]}<\/script>\n<!-- \/ Yoast SEO plugin. -->","yoast_head_json":{"title":"Reparaci\u00f3n - Equidad de Genero y Diversidades","robots":{"index":"index","follow":"follow","max-snippet":"max-snippet:-1","max-image-preview":"max-image-preview:large","max-video-preview":"max-video-preview:-1"},"canonical":"https:\/\/www.uoh.cl\/equidad-de-genero-y-diversidades\/reparacion\/","og_locale":"es_ES","og_type":"article","og_title":"Reparaci\u00f3n - Equidad de Genero y Diversidades","og_description":"[vc_section el_class=&#8221;container mx-auto p-md-0 align-items-center circle&#8211;pattern pb-md-5&#8243;][vc_row el_class=&#8221;pt-md-5&#8243;][vc_column][vc_wp_custommenu nav_menu=&#8221;13&#8243;][vc_row_inner el_class=&#8221;pb-4&#8243;][vc_column_inner][vc_column_text css=&#8221;.vc_custom_1667402745669{padding-top: 1rem !important;}&#8221;]La Universidad de O\u2019Higgins adoptar\u00e1 medidas tendientes a reparar a las v\u00edctimas e integrar a la comunidad universitaria al agresor cuando la situaci\u00f3n lo amerite. Dichas medidas versar\u00e1n sobre la \u201cAtenci\u00f3n Post-Evento\u201d, Restituci\u00f3n, Rehabilitaci\u00f3n, Satisfacci\u00f3n, Garant\u00edas de no repetici\u00f3n y prohibici\u00f3n de represalias [&hellip;]","og_url":"https:\/\/www.uoh.cl\/equidad-de-genero-y-diversidades\/reparacion\/","og_site_name":"Equidad de Genero y Diversidades","twitter_card":"summary_large_image","twitter_misc":{"Tiempo estimado de lectura":"2 minutos"},"schema":{"@context":"https:\/\/schema.org","@graph":[{"@type":"WebPage","@id":"https:\/\/www.uoh.cl\/equidad-de-genero-y-diversidades\/reparacion\/","url":"https:\/\/www.uoh.cl\/equidad-de-genero-y-diversidades\/reparacion\/","name":"Reparaci\u00f3n - Equidad de Genero y Diversidades","isPartOf":{"@id":"https:\/\/www.uoh.cl\/equidad-de-genero-y-diversidades\/#website"},"datePublished":"2022-11-02T15:32:38+00:00","inLanguage":"es-CL","potentialAction":[{"@type":"ReadAction","target":["https:\/\/www.uoh.cl\/equidad-de-genero-y-diversidades\/reparacion\/"]}]},{"@type":"WebSite","@id":"https:\/\/www.uoh.cl\/equidad-de-genero-y-diversidades\/#website","url":"https:\/\/www.uoh.cl\/equidad-de-genero-y-diversidades\/","name":"Equidad de Genero y Diversidades","description":"Otro sitio de Sitios de Universidad O'higgins","potentialAction":[{"@type":"SearchAction","target":{"@type":"EntryPoint","urlTemplate":"https:\/\/www.uoh.cl\/equidad-de-genero-y-diversidades\/?s={search_term_string}"},"query-input":{"@type":"PropertyValueSpecification","valueRequired":true,"valueName":"search_term_string"}}],"inLanguage":"es-CL"}]}},"_links":{"self":[{"href":"https:\/\/www.uoh.cl\/equidad-de-genero-y-diversidades\/wp-json\/wp\/v2\/pages\/923","targetHints":{"allow":["GET"]}}],"collection":[{"href":"https:\/\/www.uoh.cl\/equidad-de-genero-y-diversidades\/wp-json\/wp\/v2\/pages"}],"about":[{"href":"https:\/\/www.uoh.cl\/equidad-de-genero-y-diversidades\/wp-json\/wp\/v2\/types\/page"}],"author":[{"embeddable":true,"href":"https:\/\/www.uoh.cl\/equidad-de-genero-y-diversidades\/wp-json\/wp\/v2\/users\/23"}],"replies":[{"embeddable":true,"href":"https:\/\/www.uoh.cl\/equidad-de-genero-y-diversidades\/wp-json\/wp\/v2\/comments?post=923"}],"version-history":[{"count":8,"href":"https:\/\/www.uoh.cl\/equidad-de-genero-y-diversidades\/wp-json\/wp\/v2\/pages\/923\/revisions"}],"predecessor-version":[{"id":931,"href":"https:\/\/www.uoh.cl\/equidad-de-genero-y-diversidades\/wp-json\/wp\/v2\/pages\/923\/revisions\/931"}],"wp:attachment":[{"href":"https:\/\/www.uoh.cl\/equidad-de-genero-y-diversidades\/wp-json\/wp\/v2\/media?parent=923"}],"curies":[{"name":"wp","href":"https:\/\/api.w.org\/{rel}","templated":true}]}}