
{"id":886,"date":"2022-11-02T11:56:44","date_gmt":"2022-11-02T14:56:44","guid":{"rendered":"https:\/\/www.uoh.cl\/equidad-de-genero-y-diversidades\/?page_id=886"},"modified":"2022-11-02T11:56:44","modified_gmt":"2022-11-02T14:56:44","slug":"atencion","status":"publish","type":"page","link":"https:\/\/www.uoh.cl\/equidad-de-genero-y-diversidades\/atencion\/","title":{"rendered":"Atenci\u00f3n"},"content":{"rendered":"<div class=\"wpb-content-wrapper\"><p>[vc_section el_class=&#8221;container mx-auto p-md-0 align-items-center circle&#8211;pattern pb-md-5&#8243;][vc_row el_class=&#8221;pt-md-5&#8243;][vc_column][vc_wp_custommenu nav_menu=&#8221;13&#8243;]<div class=\"breadcrumb\"><ol itemscope itemtype=\"https:\/\/schema.org\/BreadcrumbList\"><li itemprop=\"itemListElement\" itemscope itemtype=\"https:\/\/schema.org\/ListItem\"><a itemprop=\"item\" href=\"http:\/\/www.uoh.cl\"><span itemprop=\"name\">Inicio<\/span><\/a><meta itemprop=\"position\" content=\"1\" \/><li itemprop=\"itemListElement\" itemscope itemtype=\"https:\/\/schema.org\/ListItem\"><a itemprop=\"item\" href=\"https:\/\/www.uoh.cl\/equidad-de-genero-y-diversidades\"><span itemprop=\"name\">Equidad de Genero y Diversidades<\/span><\/a><meta itemprop=\"position\" content=\"2\" \/><li itemprop=\"itemListElement\" itemscope itemtype=\"https:\/\/schema.org\/ListItem\"><span itemprop=\"name\">Atenci\u00f3n <\/span><meta itemprop=\"position\" content=\"3\" \/><\/ol><\/div><div class=\"uoh_title_component-container\"><h1 class=\"title title--ms d-inline-block title--decorator  big\">Atenci\u00f3n<\/h1><\/div>[vc_row_inner el_class=&#8221;pb-4&#8243;][vc_column_inner][vc_column_text css=&#8221;.vc_custom_1667400598271{padding-top: 1rem !important;}&#8221;]Atenci\u00f3n presencial Oficina Direcci\u00f3n De Equidad de G\u00e9nero y Diversidades UOH<\/p>\n<p>Ubicaci\u00f3n: Edificio A, quinto piso, oficina O501<\/p>\n<p>Horario: Lunes a jueves entre 9:30 a 17:00 horas.<\/p>\n<p>Viernes: 9:30 a 15:30 horas<\/p>\n<p>Fono:<\/p>\n<p>Correo electr\u00f3nico: <a href=\"mailto:oficina.equidad.genero@uoh.cl\">oficina.equidad.genero@uoh.cl<\/a>[\/vc_column_text][\/vc_column_inner][\/vc_row_inner][\/vc_column][\/vc_row][vc_row el_class=&#8221;pb-4&#8243; css=&#8221;.vc_custom_1667400898936{background-color: #f6faff !important;}&#8221;][vc_column][vc_column_text]<strong>Si has sido afectado\/a directamente, o has sido testigo de un incidente<\/strong>\u00a0que atente\u00a0contra la dignidad de alguno(a) de nuestros miembros, tales como acoso sexual, abuso sexual\u00a0o discriminaci\u00f3n arbitraria puedes denunciar online o de manera presencial.<\/p>\n<p>Es importante que sepas que\u00a0<strong>puedes\u00a0denunciar conductas de acoso sexual, abuso sexual, actos de discriminaci\u00f3n arbitraria<\/strong>\u00a0<strong>ocurridos dentro de la universidad<\/strong>,\u00a0esto comprende cualquiera de sus campus, residencias para estudiantes UOH, lugares de pr\u00e1ctica profesional o durante actividades de la universidad siempre que t\u00fa y la\u00a0y las\u00a0otras personas involucradas sean estudiantes o miembros del personal de la universidad.<\/p>\n<p>Estas conductas de acoso tambi\u00e9n pueden incluir a aquellas\u00a0ocurridas de manera online o en plataformas de la universidad. El\u00a0<a href=\"https:\/\/sites.google.com\/view\/equidadygenerouoh\/home\/violencia-de-g%C3%A9nero\/acoso-virtual?authuser=0\">acoso cibern\u00e9tico<\/a>\u00a0est\u00e1 sancionado por nuestro protocolo tanto para estudiantes, docentes y funcionarios(as).<\/p>\n<p>Cualquiera sea el caso denunciado, nosotras nos comunicaremos de inmediato para poder acompa\u00f1arte, aconsejarte y dar todo el apoyo necesario, as\u00ed como comenzar el proceso administrativo y\/o estudiantil si corresponde.\u00a0<strong>Las\u00a0denuncias permanecer\u00e1n confidenciales.<\/strong>[\/vc_column_text][\/vc_column][\/vc_row][\/vc_section][vc_section el_class=&#8221;container mx-auto p-md-0 align-items-center circle&#8211;pattern pb-md-5&#8243;][vc_row el_class=&#8221;pt-md-5&#8243;][vc_column]<div class=\"uoh_title_component-container\"><h2 class=\"title title--ms d-inline-block big-medium\">\u00bfCu\u00e1les son las funciones de la Direcci\u00f3n de Equidad de G\u00e9nero y Diversidades al momento de recibir la denuncia?<\/h2><\/div>[vc_column_text]<strong>A trav\u00e9s de la Oficina de Atenci\u00f3n de la Direcci\u00f3n se:<\/strong><\/p>\n<ul>\n<li>Recepcionan todas las denuncias sobre presunto acoso sexual, violencia y discriminaci\u00f3n sexo gen\u00e9ricas, que sean presentadas por cualquier miembro de la comunidad universitaria.<\/li>\n<li>Brinda orientaci\u00f3n al afectado\/a denunciante pudiendo adoptar medidas de contenci\u00f3n y acompa\u00f1amiento, podr\u00e1 sugerir medios de reparaci\u00f3n y de asistencia a las v\u00edctimas y denunciados\/as, y podr\u00e1 proponer la adopci\u00f3n de medidas de resguardo a favor de afectados\/as y testigos.<\/li>\n<li>Derivara la denuncia a la autoridad correspondiente (Direcci\u00f3n Jur\u00eddica\/Rector).<\/li>\n<\/ul>\n<p>Adem\u00e1s, la Direcci\u00f3n a nivel general:<\/p>\n<ul>\n<li>Realizar acciones de difusi\u00f3n y promoci\u00f3n del procedimiento de denuncia de acoso sexual, violencia y discriminaci\u00f3n de g\u00e9nero, mediante cualquier acci\u00f3n que logre dar a conocer a todos los miembros de la comunidad universitaria el contenido de este modelo y sus modificaciones.<\/li>\n<li>Contribuir a la prevenci\u00f3n de conductas reguladas en este modelo, a trav\u00e9s de un plan de acci\u00f3n bianual que contenga, campa\u00f1as de educaci\u00f3n, difusi\u00f3n y sensibilizaci\u00f3n y otros, con la finalidad de transversalizar el enfoque de g\u00e9nero en la instituci\u00f3n y promover una sana convivencia y desalentar este tipo de conductas.<\/li>\n<\/ul>\n<p>[\/vc_column_text][\/vc_column][\/vc_row][\/vc_section][vc_section el_class=&#8221;container mx-auto p-md-0 align-items-center circle&#8211;pattern pb-md-5&#8243;][\/vc_section]<\/p>\n<\/div>","protected":false},"excerpt":{"rendered":"<p>[vc_section el_class=&#8221;container mx-auto p-md-0 align-items-center circle&#8211;pattern pb-md-5&#8243;][vc_row el_class=&#8221;pt-md-5&#8243;][vc_column][vc_wp_custommenu nav_menu=&#8221;13&#8243;][vc_row_inner el_class=&#8221;pb-4&#8243;][vc_column_inner][vc_column_text css=&#8221;.vc_custom_1667400598271{padding-top: 1rem !important;}&#8221;]Atenci\u00f3n presencial Oficina Direcci\u00f3n De Equidad de G\u00e9nero y Diversidades UOH Ubicaci\u00f3n: Edificio A, quinto piso, oficina O501 Horario: Lunes a jueves entre 9:30 a 17:00 horas. Viernes: 9:30 a 15:30 horas Fono: Correo electr\u00f3nico: oficina.equidad.genero@uoh.cl[\/vc_column_text][\/vc_column_inner][\/vc_row_inner][\/vc_column][\/vc_row][vc_row el_class=&#8221;pb-4&#8243; css=&#8221;.vc_custom_1667400898936{background-color: #f6faff !important;}&#8221;][vc_column][vc_column_text]Si has sido afectado\/a [&hellip;]<\/p>\n","protected":false},"author":23,"featured_media":0,"parent":0,"menu_order":0,"comment_status":"closed","ping_status":"closed","template":"","meta":{"_acf_changed":false,"footnotes":""},"class_list":["post-886","page","type-page","status-publish","hentry"],"acf":[],"yoast_head":"<!-- This site is optimized with the Yoast SEO plugin v26.6 - https:\/\/yoast.com\/wordpress\/plugins\/seo\/ -->\n<title>Atenci\u00f3n - Equidad de Genero y Diversidades<\/title>\n<meta name=\"robots\" content=\"index, follow, max-snippet:-1, max-image-preview:large, max-video-preview:-1\" \/>\n<link rel=\"canonical\" href=\"https:\/\/www.uoh.cl\/equidad-de-genero-y-diversidades\/atencion\/\" \/>\n<meta property=\"og:locale\" content=\"es_ES\" \/>\n<meta property=\"og:type\" content=\"article\" \/>\n<meta property=\"og:title\" content=\"Atenci\u00f3n - Equidad de Genero y Diversidades\" \/>\n<meta property=\"og:description\" content=\"[vc_section el_class=&#8221;container mx-auto p-md-0 align-items-center circle&#8211;pattern pb-md-5&#8243;][vc_row el_class=&#8221;pt-md-5&#8243;][vc_column][vc_wp_custommenu nav_menu=&#8221;13&#8243;][vc_row_inner el_class=&#8221;pb-4&#8243;][vc_column_inner][vc_column_text css=&#8221;.vc_custom_1667400598271{padding-top: 1rem !important;}&#8221;]Atenci\u00f3n presencial Oficina Direcci\u00f3n De Equidad de G\u00e9nero y Diversidades UOH Ubicaci\u00f3n: Edificio A, quinto piso, oficina O501 Horario: Lunes a jueves entre 9:30 a 17:00 horas. Viernes: 9:30 a 15:30 horas Fono: Correo electr\u00f3nico: oficina.equidad.genero@uoh.cl[\/vc_column_text][\/vc_column_inner][\/vc_row_inner][\/vc_column][\/vc_row][vc_row el_class=&#8221;pb-4&#8243; css=&#8221;.vc_custom_1667400898936{background-color: #f6faff !important;}&#8221;][vc_column][vc_column_text]Si has sido afectado\/a [&hellip;]\" \/>\n<meta property=\"og:url\" content=\"https:\/\/www.uoh.cl\/equidad-de-genero-y-diversidades\/atencion\/\" \/>\n<meta property=\"og:site_name\" content=\"Equidad de Genero y Diversidades\" \/>\n<meta name=\"twitter:card\" content=\"summary_large_image\" \/>\n<meta name=\"twitter:label1\" content=\"Tiempo estimado de lectura\" \/>\n\t<meta name=\"twitter:data1\" content=\"3 minutos\" \/>\n<script type=\"application\/ld+json\" class=\"yoast-schema-graph\">{\"@context\":\"https:\/\/schema.org\",\"@graph\":[{\"@type\":\"WebPage\",\"@id\":\"https:\/\/www.uoh.cl\/equidad-de-genero-y-diversidades\/atencion\/\",\"url\":\"https:\/\/www.uoh.cl\/equidad-de-genero-y-diversidades\/atencion\/\",\"name\":\"Atenci\u00f3n - Equidad de Genero y Diversidades\",\"isPartOf\":{\"@id\":\"https:\/\/www.uoh.cl\/equidad-de-genero-y-diversidades\/#website\"},\"datePublished\":\"2022-11-02T14:56:44+00:00\",\"inLanguage\":\"es-CL\",\"potentialAction\":[{\"@type\":\"ReadAction\",\"target\":[\"https:\/\/www.uoh.cl\/equidad-de-genero-y-diversidades\/atencion\/\"]}]},{\"@type\":\"WebSite\",\"@id\":\"https:\/\/www.uoh.cl\/equidad-de-genero-y-diversidades\/#website\",\"url\":\"https:\/\/www.uoh.cl\/equidad-de-genero-y-diversidades\/\",\"name\":\"Equidad de Genero y Diversidades\",\"description\":\"Otro sitio de Sitios de Universidad O'higgins\",\"potentialAction\":[{\"@type\":\"SearchAction\",\"target\":{\"@type\":\"EntryPoint\",\"urlTemplate\":\"https:\/\/www.uoh.cl\/equidad-de-genero-y-diversidades\/?s={search_term_string}\"},\"query-input\":{\"@type\":\"PropertyValueSpecification\",\"valueRequired\":true,\"valueName\":\"search_term_string\"}}],\"inLanguage\":\"es-CL\"}]}<\/script>\n<!-- \/ Yoast SEO plugin. -->","yoast_head_json":{"title":"Atenci\u00f3n - Equidad de Genero y Diversidades","robots":{"index":"index","follow":"follow","max-snippet":"max-snippet:-1","max-image-preview":"max-image-preview:large","max-video-preview":"max-video-preview:-1"},"canonical":"https:\/\/www.uoh.cl\/equidad-de-genero-y-diversidades\/atencion\/","og_locale":"es_ES","og_type":"article","og_title":"Atenci\u00f3n - Equidad de Genero y Diversidades","og_description":"[vc_section el_class=&#8221;container mx-auto p-md-0 align-items-center circle&#8211;pattern pb-md-5&#8243;][vc_row el_class=&#8221;pt-md-5&#8243;][vc_column][vc_wp_custommenu nav_menu=&#8221;13&#8243;][vc_row_inner el_class=&#8221;pb-4&#8243;][vc_column_inner][vc_column_text css=&#8221;.vc_custom_1667400598271{padding-top: 1rem !important;}&#8221;]Atenci\u00f3n presencial Oficina Direcci\u00f3n De Equidad de G\u00e9nero y Diversidades UOH Ubicaci\u00f3n: Edificio A, quinto piso, oficina O501 Horario: Lunes a jueves entre 9:30 a 17:00 horas. Viernes: 9:30 a 15:30 horas Fono: Correo electr\u00f3nico: oficina.equidad.genero@uoh.cl[\/vc_column_text][\/vc_column_inner][\/vc_row_inner][\/vc_column][\/vc_row][vc_row el_class=&#8221;pb-4&#8243; css=&#8221;.vc_custom_1667400898936{background-color: #f6faff !important;}&#8221;][vc_column][vc_column_text]Si has sido afectado\/a [&hellip;]","og_url":"https:\/\/www.uoh.cl\/equidad-de-genero-y-diversidades\/atencion\/","og_site_name":"Equidad de Genero y Diversidades","twitter_card":"summary_large_image","twitter_misc":{"Tiempo estimado de lectura":"3 minutos"},"schema":{"@context":"https:\/\/schema.org","@graph":[{"@type":"WebPage","@id":"https:\/\/www.uoh.cl\/equidad-de-genero-y-diversidades\/atencion\/","url":"https:\/\/www.uoh.cl\/equidad-de-genero-y-diversidades\/atencion\/","name":"Atenci\u00f3n - Equidad de Genero y Diversidades","isPartOf":{"@id":"https:\/\/www.uoh.cl\/equidad-de-genero-y-diversidades\/#website"},"datePublished":"2022-11-02T14:56:44+00:00","inLanguage":"es-CL","potentialAction":[{"@type":"ReadAction","target":["https:\/\/www.uoh.cl\/equidad-de-genero-y-diversidades\/atencion\/"]}]},{"@type":"WebSite","@id":"https:\/\/www.uoh.cl\/equidad-de-genero-y-diversidades\/#website","url":"https:\/\/www.uoh.cl\/equidad-de-genero-y-diversidades\/","name":"Equidad de Genero y Diversidades","description":"Otro sitio de Sitios de Universidad O'higgins","potentialAction":[{"@type":"SearchAction","target":{"@type":"EntryPoint","urlTemplate":"https:\/\/www.uoh.cl\/equidad-de-genero-y-diversidades\/?s={search_term_string}"},"query-input":{"@type":"PropertyValueSpecification","valueRequired":true,"valueName":"search_term_string"}}],"inLanguage":"es-CL"}]}},"_links":{"self":[{"href":"https:\/\/www.uoh.cl\/equidad-de-genero-y-diversidades\/wp-json\/wp\/v2\/pages\/886","targetHints":{"allow":["GET"]}}],"collection":[{"href":"https:\/\/www.uoh.cl\/equidad-de-genero-y-diversidades\/wp-json\/wp\/v2\/pages"}],"about":[{"href":"https:\/\/www.uoh.cl\/equidad-de-genero-y-diversidades\/wp-json\/wp\/v2\/types\/page"}],"author":[{"embeddable":true,"href":"https:\/\/www.uoh.cl\/equidad-de-genero-y-diversidades\/wp-json\/wp\/v2\/users\/23"}],"replies":[{"embeddable":true,"href":"https:\/\/www.uoh.cl\/equidad-de-genero-y-diversidades\/wp-json\/wp\/v2\/comments?post=886"}],"version-history":[{"count":6,"href":"https:\/\/www.uoh.cl\/equidad-de-genero-y-diversidades\/wp-json\/wp\/v2\/pages\/886\/revisions"}],"predecessor-version":[{"id":922,"href":"https:\/\/www.uoh.cl\/equidad-de-genero-y-diversidades\/wp-json\/wp\/v2\/pages\/886\/revisions\/922"}],"wp:attachment":[{"href":"https:\/\/www.uoh.cl\/equidad-de-genero-y-diversidades\/wp-json\/wp\/v2\/media?parent=886"}],"curies":[{"name":"wp","href":"https:\/\/api.w.org\/{rel}","templated":true}]}}