
{"id":6,"date":"2022-04-05T23:26:26","date_gmt":"2022-04-06T02:26:26","guid":{"rendered":"https:\/\/www.uoh.cl\/equidad-de-genero-y-diversidades\/?page_id=6"},"modified":"2025-05-26T18:15:20","modified_gmt":"2025-05-26T21:15:20","slug":"home-equidad-de-genero-y-diversidad","status":"publish","type":"page","link":"https:\/\/www.uoh.cl\/equidad-de-genero-y-diversidades\/","title":{"rendered":"Home Equidad de G\u00e9nero y Diversidad"},"content":{"rendered":"<div class=\"wpb-content-wrapper\"><p>[vc_row][vc_column]<div class=\"uoh_slider_featured_component component__featured-slide row mx-auto col-12 m-0 align-items-center position-relative lazyload\" style=\" background:inherit\" data-bg=\"url(https:\/\/www.uoh.cl\/equidad-de-genero-y-diversidades\/wp-content\/uploads\/sites\/20\/2022\/05\/Foto-Equidad-web-copia.jpg)\"><div class=\"caption--degrade\"><svg  xmlns=\"http:\/\/www.w3.org\/2000\/svg\" xmlns:xlink=\"http:\/\/www.w3.org\/1999\/xlink\" width=\"1061px\" height=\"539px\"><defs><linearGradient id=\"PSgrad_0\" x1=\"0%\" x2=\"64.279%\" y1=\"76.604%\" y2=\"0%\"><stop offset=\"0%\" stop-color=\"rgb(66,160,248)\" stop-opacity=\"1\" \/><stop offset=\"100%\" stop-color=\"rgb(66,160,248)\" stop-opacity=\"0\" \/><\/linearGradient><\/defs><path fill-rule=\"evenodd\"  fill=\"none\" d=\"M311.000,515.000 C311.000,515.000 211.039,468.555 132.000,357.000 C21.864,201.555 -4.306,4.695 1.000,0.000 L196.000,0.000 L811.000,0.000 L1061.000,0.000 C1061.000,0.000 851.535,430.030 546.000,521.000 C402.674,563.674 311.000,515.000 311.000,515.000 Z\"\/> <path fill=\"url(#PSgrad_0)\"d=\"M311.000,515.000 C311.000,515.000 211.039,468.555 132.000,357.000 C21.864,201.555 -4.306,4.695 1.000,0.000 L196.000,0.000 L811.000,0.000 L1061.000,0.000 C1061.000,0.000 851.535,430.030 546.000,521.000 C402.674,563.674 311.000,515.000 311.000,515.000 Z\"\/><\/svg><\/div><div class=\"caption--quote\"><svg xmlns=\"http:\/\/www.w3.org\/2000\/svg\" xmlns:xlink=\"http:\/\/www.w3.org\/1999\/xlink\"width=\"226px\" height=\"273px\"><defs><linearGradient id=\"PSgrad_0\" x1=\"71.934%\" x2=\"0%\" y1=\"69.466%\" y2=\"0%\"><stop offset=\"0%\" stop-color=\"rgb(66,160,248)\" stop-opacity=\"0.49\" \/><stop offset=\"100%\" stop-color=\"rgb(66,160,248)\" stop-opacity=\"0\" \/><\/linearGradient><\/defs><path fill-rule=\"evenodd\"  fill=\"none\" d=\"M-0.000,273.000 L174.000,273.000 C174.000,273.000 226.000,266.268 226.000,221.000 C226.000,175.732 226.000,-0.000 226.000,-0.000 C226.000,-0.000 24.577,71.878 -0.000,273.000 Z\"\/><path fill=\"url(#PSgrad_0)\"d=\"M-0.000,273.000 L174.000,273.000 C174.000,273.000 226.000,266.268 226.000,221.000 C226.000,175.732 226.000,-0.000 226.000,-0.000 C226.000,-0.000 24.577,71.878 -0.000,273.000 Z\"\/><\/svg><\/div><div class=\"my-uoh_slider_featured_component container mx-auto p-md-0\" ><div class=\"content component__featured-slide-content container row mx-auto aling-items-center p-0\"><h1 class=\"p-0 featured-slide title\"  style=\"\"><em><\/em>Equidad de G\u00e9nero y Diversidades<\/h1><\/div><span><\/span><\/div><\/div>[\/vc_column][\/vc_row][vc_section][vc_row el_class=&#8221;container mx-auto p-0 align-items-center text-right pt-md-5&#8243;][vc_column][vc_wp_custommenu nav_menu=&#8221;39&#8243;]<div class=\"uoh_title_component-container\"><h1 class=\"title title--ms d-inline-block title--decorator  big\">Direcci\u00f3n de Equidad de G\u00e9nero y Diversidades<\/h1><\/div>[vc_row_inner][vc_column_inner width=&#8221;1\/2&#8243;]<div class=\"uoh_title_component-container\"><h2 class=\"title title--ms d-inline-block medium\"><\/h2><\/div>[vc_column_text el_class=&#8221;pb-3&#8243;]<\/p>\n<p class=\"p1\">La Direcci\u00f3n de Equidad de G\u00e9nero y Diversidades busca contribuir a la calidad de la educaci\u00f3n superior y a la construcci\u00f3n de una educaci\u00f3n no sexista incorporando la perspectiva de g\u00e9nero en todos los espacios universitarios.<\/p>\n<p>[\/vc_column_text][vc_zigzag color=&#8221;white&#8221;]<div class=\"uoh_title_component-container\"><h2 class=\"title title--ms d-inline-block medium\">Atender a la violencia de g\u00e9nero en el contexto universitario<\/h2><\/div>[vc_column_text]Dentro de las funciones de la Direcci\u00f3n de Equidad de G\u00e9nero y Diversidades est\u00e1 por una parte, recepcionar denuncias sobre acoso sexual, acoso laboral y\/o discriminaci\u00f3n arbitraria, que sean presentadas por cualquier miembro de la comunidad universitaria; realizar las primeras diligencias que sean necesarias para lograr el mayor esclarecimiento de los hechos; realizar la primera acogida y brindar la orientaci\u00f3n necesaria para las partes.[\/vc_column_text][\/vc_column_inner][vc_column_inner width=&#8221;1\/2&#8243;]<div class=\"uoh_quote_component component__quote col-12\"><div class=\"uoh_quote_component p-2 mt-4 mt-md-0 p-md-5 \"><\/div><\/div>[\/vc_column_inner][\/vc_row_inner][vc_zigzag color=&#8221;white&#8221;][\/vc_column][\/vc_row][\/vc_section][vc_row css=&#8221;.vc_custom_1747762622623{background-color: #F6FAFF !important;}&#8221;][vc_column][vc_row_inner el_class=&#8221;container mx-auto p-0 align-items-center&#8221;][vc_column_inner width=&#8221;1\/4&#8243;]<div class=\"box-dark-container__box featured__small\"><figure ><img decoding=\"async\" data-src=\"https:\/\/www.uoh.cl\/equidad-de-genero-y-diversidades\/wp-content\/uploads\/sites\/20\/2022\/11\/05-600x427.png\" src=\"data:image\/svg+xml;base64,PHN2ZyB3aWR0aD0iMSIgaGVpZ2h0PSIxIiB4bWxucz0iaHR0cDovL3d3dy53My5vcmcvMjAwMC9zdmciPjwvc3ZnPg==\" class=\"lazyload\" style=\"--smush-placeholder-width: 600px; --smush-placeholder-aspect-ratio: 600\/427;\" \/><figcaption class=\"uoh_row m-0 align-items-end\">\n                        <div class=\"\">\n                       <a href=\"https:\/\/www.uoh.cl\/equidad-de-genero-y-diversidades\/politicas-y-normativas\/\" title=\"\">\n                            <h3 class=\"title__caption\">Pol\u00edticas y Normativas<\/h3>\n                            <div class=\"button__link\">\n                            \n                            <\/div>\n                            <\/a>\n                        <\/div>\n                     <\/figcaption><\/figure><\/div>[\/vc_column_inner][vc_column_inner width=&#8221;1\/4&#8243;]<div class=\"box-dark-container__box featured__small\"><figure ><img decoding=\"async\" data-src=\"https:\/\/www.uoh.cl\/equidad-de-genero-y-diversidades\/wp-content\/uploads\/sites\/20\/2022\/11\/07-1-600x427.png\" src=\"data:image\/svg+xml;base64,PHN2ZyB3aWR0aD0iMSIgaGVpZ2h0PSIxIiB4bWxucz0iaHR0cDovL3d3dy53My5vcmcvMjAwMC9zdmciPjwvc3ZnPg==\" class=\"lazyload\" style=\"--smush-placeholder-width: 600px; --smush-placeholder-aspect-ratio: 600\/427;\" \/><figcaption class=\"uoh_row m-0 align-items-end\">\n                        <div class=\"\">\n                       <a href=\"\" title=\"\">\n                            <h3 class=\"title__caption\">Violencia de G\u00e9nero y Diversidades<\/h3>\n                            <div class=\"button__link\">\n                            \n                            <\/div>\n                            <\/a>\n                        <\/div>\n                     <\/figcaption><\/figure><\/div>[\/vc_column_inner][vc_column_inner width=&#8221;1\/4&#8243;]<div class=\"box-dark-container__box featured__small\"><figure ><img decoding=\"async\" data-src=\"https:\/\/www.uoh.cl\/equidad-de-genero-y-diversidades\/wp-content\/uploads\/sites\/20\/2022\/11\/03-600x427.png\" src=\"data:image\/svg+xml;base64,PHN2ZyB3aWR0aD0iMSIgaGVpZ2h0PSIxIiB4bWxucz0iaHR0cDovL3d3dy53My5vcmcvMjAwMC9zdmciPjwvc3ZnPg==\" class=\"lazyload\" style=\"--smush-placeholder-width: 600px; --smush-placeholder-aspect-ratio: 600\/427;\" \/><figcaption class=\"uoh_row m-0 align-items-end\">\n                        <div class=\"\">\n                       <a href=\"\" title=\"\">\n                            <h3 class=\"title__caption\">Formaci\u00f3n en Enfoque de G\u00e9nero y Diversidades<\/h3>\n                            <div class=\"button__link\">\n                            \n                            <\/div>\n                            <\/a>\n                        <\/div>\n                     <\/figcaption><\/figure><\/div>[\/vc_column_inner][vc_column_inner width=&#8221;1\/4&#8243;]<div class=\"box-dark-container__box featured__small\"><figure ><img decoding=\"async\" data-src=\"https:\/\/www.uoh.cl\/equidad-de-genero-y-diversidades\/wp-content\/uploads\/sites\/20\/2022\/11\/08-600x427.png\" src=\"data:image\/svg+xml;base64,PHN2ZyB3aWR0aD0iMSIgaGVpZ2h0PSIxIiB4bWxucz0iaHR0cDovL3d3dy53My5vcmcvMjAwMC9zdmciPjwvc3ZnPg==\" class=\"lazyload\" style=\"--smush-placeholder-width: 600px; --smush-placeholder-aspect-ratio: 600\/427;\" \/><figcaption class=\"uoh_row m-0 align-items-end\">\n                        <div class=\"\">\n                       <a href=\"\" title=\"\">\n                            <h3 class=\"title__caption\">Investigaci\u00f3n<\/h3>\n                            <div class=\"button__link\">\n                            \n                            <\/div>\n                            <\/a>\n                        <\/div>\n                     <\/figcaption><\/figure><\/div>[\/vc_column_inner][\/vc_row_inner][vc_row_inner el_class=&#8221;container mx-auto p-0 align-items-center&#8221;][vc_column_inner width=&#8221;1\/2&#8243;]<div class=\"uoh_link_component pe-4 d-inline-block py-1 button_white inline\"><a href=\"https:\/\/www.uoh.cl\/equidad-de-genero-y-diversidades\/wp-content\/uploads\/sites\/20\/2025\/05\/FORMULARIO-DENUNCIA.docx\"\n                                    class=\"link link--bold component__btn-content\"\n                                    title\"\"\n                                    target=\"_blank\"\n                                    rel=\"\">Formulario denuncia<span class=\"icon icon--inline icon--link\"><svg version=\"1.1\" xmlns=\"http:\/\/www.w3.org\/2000\/svg\" xmlns:xlink=\"http:\/\/www.w3.org\/1999\/xlink\" x=\"0px\" y=\"0px\" width=\"22px\"height=\"22px\" viewBox=\"0 0 22 22\" style=\"overflow:visible;enable-background:new 0 0 80 64.6;\" xml:space=\"preserve\"><g clip-path=\"url(#acA)\"><path fill-rule=\"evenodd\" d=\"M21.913 11.266a.93.93 0 000-.711c-.022-.056-.063-.097-.091-.144s-.053-.103-.097-.15L12.306.294c-.357-.379-.955-.394-1.334-.038s-.394.955-.038 1.334l7.917 8.374H.927a.95.95 0 00-.908.983.946.946 0 00.908.908h17.924l-8.089 8.552c-.357.379-.341.977.034 1.334s.977.341 1.334-.034l9.594-10.148c.044-.044.063-.1.097-.15.028-.047.069-.088.091-.141z\"\/><\/g><defs><clipPath id=\"acA\"><path fill=\"#fff\" d=\"M0 0h22v22H0z\"\/><\/clipPath><\/defs><\/svg><\/span><\/a><\/div>[\/vc_column_inner][vc_column_inner width=&#8221;1\/2&#8243;]<div class=\"uoh_link_component pe-4 d-inline-block py-1 button_white inline\"><a href=\"https:\/\/www.uoh.cl\/equidad-de-genero-y-diversidades\/wp-content\/uploads\/sites\/20\/2025\/05\/CAMBIO-NOMBRE-SOCIAL-DECLARACION_JURADA-Y-SOLICITUD.docx\"\n                                    class=\"link link--bold component__btn-content\"\n                                    title\"\"\n                                    target=\"_blank\"\n                                    rel=\"\">Formulario cambio nombre social<span class=\"icon icon--inline icon--link\"><svg version=\"1.1\" xmlns=\"http:\/\/www.w3.org\/2000\/svg\" xmlns:xlink=\"http:\/\/www.w3.org\/1999\/xlink\" x=\"0px\" y=\"0px\" width=\"22px\"height=\"22px\" viewBox=\"0 0 22 22\" style=\"overflow:visible;enable-background:new 0 0 80 64.6;\" xml:space=\"preserve\"><g clip-path=\"url(#acA)\"><path fill-rule=\"evenodd\" d=\"M21.913 11.266a.93.93 0 000-.711c-.022-.056-.063-.097-.091-.144s-.053-.103-.097-.15L12.306.294c-.357-.379-.955-.394-1.334-.038s-.394.955-.038 1.334l7.917 8.374H.927a.95.95 0 00-.908.983.946.946 0 00.908.908h17.924l-8.089 8.552c-.357.379-.341.977.034 1.334s.977.341 1.334-.034l9.594-10.148c.044-.044.063-.1.097-.15.028-.047.069-.088.091-.141z\"\/><\/g><defs><clipPath id=\"acA\"><path fill=\"#fff\" d=\"M0 0h22v22H0z\"\/><\/clipPath><\/defs><\/svg><\/span><\/a><\/div>[\/vc_column_inner][\/vc_row_inner][\/vc_column][\/vc_row][vc_section][vc_row el_class=&#8221;container mx-auto p-0 align-items-center&#8221;][vc_column][vc_zigzag color=&#8221;custom&#8221; custom_color=&#8221;#FFFFFF&#8221;]<div class=\"uoh_title_component-container\"><h2 class=\"title title--ms d-inline-block title--decorator  medium\">Revisa nuestras redes sociales<\/h2><\/div><div class=\"uoh_link_component pe-4 d-inline-block py-1 button_icon inline\"><i class=\"me-2 fab fa-instagram\" style=\"color: #42a0f8\"><\/i><a href=\"https:\/\/www.instagram.com\/degd.uoh\/\"\n                                    class=\"link link--bold component__btn-content\"\n                                    title\"\"\n                                    target=\"\"\n                                    rel=\"\">Instagram<span class=\"icon icon--inline icon--link\"><svg version=\"1.1\" xmlns=\"http:\/\/www.w3.org\/2000\/svg\" xmlns:xlink=\"http:\/\/www.w3.org\/1999\/xlink\" x=\"0px\" y=\"0px\" width=\"22px\"height=\"22px\" viewBox=\"0 0 22 22\" style=\"overflow:visible;enable-background:new 0 0 80 64.6;\" xml:space=\"preserve\"><g clip-path=\"url(#acA)\"><path fill-rule=\"evenodd\" d=\"M21.913 11.266a.93.93 0 000-.711c-.022-.056-.063-.097-.091-.144s-.053-.103-.097-.15L12.306.294c-.357-.379-.955-.394-1.334-.038s-.394.955-.038 1.334l7.917 8.374H.927a.95.95 0 00-.908.983.946.946 0 00.908.908h17.924l-8.089 8.552c-.357.379-.341.977.034 1.334s.977.341 1.334-.034l9.594-10.148c.044-.044.063-.1.097-.15.028-.047.069-.088.091-.141z\"\/><\/g><defs><clipPath id=\"acA\"><path fill=\"#fff\" d=\"M0 0h22v22H0z\"\/><\/clipPath><\/defs><\/svg><\/span><\/a><\/div><div class=\"uoh_link_component pe-4 d-inline-block py-1 button_icon inline\"><i class=\"me-2 fab fa-facebook-square\" style=\"color: #42a0f8\"><\/i><a href=\"https:\/\/www.facebook.com\/direcciongenerouoh\"\n                                    class=\"link link--bold component__btn-content\"\n                                    title\"\"\n                                    target=\"\"\n                                    rel=\"\">Facebook<span class=\"icon icon--inline icon--link\"><svg version=\"1.1\" xmlns=\"http:\/\/www.w3.org\/2000\/svg\" xmlns:xlink=\"http:\/\/www.w3.org\/1999\/xlink\" x=\"0px\" y=\"0px\" width=\"22px\"height=\"22px\" viewBox=\"0 0 22 22\" style=\"overflow:visible;enable-background:new 0 0 80 64.6;\" xml:space=\"preserve\"><g clip-path=\"url(#acA)\"><path fill-rule=\"evenodd\" d=\"M21.913 11.266a.93.93 0 000-.711c-.022-.056-.063-.097-.091-.144s-.053-.103-.097-.15L12.306.294c-.357-.379-.955-.394-1.334-.038s-.394.955-.038 1.334l7.917 8.374H.927a.95.95 0 00-.908.983.946.946 0 00.908.908h17.924l-8.089 8.552c-.357.379-.341.977.034 1.334s.977.341 1.334-.034l9.594-10.148c.044-.044.063-.1.097-.15.028-.047.069-.088.091-.141z\"\/><\/g><defs><clipPath id=\"acA\"><path fill=\"#fff\" d=\"M0 0h22v22H0z\"\/><\/clipPath><\/defs><\/svg><\/span><\/a><\/div><div class=\"uoh_link_component pe-4 d-inline-block py-1 button_icon inline\"><i class=\"me-2 fab fa-linkedin\" style=\"color: #42a0f8\"><\/i><a href=\"https:\/\/www.linkedin.com\/in\/direcci%C3%B3n-de-equidad-de-g%C3%A9nero-y-diversidades-9b8a5b213\/\"\n                                    class=\"link link--bold component__btn-content\"\n                                    title\"\"\n                                    target=\"\"\n                                    rel=\"\">Linkedin<span class=\"icon icon--inline icon--link\"><svg version=\"1.1\" xmlns=\"http:\/\/www.w3.org\/2000\/svg\" xmlns:xlink=\"http:\/\/www.w3.org\/1999\/xlink\" x=\"0px\" y=\"0px\" width=\"22px\"height=\"22px\" viewBox=\"0 0 22 22\" style=\"overflow:visible;enable-background:new 0 0 80 64.6;\" xml:space=\"preserve\"><g clip-path=\"url(#acA)\"><path fill-rule=\"evenodd\" d=\"M21.913 11.266a.93.93 0 000-.711c-.022-.056-.063-.097-.091-.144s-.053-.103-.097-.15L12.306.294c-.357-.379-.955-.394-1.334-.038s-.394.955-.038 1.334l7.917 8.374H.927a.95.95 0 00-.908.983.946.946 0 00.908.908h17.924l-8.089 8.552c-.357.379-.341.977.034 1.334s.977.341 1.334-.034l9.594-10.148c.044-.044.063-.1.097-.15.028-.047.069-.088.091-.141z\"\/><\/g><defs><clipPath id=\"acA\"><path fill=\"#fff\" d=\"M0 0h22v22H0z\"\/><\/clipPath><\/defs><\/svg><\/span><\/a><\/div>[vc_column_text]\u00a0[\/vc_column_text][\/vc_column][\/vc_row][\/vc_section][vc_section css=&#8221;.vc_custom_1747762650522{background-color: #F6FAFF !important;}&#8221;][vc_row el_class=&#8221;container mx-auto p-0 align-items-center&#8221;][vc_column]<div class=\"uoh_title_component-container\"><h2 class=\"title title--ms d-inline-block title--decorator  medium\">Contacto<\/h2><\/div>[vc_row_inner][vc_column_inner width=&#8221;1\/3&#8243;]<div class=\"uoh_link_component pe-4 d-inline-block py-1 button_icon inline\"><i class=\"me-2 fas fa-map-marker-alt\" style=\"color: #42a0f8\"><\/i><span>Direcci\u00f3n: Av. Libertador Bernardo O\u2019Higgins 611, Rancagua, Chile<\/span><\/div><div class=\"uoh_link_component pe-4 d-inline-block py-1 button_icon inline\"><i class=\"me-2 fas fa-mobile-alt\" style=\"color: #42a0f8\"><\/i><span> Tel\u00e9fono: +56 2 2903 0000<\/span><\/div><div class=\"uoh_link_component pe-4 d-inline-block py-1 button_white inline\"><a href=\"maito:direccion.genero@uoh.cl\"\n                                    class=\"link link--bold component__btn-content\"\n                                    title\"\"\n                                    target=\"\"\n                                    rel=\"\">direccion.genero@uoh.cl<span class=\"icon icon--inline icon--link\"><svg version=\"1.1\" xmlns=\"http:\/\/www.w3.org\/2000\/svg\" xmlns:xlink=\"http:\/\/www.w3.org\/1999\/xlink\" x=\"0px\" y=\"0px\" width=\"22px\"height=\"22px\" viewBox=\"0 0 22 22\" style=\"overflow:visible;enable-background:new 0 0 80 64.6;\" xml:space=\"preserve\"><g clip-path=\"url(#acA)\"><path fill-rule=\"evenodd\" d=\"M21.913 11.266a.93.93 0 000-.711c-.022-.056-.063-.097-.091-.144s-.053-.103-.097-.15L12.306.294c-.357-.379-.955-.394-1.334-.038s-.394.955-.038 1.334l7.917 8.374H.927a.95.95 0 00-.908.983.946.946 0 00.908.908h17.924l-8.089 8.552c-.357.379-.341.977.034 1.334s.977.341 1.334-.034l9.594-10.148c.044-.044.063-.1.097-.15.028-.047.069-.088.091-.141z\"\/><\/g><defs><clipPath id=\"acA\"><path fill=\"#fff\" d=\"M0 0h22v22H0z\"\/><\/clipPath><\/defs><\/svg><\/span><\/a><\/div>[\/vc_column_inner][vc_column_inner width=&#8221;1\/3&#8243;][\/vc_column_inner][vc_column_inner width=&#8221;1\/3&#8243;][\/vc_column_inner][\/vc_row_inner][\/vc_column][\/vc_row][\/vc_section]<\/p>\n<\/div>","protected":false},"excerpt":{"rendered":"<p>[vc_row][vc_column][\/vc_column][\/vc_row][vc_section][vc_row el_class=&#8221;container mx-auto p-0 align-items-center text-right pt-md-5&#8243;][vc_column][vc_wp_custommenu nav_menu=&#8221;39&#8243;][vc_row_inner][vc_column_inner width=&#8221;1\/2&#8243;][vc_column_text el_class=&#8221;pb-3&#8243;] La Direcci\u00f3n de Equidad de G\u00e9nero y Diversidades busca contribuir a la calidad de la educaci\u00f3n superior y a la construcci\u00f3n de una educaci\u00f3n no sexista incorporando la perspectiva de g\u00e9nero en todos los espacios universitarios. [\/vc_column_text][vc_zigzag color=&#8221;white&#8221;][vc_column_text]Dentro de las funciones de la Direcci\u00f3n de [&hellip;]<\/p>\n","protected":false},"author":34,"featured_media":0,"parent":0,"menu_order":0,"comment_status":"closed","ping_status":"closed","template":"","meta":{"_acf_changed":false,"footnotes":""},"class_list":["post-6","page","type-page","status-publish","hentry"],"acf":[],"yoast_head":"<!-- This site is optimized with the Yoast SEO plugin v26.6 - https:\/\/yoast.com\/wordpress\/plugins\/seo\/ -->\n<title>Home Equidad de G\u00e9nero y Diversidad - Equidad de Genero y Diversidades<\/title>\n<meta name=\"robots\" content=\"index, follow, max-snippet:-1, max-image-preview:large, max-video-preview:-1\" \/>\n<link rel=\"canonical\" href=\"https:\/\/www.uoh.cl\/equidad-de-genero-y-diversidades\/\" \/>\n<meta property=\"og:locale\" content=\"es_ES\" \/>\n<meta property=\"og:type\" content=\"article\" \/>\n<meta property=\"og:title\" content=\"Home Equidad de G\u00e9nero y Diversidad - Equidad de Genero y Diversidades\" \/>\n<meta property=\"og:description\" content=\"[vc_row][vc_column][\/vc_column][\/vc_row][vc_section][vc_row el_class=&#8221;container mx-auto p-0 align-items-center text-right pt-md-5&#8243;][vc_column][vc_wp_custommenu nav_menu=&#8221;39&#8243;][vc_row_inner][vc_column_inner width=&#8221;1\/2&#8243;][vc_column_text el_class=&#8221;pb-3&#8243;] La Direcci\u00f3n de Equidad de G\u00e9nero y Diversidades busca contribuir a la calidad de la educaci\u00f3n superior y a la construcci\u00f3n de una educaci\u00f3n no sexista incorporando la perspectiva de g\u00e9nero en todos los espacios universitarios. [\/vc_column_text][vc_zigzag color=&#8221;white&#8221;][vc_column_text]Dentro de las funciones de la Direcci\u00f3n de [&hellip;]\" \/>\n<meta property=\"og:url\" content=\"https:\/\/www.uoh.cl\/equidad-de-genero-y-diversidades\/\" \/>\n<meta property=\"og:site_name\" content=\"Equidad de Genero y Diversidades\" \/>\n<meta property=\"article:modified_time\" content=\"2025-05-26T21:15:20+00:00\" \/>\n<meta name=\"twitter:card\" content=\"summary_large_image\" \/>\n<meta name=\"twitter:label1\" content=\"Tiempo estimado de lectura\" \/>\n\t<meta name=\"twitter:data1\" content=\"3 minutos\" \/>\n<script type=\"application\/ld+json\" class=\"yoast-schema-graph\">{\"@context\":\"https:\/\/schema.org\",\"@graph\":[{\"@type\":\"WebPage\",\"@id\":\"https:\/\/www.uoh.cl\/equidad-de-genero-y-diversidades\/\",\"url\":\"https:\/\/www.uoh.cl\/equidad-de-genero-y-diversidades\/\",\"name\":\"Home Equidad de G\u00e9nero y Diversidad - Equidad de Genero y Diversidades\",\"isPartOf\":{\"@id\":\"https:\/\/www.uoh.cl\/equidad-de-genero-y-diversidades\/#website\"},\"datePublished\":\"2022-04-06T02:26:26+00:00\",\"dateModified\":\"2025-05-26T21:15:20+00:00\",\"inLanguage\":\"es-CL\",\"potentialAction\":[{\"@type\":\"ReadAction\",\"target\":[\"https:\/\/www.uoh.cl\/equidad-de-genero-y-diversidades\/\"]}]},{\"@type\":\"WebSite\",\"@id\":\"https:\/\/www.uoh.cl\/equidad-de-genero-y-diversidades\/#website\",\"url\":\"https:\/\/www.uoh.cl\/equidad-de-genero-y-diversidades\/\",\"name\":\"Equidad de Genero y Diversidades\",\"description\":\"Otro sitio de Sitios de Universidad O'higgins\",\"potentialAction\":[{\"@type\":\"SearchAction\",\"target\":{\"@type\":\"EntryPoint\",\"urlTemplate\":\"https:\/\/www.uoh.cl\/equidad-de-genero-y-diversidades\/?s={search_term_string}\"},\"query-input\":{\"@type\":\"PropertyValueSpecification\",\"valueRequired\":true,\"valueName\":\"search_term_string\"}}],\"inLanguage\":\"es-CL\"}]}<\/script>\n<!-- \/ Yoast SEO plugin. -->","yoast_head_json":{"title":"Home Equidad de G\u00e9nero y Diversidad - Equidad de Genero y Diversidades","robots":{"index":"index","follow":"follow","max-snippet":"max-snippet:-1","max-image-preview":"max-image-preview:large","max-video-preview":"max-video-preview:-1"},"canonical":"https:\/\/www.uoh.cl\/equidad-de-genero-y-diversidades\/","og_locale":"es_ES","og_type":"article","og_title":"Home Equidad de G\u00e9nero y Diversidad - Equidad de Genero y Diversidades","og_description":"[vc_row][vc_column][\/vc_column][\/vc_row][vc_section][vc_row el_class=&#8221;container mx-auto p-0 align-items-center text-right pt-md-5&#8243;][vc_column][vc_wp_custommenu nav_menu=&#8221;39&#8243;][vc_row_inner][vc_column_inner width=&#8221;1\/2&#8243;][vc_column_text el_class=&#8221;pb-3&#8243;] La Direcci\u00f3n de Equidad de G\u00e9nero y Diversidades busca contribuir a la calidad de la educaci\u00f3n superior y a la construcci\u00f3n de una educaci\u00f3n no sexista incorporando la perspectiva de g\u00e9nero en todos los espacios universitarios. [\/vc_column_text][vc_zigzag color=&#8221;white&#8221;][vc_column_text]Dentro de las funciones de la Direcci\u00f3n de [&hellip;]","og_url":"https:\/\/www.uoh.cl\/equidad-de-genero-y-diversidades\/","og_site_name":"Equidad de Genero y Diversidades","article_modified_time":"2025-05-26T21:15:20+00:00","twitter_card":"summary_large_image","twitter_misc":{"Tiempo estimado de lectura":"3 minutos"},"schema":{"@context":"https:\/\/schema.org","@graph":[{"@type":"WebPage","@id":"https:\/\/www.uoh.cl\/equidad-de-genero-y-diversidades\/","url":"https:\/\/www.uoh.cl\/equidad-de-genero-y-diversidades\/","name":"Home Equidad de G\u00e9nero y Diversidad - Equidad de Genero y Diversidades","isPartOf":{"@id":"https:\/\/www.uoh.cl\/equidad-de-genero-y-diversidades\/#website"},"datePublished":"2022-04-06T02:26:26+00:00","dateModified":"2025-05-26T21:15:20+00:00","inLanguage":"es-CL","potentialAction":[{"@type":"ReadAction","target":["https:\/\/www.uoh.cl\/equidad-de-genero-y-diversidades\/"]}]},{"@type":"WebSite","@id":"https:\/\/www.uoh.cl\/equidad-de-genero-y-diversidades\/#website","url":"https:\/\/www.uoh.cl\/equidad-de-genero-y-diversidades\/","name":"Equidad de Genero y Diversidades","description":"Otro sitio de Sitios de Universidad O'higgins","potentialAction":[{"@type":"SearchAction","target":{"@type":"EntryPoint","urlTemplate":"https:\/\/www.uoh.cl\/equidad-de-genero-y-diversidades\/?s={search_term_string}"},"query-input":{"@type":"PropertyValueSpecification","valueRequired":true,"valueName":"search_term_string"}}],"inLanguage":"es-CL"}]}},"_links":{"self":[{"href":"https:\/\/www.uoh.cl\/equidad-de-genero-y-diversidades\/wp-json\/wp\/v2\/pages\/6","targetHints":{"allow":["GET"]}}],"collection":[{"href":"https:\/\/www.uoh.cl\/equidad-de-genero-y-diversidades\/wp-json\/wp\/v2\/pages"}],"about":[{"href":"https:\/\/www.uoh.cl\/equidad-de-genero-y-diversidades\/wp-json\/wp\/v2\/types\/page"}],"author":[{"embeddable":true,"href":"https:\/\/www.uoh.cl\/equidad-de-genero-y-diversidades\/wp-json\/wp\/v2\/users\/34"}],"replies":[{"embeddable":true,"href":"https:\/\/www.uoh.cl\/equidad-de-genero-y-diversidades\/wp-json\/wp\/v2\/comments?post=6"}],"version-history":[{"count":70,"href":"https:\/\/www.uoh.cl\/equidad-de-genero-y-diversidades\/wp-json\/wp\/v2\/pages\/6\/revisions"}],"predecessor-version":[{"id":2120,"href":"https:\/\/www.uoh.cl\/equidad-de-genero-y-diversidades\/wp-json\/wp\/v2\/pages\/6\/revisions\/2120"}],"wp:attachment":[{"href":"https:\/\/www.uoh.cl\/equidad-de-genero-y-diversidades\/wp-json\/wp\/v2\/media?parent=6"}],"curies":[{"name":"wp","href":"https:\/\/api.w.org\/{rel}","templated":true}]}}