
{"id":1219,"date":"2022-12-19T10:12:33","date_gmt":"2022-12-19T13:12:33","guid":{"rendered":"https:\/\/www.uoh.cl\/equidad-de-genero-y-diversidades\/?page_id=1219"},"modified":"2022-12-19T10:13:43","modified_gmt":"2022-12-19T13:13:43","slug":"miradas-de-genero","status":"publish","type":"page","link":"https:\/\/www.uoh.cl\/equidad-de-genero-y-diversidades\/miradas-de-genero\/","title":{"rendered":"Miradas de G\u00e9nero"},"content":{"rendered":"<div class=\"wpb-content-wrapper\"><p>[vc_section el_class=&#8221;container mx-auto p-md-0 align-items-center circle&#8211;pattern pb-md-5&#8243;][vc_row el_class=&#8221;pt-md-5&#8243;][vc_column][vc_wp_custommenu nav_menu=&#8221;13&#8243;]<div class=\"breadcrumb\"><ol itemscope itemtype=\"https:\/\/schema.org\/BreadcrumbList\"><li itemprop=\"itemListElement\" itemscope itemtype=\"https:\/\/schema.org\/ListItem\"><a itemprop=\"item\" href=\"http:\/\/www.uoh.cl\"><span itemprop=\"name\">Inicio<\/span><\/a><meta itemprop=\"position\" content=\"1\" \/><li itemprop=\"itemListElement\" itemscope itemtype=\"https:\/\/schema.org\/ListItem\"><a itemprop=\"item\" href=\"https:\/\/www.uoh.cl\/equidad-de-genero-y-diversidades\"><span itemprop=\"name\">Equidad de Genero y Diversidades<\/span><\/a><meta itemprop=\"position\" content=\"2\" \/><li itemprop=\"itemListElement\" itemscope itemtype=\"https:\/\/schema.org\/ListItem\"><span itemprop=\"name\">Miradas de G\u00e9nero <\/span><meta itemprop=\"position\" content=\"3\" \/><\/ol><\/div><div class=\"uoh_title_component-container\"><h1 class=\"title title--ms d-inline-block title--decorator  big\">Miradas de G\u00e9nero<\/h1><\/div>[vc_row_inner el_class=&#8221;pb-4&#8243;][vc_column_inner][vc_column_text css=&#8221;.vc_custom_1671454654674{padding-top: 1rem !important;}&#8221;]Durante los 10 cap\u00edtulos del podcast &#8220;Miradas de G\u00e9nero&#8221;, conoceremos m\u00e1s sobre G\u00e9nero y Diversidades y qu\u00e9 implica la ley en esta materia. Adem\u00e1s, abordaremos diversas problem\u00e1ticas locales y nacionales que involucran directamente este tema.[\/vc_column_text][\/vc_column_inner][\/vc_row_inner][\/vc_column][\/vc_row][vc_row el_class=&#8221;pb-4&#8243; css=&#8221;.vc_custom_1667400898936{background-color: #f6faff !important;}&#8221;][vc_column width=&#8221;1\/2&#8243;]<div class=\"uoh_title_component-container\"><h2 class=\"title title--ms d-inline-block big-medium\">Episodio 1 &#8211; Claudia Alarc\u00f3n<\/h2><\/div>[vc_btn title=&#8221;Esc\u00fachalo aqu\u00ed&#8221; style=&#8221;3d&#8221; color=&#8221;danger&#8221; link=&#8221;url:https%3A%2F%2Fdrive.google.com%2Ffile%2Fd%2F1MDG-x7xuxFeCXeWXfc91TN9fg-ePOll1%2Fview%3Fusp%3Dsharing|target:_blank&#8221;][\/vc_column][vc_column width=&#8221;1\/2&#8243;]<div class=\"uoh_title_component-container\"><h2 class=\"title title--ms d-inline-block medium\">Episodio 2 &#8211; H\u00e9ctor Rojas<\/h2><\/div>[vc_btn title=&#8221;Esc\u00fachalo aqu\u00ed&#8221; style=&#8221;3d&#8221; color=&#8221;danger&#8221; link=&#8221;url:https%3A%2F%2Fdrive.google.com%2Ffile%2Fd%2F1vjvj1Yu04yigBT4ZYT5OYhcJJrQrsBW8%2Fview%3Fusp%3Dsharing|target:_blank&#8221;][\/vc_column][\/vc_row][vc_row el_class=&#8221;pb-4&#8243; css=&#8221;.vc_custom_1667400898936{background-color: #f6faff !important;}&#8221;][vc_column width=&#8221;1\/2&#8243;]<div class=\"uoh_title_component-container\"><h2 class=\"title title--ms d-inline-block big-medium\">Episodio 3 &#8211; Prisilla Gonz\u00e1lez<\/h2><\/div>[vc_btn title=&#8221;Esc\u00fachalo aqu\u00ed&#8221; style=&#8221;3d&#8221; color=&#8221;danger&#8221; link=&#8221;url:https%3A%2F%2Fdrive.google.com%2Ffile%2Fd%2F1GBrb9bpjUgh1ZuqDesfYmgqZ2py5Eear%2Fview%3Fusp%3Dsharing|target:_blank&#8221;][\/vc_column][vc_column width=&#8221;1\/2&#8243;]<div class=\"uoh_title_component-container\"><h2 class=\"title title--ms d-inline-block medium\">Episodio 4 &#8211; Alejandra Serey<\/h2><\/div>[vc_btn title=&#8221;Esc\u00fachalo aqu\u00ed&#8221; style=&#8221;3d&#8221; color=&#8221;danger&#8221; link=&#8221;url:https%3A%2F%2Fdrive.google.com%2Ffile%2Fd%2F19n6ETUit_JL7Ru9YV26AafdMgJm7sph6%2Fview%3Fusp%3Dsharing|target:_blank&#8221;][\/vc_column][\/vc_row][\/vc_section][vc_section el_class=&#8221;container mx-auto p-md-0 align-items-center circle&#8211;pattern pb-md-5&#8243;][\/vc_section]<\/p>\n<\/div>","protected":false},"excerpt":{"rendered":"<p>[vc_section el_class=&#8221;container mx-auto p-md-0 align-items-center circle&#8211;pattern pb-md-5&#8243;][vc_row el_class=&#8221;pt-md-5&#8243;][vc_column][vc_wp_custommenu nav_menu=&#8221;13&#8243;][vc_row_inner el_class=&#8221;pb-4&#8243;][vc_column_inner][vc_column_text css=&#8221;.vc_custom_1671454654674{padding-top: 1rem !important;}&#8221;]Durante los 10 cap\u00edtulos del podcast &#8220;Miradas de G\u00e9nero&#8221;, conoceremos m\u00e1s sobre G\u00e9nero y Diversidades y qu\u00e9 implica la ley en esta materia. Adem\u00e1s, abordaremos diversas problem\u00e1ticas locales y nacionales que involucran directamente este tema.[\/vc_column_text][\/vc_column_inner][\/vc_row_inner][\/vc_column][\/vc_row][vc_row el_class=&#8221;pb-4&#8243; css=&#8221;.vc_custom_1667400898936{background-color: #f6faff !important;}&#8221;][vc_column width=&#8221;1\/2&#8243;][vc_btn title=&#8221;Esc\u00fachalo aqu\u00ed&#8221; style=&#8221;3d&#8221; [&hellip;]<\/p>\n","protected":false},"author":23,"featured_media":0,"parent":0,"menu_order":0,"comment_status":"closed","ping_status":"closed","template":"","meta":{"_acf_changed":false,"footnotes":""},"class_list":["post-1219","page","type-page","status-publish","hentry"],"acf":[],"yoast_head":"<!-- This site is optimized with the Yoast SEO plugin v26.6 - https:\/\/yoast.com\/wordpress\/plugins\/seo\/ -->\n<title>Miradas de G\u00e9nero - Equidad de Genero y Diversidades<\/title>\n<meta name=\"robots\" content=\"index, follow, max-snippet:-1, max-image-preview:large, max-video-preview:-1\" \/>\n<link rel=\"canonical\" href=\"https:\/\/www.uoh.cl\/equidad-de-genero-y-diversidades\/miradas-de-genero\/\" \/>\n<meta property=\"og:locale\" content=\"es_ES\" \/>\n<meta property=\"og:type\" content=\"article\" \/>\n<meta property=\"og:title\" content=\"Miradas de G\u00e9nero - Equidad de Genero y Diversidades\" \/>\n<meta property=\"og:description\" content=\"[vc_section el_class=&#8221;container mx-auto p-md-0 align-items-center circle&#8211;pattern pb-md-5&#8243;][vc_row el_class=&#8221;pt-md-5&#8243;][vc_column][vc_wp_custommenu nav_menu=&#8221;13&#8243;][vc_row_inner el_class=&#8221;pb-4&#8243;][vc_column_inner][vc_column_text css=&#8221;.vc_custom_1671454654674{padding-top: 1rem !important;}&#8221;]Durante los 10 cap\u00edtulos del podcast &#8220;Miradas de G\u00e9nero&#8221;, conoceremos m\u00e1s sobre G\u00e9nero y Diversidades y qu\u00e9 implica la ley en esta materia. Adem\u00e1s, abordaremos diversas problem\u00e1ticas locales y nacionales que involucran directamente este tema.[\/vc_column_text][\/vc_column_inner][\/vc_row_inner][\/vc_column][\/vc_row][vc_row el_class=&#8221;pb-4&#8243; css=&#8221;.vc_custom_1667400898936{background-color: #f6faff !important;}&#8221;][vc_column width=&#8221;1\/2&#8243;][vc_btn title=&#8221;Esc\u00fachalo aqu\u00ed&#8221; style=&#8221;3d&#8221; [&hellip;]\" \/>\n<meta property=\"og:url\" content=\"https:\/\/www.uoh.cl\/equidad-de-genero-y-diversidades\/miradas-de-genero\/\" \/>\n<meta property=\"og:site_name\" content=\"Equidad de Genero y Diversidades\" \/>\n<meta property=\"article:modified_time\" content=\"2022-12-19T13:13:43+00:00\" \/>\n<meta name=\"twitter:card\" content=\"summary_large_image\" \/>\n<meta name=\"twitter:label1\" content=\"Tiempo estimado de lectura\" \/>\n\t<meta name=\"twitter:data1\" content=\"1 minuto\" \/>\n<script type=\"application\/ld+json\" class=\"yoast-schema-graph\">{\"@context\":\"https:\/\/schema.org\",\"@graph\":[{\"@type\":\"WebPage\",\"@id\":\"https:\/\/www.uoh.cl\/equidad-de-genero-y-diversidades\/miradas-de-genero\/\",\"url\":\"https:\/\/www.uoh.cl\/equidad-de-genero-y-diversidades\/miradas-de-genero\/\",\"name\":\"Miradas de G\u00e9nero - Equidad de Genero y Diversidades\",\"isPartOf\":{\"@id\":\"https:\/\/www.uoh.cl\/equidad-de-genero-y-diversidades\/#website\"},\"datePublished\":\"2022-12-19T13:12:33+00:00\",\"dateModified\":\"2022-12-19T13:13:43+00:00\",\"inLanguage\":\"es-CL\",\"potentialAction\":[{\"@type\":\"ReadAction\",\"target\":[\"https:\/\/www.uoh.cl\/equidad-de-genero-y-diversidades\/miradas-de-genero\/\"]}]},{\"@type\":\"WebSite\",\"@id\":\"https:\/\/www.uoh.cl\/equidad-de-genero-y-diversidades\/#website\",\"url\":\"https:\/\/www.uoh.cl\/equidad-de-genero-y-diversidades\/\",\"name\":\"Equidad de Genero y Diversidades\",\"description\":\"Otro sitio de Sitios de Universidad O'higgins\",\"potentialAction\":[{\"@type\":\"SearchAction\",\"target\":{\"@type\":\"EntryPoint\",\"urlTemplate\":\"https:\/\/www.uoh.cl\/equidad-de-genero-y-diversidades\/?s={search_term_string}\"},\"query-input\":{\"@type\":\"PropertyValueSpecification\",\"valueRequired\":true,\"valueName\":\"search_term_string\"}}],\"inLanguage\":\"es-CL\"}]}<\/script>\n<!-- \/ Yoast SEO plugin. -->","yoast_head_json":{"title":"Miradas de G\u00e9nero - Equidad de Genero y Diversidades","robots":{"index":"index","follow":"follow","max-snippet":"max-snippet:-1","max-image-preview":"max-image-preview:large","max-video-preview":"max-video-preview:-1"},"canonical":"https:\/\/www.uoh.cl\/equidad-de-genero-y-diversidades\/miradas-de-genero\/","og_locale":"es_ES","og_type":"article","og_title":"Miradas de G\u00e9nero - Equidad de Genero y Diversidades","og_description":"[vc_section el_class=&#8221;container mx-auto p-md-0 align-items-center circle&#8211;pattern pb-md-5&#8243;][vc_row el_class=&#8221;pt-md-5&#8243;][vc_column][vc_wp_custommenu nav_menu=&#8221;13&#8243;][vc_row_inner el_class=&#8221;pb-4&#8243;][vc_column_inner][vc_column_text css=&#8221;.vc_custom_1671454654674{padding-top: 1rem !important;}&#8221;]Durante los 10 cap\u00edtulos del podcast &#8220;Miradas de G\u00e9nero&#8221;, conoceremos m\u00e1s sobre G\u00e9nero y Diversidades y qu\u00e9 implica la ley en esta materia. Adem\u00e1s, abordaremos diversas problem\u00e1ticas locales y nacionales que involucran directamente este tema.[\/vc_column_text][\/vc_column_inner][\/vc_row_inner][\/vc_column][\/vc_row][vc_row el_class=&#8221;pb-4&#8243; css=&#8221;.vc_custom_1667400898936{background-color: #f6faff !important;}&#8221;][vc_column width=&#8221;1\/2&#8243;][vc_btn title=&#8221;Esc\u00fachalo aqu\u00ed&#8221; style=&#8221;3d&#8221; [&hellip;]","og_url":"https:\/\/www.uoh.cl\/equidad-de-genero-y-diversidades\/miradas-de-genero\/","og_site_name":"Equidad de Genero y Diversidades","article_modified_time":"2022-12-19T13:13:43+00:00","twitter_card":"summary_large_image","twitter_misc":{"Tiempo estimado de lectura":"1 minuto"},"schema":{"@context":"https:\/\/schema.org","@graph":[{"@type":"WebPage","@id":"https:\/\/www.uoh.cl\/equidad-de-genero-y-diversidades\/miradas-de-genero\/","url":"https:\/\/www.uoh.cl\/equidad-de-genero-y-diversidades\/miradas-de-genero\/","name":"Miradas de G\u00e9nero - Equidad de Genero y Diversidades","isPartOf":{"@id":"https:\/\/www.uoh.cl\/equidad-de-genero-y-diversidades\/#website"},"datePublished":"2022-12-19T13:12:33+00:00","dateModified":"2022-12-19T13:13:43+00:00","inLanguage":"es-CL","potentialAction":[{"@type":"ReadAction","target":["https:\/\/www.uoh.cl\/equidad-de-genero-y-diversidades\/miradas-de-genero\/"]}]},{"@type":"WebSite","@id":"https:\/\/www.uoh.cl\/equidad-de-genero-y-diversidades\/#website","url":"https:\/\/www.uoh.cl\/equidad-de-genero-y-diversidades\/","name":"Equidad de Genero y Diversidades","description":"Otro sitio de Sitios de Universidad O'higgins","potentialAction":[{"@type":"SearchAction","target":{"@type":"EntryPoint","urlTemplate":"https:\/\/www.uoh.cl\/equidad-de-genero-y-diversidades\/?s={search_term_string}"},"query-input":{"@type":"PropertyValueSpecification","valueRequired":true,"valueName":"search_term_string"}}],"inLanguage":"es-CL"}]}},"_links":{"self":[{"href":"https:\/\/www.uoh.cl\/equidad-de-genero-y-diversidades\/wp-json\/wp\/v2\/pages\/1219","targetHints":{"allow":["GET"]}}],"collection":[{"href":"https:\/\/www.uoh.cl\/equidad-de-genero-y-diversidades\/wp-json\/wp\/v2\/pages"}],"about":[{"href":"https:\/\/www.uoh.cl\/equidad-de-genero-y-diversidades\/wp-json\/wp\/v2\/types\/page"}],"author":[{"embeddable":true,"href":"https:\/\/www.uoh.cl\/equidad-de-genero-y-diversidades\/wp-json\/wp\/v2\/users\/23"}],"replies":[{"embeddable":true,"href":"https:\/\/www.uoh.cl\/equidad-de-genero-y-diversidades\/wp-json\/wp\/v2\/comments?post=1219"}],"version-history":[{"count":6,"href":"https:\/\/www.uoh.cl\/equidad-de-genero-y-diversidades\/wp-json\/wp\/v2\/pages\/1219\/revisions"}],"predecessor-version":[{"id":1346,"href":"https:\/\/www.uoh.cl\/equidad-de-genero-y-diversidades\/wp-json\/wp\/v2\/pages\/1219\/revisions\/1346"}],"wp:attachment":[{"href":"https:\/\/www.uoh.cl\/equidad-de-genero-y-diversidades\/wp-json\/wp\/v2\/media?parent=1219"}],"curies":[{"name":"wp","href":"https:\/\/api.w.org\/{rel}","templated":true}]}}