
{"id":104,"date":"2022-04-10T03:09:04","date_gmt":"2022-04-10T06:09:04","guid":{"rendered":"https:\/\/www.uoh.cl\/equidad-de-genero-y-diversidades\/?page_id=104"},"modified":"2023-01-11T12:16:51","modified_gmt":"2023-01-11T15:16:51","slug":"nosotras","status":"publish","type":"page","link":"https:\/\/www.uoh.cl\/equidad-de-genero-y-diversidades\/nosotras\/","title":{"rendered":"Equipo"},"content":{"rendered":"<div class=\"wpb-content-wrapper\"><p>[vc_section el_class=&#8221;container mx-auto align-items-center text-right circle&#8211;pattern&#8221; css=&#8221;.vc_custom_1648956589196{padding-top: 3rem !important;}&#8221;][vc_row el_class=&#8221;pb-5&#8243;][vc_column][vc_wp_custommenu nav_menu=&#8221;4&#8243;]<div class=\"breadcrumb\"><ol itemscope itemtype=\"https:\/\/schema.org\/BreadcrumbList\"><li itemprop=\"itemListElement\" itemscope itemtype=\"https:\/\/schema.org\/ListItem\"><a itemprop=\"item\" href=\"http:\/\/www.uoh.cl\"><span itemprop=\"name\">Inicio<\/span><\/a><meta itemprop=\"position\" content=\"1\" \/><li itemprop=\"itemListElement\" itemscope itemtype=\"https:\/\/schema.org\/ListItem\"><a itemprop=\"item\" href=\"https:\/\/www.uoh.cl\/equidad-de-genero-y-diversidades\"><span itemprop=\"name\">Equidad de Genero y Diversidades<\/span><\/a><meta itemprop=\"position\" content=\"2\" \/><li itemprop=\"itemListElement\" itemscope itemtype=\"https:\/\/schema.org\/ListItem\"><span itemprop=\"name\">Equipo <\/span><meta itemprop=\"position\" content=\"3\" \/><\/ol><\/div><div class=\"uoh_title_component-container\"><h1 class=\"title title--ms d-inline-block title--decorator  big\">Equipo<\/h1><\/div>[\/vc_column][\/vc_row][\/vc_section][vc_section css=&#8221;.vc_custom_1648956222412{background-color: #f6faff !important;}&#8221;][vc_row el_class=&#8221;container mx-auto align-items-center text-right px-md-0&#8243;][vc_column el_class=&#8221;p-0&#8243;]<div class=\"authorities-container authorities-container--five-per-line px-0 content-holder\"><div class=\"authorities-container__box\"><figure><img decoding=\"async\" data-src=\"https:\/\/www.uoh.cl\/equidad-de-genero-y-diversidades\/wp-content\/uploads\/sites\/20\/2023\/01\/Gabriela-degd-300x300.jpg\" alt=\"\" src=\"data:image\/svg+xml;base64,PHN2ZyB3aWR0aD0iMSIgaGVpZ2h0PSIxIiB4bWxucz0iaHR0cDovL3d3dy53My5vcmcvMjAwMC9zdmciPjwvc3ZnPg==\" class=\"lazyload\" style=\"--smush-placeholder-width: 300px; --smush-placeholder-aspect-ratio: 300\/300;\"><figcaption><a href=\"https:\/\/www.uoh.cl\/equidad-de-genero-y-diversidades\/equipo\/gabriela-rodriguez-arancibia\/\"><div class=\"flex\">Gabriela Rodr\u00edguez Arancibia<span>Directora<\/span><\/div><svg version=\"1.1\" xmlns=\"http:\/\/www.w3.org\/2000\/svg\" xmlns:xlink=\"http:\/\/www.w3.org\/1999\/xlink\" x=\"0px\" y=\"0px\" width=\"22px\"height=\"22px\" viewBox=\"0 0 22 22\" style=\"overflow:visible;enable-background:new 0 0 80 64.6;\" xml:space=\"preserve\"><g clip-path=\"url(#acA)\"><path fill-rule=\"evenodd\" d=\"M21.913 11.266a.93.93 0 000-.711c-.022-.056-.063-.097-.091-.144s-.053-.103-.097-.15L12.306.294c-.357-.379-.955-.394-1.334-.038s-.394.955-.038 1.334l7.917 8.374H.927a.95.95 0 00-.908.983.946.946 0 00.908.908h17.924l-8.089 8.552c-.357.379-.341.977.034 1.334s.977.341 1.334-.034l9.594-10.148c.044-.044.063-.1.097-.15.028-.047.069-.088.091-.141z\"\/><\/g><defs><clipPath id=\"acA\"><path fill=\"#fff\" d=\"M0 0h22v22H0z\"\/><\/clipPath><\/defs><\/svg><\/a><\/figcaption><\/figure><\/div><div class=\"authorities-container__box\"><figure><img decoding=\"async\" data-src=\"https:\/\/www.uoh.cl\/equidad-de-genero-y-diversidades\/wp-content\/uploads\/sites\/20\/2022\/04\/Camila-Nunez-300x300.jpg\" alt=\"\" src=\"data:image\/svg+xml;base64,PHN2ZyB3aWR0aD0iMSIgaGVpZ2h0PSIxIiB4bWxucz0iaHR0cDovL3d3dy53My5vcmcvMjAwMC9zdmciPjwvc3ZnPg==\" class=\"lazyload\" style=\"--smush-placeholder-width: 300px; --smush-placeholder-aspect-ratio: 300\/300;\"><figcaption><a href=\"https:\/\/www.uoh.cl\/equidad-de-genero-y-diversidades\/equipo\/camila-nunez\/\"><div class=\"flex\">Camila N\u00fa\u00f1ez Celis<span>Coordinadora del \u00c1rea de Gesti\u00f3n de Violencia de G\u00e9nero<\/span><\/div><svg version=\"1.1\" xmlns=\"http:\/\/www.w3.org\/2000\/svg\" xmlns:xlink=\"http:\/\/www.w3.org\/1999\/xlink\" x=\"0px\" y=\"0px\" width=\"22px\"height=\"22px\" viewBox=\"0 0 22 22\" style=\"overflow:visible;enable-background:new 0 0 80 64.6;\" xml:space=\"preserve\"><g clip-path=\"url(#acA)\"><path fill-rule=\"evenodd\" d=\"M21.913 11.266a.93.93 0 000-.711c-.022-.056-.063-.097-.091-.144s-.053-.103-.097-.15L12.306.294c-.357-.379-.955-.394-1.334-.038s-.394.955-.038 1.334l7.917 8.374H.927a.95.95 0 00-.908.983.946.946 0 00.908.908h17.924l-8.089 8.552c-.357.379-.341.977.034 1.334s.977.341 1.334-.034l9.594-10.148c.044-.044.063-.1.097-.15.028-.047.069-.088.091-.141z\"\/><\/g><defs><clipPath id=\"acA\"><path fill=\"#fff\" d=\"M0 0h22v22H0z\"\/><\/clipPath><\/defs><\/svg><\/a><\/figcaption><\/figure><\/div><div class=\"authorities-container__box\"><figure><img decoding=\"async\" data-src=\"https:\/\/www.uoh.cl\/equidad-de-genero-y-diversidades\/wp-content\/uploads\/sites\/20\/2022\/04\/Constanza-Lizana-300x300.jpg\" alt=\"\" src=\"data:image\/svg+xml;base64,PHN2ZyB3aWR0aD0iMSIgaGVpZ2h0PSIxIiB4bWxucz0iaHR0cDovL3d3dy53My5vcmcvMjAwMC9zdmciPjwvc3ZnPg==\" class=\"lazyload\" style=\"--smush-placeholder-width: 300px; --smush-placeholder-aspect-ratio: 300\/300;\"><figcaption><a href=\"https:\/\/www.uoh.cl\/equidad-de-genero-y-diversidades\/equipo\/constanza-lizana\/\"><div class=\"flex\">Constanza Lizana Tomasevich<span>Coordinadora del \u00c1rea de Prevenci\u00f3n de Violencias, Investigaci\u00f3n y Diversidades<\/span><\/div><svg version=\"1.1\" xmlns=\"http:\/\/www.w3.org\/2000\/svg\" xmlns:xlink=\"http:\/\/www.w3.org\/1999\/xlink\" x=\"0px\" y=\"0px\" width=\"22px\"height=\"22px\" viewBox=\"0 0 22 22\" style=\"overflow:visible;enable-background:new 0 0 80 64.6;\" xml:space=\"preserve\"><g clip-path=\"url(#acA)\"><path fill-rule=\"evenodd\" d=\"M21.913 11.266a.93.93 0 000-.711c-.022-.056-.063-.097-.091-.144s-.053-.103-.097-.15L12.306.294c-.357-.379-.955-.394-1.334-.038s-.394.955-.038 1.334l7.917 8.374H.927a.95.95 0 00-.908.983.946.946 0 00.908.908h17.924l-8.089 8.552c-.357.379-.341.977.034 1.334s.977.341 1.334-.034l9.594-10.148c.044-.044.063-.1.097-.15.028-.047.069-.088.091-.141z\"\/><\/g><defs><clipPath id=\"acA\"><path fill=\"#fff\" d=\"M0 0h22v22H0z\"\/><\/clipPath><\/defs><\/svg><\/a><\/figcaption><\/figure><\/div><div class=\"authorities-container__box\"><figure><img decoding=\"async\" data-src=\"https:\/\/www.uoh.cl\/equidad-de-genero-y-diversidades\/wp-content\/uploads\/sites\/20\/2022\/10\/Aixa-Cataldo-1-300x300.jpg\" alt=\"\" src=\"data:image\/svg+xml;base64,PHN2ZyB3aWR0aD0iMSIgaGVpZ2h0PSIxIiB4bWxucz0iaHR0cDovL3d3dy53My5vcmcvMjAwMC9zdmciPjwvc3ZnPg==\" class=\"lazyload\" style=\"--smush-placeholder-width: 300px; --smush-placeholder-aspect-ratio: 300\/300;\"><figcaption><a href=\"https:\/\/www.uoh.cl\/equidad-de-genero-y-diversidades\/equipo\/aixa-cataldo-alcaino\/\"><div class=\"flex\">Aixa Cataldo Alca\u00edno<span>Encargada de Vinculaci\u00f3n y Comunicaciones<\/span><\/div><svg version=\"1.1\" xmlns=\"http:\/\/www.w3.org\/2000\/svg\" xmlns:xlink=\"http:\/\/www.w3.org\/1999\/xlink\" x=\"0px\" y=\"0px\" width=\"22px\"height=\"22px\" viewBox=\"0 0 22 22\" style=\"overflow:visible;enable-background:new 0 0 80 64.6;\" xml:space=\"preserve\"><g clip-path=\"url(#acA)\"><path fill-rule=\"evenodd\" d=\"M21.913 11.266a.93.93 0 000-.711c-.022-.056-.063-.097-.091-.144s-.053-.103-.097-.15L12.306.294c-.357-.379-.955-.394-1.334-.038s-.394.955-.038 1.334l7.917 8.374H.927a.95.95 0 00-.908.983.946.946 0 00.908.908h17.924l-8.089 8.552c-.357.379-.341.977.034 1.334s.977.341 1.334-.034l9.594-10.148c.044-.044.063-.1.097-.15.028-.047.069-.088.091-.141z\"\/><\/g><defs><clipPath id=\"acA\"><path fill=\"#fff\" d=\"M0 0h22v22H0z\"\/><\/clipPath><\/defs><\/svg><\/a><\/figcaption><\/figure><\/div><\/div><\/div><\/div>[\/vc_column][\/vc_row][\/vc_section]<\/p>\n<\/div>","protected":false},"excerpt":{"rendered":"<p>[vc_section el_class=&#8221;container mx-auto align-items-center text-right circle&#8211;pattern&#8221; css=&#8221;.vc_custom_1648956589196{padding-top: 3rem !important;}&#8221;][vc_row el_class=&#8221;pb-5&#8243;][vc_column][vc_wp_custommenu nav_menu=&#8221;4&#8243;][\/vc_column][\/vc_row][\/vc_section][vc_section css=&#8221;.vc_custom_1648956222412{background-color: #f6faff !important;}&#8221;][vc_row el_class=&#8221;container mx-auto align-items-center text-right px-md-0&#8243;][vc_column el_class=&#8221;p-0&#8243;][\/vc_column][\/vc_row][\/vc_section]<\/p>\n","protected":false},"author":34,"featured_media":0,"parent":0,"menu_order":0,"comment_status":"closed","ping_status":"closed","template":"","meta":{"_acf_changed":false,"footnotes":""},"class_list":["post-104","page","type-page","status-publish","hentry"],"acf":[],"yoast_head":"<!-- This site is optimized with the Yoast SEO plugin v26.6 - https:\/\/yoast.com\/wordpress\/plugins\/seo\/ -->\n<title>Equipo - Equidad de Genero y Diversidades<\/title>\n<meta name=\"robots\" content=\"index, follow, max-snippet:-1, max-image-preview:large, max-video-preview:-1\" \/>\n<link rel=\"canonical\" href=\"https:\/\/www.uoh.cl\/equidad-de-genero-y-diversidades\/nosotras\/\" \/>\n<meta property=\"og:locale\" content=\"es_ES\" \/>\n<meta property=\"og:type\" content=\"article\" \/>\n<meta property=\"og:title\" content=\"Equipo - Equidad de Genero y Diversidades\" \/>\n<meta property=\"og:description\" content=\"[vc_section el_class=&#8221;container mx-auto align-items-center text-right circle&#8211;pattern&#8221; css=&#8221;.vc_custom_1648956589196{padding-top: 3rem !important;}&#8221;][vc_row el_class=&#8221;pb-5&#8243;][vc_column][vc_wp_custommenu nav_menu=&#8221;4&#8243;][\/vc_column][\/vc_row][\/vc_section][vc_section css=&#8221;.vc_custom_1648956222412{background-color: #f6faff !important;}&#8221;][vc_row el_class=&#8221;container mx-auto align-items-center text-right px-md-0&#8243;][vc_column el_class=&#8221;p-0&#8243;][\/vc_column][\/vc_row][\/vc_section]\" \/>\n<meta property=\"og:url\" content=\"https:\/\/www.uoh.cl\/equidad-de-genero-y-diversidades\/nosotras\/\" \/>\n<meta property=\"og:site_name\" content=\"Equidad de Genero y Diversidades\" \/>\n<meta property=\"article:modified_time\" content=\"2023-01-11T15:16:51+00:00\" \/>\n<meta name=\"twitter:card\" content=\"summary_large_image\" \/>\n<meta name=\"twitter:label1\" content=\"Tiempo estimado de lectura\" \/>\n\t<meta name=\"twitter:data1\" content=\"1 minuto\" \/>\n<script type=\"application\/ld+json\" class=\"yoast-schema-graph\">{\"@context\":\"https:\/\/schema.org\",\"@graph\":[{\"@type\":\"WebPage\",\"@id\":\"https:\/\/www.uoh.cl\/equidad-de-genero-y-diversidades\/nosotras\/\",\"url\":\"https:\/\/www.uoh.cl\/equidad-de-genero-y-diversidades\/nosotras\/\",\"name\":\"Equipo - Equidad de Genero y Diversidades\",\"isPartOf\":{\"@id\":\"https:\/\/www.uoh.cl\/equidad-de-genero-y-diversidades\/#website\"},\"datePublished\":\"2022-04-10T06:09:04+00:00\",\"dateModified\":\"2023-01-11T15:16:51+00:00\",\"inLanguage\":\"es-CL\",\"potentialAction\":[{\"@type\":\"ReadAction\",\"target\":[\"https:\/\/www.uoh.cl\/equidad-de-genero-y-diversidades\/nosotras\/\"]}]},{\"@type\":\"WebSite\",\"@id\":\"https:\/\/www.uoh.cl\/equidad-de-genero-y-diversidades\/#website\",\"url\":\"https:\/\/www.uoh.cl\/equidad-de-genero-y-diversidades\/\",\"name\":\"Equidad de Genero y Diversidades\",\"description\":\"Otro sitio de Sitios de Universidad O'higgins\",\"potentialAction\":[{\"@type\":\"SearchAction\",\"target\":{\"@type\":\"EntryPoint\",\"urlTemplate\":\"https:\/\/www.uoh.cl\/equidad-de-genero-y-diversidades\/?s={search_term_string}\"},\"query-input\":{\"@type\":\"PropertyValueSpecification\",\"valueRequired\":true,\"valueName\":\"search_term_string\"}}],\"inLanguage\":\"es-CL\"}]}<\/script>\n<!-- \/ Yoast SEO plugin. -->","yoast_head_json":{"title":"Equipo - Equidad de Genero y Diversidades","robots":{"index":"index","follow":"follow","max-snippet":"max-snippet:-1","max-image-preview":"max-image-preview:large","max-video-preview":"max-video-preview:-1"},"canonical":"https:\/\/www.uoh.cl\/equidad-de-genero-y-diversidades\/nosotras\/","og_locale":"es_ES","og_type":"article","og_title":"Equipo - Equidad de Genero y Diversidades","og_description":"[vc_section el_class=&#8221;container mx-auto align-items-center text-right circle&#8211;pattern&#8221; css=&#8221;.vc_custom_1648956589196{padding-top: 3rem !important;}&#8221;][vc_row el_class=&#8221;pb-5&#8243;][vc_column][vc_wp_custommenu nav_menu=&#8221;4&#8243;][\/vc_column][\/vc_row][\/vc_section][vc_section css=&#8221;.vc_custom_1648956222412{background-color: #f6faff !important;}&#8221;][vc_row el_class=&#8221;container mx-auto align-items-center text-right px-md-0&#8243;][vc_column el_class=&#8221;p-0&#8243;][\/vc_column][\/vc_row][\/vc_section]","og_url":"https:\/\/www.uoh.cl\/equidad-de-genero-y-diversidades\/nosotras\/","og_site_name":"Equidad de Genero y Diversidades","article_modified_time":"2023-01-11T15:16:51+00:00","twitter_card":"summary_large_image","twitter_misc":{"Tiempo estimado de lectura":"1 minuto"},"schema":{"@context":"https:\/\/schema.org","@graph":[{"@type":"WebPage","@id":"https:\/\/www.uoh.cl\/equidad-de-genero-y-diversidades\/nosotras\/","url":"https:\/\/www.uoh.cl\/equidad-de-genero-y-diversidades\/nosotras\/","name":"Equipo - Equidad de Genero y Diversidades","isPartOf":{"@id":"https:\/\/www.uoh.cl\/equidad-de-genero-y-diversidades\/#website"},"datePublished":"2022-04-10T06:09:04+00:00","dateModified":"2023-01-11T15:16:51+00:00","inLanguage":"es-CL","potentialAction":[{"@type":"ReadAction","target":["https:\/\/www.uoh.cl\/equidad-de-genero-y-diversidades\/nosotras\/"]}]},{"@type":"WebSite","@id":"https:\/\/www.uoh.cl\/equidad-de-genero-y-diversidades\/#website","url":"https:\/\/www.uoh.cl\/equidad-de-genero-y-diversidades\/","name":"Equidad de Genero y Diversidades","description":"Otro sitio de Sitios de Universidad O'higgins","potentialAction":[{"@type":"SearchAction","target":{"@type":"EntryPoint","urlTemplate":"https:\/\/www.uoh.cl\/equidad-de-genero-y-diversidades\/?s={search_term_string}"},"query-input":{"@type":"PropertyValueSpecification","valueRequired":true,"valueName":"search_term_string"}}],"inLanguage":"es-CL"}]}},"_links":{"self":[{"href":"https:\/\/www.uoh.cl\/equidad-de-genero-y-diversidades\/wp-json\/wp\/v2\/pages\/104","targetHints":{"allow":["GET"]}}],"collection":[{"href":"https:\/\/www.uoh.cl\/equidad-de-genero-y-diversidades\/wp-json\/wp\/v2\/pages"}],"about":[{"href":"https:\/\/www.uoh.cl\/equidad-de-genero-y-diversidades\/wp-json\/wp\/v2\/types\/page"}],"author":[{"embeddable":true,"href":"https:\/\/www.uoh.cl\/equidad-de-genero-y-diversidades\/wp-json\/wp\/v2\/users\/34"}],"replies":[{"embeddable":true,"href":"https:\/\/www.uoh.cl\/equidad-de-genero-y-diversidades\/wp-json\/wp\/v2\/comments?post=104"}],"version-history":[{"count":11,"href":"https:\/\/www.uoh.cl\/equidad-de-genero-y-diversidades\/wp-json\/wp\/v2\/pages\/104\/revisions"}],"predecessor-version":[{"id":1277,"href":"https:\/\/www.uoh.cl\/equidad-de-genero-y-diversidades\/wp-json\/wp\/v2\/pages\/104\/revisions\/1277"}],"wp:attachment":[{"href":"https:\/\/www.uoh.cl\/equidad-de-genero-y-diversidades\/wp-json\/wp\/v2\/media?parent=104"}],"curies":[{"name":"wp","href":"https:\/\/api.w.org\/{rel}","templated":true}]}}