
{"id":754,"date":"2025-09-23T16:16:18","date_gmt":"2025-09-23T19:16:18","guid":{"rendered":"https:\/\/www.uoh.cl\/dae\/?page_id=754"},"modified":"2025-09-23T16:17:57","modified_gmt":"2025-09-23T19:17:57","slug":"preguntas-frecuentes","status":"publish","type":"page","link":"https:\/\/www.uoh.cl\/dae\/preguntas-frecuentes\/","title":{"rendered":"Preguntas frecuentes"},"content":{"rendered":"<div class=\"wpb-content-wrapper\"><p>[vc_row][vc_column]<div class=\"uoh_slider_featured_component component__featured-slide row mx-auto col-12 m-0 align-items-center position-relative lazyload\" style=\" background:inherit\" data-bg=\"url(https:\/\/www.uoh.cl\/dae\/wp-content\/uploads\/sites\/44\/2025\/09\/Preguntas-frecuentes.png)\"><div class=\"caption--degrade\"><svg  xmlns=\"http:\/\/www.w3.org\/2000\/svg\" xmlns:xlink=\"http:\/\/www.w3.org\/1999\/xlink\" width=\"1061px\" height=\"539px\"><defs><linearGradient id=\"PSgrad_0\" x1=\"0%\" x2=\"64.279%\" y1=\"76.604%\" y2=\"0%\"><stop offset=\"0%\" stop-color=\"rgb(66,160,248)\" stop-opacity=\"1\" \/><stop offset=\"100%\" stop-color=\"rgb(66,160,248)\" stop-opacity=\"0\" \/><\/linearGradient><\/defs><path fill-rule=\"evenodd\"  fill=\"none\" d=\"M311.000,515.000 C311.000,515.000 211.039,468.555 132.000,357.000 C21.864,201.555 -4.306,4.695 1.000,0.000 L196.000,0.000 L811.000,0.000 L1061.000,0.000 C1061.000,0.000 851.535,430.030 546.000,521.000 C402.674,563.674 311.000,515.000 311.000,515.000 Z\"\/> <path fill=\"url(#PSgrad_0)\"d=\"M311.000,515.000 C311.000,515.000 211.039,468.555 132.000,357.000 C21.864,201.555 -4.306,4.695 1.000,0.000 L196.000,0.000 L811.000,0.000 L1061.000,0.000 C1061.000,0.000 851.535,430.030 546.000,521.000 C402.674,563.674 311.000,515.000 311.000,515.000 Z\"\/><\/svg><\/div><div class=\"caption--quote\"><svg xmlns=\"http:\/\/www.w3.org\/2000\/svg\" xmlns:xlink=\"http:\/\/www.w3.org\/1999\/xlink\"width=\"226px\" height=\"273px\"><defs><linearGradient id=\"PSgrad_0\" x1=\"71.934%\" x2=\"0%\" y1=\"69.466%\" y2=\"0%\"><stop offset=\"0%\" stop-color=\"rgb(66,160,248)\" stop-opacity=\"0.49\" \/><stop offset=\"100%\" stop-color=\"rgb(66,160,248)\" stop-opacity=\"0\" \/><\/linearGradient><\/defs><path fill-rule=\"evenodd\"  fill=\"none\" d=\"M-0.000,273.000 L174.000,273.000 C174.000,273.000 226.000,266.268 226.000,221.000 C226.000,175.732 226.000,-0.000 226.000,-0.000 C226.000,-0.000 24.577,71.878 -0.000,273.000 Z\"\/><path fill=\"url(#PSgrad_0)\"d=\"M-0.000,273.000 L174.000,273.000 C174.000,273.000 226.000,266.268 226.000,221.000 C226.000,175.732 226.000,-0.000 226.000,-0.000 C226.000,-0.000 24.577,71.878 -0.000,273.000 Z\"\/><\/svg><\/div><div class=\"my-uoh_slider_featured_component container mx-auto p-md-0\" ><div class=\"content component__featured-slide-content container row mx-auto aling-items-center p-0\"><h1 class=\"p-0 featured-slide title\"  style=\"\"><em><\/em><\/h1><\/div><span><\/span><\/div><\/div>[\/vc_column][\/vc_row][vc_section el_class=&#8221;container mx-auto align-items-center text-right circle&#8211;pattern&#8221; css=&#8221;.vc_custom_1648956589196{padding-top: 3rem !important;}&#8221;][vc_row el_class=&#8221;pb-5&#8243;][vc_column][vc_wp_custommenu nav_menu=&#8221;2&#8243;][\/vc_column][\/vc_row][vc_row][vc_column width=&#8221;1\/2&#8243;]<div class=\"uoh_title_component-container\"><h2 class=\"title title--ms d-inline-block title--decorator  medium\">Preguntas frecuentes<\/h2><\/div>[vc_tta_accordion][vc_tta_section title=&#8221;\u00bfC\u00f3mo pido hora con un\/a profesional de la DAE?&#8221; tab_id=&#8221;1758647493951-c352df92-52b8&#8243;][vc_column_text css=&#8221;&#8221;]<span style=\"font-weight: 400\">Cada Unidad de la DAE tiene un canal espec\u00edfico para el agendamiento de horas de atenci\u00f3n con sus profesionales. Te dejamos los contactos de cada Unidad:<\/span><\/p>\n<ul>\n<li style=\"font-weight: 400\"><span style=\"font-weight: 400\">Unidad de Salud, debes llamar al n\u00famero +56229030004.<\/span><\/li>\n<li style=\"font-weight: 400\"><span style=\"font-weight: 400\">Unidad de Bienestar Estudiantil, debes escribir un correo a <\/span><a href=\"mailto:reservahoradae@uoh.cl\"><span style=\"font-weight: 400\">reservahoradae@uoh.cl<\/span><\/a><\/li>\n<li style=\"font-weight: 400\"><span style=\"font-weight: 400\">Unidad de Inclusi\u00f3n, debes escribir un correo a <\/span><a href=\"mailto:unidad.inclusion@uoh.cl\"><span style=\"font-weight: 400\">unidad.inclusion@uoh.cl<\/span><\/a><\/li>\n<li style=\"font-weight: 400\">Unidad de Deportes, debes escribir a <a href=\"mailto:deportes@uoh.cl\">deportes@uoh.cl<\/a><\/li>\n<\/ul>\n<p>[\/vc_column_text][\/vc_tta_section][vc_tta_section title=&#8221;\u00bfC\u00f3mo justificar una inasistencia?&#8221; tab_id=&#8221;1758647493963-9c176783-6ce6&#8243;][vc_column_text css=&#8221;&#8221;]<\/p>\n<ol>\n<li style=\"font-weight: 400\"><span style=\"font-weight: 400\">Para elevar una constancia, debes ingresar a plataforma Ucampus en el m\u00f3dulo \u201cSolicitudes\u201d, seleccionando la opci\u00f3n de \u201cJustificativo de inasistencia\u201d, dentro de los cuatro primeros d\u00edas h\u00e1biles despu\u00e9s de tu inasistencia.\u00a0<\/span><\/li>\n<li style=\"font-weight: 400\"><span style=\"font-weight: 400\">Indica el motivo de tu falta, puede ser: salud, social o deportivo.<\/span><\/li>\n<li style=\"font-weight: 400\"><span style=\"font-weight: 400\">Selecciona fecha y horario espec\u00edfico de tu inasistencia.\u00a0<\/span><\/li>\n<li style=\"font-weight: 400\"><span style=\"font-weight: 400\">Se\u00f1ala en comentario una breve descripci\u00f3n de por qu\u00e9 te ausentaste en el periodo indicado.\u00a0<\/span><\/li>\n<li style=\"font-weight: 400\"><span style=\"font-weight: 400\">Adjuntar documentaci\u00f3n que acredite el motivo de inasistencia.<\/span><\/li>\n<li style=\"font-weight: 400\"><span style=\"font-weight: 400\">Env\u00eda tu constancia y espera a que esta sea resuelta por los profesionales de la DAE, puedes revisar su estado en Ucampus en la secci\u00f3n de \u201cBoletines\u201d -&gt; Situaciones. <\/span><\/li>\n<\/ol>\n<p>[\/vc_column_text][\/vc_tta_section][vc_tta_section title=&#8221;\u00bfA d\u00f3nde acudir si present\u00e9 un accidente en el campus o de trayecto?&#8221; tab_id=&#8221;1758647687727-fcc4787d-bcef&#8221;][vc_column_text css=&#8221;&#8221;]<span style=\"font-weight: 400\">Para urgencias y\/o emergencias de salud, puedes acercarte a las salas de primeros auxilios de cada campus, o en el caso de no poder desplazarte puedes solicitar asistencia de primeros auxilios a los siguiente n\u00fameros: Campus Rancagua: +56229030004 &#8211; Campus Colchagua: +56220930089.\u00a0 <\/span><\/p>\n<p><a href=\"https:\/\/www.uoh.cl\/dae\/wp-content\/uploads\/sites\/44\/2025\/09\/Declaracion_Individual_Accidente_Escolar.pdf\" target=\"_blank\" rel=\"noopener\"><em>* Declaraci\u00f3n individual de accidente aqu\u00ed.<\/em><\/a>[\/vc_column_text][\/vc_tta_section][vc_tta_section title=&#8221;\u00bfC\u00f3mo y cu\u00e1ndo postular a las becas internas de mantenci\u00f3n de la UOH?&#8221; tab_id=&#8221;1758647859838-bd991732-3ae5&#8243;][vc_column_text css=&#8221;&#8221;]<span style=\"font-weight: 400\">Para postular a cualquiera de las becas internas UOH, debes realizar un proceso de Evaluaci\u00f3n Socioecon\u00f3mica con un\/a Trabajador\/a Social, quien solicitar\u00e1 documentaci\u00f3n para acreditar tu situaci\u00f3n socioecon\u00f3mica familiar. Este proceso de postulaci\u00f3n se realiza en el proceso de matr\u00edcula de cada a\u00f1o.\u00a0<\/span>[\/vc_column_text][\/vc_tta_section][vc_tta_section title=&#8221;\u00bfQu\u00e9 servicios deportivos ofrece la DAE?&#8221; tab_id=&#8221;1758647932654-acccafe2-253e&#8221;][vc_column_text css=&#8221;&#8221;]<span style=\"font-weight: 400\">La DAE, a trav\u00e9s de la Unidad de Deportes, busca la formaci\u00f3n integral de los\/as estudiantes promoviendo la actividad f\u00edsica y el deporte a trav\u00e9s de tres programas: Actividad F\u00edsica y Deportes, Representaci\u00f3n Institucional y Eventos Masivos y de Vinculaci\u00f3n.<\/span>[\/vc_column_text][\/vc_tta_section][vc_tta_section title=&#8221;\u00bfD\u00f3nde puedo encontrar informaci\u00f3n de los talleres deportivos que se desarrollan en la Universidad? \u00bfY c\u00f3mo puedo inscribirme?&#8221; tab_id=&#8221;1758647970649-1651acec-0f6e&#8221;][vc_column_text css=&#8221;&#8221;]<span style=\"font-weight: 400\">Para obtener informaci\u00f3n de talleres, actividades, selecciones y eventos, visita e inscripci\u00f3n a talleres, dir\u00edgete a <\/span><a href=\"http:\/\/www.uoh.cl\/deportes\"><span style=\"font-weight: 400\">www.uoh.cl\/deportes<\/span><\/a><span style=\"font-weight: 400\">. En RRSS nos puedes encontrar en IG <a href=\"https:\/\/www.instagram.com\/deportes_uoh\/\" target=\"_blank\" rel=\"noopener\">@deportes_uoh<\/a> y para m\u00e1s informaci\u00f3n puedes escribir al correo electr\u00f3nico <\/span><a href=\"mailto:deportes@uoh.cl\"><span style=\"font-weight: 400\">deportes@uoh.cl<\/span><\/a><span style=\"font-weight: 400\">.\u00a0\u00a0<\/span>[\/vc_column_text][\/vc_tta_section][vc_tta_section title=&#8221;\u00bfD\u00f3nde recibo informaci\u00f3n para las pruebas masivas deportivas para ser parte de una de las selecciones?&#8221; tab_id=&#8221;1758648255825-2615f5ad-aa4d&#8221;][vc_column_text css=&#8221;&#8221;]<span style=\"font-weight: 400\">La informaci\u00f3n la puedes encontrar en <\/span><a href=\"https:\/\/www.uoh.cl\/deportes\/pruebas\/\"><span style=\"font-weight: 400\">https:\/\/www.uoh.cl\/deportes\/pruebas\/<\/span><\/a><span style=\"font-weight: 400\">.<\/span>[\/vc_column_text][\/vc_tta_section][vc_tta_section title=&#8221;\u00bfQu\u00e9 apoyos brinda la Universidad para las y los estudiantes con Discapacidad?&#8221; tab_id=&#8221;1758648290995-e71ca134-a9e8&#8243;][vc_column_text css=&#8221;&#8221;]<span style=\"font-weight: 400\">Desde la Unidad de Inclusi\u00f3n, luego de una evaluaci\u00f3n t\u00e9cnica se hace env\u00edo de recomendaciones espec\u00edficas a las y los docentes para acceder a ajustes razonables conforme a la ley, permitiendo acceder a una educaci\u00f3n m\u00e1s equitativa.<\/span>[\/vc_column_text][\/vc_tta_section][vc_tta_section title=&#8221;\u00bfC\u00f3mo reportar una situaci\u00f3n de discapacidad?&#8221; tab_id=&#8221;1758648326664-83737838-140e&#8221;][vc_column_text css=&#8221;&#8221;]Puedes canalizar tu situaci\u00f3n mediante la Unidad de Inclusi\u00f3n, a trav\u00e9s del correo <a href=\"mailto:unidad.inclusion@uoh.cl\" target=\"_blank\" rel=\"noopener\">unidad.inclusion@uoh.cl<\/a>, donde un\/a profesional del equipo te contactar\u00e1 para poder realizar tu autoreporte.[\/vc_column_text][\/vc_tta_section][\/vc_tta_accordion][\/vc_column][vc_column width=&#8221;1\/4&#8243;][\/vc_column][vc_column width=&#8221;1\/4&#8243;]<div class=\"uoh_simple_image_component component__simple_image simple__image-left col-12\"><div class=\"uoh_simple_image_component\"><figure class=\"simple_image_contain\"><div> <img decoding=\"async\" data-src=\"https:\/\/www.uoh.cl\/dae\/wp-content\/uploads\/sites\/44\/2025\/09\/Preguntas-frecuentes-1.png\" class=\"w-100 lazyload\" src=\"data:image\/svg+xml;base64,PHN2ZyB3aWR0aD0iMSIgaGVpZ2h0PSIxIiB4bWxucz0iaHR0cDovL3d3dy53My5vcmcvMjAwMC9zdmciPjwvc3ZnPg==\" style=\"--smush-placeholder-width: 600px; --smush-placeholder-aspect-ratio: 600\/400;\"> <\/div><\/figure><\/div><\/div>[vc_row_inner][vc_column_inner]<div class=\"uoh_simple_image_component component__simple_image simple__image-left col-12\"><div class=\"uoh_simple_image_component\"><figure class=\"simple_image_contain\"><div> <img decoding=\"async\" data-src=\"https:\/\/www.uoh.cl\/dae\/wp-content\/uploads\/sites\/44\/2025\/09\/Futsal-1024x624.jpg\" class=\"w-100 lazyload\" src=\"data:image\/svg+xml;base64,PHN2ZyB3aWR0aD0iMSIgaGVpZ2h0PSIxIiB4bWxucz0iaHR0cDovL3d3dy53My5vcmcvMjAwMC9zdmciPjwvc3ZnPg==\" style=\"--smush-placeholder-width: 1024px; --smush-placeholder-aspect-ratio: 1024\/624;\"> <\/div><\/figure><\/div><\/div>[\/vc_column_inner][\/vc_row_inner][vc_row_inner][vc_column_inner]<div class=\"uoh_simple_image_component component__simple_image simple__image-left col-12\"><div class=\"uoh_simple_image_component\"><figure class=\"simple_image_contain\"><div> <img decoding=\"async\" data-src=\"https:\/\/www.uoh.cl\/dae\/wp-content\/uploads\/sites\/44\/2025\/09\/Preguntas-frecuentes-3.png\" class=\"w-100 lazyload\" src=\"data:image\/svg+xml;base64,PHN2ZyB3aWR0aD0iMSIgaGVpZ2h0PSIxIiB4bWxucz0iaHR0cDovL3d3dy53My5vcmcvMjAwMC9zdmciPjwvc3ZnPg==\" style=\"--smush-placeholder-width: 600px; --smush-placeholder-aspect-ratio: 600\/400;\"> <\/div><\/figure><\/div><\/div>[\/vc_column_inner][\/vc_row_inner][vc_row_inner][vc_column_inner]<div class=\"uoh_simple_image_component component__simple_image simple__image-left col-12\"><div class=\"uoh_simple_image_component\"><figure class=\"simple_image_contain\"><div> <img decoding=\"async\" data-src=\"https:\/\/www.uoh.cl\/dae\/wp-content\/uploads\/sites\/44\/2025\/09\/Cancer-de-mamas-17-1024x655.jpg\" class=\"w-100 lazyload\" src=\"data:image\/svg+xml;base64,PHN2ZyB3aWR0aD0iMSIgaGVpZ2h0PSIxIiB4bWxucz0iaHR0cDovL3d3dy53My5vcmcvMjAwMC9zdmciPjwvc3ZnPg==\" style=\"--smush-placeholder-width: 1024px; --smush-placeholder-aspect-ratio: 1024\/655;\"> <\/div><\/figure><\/div><\/div>[\/vc_column_inner][\/vc_row_inner][\/vc_column][\/vc_row][vc_row disable_element=&#8221;yes&#8221;][vc_column][vc_column_text css=&#8221;&#8221;][\/vc_column_text][\/vc_column][\/vc_row][\/vc_section]<\/p>\n<\/div>","protected":false},"excerpt":{"rendered":"<p>[vc_row][vc_column][\/vc_column][\/vc_row][vc_section el_class=&#8221;container mx-auto align-items-center text-right circle&#8211;pattern&#8221; css=&#8221;.vc_custom_1648956589196{padding-top: 3rem !important;}&#8221;][vc_row el_class=&#8221;pb-5&#8243;][vc_column][vc_wp_custommenu nav_menu=&#8221;2&#8243;][\/vc_column][\/vc_row][vc_row][vc_column width=&#8221;1\/2&#8243;][vc_tta_accordion][vc_tta_section title=&#8221;\u00bfC\u00f3mo pido hora con un\/a profesional de la DAE?&#8221; tab_id=&#8221;1758647493951-c352df92-52b8&#8243;][vc_column_text css=&#8221;&#8221;]Cada Unidad de la DAE tiene un canal espec\u00edfico para el agendamiento de horas de atenci\u00f3n con sus profesionales. Te dejamos los contactos de cada Unidad: Unidad de Salud, debes llamar al n\u00famero [&hellip;]<\/p>\n","protected":false},"author":23,"featured_media":0,"parent":0,"menu_order":0,"comment_status":"closed","ping_status":"closed","template":"","meta":{"_acf_changed":false,"footnotes":""},"class_list":["post-754","page","type-page","status-publish","hentry"],"acf":[],"yoast_head":"<!-- This site is optimized with the Yoast SEO plugin v26.6 - https:\/\/yoast.com\/wordpress\/plugins\/seo\/ -->\n<title>Preguntas frecuentes - Direcci\u00f3n de Asuntos Estudiantiles<\/title>\n<meta name=\"robots\" content=\"index, follow, max-snippet:-1, max-image-preview:large, max-video-preview:-1\" \/>\n<link rel=\"canonical\" href=\"https:\/\/www.uoh.cl\/dae\/preguntas-frecuentes\/\" \/>\n<meta property=\"og:locale\" content=\"es_ES\" \/>\n<meta property=\"og:type\" content=\"article\" \/>\n<meta property=\"og:title\" content=\"Preguntas frecuentes - Direcci\u00f3n de Asuntos Estudiantiles\" \/>\n<meta property=\"og:description\" content=\"[vc_row][vc_column][\/vc_column][\/vc_row][vc_section el_class=&#8221;container mx-auto align-items-center text-right circle&#8211;pattern&#8221; css=&#8221;.vc_custom_1648956589196{padding-top: 3rem !important;}&#8221;][vc_row el_class=&#8221;pb-5&#8243;][vc_column][vc_wp_custommenu nav_menu=&#8221;2&#8243;][\/vc_column][\/vc_row][vc_row][vc_column width=&#8221;1\/2&#8243;][vc_tta_accordion][vc_tta_section title=&#8221;\u00bfC\u00f3mo pido hora con un\/a profesional de la DAE?&#8221; tab_id=&#8221;1758647493951-c352df92-52b8&#8243;][vc_column_text css=&#8221;&#8221;]Cada Unidad de la DAE tiene un canal espec\u00edfico para el agendamiento de horas de atenci\u00f3n con sus profesionales. Te dejamos los contactos de cada Unidad: Unidad de Salud, debes llamar al n\u00famero [&hellip;]\" \/>\n<meta property=\"og:url\" content=\"https:\/\/www.uoh.cl\/dae\/preguntas-frecuentes\/\" \/>\n<meta property=\"og:site_name\" content=\"Direcci\u00f3n de Asuntos Estudiantiles\" \/>\n<meta property=\"article:modified_time\" content=\"2025-09-23T19:17:57+00:00\" \/>\n<meta name=\"twitter:card\" content=\"summary_large_image\" \/>\n<meta name=\"twitter:label1\" content=\"Tiempo estimado de lectura\" \/>\n\t<meta name=\"twitter:data1\" content=\"4 minutos\" \/>\n<script type=\"application\/ld+json\" class=\"yoast-schema-graph\">{\"@context\":\"https:\/\/schema.org\",\"@graph\":[{\"@type\":\"WebPage\",\"@id\":\"https:\/\/www.uoh.cl\/dae\/preguntas-frecuentes\/\",\"url\":\"https:\/\/www.uoh.cl\/dae\/preguntas-frecuentes\/\",\"name\":\"Preguntas frecuentes - Direcci\u00f3n de Asuntos Estudiantiles\",\"isPartOf\":{\"@id\":\"https:\/\/www.uoh.cl\/dae\/#website\"},\"datePublished\":\"2025-09-23T19:16:18+00:00\",\"dateModified\":\"2025-09-23T19:17:57+00:00\",\"breadcrumb\":{\"@id\":\"https:\/\/www.uoh.cl\/dae\/preguntas-frecuentes\/#breadcrumb\"},\"inLanguage\":\"es-CL\",\"potentialAction\":[{\"@type\":\"ReadAction\",\"target\":[\"https:\/\/www.uoh.cl\/dae\/preguntas-frecuentes\/\"]}]},{\"@type\":\"BreadcrumbList\",\"@id\":\"https:\/\/www.uoh.cl\/dae\/preguntas-frecuentes\/#breadcrumb\",\"itemListElement\":[{\"@type\":\"ListItem\",\"position\":1,\"name\":\"Portada\",\"item\":\"https:\/\/www.uoh.cl\/dae\/\"},{\"@type\":\"ListItem\",\"position\":2,\"name\":\"Preguntas frecuentes\"}]},{\"@type\":\"WebSite\",\"@id\":\"https:\/\/www.uoh.cl\/dae\/#website\",\"url\":\"https:\/\/www.uoh.cl\/dae\/\",\"name\":\"Direcci\u00f3n de Asuntos Estudiantiles\",\"description\":\"Otro sitio de Sitios de Universidad O'higgins\",\"potentialAction\":[{\"@type\":\"SearchAction\",\"target\":{\"@type\":\"EntryPoint\",\"urlTemplate\":\"https:\/\/www.uoh.cl\/dae\/?s={search_term_string}\"},\"query-input\":{\"@type\":\"PropertyValueSpecification\",\"valueRequired\":true,\"valueName\":\"search_term_string\"}}],\"inLanguage\":\"es-CL\"}]}<\/script>\n<!-- \/ Yoast SEO plugin. -->","yoast_head_json":{"title":"Preguntas frecuentes - Direcci\u00f3n de Asuntos Estudiantiles","robots":{"index":"index","follow":"follow","max-snippet":"max-snippet:-1","max-image-preview":"max-image-preview:large","max-video-preview":"max-video-preview:-1"},"canonical":"https:\/\/www.uoh.cl\/dae\/preguntas-frecuentes\/","og_locale":"es_ES","og_type":"article","og_title":"Preguntas frecuentes - Direcci\u00f3n de Asuntos Estudiantiles","og_description":"[vc_row][vc_column][\/vc_column][\/vc_row][vc_section el_class=&#8221;container mx-auto align-items-center text-right circle&#8211;pattern&#8221; css=&#8221;.vc_custom_1648956589196{padding-top: 3rem !important;}&#8221;][vc_row el_class=&#8221;pb-5&#8243;][vc_column][vc_wp_custommenu nav_menu=&#8221;2&#8243;][\/vc_column][\/vc_row][vc_row][vc_column width=&#8221;1\/2&#8243;][vc_tta_accordion][vc_tta_section title=&#8221;\u00bfC\u00f3mo pido hora con un\/a profesional de la DAE?&#8221; tab_id=&#8221;1758647493951-c352df92-52b8&#8243;][vc_column_text css=&#8221;&#8221;]Cada Unidad de la DAE tiene un canal espec\u00edfico para el agendamiento de horas de atenci\u00f3n con sus profesionales. Te dejamos los contactos de cada Unidad: Unidad de Salud, debes llamar al n\u00famero [&hellip;]","og_url":"https:\/\/www.uoh.cl\/dae\/preguntas-frecuentes\/","og_site_name":"Direcci\u00f3n de Asuntos Estudiantiles","article_modified_time":"2025-09-23T19:17:57+00:00","twitter_card":"summary_large_image","twitter_misc":{"Tiempo estimado de lectura":"4 minutos"},"schema":{"@context":"https:\/\/schema.org","@graph":[{"@type":"WebPage","@id":"https:\/\/www.uoh.cl\/dae\/preguntas-frecuentes\/","url":"https:\/\/www.uoh.cl\/dae\/preguntas-frecuentes\/","name":"Preguntas frecuentes - Direcci\u00f3n de Asuntos Estudiantiles","isPartOf":{"@id":"https:\/\/www.uoh.cl\/dae\/#website"},"datePublished":"2025-09-23T19:16:18+00:00","dateModified":"2025-09-23T19:17:57+00:00","breadcrumb":{"@id":"https:\/\/www.uoh.cl\/dae\/preguntas-frecuentes\/#breadcrumb"},"inLanguage":"es-CL","potentialAction":[{"@type":"ReadAction","target":["https:\/\/www.uoh.cl\/dae\/preguntas-frecuentes\/"]}]},{"@type":"BreadcrumbList","@id":"https:\/\/www.uoh.cl\/dae\/preguntas-frecuentes\/#breadcrumb","itemListElement":[{"@type":"ListItem","position":1,"name":"Portada","item":"https:\/\/www.uoh.cl\/dae\/"},{"@type":"ListItem","position":2,"name":"Preguntas frecuentes"}]},{"@type":"WebSite","@id":"https:\/\/www.uoh.cl\/dae\/#website","url":"https:\/\/www.uoh.cl\/dae\/","name":"Direcci\u00f3n de Asuntos Estudiantiles","description":"Otro sitio de Sitios de Universidad O'higgins","potentialAction":[{"@type":"SearchAction","target":{"@type":"EntryPoint","urlTemplate":"https:\/\/www.uoh.cl\/dae\/?s={search_term_string}"},"query-input":{"@type":"PropertyValueSpecification","valueRequired":true,"valueName":"search_term_string"}}],"inLanguage":"es-CL"}]}},"_links":{"self":[{"href":"https:\/\/www.uoh.cl\/dae\/wp-json\/wp\/v2\/pages\/754","targetHints":{"allow":["GET"]}}],"collection":[{"href":"https:\/\/www.uoh.cl\/dae\/wp-json\/wp\/v2\/pages"}],"about":[{"href":"https:\/\/www.uoh.cl\/dae\/wp-json\/wp\/v2\/types\/page"}],"author":[{"embeddable":true,"href":"https:\/\/www.uoh.cl\/dae\/wp-json\/wp\/v2\/users\/23"}],"replies":[{"embeddable":true,"href":"https:\/\/www.uoh.cl\/dae\/wp-json\/wp\/v2\/comments?post=754"}],"version-history":[{"count":15,"href":"https:\/\/www.uoh.cl\/dae\/wp-json\/wp\/v2\/pages\/754\/revisions"}],"predecessor-version":[{"id":777,"href":"https:\/\/www.uoh.cl\/dae\/wp-json\/wp\/v2\/pages\/754\/revisions\/777"}],"wp:attachment":[{"href":"https:\/\/www.uoh.cl\/dae\/wp-json\/wp\/v2\/media?parent=754"}],"curies":[{"name":"wp","href":"https:\/\/api.w.org\/{rel}","templated":true}]}}