
{"id":605,"date":"2025-07-10T19:36:54","date_gmt":"2025-07-10T22:36:54","guid":{"rendered":"https:\/\/www.uoh.cl\/dae\/?page_id=605"},"modified":"2026-03-17T09:59:12","modified_gmt":"2026-03-17T12:59:12","slug":"quienes-somos","status":"publish","type":"page","link":"https:\/\/www.uoh.cl\/dae\/quienes-somos\/","title":{"rendered":"Qui\u00e9nes Somos"},"content":{"rendered":"<div class=\"wpb-content-wrapper\"><p>[vc_row][vc_column]<div class=\"block__front-video\"> <div class=\"swipper__slider-home\"> <div class=\"swiper-wrapper\"><div class=\"swiper-slide  aling-items-center\"><div class=\"image__slider lazyload\" style=\" background:inherit\" data-bg=\"url(https:\/\/www.uoh.cl\/dae\/wp-content\/uploads\/sites\/44\/2022\/11\/Foto-DAE-web-scaled.jpg)\"><\/div><div class=\"container block__home-video-content row m-0 p-md-0 mx-auto align-items-center\" style=\"\"><div class=\"swiper-slide__content col-12 col-lg-12 col-xl-8 \"><h1 class=\"title title__slide-content py-2 my-2\" style=\"\">Direcci\u00f3n de Asuntos Estudiantiles<\/h1><div class=\"description col-12 col-lg-12\"><\/div><\/div><\/div><\/div><\/div>\n                            <div class=\"swiper-pagination\"><\/div><\/div>\n                        <\/div>\n                    <\/div>\n        <\/div>[\/vc_column][\/vc_row][vc_section el_class=&#8221;container mx-auto align-items-center text-right circle&#8211;pattern&#8221; css=&#8221;.vc_custom_1648956589196{padding-top: 3rem !important;}&#8221;][vc_row el_class=&#8221;pb-5&#8243;][vc_column][vc_wp_custommenu nav_menu=&#8221;2&#8243;]<div class=\"uoh_title_component-container\"><h2 class=\"title title--ms d-inline-block title--decorator  medium\">Qui\u00e9nes Somos<\/h2><\/div>[vc_zigzag color=&#8221;white&#8221;][vc_column_text css=&#8221;&#8221;]<span style=\"font-weight: 400\">La Direcci\u00f3n de Asuntos Estudiantiles (DAE) dependiente de la Vicerrector\u00eda Acad\u00e9mica, se encarga de promover el desarrollo integral y la calidad de vida de la comunidad estudiantil UOH, a trav\u00e9s de servicios y beneficios destinados a potenciar su desempe\u00f1o acad\u00e9mico y desarrollo personal, as\u00ed como apoyar y colaborar con las organizaciones y agrupaciones estudiantiles.<\/span>[\/vc_column_text][\/vc_column][\/vc_row][vc_row][vc_column width=&#8221;1\/3&#8243;]<div class=\"authorities-container__box\"><figure><img decoding=\"async\" src=\"\" \/><figcaption> <div class=\"flex\">\ud83d\udcb2Gestionar beneficios socioecon\u00f3micos internos<\/div><\/figcaption><\/figure><\/div>[\/vc_column][vc_column width=&#8221;1\/3&#8243;]<div class=\"authorities-container__box\"><figure><img decoding=\"async\" src=\"\" \/><figcaption> <div class=\"flex\">\ud83e\udd1d Apoyar la gesti\u00f3n de beneficios socioecon\u00f3micos externos<\/div><\/figcaption><\/figure><\/div>[\/vc_column][vc_column width=&#8221;1\/3&#8243;]<div class=\"authorities-container__box\"><figure><img decoding=\"async\" src=\"\" \/><figcaption> <div class=\"flex\">\ud83d\udcc4 Realizar caracterizaci\u00f3n socioecon\u00f3mica estudiantil<\/div><\/figcaption><\/figure><\/div>[\/vc_column][\/vc_row][vc_row][vc_column width=&#8221;1\/2&#8243;]<div class=\"authorities-container__box\"><figure><img decoding=\"async\" src=\"\" \/><figcaption> <div class=\"flex\">\ud83d\udc50 Implementar acciones que potencien el desarrollo personal y una mejor calidad de vida universitaria, como la pr\u00e1ctica de actividades f\u00edsicas, apoyos en salud integral y acciones de difusi\u00f3n, prevenci\u00f3n y promoci\u00f3n sobre bienestar integral de la comunidad estudiantil<\/div><\/figcaption><\/figure><\/div>[\/vc_column][vc_column width=&#8221;1\/2&#8243;]<div class=\"authorities-container__box\"><figure><img decoding=\"async\" src=\"\" \/><figcaption> <div class=\"flex\">\u2b06\ufe0f Apoyar a las organizaciones y agrupaciones estudiantiles.<\/div><\/figcaption><\/figure><\/div>[\/vc_column][\/vc_row][\/vc_section][vc_section css=&#8221;.vc_custom_1758641983086{background-color: #F6FAFF !important;}&#8221; el_class=&#8221;p-md-0 pt-md-5 pb-md-5&#8243;][vc_row el_class=&#8221;container mx-auto align-items-center text-right p-md-0 pt-5&#8243;][vc_column el_class=&#8221;p-0&#8243;]<div class=\"uoh_title_component-container\"><h2 class=\"title title--ms d-inline-block title--decorator  medium\">Unidades<\/h2><\/div>[\/vc_column][\/vc_row][vc_row el_class=&#8221;container mx-auto align-items-center text-right p-md-0 pt-5&#8243;][vc_column width=&#8221;1\/3&#8243;]<div class=\"authorities-container__box\"><figure><img decoding=\"async\" data-src=\"https:\/\/www.uoh.cl\/dae\/wp-content\/uploads\/sites\/44\/2025\/06\/Bienestar-estudiantil-600x600.jpg\" src=\"data:image\/svg+xml;base64,PHN2ZyB3aWR0aD0iMSIgaGVpZ2h0PSIxIiB4bWxucz0iaHR0cDovL3d3dy53My5vcmcvMjAwMC9zdmciPjwvc3ZnPg==\" class=\"lazyload\" style=\"--smush-placeholder-width: 600px; --smush-placeholder-aspect-ratio: 600\/600;\" \/><figcaption> <a href=\"https:\/\/www.uoh.cl\/dae\/bienestar-estudiantil\/\" title=\"\" target=\"_blank\"><div class=\"flex\">Bienestar Estudiantil<\/div><svg version=\"1.1\" xmlns=\"http:\/\/www.w3.org\/2000\/svg\" xmlns:xlink=\"http:\/\/www.w3.org\/1999\/xlink\" x=\"0px\" y=\"0px\" width=\"22px\"height=\"22px\" viewBox=\"0 0 22 22\" style=\"overflow:visible;enable-background:new 0 0 80 64.6;\" xml:space=\"preserve\"><g clip-path=\"url(#acA)\"><path fill-rule=\"evenodd\" d=\"M21.913 11.266a.93.93 0 000-.711c-.022-.056-.063-.097-.091-.144s-.053-.103-.097-.15L12.306.294c-.357-.379-.955-.394-1.334-.038s-.394.955-.038 1.334l7.917 8.374H.927a.95.95 0 00-.908.983.946.946 0 00.908.908h17.924l-8.089 8.552c-.357.379-.341.977.034 1.334s.977.341 1.334-.034l9.594-10.148c.044-.044.063-.1.097-.15.028-.047.069-.088.091-.141z\"\/><\/g><defs><clipPath id=\"acA\"><path fill=\"#fff\" d=\"M0 0h22v22H0z\"\/><\/clipPath><\/defs><\/svg><\/a><\/figcaption><\/figure><\/div>[\/vc_column][vc_column width=&#8221;1\/3&#8243;]<div class=\"authorities-container__box\"><figure><img decoding=\"async\" data-src=\"https:\/\/www.uoh.cl\/dae\/wp-content\/uploads\/sites\/44\/2025\/06\/Deportes-600x600.jpg\" src=\"data:image\/svg+xml;base64,PHN2ZyB3aWR0aD0iMSIgaGVpZ2h0PSIxIiB4bWxucz0iaHR0cDovL3d3dy53My5vcmcvMjAwMC9zdmciPjwvc3ZnPg==\" class=\"lazyload\" style=\"--smush-placeholder-width: 600px; --smush-placeholder-aspect-ratio: 600\/600;\" \/><figcaption> <a href=\"https:\/\/www.uoh.cl\/dae\/deportes-estudiantil\/\" title=\"\" target=\"_blank\"><div class=\"flex\">Deportes<\/div><svg version=\"1.1\" xmlns=\"http:\/\/www.w3.org\/2000\/svg\" xmlns:xlink=\"http:\/\/www.w3.org\/1999\/xlink\" x=\"0px\" y=\"0px\" width=\"22px\"height=\"22px\" viewBox=\"0 0 22 22\" style=\"overflow:visible;enable-background:new 0 0 80 64.6;\" xml:space=\"preserve\"><g clip-path=\"url(#acA)\"><path fill-rule=\"evenodd\" d=\"M21.913 11.266a.93.93 0 000-.711c-.022-.056-.063-.097-.091-.144s-.053-.103-.097-.15L12.306.294c-.357-.379-.955-.394-1.334-.038s-.394.955-.038 1.334l7.917 8.374H.927a.95.95 0 00-.908.983.946.946 0 00.908.908h17.924l-8.089 8.552c-.357.379-.341.977.034 1.334s.977.341 1.334-.034l9.594-10.148c.044-.044.063-.1.097-.15.028-.047.069-.088.091-.141z\"\/><\/g><defs><clipPath id=\"acA\"><path fill=\"#fff\" d=\"M0 0h22v22H0z\"\/><\/clipPath><\/defs><\/svg><\/a><\/figcaption><\/figure><\/div>[\/vc_column][vc_column width=&#8221;1\/3&#8243;]<div class=\"authorities-container__box\"><figure><img decoding=\"async\" data-src=\"https:\/\/www.uoh.cl\/dae\/wp-content\/uploads\/sites\/44\/2025\/06\/Salud-600x600.jpg\" src=\"data:image\/svg+xml;base64,PHN2ZyB3aWR0aD0iMSIgaGVpZ2h0PSIxIiB4bWxucz0iaHR0cDovL3d3dy53My5vcmcvMjAwMC9zdmciPjwvc3ZnPg==\" class=\"lazyload\" style=\"--smush-placeholder-width: 600px; --smush-placeholder-aspect-ratio: 600\/600;\" \/><figcaption> <a href=\"https:\/\/www.uoh.cl\/dae\/salud-estudiantil\/\" title=\"\" target=\"_blank\"><div class=\"flex\">Salud<\/div><svg version=\"1.1\" xmlns=\"http:\/\/www.w3.org\/2000\/svg\" xmlns:xlink=\"http:\/\/www.w3.org\/1999\/xlink\" x=\"0px\" y=\"0px\" width=\"22px\"height=\"22px\" viewBox=\"0 0 22 22\" style=\"overflow:visible;enable-background:new 0 0 80 64.6;\" xml:space=\"preserve\"><g clip-path=\"url(#acA)\"><path fill-rule=\"evenodd\" d=\"M21.913 11.266a.93.93 0 000-.711c-.022-.056-.063-.097-.091-.144s-.053-.103-.097-.15L12.306.294c-.357-.379-.955-.394-1.334-.038s-.394.955-.038 1.334l7.917 8.374H.927a.95.95 0 00-.908.983.946.946 0 00.908.908h17.924l-8.089 8.552c-.357.379-.341.977.034 1.334s.977.341 1.334-.034l9.594-10.148c.044-.044.063-.1.097-.15.028-.047.069-.088.091-.141z\"\/><\/g><defs><clipPath id=\"acA\"><path fill=\"#fff\" d=\"M0 0h22v22H0z\"\/><\/clipPath><\/defs><\/svg><\/a><\/figcaption><\/figure><\/div>[\/vc_column][\/vc_row][\/vc_section][vc_section css=&#8221;.vc_custom_1758640694161{background-color: #FFFFFF !important;}&#8221; el_class=&#8221;p-md-0 pt-md-5 pb-md-5&#8243;][vc_row el_class=&#8221;container mx-auto align-items-center text-right p-md-0 pt-5&#8243;][vc_column]<div class=\"uoh_title_component-container\"><h2 class=\"title title--ms d-inline-block medium\">Equipo<\/h2><\/div><div class=\"authorities-container authorities-container--four-per-line px-0 content-holder\"><div class=\"authorities-container__box\"><figure><img decoding=\"async\" data-src=\"https:\/\/www.uoh.cl\/dae\/wp-content\/uploads\/sites\/44\/2025\/09\/Cesar-Marilaf-300x300.png\" alt=\"\" src=\"data:image\/svg+xml;base64,PHN2ZyB3aWR0aD0iMSIgaGVpZ2h0PSIxIiB4bWxucz0iaHR0cDovL3d3dy53My5vcmcvMjAwMC9zdmciPjwvc3ZnPg==\" class=\"lazyload\" style=\"--smush-placeholder-width: 300px; --smush-placeholder-aspect-ratio: 300\/300;\"><figcaption><a href=\"https:\/\/www.uoh.cl\/dae\/equipo\/cesar-marilaf\/\"><div class=\"flex\">C\u00e9sar Marilaf<span>Director de Asuntos Estudiantiles<\/span><\/div><svg version=\"1.1\" xmlns=\"http:\/\/www.w3.org\/2000\/svg\" xmlns:xlink=\"http:\/\/www.w3.org\/1999\/xlink\" x=\"0px\" y=\"0px\" width=\"22px\"height=\"22px\" viewBox=\"0 0 22 22\" style=\"overflow:visible;enable-background:new 0 0 80 64.6;\" xml:space=\"preserve\"><g clip-path=\"url(#acA)\"><path fill-rule=\"evenodd\" d=\"M21.913 11.266a.93.93 0 000-.711c-.022-.056-.063-.097-.091-.144s-.053-.103-.097-.15L12.306.294c-.357-.379-.955-.394-1.334-.038s-.394.955-.038 1.334l7.917 8.374H.927a.95.95 0 00-.908.983.946.946 0 00.908.908h17.924l-8.089 8.552c-.357.379-.341.977.034 1.334s.977.341 1.334-.034l9.594-10.148c.044-.044.063-.1.097-.15.028-.047.069-.088.091-.141z\"\/><\/g><defs><clipPath id=\"acA\"><path fill=\"#fff\" d=\"M0 0h22v22H0z\"\/><\/clipPath><\/defs><\/svg><\/a><\/figcaption><\/figure><\/div><\/div><\/div><\/div>[\/vc_column][\/vc_row][vc_row el_class=&#8221;container mx-auto align-items-center text-right p-md-0 pt-5&#8243;][vc_column]<div class=\"uoh_title_component-container\"><h2 class=\"title title--ms d-inline-block medium\">Coordinaciones<\/h2><\/div><div class=\"authorities-container authorities-container--four-per-line px-0 content-holder\"><div class=\"authorities-container__box\"><figure><img decoding=\"async\" data-src=\"https:\/\/www.uoh.cl\/dae\/wp-content\/uploads\/sites\/44\/2025\/09\/Marisel-Cornejo-300x300.png\" alt=\"\" src=\"data:image\/svg+xml;base64,PHN2ZyB3aWR0aD0iMSIgaGVpZ2h0PSIxIiB4bWxucz0iaHR0cDovL3d3dy53My5vcmcvMjAwMC9zdmciPjwvc3ZnPg==\" class=\"lazyload\" style=\"--smush-placeholder-width: 300px; --smush-placeholder-aspect-ratio: 300\/300;\"><figcaption><div class=\"flex\">Marisel Cornejo<span>Coordinadora de la Unidad de Salud Estudiantil<\/span><\/div><\/figcaption><\/figure><\/div><div class=\"authorities-container__box\"><figure><img decoding=\"async\" data-src=\"https:\/\/www.uoh.cl\/dae\/wp-content\/uploads\/sites\/44\/2025\/09\/Katherine-Ognio-Oviedo-300x300.png\" alt=\"\" src=\"data:image\/svg+xml;base64,PHN2ZyB3aWR0aD0iMSIgaGVpZ2h0PSIxIiB4bWxucz0iaHR0cDovL3d3dy53My5vcmcvMjAwMC9zdmciPjwvc3ZnPg==\" class=\"lazyload\" style=\"--smush-placeholder-width: 300px; --smush-placeholder-aspect-ratio: 300\/300;\"><figcaption><div class=\"flex\">Katherine Ognio Oviedo<span>Coordinadora de la Unidad de Bienestar Estudiantil<\/span><\/div><\/figcaption><\/figure><\/div><div class=\"authorities-container__box\"><figure><img decoding=\"async\" data-src=\"https:\/\/www.uoh.cl\/dae\/wp-content\/uploads\/sites\/44\/2025\/09\/Nicolas-Zapata-300x300.png\" alt=\"\" src=\"data:image\/svg+xml;base64,PHN2ZyB3aWR0aD0iMSIgaGVpZ2h0PSIxIiB4bWxucz0iaHR0cDovL3d3dy53My5vcmcvMjAwMC9zdmciPjwvc3ZnPg==\" class=\"lazyload\" style=\"--smush-placeholder-width: 300px; --smush-placeholder-aspect-ratio: 300\/300;\"><figcaption><div class=\"flex\">Nicol\u00e1s Zapata<span>Coordinador de la Unidad de Deportes Estudiantil<\/span><\/div><\/figcaption><\/figure><\/div><\/div><\/div><\/div>[\/vc_column][\/vc_row][\/vc_section]<\/p>\n<\/div>","protected":false},"excerpt":{"rendered":"<p>[vc_row][vc_column][\/vc_column][\/vc_row][vc_section el_class=&#8221;container mx-auto align-items-center text-right circle&#8211;pattern&#8221; css=&#8221;.vc_custom_1648956589196{padding-top: 3rem !important;}&#8221;][vc_row el_class=&#8221;pb-5&#8243;][vc_column][vc_wp_custommenu nav_menu=&#8221;2&#8243;][vc_zigzag color=&#8221;white&#8221;][vc_column_text css=&#8221;&#8221;]La Direcci\u00f3n de Asuntos Estudiantiles (DAE) dependiente de la Vicerrector\u00eda Acad\u00e9mica, se encarga de promover el desarrollo integral y la calidad de vida de la comunidad estudiantil UOH, a trav\u00e9s de servicios y beneficios destinados a potenciar su desempe\u00f1o acad\u00e9mico y desarrollo personal, [&hellip;]<\/p>\n","protected":false},"author":23,"featured_media":0,"parent":0,"menu_order":0,"comment_status":"closed","ping_status":"closed","template":"","meta":{"_acf_changed":false,"footnotes":""},"class_list":["post-605","page","type-page","status-publish","hentry"],"acf":[],"yoast_head":"<!-- This site is optimized with the Yoast SEO plugin v26.6 - https:\/\/yoast.com\/wordpress\/plugins\/seo\/ -->\n<title>Qui\u00e9nes Somos - Direcci\u00f3n de Asuntos Estudiantiles<\/title>\n<meta name=\"robots\" content=\"index, follow, max-snippet:-1, max-image-preview:large, max-video-preview:-1\" \/>\n<link rel=\"canonical\" href=\"https:\/\/www.uoh.cl\/dae\/quienes-somos\/\" \/>\n<meta property=\"og:locale\" content=\"es_ES\" \/>\n<meta property=\"og:type\" content=\"article\" \/>\n<meta property=\"og:title\" content=\"Qui\u00e9nes Somos - Direcci\u00f3n de Asuntos Estudiantiles\" \/>\n<meta property=\"og:description\" content=\"[vc_row][vc_column][\/vc_column][\/vc_row][vc_section el_class=&#8221;container mx-auto align-items-center text-right circle&#8211;pattern&#8221; css=&#8221;.vc_custom_1648956589196{padding-top: 3rem !important;}&#8221;][vc_row el_class=&#8221;pb-5&#8243;][vc_column][vc_wp_custommenu nav_menu=&#8221;2&#8243;][vc_zigzag color=&#8221;white&#8221;][vc_column_text css=&#8221;&#8221;]La Direcci\u00f3n de Asuntos Estudiantiles (DAE) dependiente de la Vicerrector\u00eda Acad\u00e9mica, se encarga de promover el desarrollo integral y la calidad de vida de la comunidad estudiantil UOH, a trav\u00e9s de servicios y beneficios destinados a potenciar su desempe\u00f1o acad\u00e9mico y desarrollo personal, [&hellip;]\" \/>\n<meta property=\"og:url\" content=\"https:\/\/www.uoh.cl\/dae\/quienes-somos\/\" \/>\n<meta property=\"og:site_name\" content=\"Direcci\u00f3n de Asuntos Estudiantiles\" \/>\n<meta property=\"article:modified_time\" content=\"2026-03-17T12:59:12+00:00\" \/>\n<meta name=\"twitter:card\" content=\"summary_large_image\" \/>\n<meta name=\"twitter:label1\" content=\"Tiempo estimado de lectura\" \/>\n\t<meta name=\"twitter:data1\" content=\"3 minutos\" \/>\n<script type=\"application\/ld+json\" class=\"yoast-schema-graph\">{\"@context\":\"https:\/\/schema.org\",\"@graph\":[{\"@type\":\"WebPage\",\"@id\":\"https:\/\/www.uoh.cl\/dae\/quienes-somos\/\",\"url\":\"https:\/\/www.uoh.cl\/dae\/quienes-somos\/\",\"name\":\"Qui\u00e9nes Somos - Direcci\u00f3n de Asuntos Estudiantiles\",\"isPartOf\":{\"@id\":\"https:\/\/www.uoh.cl\/dae\/#website\"},\"datePublished\":\"2025-07-10T22:36:54+00:00\",\"dateModified\":\"2026-03-17T12:59:12+00:00\",\"breadcrumb\":{\"@id\":\"https:\/\/www.uoh.cl\/dae\/quienes-somos\/#breadcrumb\"},\"inLanguage\":\"es-CL\",\"potentialAction\":[{\"@type\":\"ReadAction\",\"target\":[\"https:\/\/www.uoh.cl\/dae\/quienes-somos\/\"]}]},{\"@type\":\"BreadcrumbList\",\"@id\":\"https:\/\/www.uoh.cl\/dae\/quienes-somos\/#breadcrumb\",\"itemListElement\":[{\"@type\":\"ListItem\",\"position\":1,\"name\":\"Portada\",\"item\":\"https:\/\/www.uoh.cl\/dae\/\"},{\"@type\":\"ListItem\",\"position\":2,\"name\":\"Qui\u00e9nes Somos\"}]},{\"@type\":\"WebSite\",\"@id\":\"https:\/\/www.uoh.cl\/dae\/#website\",\"url\":\"https:\/\/www.uoh.cl\/dae\/\",\"name\":\"Direcci\u00f3n de Asuntos Estudiantiles\",\"description\":\"Otro sitio de Sitios de Universidad O'higgins\",\"potentialAction\":[{\"@type\":\"SearchAction\",\"target\":{\"@type\":\"EntryPoint\",\"urlTemplate\":\"https:\/\/www.uoh.cl\/dae\/?s={search_term_string}\"},\"query-input\":{\"@type\":\"PropertyValueSpecification\",\"valueRequired\":true,\"valueName\":\"search_term_string\"}}],\"inLanguage\":\"es-CL\"}]}<\/script>\n<!-- \/ Yoast SEO plugin. -->","yoast_head_json":{"title":"Qui\u00e9nes Somos - Direcci\u00f3n de Asuntos Estudiantiles","robots":{"index":"index","follow":"follow","max-snippet":"max-snippet:-1","max-image-preview":"max-image-preview:large","max-video-preview":"max-video-preview:-1"},"canonical":"https:\/\/www.uoh.cl\/dae\/quienes-somos\/","og_locale":"es_ES","og_type":"article","og_title":"Qui\u00e9nes Somos - Direcci\u00f3n de Asuntos Estudiantiles","og_description":"[vc_row][vc_column][\/vc_column][\/vc_row][vc_section el_class=&#8221;container mx-auto align-items-center text-right circle&#8211;pattern&#8221; css=&#8221;.vc_custom_1648956589196{padding-top: 3rem !important;}&#8221;][vc_row el_class=&#8221;pb-5&#8243;][vc_column][vc_wp_custommenu nav_menu=&#8221;2&#8243;][vc_zigzag color=&#8221;white&#8221;][vc_column_text css=&#8221;&#8221;]La Direcci\u00f3n de Asuntos Estudiantiles (DAE) dependiente de la Vicerrector\u00eda Acad\u00e9mica, se encarga de promover el desarrollo integral y la calidad de vida de la comunidad estudiantil UOH, a trav\u00e9s de servicios y beneficios destinados a potenciar su desempe\u00f1o acad\u00e9mico y desarrollo personal, [&hellip;]","og_url":"https:\/\/www.uoh.cl\/dae\/quienes-somos\/","og_site_name":"Direcci\u00f3n de Asuntos Estudiantiles","article_modified_time":"2026-03-17T12:59:12+00:00","twitter_card":"summary_large_image","twitter_misc":{"Tiempo estimado de lectura":"3 minutos"},"schema":{"@context":"https:\/\/schema.org","@graph":[{"@type":"WebPage","@id":"https:\/\/www.uoh.cl\/dae\/quienes-somos\/","url":"https:\/\/www.uoh.cl\/dae\/quienes-somos\/","name":"Qui\u00e9nes Somos - Direcci\u00f3n de Asuntos Estudiantiles","isPartOf":{"@id":"https:\/\/www.uoh.cl\/dae\/#website"},"datePublished":"2025-07-10T22:36:54+00:00","dateModified":"2026-03-17T12:59:12+00:00","breadcrumb":{"@id":"https:\/\/www.uoh.cl\/dae\/quienes-somos\/#breadcrumb"},"inLanguage":"es-CL","potentialAction":[{"@type":"ReadAction","target":["https:\/\/www.uoh.cl\/dae\/quienes-somos\/"]}]},{"@type":"BreadcrumbList","@id":"https:\/\/www.uoh.cl\/dae\/quienes-somos\/#breadcrumb","itemListElement":[{"@type":"ListItem","position":1,"name":"Portada","item":"https:\/\/www.uoh.cl\/dae\/"},{"@type":"ListItem","position":2,"name":"Qui\u00e9nes Somos"}]},{"@type":"WebSite","@id":"https:\/\/www.uoh.cl\/dae\/#website","url":"https:\/\/www.uoh.cl\/dae\/","name":"Direcci\u00f3n de Asuntos Estudiantiles","description":"Otro sitio de Sitios de Universidad O'higgins","potentialAction":[{"@type":"SearchAction","target":{"@type":"EntryPoint","urlTemplate":"https:\/\/www.uoh.cl\/dae\/?s={search_term_string}"},"query-input":{"@type":"PropertyValueSpecification","valueRequired":true,"valueName":"search_term_string"}}],"inLanguage":"es-CL"}]}},"_links":{"self":[{"href":"https:\/\/www.uoh.cl\/dae\/wp-json\/wp\/v2\/pages\/605","targetHints":{"allow":["GET"]}}],"collection":[{"href":"https:\/\/www.uoh.cl\/dae\/wp-json\/wp\/v2\/pages"}],"about":[{"href":"https:\/\/www.uoh.cl\/dae\/wp-json\/wp\/v2\/types\/page"}],"author":[{"embeddable":true,"href":"https:\/\/www.uoh.cl\/dae\/wp-json\/wp\/v2\/users\/23"}],"replies":[{"embeddable":true,"href":"https:\/\/www.uoh.cl\/dae\/wp-json\/wp\/v2\/comments?post=605"}],"version-history":[{"count":9,"href":"https:\/\/www.uoh.cl\/dae\/wp-json\/wp\/v2\/pages\/605\/revisions"}],"predecessor-version":[{"id":864,"href":"https:\/\/www.uoh.cl\/dae\/wp-json\/wp\/v2\/pages\/605\/revisions\/864"}],"wp:attachment":[{"href":"https:\/\/www.uoh.cl\/dae\/wp-json\/wp\/v2\/media?parent=605"}],"curies":[{"name":"wp","href":"https:\/\/api.w.org\/{rel}","templated":true}]}}