
{"id":406,"date":"2024-09-30T16:42:22","date_gmt":"2024-09-30T19:42:22","guid":{"rendered":"https:\/\/www.uoh.cl\/dae\/?page_id=406"},"modified":"2025-09-23T16:21:35","modified_gmt":"2025-09-23T19:21:35","slug":"deportes-estudiantil","status":"publish","type":"page","link":"https:\/\/www.uoh.cl\/dae\/deportes-estudiantil\/","title":{"rendered":"Deportes Estudiantil"},"content":{"rendered":"<div class=\"wpb-content-wrapper\"><p>[vc_row][vc_column]<div class=\"uoh_slider_featured_component component__featured-slide row mx-auto col-12 m-0 align-items-center position-relative lazyload\" style=\" background:inherit\" data-bg=\"url(https:\/\/www.uoh.cl\/dae\/wp-content\/uploads\/sites\/44\/2025\/09\/Jornada-Deportiva-Colchagua-16.jpg)\"><div class=\"caption--degrade\"><svg  xmlns=\"http:\/\/www.w3.org\/2000\/svg\" xmlns:xlink=\"http:\/\/www.w3.org\/1999\/xlink\" width=\"1061px\" height=\"539px\"><defs><linearGradient id=\"PSgrad_0\" x1=\"0%\" x2=\"64.279%\" y1=\"76.604%\" y2=\"0%\"><stop offset=\"0%\" stop-color=\"rgb(66,160,248)\" stop-opacity=\"1\" \/><stop offset=\"100%\" stop-color=\"rgb(66,160,248)\" stop-opacity=\"0\" \/><\/linearGradient><\/defs><path fill-rule=\"evenodd\"  fill=\"none\" d=\"M311.000,515.000 C311.000,515.000 211.039,468.555 132.000,357.000 C21.864,201.555 -4.306,4.695 1.000,0.000 L196.000,0.000 L811.000,0.000 L1061.000,0.000 C1061.000,0.000 851.535,430.030 546.000,521.000 C402.674,563.674 311.000,515.000 311.000,515.000 Z\"\/> <path fill=\"url(#PSgrad_0)\"d=\"M311.000,515.000 C311.000,515.000 211.039,468.555 132.000,357.000 C21.864,201.555 -4.306,4.695 1.000,0.000 L196.000,0.000 L811.000,0.000 L1061.000,0.000 C1061.000,0.000 851.535,430.030 546.000,521.000 C402.674,563.674 311.000,515.000 311.000,515.000 Z\"\/><\/svg><\/div><div class=\"caption--quote\"><svg xmlns=\"http:\/\/www.w3.org\/2000\/svg\" xmlns:xlink=\"http:\/\/www.w3.org\/1999\/xlink\"width=\"226px\" height=\"273px\"><defs><linearGradient id=\"PSgrad_0\" x1=\"71.934%\" x2=\"0%\" y1=\"69.466%\" y2=\"0%\"><stop offset=\"0%\" stop-color=\"rgb(66,160,248)\" stop-opacity=\"0.49\" \/><stop offset=\"100%\" stop-color=\"rgb(66,160,248)\" stop-opacity=\"0\" \/><\/linearGradient><\/defs><path fill-rule=\"evenodd\"  fill=\"none\" d=\"M-0.000,273.000 L174.000,273.000 C174.000,273.000 226.000,266.268 226.000,221.000 C226.000,175.732 226.000,-0.000 226.000,-0.000 C226.000,-0.000 24.577,71.878 -0.000,273.000 Z\"\/><path fill=\"url(#PSgrad_0)\"d=\"M-0.000,273.000 L174.000,273.000 C174.000,273.000 226.000,266.268 226.000,221.000 C226.000,175.732 226.000,-0.000 226.000,-0.000 C226.000,-0.000 24.577,71.878 -0.000,273.000 Z\"\/><\/svg><\/div><div class=\"my-uoh_slider_featured_component container mx-auto p-md-0\" ><div class=\"content component__featured-slide-content container row mx-auto aling-items-center p-0\"><h1 class=\"p-0 featured-slide title\"  style=\"\"><em><\/em><\/h1><\/div><span><\/span><\/div><\/div>[\/vc_column][\/vc_row][vc_section el_class=&#8221;container mx-auto align-items-center text-right circle&#8211;pattern&#8221; css=&#8221;.vc_custom_1648956589196{padding-top: 3rem !important;}&#8221;][vc_row el_class=&#8221;pb-5&#8243;][vc_column][vc_wp_custommenu nav_menu=&#8221;2&#8243;][\/vc_column][\/vc_row][vc_row][vc_column width=&#8221;2\/3&#8243;]<div class=\"uoh_title_component-container\"><h2 class=\"title title--ms d-inline-block title--decorator  medium\">Unidad de Deportes Estudiantil<\/h2><\/div>[vc_column_text css=&#8221;&#8221;]<span style=\"font-weight: 400\">Tiene como prop\u00f3sito fomentar la pr\u00e1ctica de actividad f\u00edsica y la vida saludable por medio del deporte y la recreaci\u00f3n.<\/span><\/p>\n<ul>\n<li><span style=\"font-weight: 400\">Programa de Actividad F\u00edsica y Deportes<\/span><\/li>\n<li><span style=\"font-weight: 400\">Programa de Representaci\u00f3n Institucional<\/span><\/li>\n<li><span style=\"font-weight: 400\">Programa de Eventos y vinculaci\u00f3n con el medio<\/span><\/li>\n<li><span style=\"font-weight: 400\">Constancias Deportivas<\/span><\/li>\n<li><span style=\"font-weight: 400\">Equipo de monitores\/as deportivos<\/span><\/li>\n<li style=\"list-style-type: none\"><\/li>\n<\/ul>\n<p><strong>Informaci\u00f3n de contacto<\/strong><\/p>\n<ul>\n<li>Instagram: <strong>@deportes_uoh<\/strong><\/li>\n<li>Email: <strong>deportes@uoh.cl<\/strong><\/li>\n<li>Fono: <strong>+56 2 2903 0029<\/strong><\/li>\n<li>P\u00e1gina web:\u00a0<a href=\"http:\/\/www.uoh.cl\/deportes\" target=\"_blank\" rel=\"noopener\" data-saferedirecturl=\"https:\/\/www.google.com\/url?q=http:\/\/www.uoh.cl\/deportes&amp;source=gmail&amp;ust=1714568963113000&amp;usg=AOvVaw0cfAlgVLpSgq0DXyALK3uS\">www.uoh.cl\/deportes<\/a><\/li>\n<\/ul>\n<p>[\/vc_column_text][vc_zigzag color=&#8221;white&#8221;][\/vc_column][vc_column width=&#8221;1\/3&#8243;]<div class=\"uoh_simple_image_component component__simple_image simple__image-left col-12\"><div class=\"uoh_simple_image_component\"><figure class=\"simple_image_contain\"><div> <img decoding=\"async\" data-src=\"https:\/\/www.uoh.cl\/dae\/wp-content\/uploads\/sites\/44\/2025\/09\/Voleibol-Hombres-9-1024x683.jpg\" class=\"w-100 lazyload\" src=\"data:image\/svg+xml;base64,PHN2ZyB3aWR0aD0iMSIgaGVpZ2h0PSIxIiB4bWxucz0iaHR0cDovL3d3dy53My5vcmcvMjAwMC9zdmciPjwvc3ZnPg==\" style=\"--smush-placeholder-width: 1024px; --smush-placeholder-aspect-ratio: 1024\/683;\"> <\/div><\/figure><\/div><\/div>[\/vc_column][\/vc_row][\/vc_section]<\/p>\n<\/div>","protected":false},"excerpt":{"rendered":"<p>[vc_row][vc_column][\/vc_column][\/vc_row][vc_section el_class=&#8221;container mx-auto align-items-center text-right circle&#8211;pattern&#8221; css=&#8221;.vc_custom_1648956589196{padding-top: 3rem !important;}&#8221;][vc_row el_class=&#8221;pb-5&#8243;][vc_column][vc_wp_custommenu nav_menu=&#8221;2&#8243;][\/vc_column][\/vc_row][vc_row][vc_column width=&#8221;2\/3&#8243;][vc_column_text css=&#8221;&#8221;]Tiene como prop\u00f3sito fomentar la pr\u00e1ctica de actividad f\u00edsica y la vida saludable por medio del deporte y la recreaci\u00f3n. Programa de Actividad F\u00edsica y Deportes Programa de Representaci\u00f3n Institucional Programa de Eventos y vinculaci\u00f3n con el medio Constancias Deportivas Equipo de monitores\/as [&hellip;]<\/p>\n","protected":false},"author":23,"featured_media":0,"parent":0,"menu_order":0,"comment_status":"closed","ping_status":"closed","template":"","meta":{"_acf_changed":false,"footnotes":""},"class_list":["post-406","page","type-page","status-publish","hentry"],"acf":[],"yoast_head":"<!-- This site is optimized with the Yoast SEO plugin v26.6 - https:\/\/yoast.com\/wordpress\/plugins\/seo\/ -->\n<title>Deportes Estudiantil - Direcci\u00f3n de Asuntos Estudiantiles<\/title>\n<meta name=\"robots\" content=\"index, follow, max-snippet:-1, max-image-preview:large, max-video-preview:-1\" \/>\n<link rel=\"canonical\" href=\"https:\/\/www.uoh.cl\/dae\/deportes-estudiantil\/\" \/>\n<meta property=\"og:locale\" content=\"es_ES\" \/>\n<meta property=\"og:type\" content=\"article\" \/>\n<meta property=\"og:title\" content=\"Deportes Estudiantil - Direcci\u00f3n de Asuntos Estudiantiles\" \/>\n<meta property=\"og:description\" content=\"[vc_row][vc_column][\/vc_column][\/vc_row][vc_section el_class=&#8221;container mx-auto align-items-center text-right circle&#8211;pattern&#8221; css=&#8221;.vc_custom_1648956589196{padding-top: 3rem !important;}&#8221;][vc_row el_class=&#8221;pb-5&#8243;][vc_column][vc_wp_custommenu nav_menu=&#8221;2&#8243;][\/vc_column][\/vc_row][vc_row][vc_column width=&#8221;2\/3&#8243;][vc_column_text css=&#8221;&#8221;]Tiene como prop\u00f3sito fomentar la pr\u00e1ctica de actividad f\u00edsica y la vida saludable por medio del deporte y la recreaci\u00f3n. Programa de Actividad F\u00edsica y Deportes Programa de Representaci\u00f3n Institucional Programa de Eventos y vinculaci\u00f3n con el medio Constancias Deportivas Equipo de monitores\/as [&hellip;]\" \/>\n<meta property=\"og:url\" content=\"https:\/\/www.uoh.cl\/dae\/deportes-estudiantil\/\" \/>\n<meta property=\"og:site_name\" content=\"Direcci\u00f3n de Asuntos Estudiantiles\" \/>\n<meta property=\"article:modified_time\" content=\"2025-09-23T19:21:35+00:00\" \/>\n<meta name=\"twitter:card\" content=\"summary_large_image\" \/>\n<meta name=\"twitter:label1\" content=\"Tiempo estimado de lectura\" \/>\n\t<meta name=\"twitter:data1\" content=\"1 minuto\" \/>\n<script type=\"application\/ld+json\" class=\"yoast-schema-graph\">{\"@context\":\"https:\/\/schema.org\",\"@graph\":[{\"@type\":\"WebPage\",\"@id\":\"https:\/\/www.uoh.cl\/dae\/deportes-estudiantil\/\",\"url\":\"https:\/\/www.uoh.cl\/dae\/deportes-estudiantil\/\",\"name\":\"Deportes Estudiantil - Direcci\u00f3n de Asuntos Estudiantiles\",\"isPartOf\":{\"@id\":\"https:\/\/www.uoh.cl\/dae\/#website\"},\"datePublished\":\"2024-09-30T19:42:22+00:00\",\"dateModified\":\"2025-09-23T19:21:35+00:00\",\"breadcrumb\":{\"@id\":\"https:\/\/www.uoh.cl\/dae\/deportes-estudiantil\/#breadcrumb\"},\"inLanguage\":\"es-CL\",\"potentialAction\":[{\"@type\":\"ReadAction\",\"target\":[\"https:\/\/www.uoh.cl\/dae\/deportes-estudiantil\/\"]}]},{\"@type\":\"BreadcrumbList\",\"@id\":\"https:\/\/www.uoh.cl\/dae\/deportes-estudiantil\/#breadcrumb\",\"itemListElement\":[{\"@type\":\"ListItem\",\"position\":1,\"name\":\"Portada\",\"item\":\"https:\/\/www.uoh.cl\/dae\/\"},{\"@type\":\"ListItem\",\"position\":2,\"name\":\"Deportes Estudiantil\"}]},{\"@type\":\"WebSite\",\"@id\":\"https:\/\/www.uoh.cl\/dae\/#website\",\"url\":\"https:\/\/www.uoh.cl\/dae\/\",\"name\":\"Direcci\u00f3n de Asuntos Estudiantiles\",\"description\":\"Otro sitio de Sitios de Universidad O'higgins\",\"potentialAction\":[{\"@type\":\"SearchAction\",\"target\":{\"@type\":\"EntryPoint\",\"urlTemplate\":\"https:\/\/www.uoh.cl\/dae\/?s={search_term_string}\"},\"query-input\":{\"@type\":\"PropertyValueSpecification\",\"valueRequired\":true,\"valueName\":\"search_term_string\"}}],\"inLanguage\":\"es-CL\"}]}<\/script>\n<!-- \/ Yoast SEO plugin. -->","yoast_head_json":{"title":"Deportes Estudiantil - Direcci\u00f3n de Asuntos Estudiantiles","robots":{"index":"index","follow":"follow","max-snippet":"max-snippet:-1","max-image-preview":"max-image-preview:large","max-video-preview":"max-video-preview:-1"},"canonical":"https:\/\/www.uoh.cl\/dae\/deportes-estudiantil\/","og_locale":"es_ES","og_type":"article","og_title":"Deportes Estudiantil - Direcci\u00f3n de Asuntos Estudiantiles","og_description":"[vc_row][vc_column][\/vc_column][\/vc_row][vc_section el_class=&#8221;container mx-auto align-items-center text-right circle&#8211;pattern&#8221; css=&#8221;.vc_custom_1648956589196{padding-top: 3rem !important;}&#8221;][vc_row el_class=&#8221;pb-5&#8243;][vc_column][vc_wp_custommenu nav_menu=&#8221;2&#8243;][\/vc_column][\/vc_row][vc_row][vc_column width=&#8221;2\/3&#8243;][vc_column_text css=&#8221;&#8221;]Tiene como prop\u00f3sito fomentar la pr\u00e1ctica de actividad f\u00edsica y la vida saludable por medio del deporte y la recreaci\u00f3n. Programa de Actividad F\u00edsica y Deportes Programa de Representaci\u00f3n Institucional Programa de Eventos y vinculaci\u00f3n con el medio Constancias Deportivas Equipo de monitores\/as [&hellip;]","og_url":"https:\/\/www.uoh.cl\/dae\/deportes-estudiantil\/","og_site_name":"Direcci\u00f3n de Asuntos Estudiantiles","article_modified_time":"2025-09-23T19:21:35+00:00","twitter_card":"summary_large_image","twitter_misc":{"Tiempo estimado de lectura":"1 minuto"},"schema":{"@context":"https:\/\/schema.org","@graph":[{"@type":"WebPage","@id":"https:\/\/www.uoh.cl\/dae\/deportes-estudiantil\/","url":"https:\/\/www.uoh.cl\/dae\/deportes-estudiantil\/","name":"Deportes Estudiantil - Direcci\u00f3n de Asuntos Estudiantiles","isPartOf":{"@id":"https:\/\/www.uoh.cl\/dae\/#website"},"datePublished":"2024-09-30T19:42:22+00:00","dateModified":"2025-09-23T19:21:35+00:00","breadcrumb":{"@id":"https:\/\/www.uoh.cl\/dae\/deportes-estudiantil\/#breadcrumb"},"inLanguage":"es-CL","potentialAction":[{"@type":"ReadAction","target":["https:\/\/www.uoh.cl\/dae\/deportes-estudiantil\/"]}]},{"@type":"BreadcrumbList","@id":"https:\/\/www.uoh.cl\/dae\/deportes-estudiantil\/#breadcrumb","itemListElement":[{"@type":"ListItem","position":1,"name":"Portada","item":"https:\/\/www.uoh.cl\/dae\/"},{"@type":"ListItem","position":2,"name":"Deportes Estudiantil"}]},{"@type":"WebSite","@id":"https:\/\/www.uoh.cl\/dae\/#website","url":"https:\/\/www.uoh.cl\/dae\/","name":"Direcci\u00f3n de Asuntos Estudiantiles","description":"Otro sitio de Sitios de Universidad O'higgins","potentialAction":[{"@type":"SearchAction","target":{"@type":"EntryPoint","urlTemplate":"https:\/\/www.uoh.cl\/dae\/?s={search_term_string}"},"query-input":{"@type":"PropertyValueSpecification","valueRequired":true,"valueName":"search_term_string"}}],"inLanguage":"es-CL"}]}},"_links":{"self":[{"href":"https:\/\/www.uoh.cl\/dae\/wp-json\/wp\/v2\/pages\/406","targetHints":{"allow":["GET"]}}],"collection":[{"href":"https:\/\/www.uoh.cl\/dae\/wp-json\/wp\/v2\/pages"}],"about":[{"href":"https:\/\/www.uoh.cl\/dae\/wp-json\/wp\/v2\/types\/page"}],"author":[{"embeddable":true,"href":"https:\/\/www.uoh.cl\/dae\/wp-json\/wp\/v2\/users\/23"}],"replies":[{"embeddable":true,"href":"https:\/\/www.uoh.cl\/dae\/wp-json\/wp\/v2\/comments?post=406"}],"version-history":[{"count":6,"href":"https:\/\/www.uoh.cl\/dae\/wp-json\/wp\/v2\/pages\/406\/revisions"}],"predecessor-version":[{"id":780,"href":"https:\/\/www.uoh.cl\/dae\/wp-json\/wp\/v2\/pages\/406\/revisions\/780"}],"wp:attachment":[{"href":"https:\/\/www.uoh.cl\/dae\/wp-json\/wp\/v2\/media?parent=406"}],"curies":[{"name":"wp","href":"https:\/\/api.w.org\/{rel}","templated":true}]}}