
{"id":394,"date":"2024-09-30T16:34:01","date_gmt":"2024-09-30T19:34:01","guid":{"rendered":"https:\/\/www.uoh.cl\/dae\/?page_id=394"},"modified":"2025-09-23T13:06:10","modified_gmt":"2025-09-23T16:06:10","slug":"bienestar-estudiantil","status":"publish","type":"page","link":"https:\/\/www.uoh.cl\/dae\/bienestar-estudiantil\/","title":{"rendered":"Bienestar Estudiantil"},"content":{"rendered":"<div class=\"wpb-content-wrapper\"><p>[vc_row][vc_column]<div class=\"uoh_slider_featured_component component__featured-slide row mx-auto col-12 m-0 align-items-center position-relative lazyload\" style=\" background:inherit\" data-bg=\"url(https:\/\/www.uoh.cl\/dae\/wp-content\/uploads\/sites\/44\/2025\/09\/Unidad-de-Bienestar-Estudiantil-1.png)\"><div class=\"caption--degrade\"><svg  xmlns=\"http:\/\/www.w3.org\/2000\/svg\" xmlns:xlink=\"http:\/\/www.w3.org\/1999\/xlink\" width=\"1061px\" height=\"539px\"><defs><linearGradient id=\"PSgrad_0\" x1=\"0%\" x2=\"64.279%\" y1=\"76.604%\" y2=\"0%\"><stop offset=\"0%\" stop-color=\"rgb(66,160,248)\" stop-opacity=\"1\" \/><stop offset=\"100%\" stop-color=\"rgb(66,160,248)\" stop-opacity=\"0\" \/><\/linearGradient><\/defs><path fill-rule=\"evenodd\"  fill=\"none\" d=\"M311.000,515.000 C311.000,515.000 211.039,468.555 132.000,357.000 C21.864,201.555 -4.306,4.695 1.000,0.000 L196.000,0.000 L811.000,0.000 L1061.000,0.000 C1061.000,0.000 851.535,430.030 546.000,521.000 C402.674,563.674 311.000,515.000 311.000,515.000 Z\"\/> <path fill=\"url(#PSgrad_0)\"d=\"M311.000,515.000 C311.000,515.000 211.039,468.555 132.000,357.000 C21.864,201.555 -4.306,4.695 1.000,0.000 L196.000,0.000 L811.000,0.000 L1061.000,0.000 C1061.000,0.000 851.535,430.030 546.000,521.000 C402.674,563.674 311.000,515.000 311.000,515.000 Z\"\/><\/svg><\/div><div class=\"caption--quote\"><svg xmlns=\"http:\/\/www.w3.org\/2000\/svg\" xmlns:xlink=\"http:\/\/www.w3.org\/1999\/xlink\"width=\"226px\" height=\"273px\"><defs><linearGradient id=\"PSgrad_0\" x1=\"71.934%\" x2=\"0%\" y1=\"69.466%\" y2=\"0%\"><stop offset=\"0%\" stop-color=\"rgb(66,160,248)\" stop-opacity=\"0.49\" \/><stop offset=\"100%\" stop-color=\"rgb(66,160,248)\" stop-opacity=\"0\" \/><\/linearGradient><\/defs><path fill-rule=\"evenodd\"  fill=\"none\" d=\"M-0.000,273.000 L174.000,273.000 C174.000,273.000 226.000,266.268 226.000,221.000 C226.000,175.732 226.000,-0.000 226.000,-0.000 C226.000,-0.000 24.577,71.878 -0.000,273.000 Z\"\/><path fill=\"url(#PSgrad_0)\"d=\"M-0.000,273.000 L174.000,273.000 C174.000,273.000 226.000,266.268 226.000,221.000 C226.000,175.732 226.000,-0.000 226.000,-0.000 C226.000,-0.000 24.577,71.878 -0.000,273.000 Z\"\/><\/svg><\/div><div class=\"my-uoh_slider_featured_component container mx-auto p-md-0\" ><div class=\"content component__featured-slide-content container row mx-auto aling-items-center p-0\"><h1 class=\"p-0 featured-slide title\"  style=\"\"><em><\/em><\/h1><\/div><span><\/span><\/div><\/div>[\/vc_column][\/vc_row][vc_section el_class=&#8221;container mx-auto align-items-center text-right circle&#8211;pattern&#8221; css=&#8221;.vc_custom_1648956589196{padding-top: 3rem !important;}&#8221;][vc_row el_class=&#8221;pb-5&#8243;][vc_column][vc_wp_custommenu nav_menu=&#8221;2&#8243;][\/vc_column][\/vc_row][vc_row][vc_column width=&#8221;2\/3&#8243;]<div class=\"uoh_title_component-container\"><h2 class=\"title title--ms d-inline-block title--decorator  medium\">Unidad de Bienestar Estudiantil<\/h2><\/div>[vc_column_text css=&#8221;&#8221;]<span style=\"font-weight: 400\">Tiene como prop\u00f3sito otorgar soporte, orientaci\u00f3n y gestionar beneficios econ\u00f3micos de mantenci\u00f3n, internos y externos, beneficios arancelarios, apoyos integrales para la vida universitaria.<\/span><\/p>\n<ul>\n<li><span style=\"font-weight: 400\">Becas de mantenci\u00f3n internas UOH<\/span><\/li>\n<li><span style=\"font-weight: 400\">Becas de mantenci\u00f3n JUNAEB (BAES, BPR, BI, BIT, y otras)<\/span><\/li>\n<li><span style=\"font-weight: 400\">Becas de arancel UOH<\/span><\/li>\n<li><span style=\"font-weight: 400\">Tarjeta Nacional Estudiantil (TNE)<\/span><\/li>\n<li><span style=\"font-weight: 400\">Atenci\u00f3n de Trabajadores\/as Sociales<\/span><\/li>\n<li><span style=\"font-weight: 400\">Constancias sociales<\/span><\/li>\n<li><span style=\"font-weight: 400\">Certificados DAE<\/span><\/li>\n<li><span style=\"font-weight: 400\">Equipo de monitores\/as UBE<\/span><\/li>\n<\/ul>\n<p><strong>Informaci\u00f3n de contacto<\/strong><\/p>\n<ul>\n<li>Toma de hora con trabajador\/a social de tu escuela:\u00a0<a href=\"mailto:reservahoradae@uoh.cl\" target=\"_blank\" rel=\"noopener\"><strong>reservahoradae@uoh.cl<\/strong><\/a><\/li>\n<li>Consultas generales:\u00a0<a href=\"mailto:beneficios@uoh.cl\" target=\"_blank\" rel=\"noopener\"><strong>beneficios@uoh.cl<\/strong><\/a><\/li>\n<\/ul>\n<p>[\/vc_column_text][vc_zigzag color=&#8221;white&#8221;][\/vc_column][vc_column width=&#8221;1\/3&#8243;]<div class=\"uoh_simple_image_component component__simple_image simple__image-left col-12\"><div class=\"uoh_simple_image_component\"><figure class=\"simple_image_contain\"><div> <img decoding=\"async\" data-src=\"https:\/\/www.uoh.cl\/dae\/wp-content\/uploads\/sites\/44\/2025\/09\/IMG_1633-1024x769.jpg\" class=\"w-100 lazyload\" src=\"data:image\/svg+xml;base64,PHN2ZyB3aWR0aD0iMSIgaGVpZ2h0PSIxIiB4bWxucz0iaHR0cDovL3d3dy53My5vcmcvMjAwMC9zdmciPjwvc3ZnPg==\" style=\"--smush-placeholder-width: 1024px; --smush-placeholder-aspect-ratio: 1024\/769;\"> <\/div><\/figure><\/div><\/div>[\/vc_column][\/vc_row][vc_row disable_element=&#8221;yes&#8221;][vc_column][vc_column_text css=&#8221;&#8221;][\/vc_column_text][\/vc_column][\/vc_row][\/vc_section]<\/p>\n<\/div>","protected":false},"excerpt":{"rendered":"<p>[vc_row][vc_column][\/vc_column][\/vc_row][vc_section el_class=&#8221;container mx-auto align-items-center text-right circle&#8211;pattern&#8221; css=&#8221;.vc_custom_1648956589196{padding-top: 3rem !important;}&#8221;][vc_row el_class=&#8221;pb-5&#8243;][vc_column][vc_wp_custommenu nav_menu=&#8221;2&#8243;][\/vc_column][\/vc_row][vc_row][vc_column width=&#8221;2\/3&#8243;][vc_column_text css=&#8221;&#8221;]Tiene como prop\u00f3sito otorgar soporte, orientaci\u00f3n y gestionar beneficios econ\u00f3micos de mantenci\u00f3n, internos y externos, beneficios arancelarios, apoyos integrales para la vida universitaria. Becas de mantenci\u00f3n internas UOH Becas de mantenci\u00f3n JUNAEB (BAES, BPR, BI, BIT, y otras) Becas de arancel UOH Tarjeta [&hellip;]<\/p>\n","protected":false},"author":23,"featured_media":0,"parent":0,"menu_order":0,"comment_status":"closed","ping_status":"closed","template":"","meta":{"_acf_changed":false,"footnotes":""},"class_list":["post-394","page","type-page","status-publish","hentry"],"acf":[],"yoast_head":"<!-- This site is optimized with the Yoast SEO plugin v26.6 - https:\/\/yoast.com\/wordpress\/plugins\/seo\/ -->\n<title>Bienestar Estudiantil - Direcci\u00f3n de Asuntos Estudiantiles<\/title>\n<meta name=\"robots\" content=\"index, follow, max-snippet:-1, max-image-preview:large, max-video-preview:-1\" \/>\n<link rel=\"canonical\" href=\"https:\/\/www.uoh.cl\/dae\/bienestar-estudiantil\/\" \/>\n<meta property=\"og:locale\" content=\"es_ES\" \/>\n<meta property=\"og:type\" content=\"article\" \/>\n<meta property=\"og:title\" content=\"Bienestar Estudiantil - Direcci\u00f3n de Asuntos Estudiantiles\" \/>\n<meta property=\"og:description\" content=\"[vc_row][vc_column][\/vc_column][\/vc_row][vc_section el_class=&#8221;container mx-auto align-items-center text-right circle&#8211;pattern&#8221; css=&#8221;.vc_custom_1648956589196{padding-top: 3rem !important;}&#8221;][vc_row el_class=&#8221;pb-5&#8243;][vc_column][vc_wp_custommenu nav_menu=&#8221;2&#8243;][\/vc_column][\/vc_row][vc_row][vc_column width=&#8221;2\/3&#8243;][vc_column_text css=&#8221;&#8221;]Tiene como prop\u00f3sito otorgar soporte, orientaci\u00f3n y gestionar beneficios econ\u00f3micos de mantenci\u00f3n, internos y externos, beneficios arancelarios, apoyos integrales para la vida universitaria. Becas de mantenci\u00f3n internas UOH Becas de mantenci\u00f3n JUNAEB (BAES, BPR, BI, BIT, y otras) Becas de arancel UOH Tarjeta [&hellip;]\" \/>\n<meta property=\"og:url\" content=\"https:\/\/www.uoh.cl\/dae\/bienestar-estudiantil\/\" \/>\n<meta property=\"og:site_name\" content=\"Direcci\u00f3n de Asuntos Estudiantiles\" \/>\n<meta property=\"article:modified_time\" content=\"2025-09-23T16:06:10+00:00\" \/>\n<meta name=\"twitter:card\" content=\"summary_large_image\" \/>\n<meta name=\"twitter:label1\" content=\"Tiempo estimado de lectura\" \/>\n\t<meta name=\"twitter:data1\" content=\"1 minuto\" \/>\n<script type=\"application\/ld+json\" class=\"yoast-schema-graph\">{\"@context\":\"https:\/\/schema.org\",\"@graph\":[{\"@type\":\"WebPage\",\"@id\":\"https:\/\/www.uoh.cl\/dae\/bienestar-estudiantil\/\",\"url\":\"https:\/\/www.uoh.cl\/dae\/bienestar-estudiantil\/\",\"name\":\"Bienestar Estudiantil - Direcci\u00f3n de Asuntos Estudiantiles\",\"isPartOf\":{\"@id\":\"https:\/\/www.uoh.cl\/dae\/#website\"},\"datePublished\":\"2024-09-30T19:34:01+00:00\",\"dateModified\":\"2025-09-23T16:06:10+00:00\",\"breadcrumb\":{\"@id\":\"https:\/\/www.uoh.cl\/dae\/bienestar-estudiantil\/#breadcrumb\"},\"inLanguage\":\"es-CL\",\"potentialAction\":[{\"@type\":\"ReadAction\",\"target\":[\"https:\/\/www.uoh.cl\/dae\/bienestar-estudiantil\/\"]}]},{\"@type\":\"BreadcrumbList\",\"@id\":\"https:\/\/www.uoh.cl\/dae\/bienestar-estudiantil\/#breadcrumb\",\"itemListElement\":[{\"@type\":\"ListItem\",\"position\":1,\"name\":\"Portada\",\"item\":\"https:\/\/www.uoh.cl\/dae\/\"},{\"@type\":\"ListItem\",\"position\":2,\"name\":\"Bienestar Estudiantil\"}]},{\"@type\":\"WebSite\",\"@id\":\"https:\/\/www.uoh.cl\/dae\/#website\",\"url\":\"https:\/\/www.uoh.cl\/dae\/\",\"name\":\"Direcci\u00f3n de Asuntos Estudiantiles\",\"description\":\"Otro sitio de Sitios de Universidad O'higgins\",\"potentialAction\":[{\"@type\":\"SearchAction\",\"target\":{\"@type\":\"EntryPoint\",\"urlTemplate\":\"https:\/\/www.uoh.cl\/dae\/?s={search_term_string}\"},\"query-input\":{\"@type\":\"PropertyValueSpecification\",\"valueRequired\":true,\"valueName\":\"search_term_string\"}}],\"inLanguage\":\"es-CL\"}]}<\/script>\n<!-- \/ Yoast SEO plugin. -->","yoast_head_json":{"title":"Bienestar Estudiantil - Direcci\u00f3n de Asuntos Estudiantiles","robots":{"index":"index","follow":"follow","max-snippet":"max-snippet:-1","max-image-preview":"max-image-preview:large","max-video-preview":"max-video-preview:-1"},"canonical":"https:\/\/www.uoh.cl\/dae\/bienestar-estudiantil\/","og_locale":"es_ES","og_type":"article","og_title":"Bienestar Estudiantil - Direcci\u00f3n de Asuntos Estudiantiles","og_description":"[vc_row][vc_column][\/vc_column][\/vc_row][vc_section el_class=&#8221;container mx-auto align-items-center text-right circle&#8211;pattern&#8221; css=&#8221;.vc_custom_1648956589196{padding-top: 3rem !important;}&#8221;][vc_row el_class=&#8221;pb-5&#8243;][vc_column][vc_wp_custommenu nav_menu=&#8221;2&#8243;][\/vc_column][\/vc_row][vc_row][vc_column width=&#8221;2\/3&#8243;][vc_column_text css=&#8221;&#8221;]Tiene como prop\u00f3sito otorgar soporte, orientaci\u00f3n y gestionar beneficios econ\u00f3micos de mantenci\u00f3n, internos y externos, beneficios arancelarios, apoyos integrales para la vida universitaria. Becas de mantenci\u00f3n internas UOH Becas de mantenci\u00f3n JUNAEB (BAES, BPR, BI, BIT, y otras) Becas de arancel UOH Tarjeta [&hellip;]","og_url":"https:\/\/www.uoh.cl\/dae\/bienestar-estudiantil\/","og_site_name":"Direcci\u00f3n de Asuntos Estudiantiles","article_modified_time":"2025-09-23T16:06:10+00:00","twitter_card":"summary_large_image","twitter_misc":{"Tiempo estimado de lectura":"1 minuto"},"schema":{"@context":"https:\/\/schema.org","@graph":[{"@type":"WebPage","@id":"https:\/\/www.uoh.cl\/dae\/bienestar-estudiantil\/","url":"https:\/\/www.uoh.cl\/dae\/bienestar-estudiantil\/","name":"Bienestar Estudiantil - Direcci\u00f3n de Asuntos Estudiantiles","isPartOf":{"@id":"https:\/\/www.uoh.cl\/dae\/#website"},"datePublished":"2024-09-30T19:34:01+00:00","dateModified":"2025-09-23T16:06:10+00:00","breadcrumb":{"@id":"https:\/\/www.uoh.cl\/dae\/bienestar-estudiantil\/#breadcrumb"},"inLanguage":"es-CL","potentialAction":[{"@type":"ReadAction","target":["https:\/\/www.uoh.cl\/dae\/bienestar-estudiantil\/"]}]},{"@type":"BreadcrumbList","@id":"https:\/\/www.uoh.cl\/dae\/bienestar-estudiantil\/#breadcrumb","itemListElement":[{"@type":"ListItem","position":1,"name":"Portada","item":"https:\/\/www.uoh.cl\/dae\/"},{"@type":"ListItem","position":2,"name":"Bienestar Estudiantil"}]},{"@type":"WebSite","@id":"https:\/\/www.uoh.cl\/dae\/#website","url":"https:\/\/www.uoh.cl\/dae\/","name":"Direcci\u00f3n de Asuntos Estudiantiles","description":"Otro sitio de Sitios de Universidad O'higgins","potentialAction":[{"@type":"SearchAction","target":{"@type":"EntryPoint","urlTemplate":"https:\/\/www.uoh.cl\/dae\/?s={search_term_string}"},"query-input":{"@type":"PropertyValueSpecification","valueRequired":true,"valueName":"search_term_string"}}],"inLanguage":"es-CL"}]}},"_links":{"self":[{"href":"https:\/\/www.uoh.cl\/dae\/wp-json\/wp\/v2\/pages\/394","targetHints":{"allow":["GET"]}}],"collection":[{"href":"https:\/\/www.uoh.cl\/dae\/wp-json\/wp\/v2\/pages"}],"about":[{"href":"https:\/\/www.uoh.cl\/dae\/wp-json\/wp\/v2\/types\/page"}],"author":[{"embeddable":true,"href":"https:\/\/www.uoh.cl\/dae\/wp-json\/wp\/v2\/users\/23"}],"replies":[{"embeddable":true,"href":"https:\/\/www.uoh.cl\/dae\/wp-json\/wp\/v2\/comments?post=394"}],"version-history":[{"count":11,"href":"https:\/\/www.uoh.cl\/dae\/wp-json\/wp\/v2\/pages\/394\/revisions"}],"predecessor-version":[{"id":734,"href":"https:\/\/www.uoh.cl\/dae\/wp-json\/wp\/v2\/pages\/394\/revisions\/734"}],"wp:attachment":[{"href":"https:\/\/www.uoh.cl\/dae\/wp-json\/wp\/v2\/media?parent=394"}],"curies":[{"name":"wp","href":"https:\/\/api.w.org\/{rel}","templated":true}]}}