
{"id":3672,"date":"2023-11-09T18:00:56","date_gmt":"2023-11-09T21:00:56","guid":{"rendered":"https:\/\/www.uoh.cl\/admision\/?page_id=3672"},"modified":"2024-07-23T12:00:54","modified_gmt":"2024-07-23T15:00:54","slug":"programa-vocacion-pedagogica","status":"publish","type":"page","link":"https:\/\/www.uoh.cl\/admision\/programa-vocacion-pedagogica\/","title":{"rendered":"Programa Vocaci\u00f3n Pedag\u00f3gica"},"content":{"rendered":"<div class=\"wpb-content-wrapper\"><p>[vc_row][vc_column]<div class=\"uoh_slider_featured_component component__featured-slide row mx-auto col-12 m-0 align-items-center position-relative lazyload\" style=\" background:inherit\" data-bg=\"url(https:\/\/www.uoh.cl\/admision\/wp-content\/uploads\/sites\/2\/2023\/11\/Vocacion-Pedagogica-2.png)\"><div class=\"caption--degrade\"><svg  xmlns=\"http:\/\/www.w3.org\/2000\/svg\" xmlns:xlink=\"http:\/\/www.w3.org\/1999\/xlink\" width=\"1061px\" height=\"539px\"><defs><linearGradient id=\"PSgrad_0\" x1=\"0%\" x2=\"64.279%\" y1=\"76.604%\" y2=\"0%\"><stop offset=\"0%\" stop-color=\"rgb(66,160,248)\" stop-opacity=\"1\" \/><stop offset=\"100%\" stop-color=\"rgb(66,160,248)\" stop-opacity=\"0\" \/><\/linearGradient><\/defs><path fill-rule=\"evenodd\"  fill=\"none\" d=\"M311.000,515.000 C311.000,515.000 211.039,468.555 132.000,357.000 C21.864,201.555 -4.306,4.695 1.000,0.000 L196.000,0.000 L811.000,0.000 L1061.000,0.000 C1061.000,0.000 851.535,430.030 546.000,521.000 C402.674,563.674 311.000,515.000 311.000,515.000 Z\"\/> <path fill=\"url(#PSgrad_0)\"d=\"M311.000,515.000 C311.000,515.000 211.039,468.555 132.000,357.000 C21.864,201.555 -4.306,4.695 1.000,0.000 L196.000,0.000 L811.000,0.000 L1061.000,0.000 C1061.000,0.000 851.535,430.030 546.000,521.000 C402.674,563.674 311.000,515.000 311.000,515.000 Z\"\/><\/svg><\/div><div class=\"caption--quote\"><svg xmlns=\"http:\/\/www.w3.org\/2000\/svg\" xmlns:xlink=\"http:\/\/www.w3.org\/1999\/xlink\"width=\"226px\" height=\"273px\"><defs><linearGradient id=\"PSgrad_0\" x1=\"71.934%\" x2=\"0%\" y1=\"69.466%\" y2=\"0%\"><stop offset=\"0%\" stop-color=\"rgb(66,160,248)\" stop-opacity=\"0.49\" \/><stop offset=\"100%\" stop-color=\"rgb(66,160,248)\" stop-opacity=\"0\" \/><\/linearGradient><\/defs><path fill-rule=\"evenodd\"  fill=\"none\" d=\"M-0.000,273.000 L174.000,273.000 C174.000,273.000 226.000,266.268 226.000,221.000 C226.000,175.732 226.000,-0.000 226.000,-0.000 C226.000,-0.000 24.577,71.878 -0.000,273.000 Z\"\/><path fill=\"url(#PSgrad_0)\"d=\"M-0.000,273.000 L174.000,273.000 C174.000,273.000 226.000,266.268 226.000,221.000 C226.000,175.732 226.000,-0.000 226.000,-0.000 C226.000,-0.000 24.577,71.878 -0.000,273.000 Z\"\/><\/svg><\/div><div class=\"my-uoh_slider_featured_component container mx-auto p-md-0\" ><div class=\"content component__featured-slide-content container row mx-auto aling-items-center p-0\"><h1 class=\"p-0 featured-slide title\"  style=\"\"><em>Programa<\/em>Vocaci\u00f3n Pedag\u00f3gica<\/h1><\/div><span><\/span><\/div><\/div>[\/vc_column][\/vc_row][vc_section el_class=&#8221;container mx-auto align-items-center circle&#8211;pattern&#8221; css=&#8221;.vc_custom_1648956589196{padding-top: 3rem !important;}&#8221;][vc_row el_class=&#8221;pb-5&#8243;][vc_column][vc_wp_custommenu nav_menu=&#8221;8&#8243;]<div class=\"breadcrumb\"><ol itemscope itemtype=\"https:\/\/schema.org\/BreadcrumbList\"><li itemprop=\"itemListElement\" itemscope itemtype=\"https:\/\/schema.org\/ListItem\"><a itemprop=\"item\" href=\"http:\/\/www.uoh.cl\"><span itemprop=\"name\">Inicio<\/span><\/a><meta itemprop=\"position\" content=\"1\" \/><li itemprop=\"itemListElement\" itemscope itemtype=\"https:\/\/schema.org\/ListItem\"><a itemprop=\"item\" href=\"https:\/\/www.uoh.cl\/admision\"><span itemprop=\"name\">Admisi\u00f3n UOH<\/span><\/a><meta itemprop=\"position\" content=\"2\" \/><li itemprop=\"itemListElement\" itemscope itemtype=\"https:\/\/schema.org\/ListItem\"><span itemprop=\"name\">Programa Vocaci\u00f3n Pedag\u00f3gica <\/span><meta itemprop=\"position\" content=\"3\" \/><\/ol><\/div><div class=\"uoh_title_component-container\"><h2 class=\"title title--ms d-inline-block medium\">\u00a1Hola, futura\/o docente! \ud83d\udc4b<\/h2><\/div>[vc_column_text css=&#8221;&#8221;]\u00bfEres estudiante de cuarto medio en la Regi\u00f3n de O&#8217;Higgins? \u00bfTienes un inter\u00e9s especial por la docencia y te gustar\u00eda explorar m\u00e1s sobre el mundo de la educaci\u00f3n? Entonces, el Programa de Vocaci\u00f3n Pedag\u00f3gica (PVP) de la Universidad de O&#8217;Higgins es para ti.[\/vc_column_text][\/vc_column][\/vc_row][\/vc_section][vc_section css=&#8221;.vc_custom_1721324328728{background-color: #f6faff !important;}&#8221; el_class=&#8221;p-md-0 pt-md-5&#8243;][vc_row el_class=&#8221;container mx-auto align-items-center p-md-0 pt-5&#8243;][vc_column el_class=&#8221;p-0&#8243;]<div class=\"uoh_title_component-container\"><h2 class=\"title title--ms d-inline-block title--decorator  medium\">\u00bfQu\u00e9 es el PVP?<\/h2><\/div>[vc_column_text css=&#8221;&#8221;]El PVP es un programa dise\u00f1ado para fortalecer y consolidar tu inter\u00e9s por la docencia. Queremos que descubras todo el potencial que tienes para ense\u00f1ar y guiar a otras\/os. A trav\u00e9s de actividades de exploraci\u00f3n pedag\u00f3gica, acompa\u00f1amiento acad\u00e9mico y vocacional, vivir\u00e1s experiencias de aprendizaje \u00fanicas. Nos centraremos en habilidades matem\u00e1ticas, ling\u00fc\u00edsticas y cient\u00edficas, considerando siempre la diversidad e inclusi\u00f3n en el aula, la dimensi\u00f3n emocional en los procesos de formaci\u00f3n y la responsabilidad social que implica ser docente.[\/vc_column_text][vc_zigzag color=&#8221;custom&#8221; custom_color=&#8221;#f6faff&#8221;][\/vc_column][\/vc_row][\/vc_section][vc_section el_class=&#8221;p-md-0 pt-md-5&#8243;][vc_row el_class=&#8221;container mx-auto align-items-center p-md-0 pt-5&#8243;][vc_column el_class=&#8221;p-0&#8243;]<div class=\"uoh_title_component-container\"><h2 class=\"title title--ms d-inline-block title--decorator  medium\">\u00bfQu\u00e9 objetivos tiene el PVP?<\/h2><\/div>[vc_column_text css=&#8221;&#8221;]<strong>Objetivo general:<\/strong><\/p>\n<ul>\n<li><strong>Fortalecer y consolidar tu inter\u00e9s por la docencia<\/strong>, para que puedas ver la ense\u00f1anza desde una perspectiva enriquecedora y transformadora.<\/li>\n<\/ul>\n<p><strong>Objetivos espec\u00edficos:<\/strong><\/p>\n<ul>\n<li><strong>Explorar tus intereses vocacionales pedag\u00f3gicos<\/strong>.<\/li>\n<li><strong>Desarrollar experiencias de ense\u00f1anza y aprendizaje<\/strong> centradas en habilidades matem\u00e1ticas, ling\u00fc\u00edsticas y cient\u00edficas.<\/li>\n<li><strong>Fomentar tu desarrollo vocacional<\/strong> y la adquisici\u00f3n de competencias disciplinarias.<\/li>\n<li><strong>Facilitar la toma de decisiones al momento de elegir una carrera de pedagog\u00eda<\/strong>.<\/li>\n<li><strong>Incentivar el acompa\u00f1amiento familiar<\/strong> en tu desarrollo vocacional.<\/li>\n<\/ul>\n<p>[\/vc_column_text][vc_zigzag color=&#8221;white&#8221;][\/vc_column][\/vc_row][\/vc_section][vc_section el_class=&#8221;p-md-0 pt-md-5&#8243; css=&#8221;.vc_custom_1721324541829{background-color: #f6faff !important;}&#8221;][vc_row el_class=&#8221;container mx-auto align-items-center p-md-0 pt-5&#8243;][vc_column el_class=&#8221;p-0&#8243;]<div class=\"uoh_title_component-container\"><h2 class=\"title title--ms d-inline-block title--decorator  medium\">\u00bfA qui\u00e9n est\u00e1 dirigido el PVP?<\/h2><\/div>[vc_column_text css=&#8221;&#8221;]El PVP est\u00e1 especialmente pensado para estudiantes de cuarto medio de la Regi\u00f3n del Libertador Bernardo O&#8217;Higgins que:<\/p>\n<ul>\n<li>Demuestren un inter\u00e9s genuino por la docencia y la educaci\u00f3n.<\/li>\n<li>Quieran desarrollar habilidades matem\u00e1ticas, ling\u00fc\u00edsticas y cient\u00edficas.<\/li>\n<li>Est\u00e9n interesados en estudiar alguna de las carreras impartidas por la Universidad de O&#8217;Higgins.<\/li>\n<li>Se comprometan a asistir a las distintas actividades del programa, con una carta de compromiso de participaci\u00f3n de su padre, madre o tutor.<\/li>\n<li>Sean parte del 50% superior de egreso de su establecimiento educacional.<\/li>\n<li>Cuenten con el apoyo de su establecimiento educacional, adjuntando una carta de recomendaci\u00f3n de un docente.<\/li>\n<\/ul>\n<p>[\/vc_column_text][vc_zigzag color=&#8221;custom&#8221; custom_color=&#8221;#f6faff&#8221;][\/vc_column][\/vc_row][\/vc_section][vc_section el_class=&#8221;p-md-0 pt-md-5&#8243;][vc_row el_class=&#8221;container mx-auto align-items-center p-md-0 pt-5&#8243;][vc_column el_class=&#8221;p-0&#8243;]<div class=\"uoh_title_component-container\"><h2 class=\"title title--ms d-inline-block title--decorator  medium\">\u00bfPor qu\u00e9 deber\u00edas unirte al PVP?<\/h2><\/div>[vc_column_text css=&#8221;&#8221;]Unirte al PVP te permitir\u00e1:<\/p>\n<ul>\n<li>Explorar y confirmar tu vocaci\u00f3n docente.<\/li>\n<li>Desarrollar habilidades esenciales para tu futuro profesional.<\/li>\n<li>Tomar decisiones informadas sobre tu carrera.<\/li>\n<li>Conectar con otros estudiantes que comparten tus intereses.<\/li>\n<li>Recibir el apoyo de la Universidad de O&#8217;Higgins y de tu familia en tu desarrollo vocacional.<\/li>\n<li>Al aprobar el PVP ser\u00e1s habilitada\/o para ingresar a una de las carreras de Pedagog\u00eda en la UOH a trav\u00e9s del <em><strong><a href=\"https:\/\/www.uoh.cl\/admision\/vias-de-ingreso\/admision-especial\/cupo-programa-vocacion-pedagogica\/\" target=\"_blank\" rel=\"noopener\">Cupo PVP<\/a><\/strong><\/em>.<\/li>\n<\/ul>\n<p>[\/vc_column_text][vc_zigzag color=&#8221;white&#8221;][\/vc_column][\/vc_row][\/vc_section][vc_section el_class=&#8221;p-md-0 pt-md-5&#8243; css=&#8221;.vc_custom_1721324549653{background-color: #f6faff !important;}&#8221;][vc_row el_class=&#8221;container mx-auto align-items-center p-md-0 pt-5&#8243;][vc_column el_class=&#8221;p-0&#8243;][vc_column_text css=&#8221;&#8221;]Sabemos que tu semana escolar ya est\u00e1 llena de actividades y compromisos. Por eso, hemos dise\u00f1ado el Programa de Vocaci\u00f3n Pedag\u00f3gica pensando en tu comodidad y bienestar.<\/p>\n<p>Las clases del PVP se realizar\u00e1n los d\u00edas <strong>s\u00e1bado<\/strong>, lo que significa que no tendr\u00e1s sobrecarga durante la semana escolar. As\u00ed, podr\u00e1s aprovechar al m\u00e1ximo tu tiempo libre para explorar tu vocaci\u00f3n docente sin sacrificar ni descuidar tus responsabilidades escolares.<\/p>\n<p>Imagina dedicar tus s\u00e1bados a actividades enriquecedoras y motivadoras que te ayudar\u00e1n a descubrir y fortalecer tu pasi\u00f3n por la ense\u00f1anza, todo sin preocuparte por tus tareas diarias de la semana. \u00a1Es la oportunidad perfecta para crecer acad\u00e9micamente y disfrutar aprendiendo!<\/p>\n<p>\u00a1No dejes pasar esta incre\u00edble oportunidad de crecer y descubrir tu pasi\u00f3n por la ense\u00f1anza! \u00danete al PVP y s\u00e9 parte de una comunidad que valora la educaci\u00f3n y el desarrollo integral. \ud83c\udf1f<\/p>\n<p>\u00a1Te esperamos![\/vc_column_text][vc_zigzag color=&#8221;custom&#8221; custom_color=&#8221;#f6faff&#8221;][\/vc_column][\/vc_row][vc_row][vc_column][vc_btn title=&#8221;M\u00c1S INFORMACI\u00d3N SOBRE EL CUPO PVP&#8221; color=&#8221;violet&#8221; align=&#8221;center&#8221; i_icon_fontawesome=&#8221;fas fa-mouse-pointer&#8221; css=&#8221;&#8221; add_icon=&#8221;true&#8221; link=&#8221;url:https%3A%2F%2Fwww.uoh.cl%2Fadmision%2Fvias-de-ingreso%2Fadmision-especial%2Fcupo-programa-vocacion-pedagogica%2F|target:_blank&#8221;][\/vc_column][\/vc_row][\/vc_section][vc_section el_class=&#8221;p-md-0 pt-md-5&#8243;][vc_row el_class=&#8221;container mx-auto align-items-center p-md-0 pt-5&#8243;][vc_column width=&#8221;1\/3&#8243;]<div class=\"uoh_title_component-container\"><h2 class=\"title title--ms d-inline-block title--decorator  medium\">Conoce m\u00e1s<\/h2><\/div><div class=\"uoh_link_component pe-4 d-inline-block py-1 button_icon inline\"><i class=\"me-2 fas fa-globe\" style=\"color: #42a0f8\"><\/i><a href=\"http:\/\/acceso.mineduc.cl\/\"\n                                    class=\"link link--bold component__btn-content\"\n                                    title\"\"\n                                    target=\"_blank\"\n                                    rel=\"\">Ir a Mineduc<span class=\"icon icon--inline icon--link\"><svg version=\"1.1\" xmlns=\"http:\/\/www.w3.org\/2000\/svg\" xmlns:xlink=\"http:\/\/www.w3.org\/1999\/xlink\" x=\"0px\" y=\"0px\" width=\"22px\"height=\"22px\" viewBox=\"0 0 22 22\" style=\"overflow:visible;enable-background:new 0 0 80 64.6;\" xml:space=\"preserve\"><g clip-path=\"url(#acA)\"><path fill-rule=\"evenodd\" d=\"M21.913 11.266a.93.93 0 000-.711c-.022-.056-.063-.097-.091-.144s-.053-.103-.097-.15L12.306.294c-.357-.379-.955-.394-1.334-.038s-.394.955-.038 1.334l7.917 8.374H.927a.95.95 0 00-.908.983.946.946 0 00.908.908h17.924l-8.089 8.552c-.357.379-.341.977.034 1.334s.977.341 1.334-.034l9.594-10.148c.044-.044.063-.1.097-.15.028-.047.069-.088.091-.141z\"\/><\/g><defs><clipPath id=\"acA\"><path fill=\"#fff\" d=\"M0 0h22v22H0z\"\/><\/clipPath><\/defs><\/svg><\/span><\/a><\/div>[vc_zigzag color=&#8221;white&#8221; el_border_width=&#8221;20&#8243;][\/vc_column][vc_column width=&#8221;1\/3&#8243;][vc_zigzag color=&#8221;white&#8221; el_border_width=&#8221;20&#8243;]<div class=\"uoh_title_component-container\"><h2 class=\"title title--ms d-inline-block title--decorator  medium\">S\u00edguenos<\/h2><\/div><div class=\"uoh_link_component pe-4 d-inline-block py-1 button_icon inline\"><i class=\"me-2 fab fa-instagram\" style=\"color: #42a0f8\"><\/i><a href=\"https:\/\/www.instagram.com\/admision_uoh\/?hl=es\"\n                                    class=\"link link--bold component__btn-content\"\n                                    title\"\"\n                                    target=\"_blank\"\n                                    rel=\"\">@admision_uoh<span class=\"icon icon--inline icon--link\"><svg version=\"1.1\" xmlns=\"http:\/\/www.w3.org\/2000\/svg\" xmlns:xlink=\"http:\/\/www.w3.org\/1999\/xlink\" x=\"0px\" y=\"0px\" width=\"22px\"height=\"22px\" viewBox=\"0 0 22 22\" style=\"overflow:visible;enable-background:new 0 0 80 64.6;\" xml:space=\"preserve\"><g clip-path=\"url(#acA)\"><path fill-rule=\"evenodd\" d=\"M21.913 11.266a.93.93 0 000-.711c-.022-.056-.063-.097-.091-.144s-.053-.103-.097-.15L12.306.294c-.357-.379-.955-.394-1.334-.038s-.394.955-.038 1.334l7.917 8.374H.927a.95.95 0 00-.908.983.946.946 0 00.908.908h17.924l-8.089 8.552c-.357.379-.341.977.034 1.334s.977.341 1.334-.034l9.594-10.148c.044-.044.063-.1.097-.15.028-.047.069-.088.091-.141z\"\/><\/g><defs><clipPath id=\"acA\"><path fill=\"#fff\" d=\"M0 0h22v22H0z\"\/><\/clipPath><\/defs><\/svg><\/span><\/a><\/div><div class=\"uoh_link_component pe-4 d-inline-block py-1 button_icon inline\"><i class=\"me-2 fab fa-facebook\" style=\"color: #42a0f8\"><\/i><a href=\"https:\/\/www.facebook.com\/SomosUOH\/\"\n                                    class=\"link link--bold component__btn-content\"\n                                    title\"\"\n                                    target=\"_blank\"\n                                    rel=\"\">Admisi\u00f3n Universidad de O&#8217;Higgins<span class=\"icon icon--inline icon--link\"><svg version=\"1.1\" xmlns=\"http:\/\/www.w3.org\/2000\/svg\" xmlns:xlink=\"http:\/\/www.w3.org\/1999\/xlink\" x=\"0px\" y=\"0px\" width=\"22px\"height=\"22px\" viewBox=\"0 0 22 22\" style=\"overflow:visible;enable-background:new 0 0 80 64.6;\" xml:space=\"preserve\"><g clip-path=\"url(#acA)\"><path fill-rule=\"evenodd\" d=\"M21.913 11.266a.93.93 0 000-.711c-.022-.056-.063-.097-.091-.144s-.053-.103-.097-.15L12.306.294c-.357-.379-.955-.394-1.334-.038s-.394.955-.038 1.334l7.917 8.374H.927a.95.95 0 00-.908.983.946.946 0 00.908.908h17.924l-8.089 8.552c-.357.379-.341.977.034 1.334s.977.341 1.334-.034l9.594-10.148c.044-.044.063-.1.097-.15.028-.047.069-.088.091-.141z\"\/><\/g><defs><clipPath id=\"acA\"><path fill=\"#fff\" d=\"M0 0h22v22H0z\"\/><\/clipPath><\/defs><\/svg><\/span><\/a><\/div><div class=\"uoh_link_component pe-4 d-inline-block py-1 button_icon inline\"><i class=\"me-2 fas fa-play-circle\" style=\"color: #42a0f8\"><\/i><a href=\"https:\/\/www.tiktok.com\/@admision_uoh\"\n                                    class=\"link link--bold component__btn-content\"\n                                    title\"\"\n                                    target=\"_blank\"\n                                    rel=\"\">@admision_uoh<span class=\"icon icon--inline icon--link\"><svg version=\"1.1\" xmlns=\"http:\/\/www.w3.org\/2000\/svg\" xmlns:xlink=\"http:\/\/www.w3.org\/1999\/xlink\" x=\"0px\" y=\"0px\" width=\"22px\"height=\"22px\" viewBox=\"0 0 22 22\" style=\"overflow:visible;enable-background:new 0 0 80 64.6;\" xml:space=\"preserve\"><g clip-path=\"url(#acA)\"><path fill-rule=\"evenodd\" d=\"M21.913 11.266a.93.93 0 000-.711c-.022-.056-.063-.097-.091-.144s-.053-.103-.097-.15L12.306.294c-.357-.379-.955-.394-1.334-.038s-.394.955-.038 1.334l7.917 8.374H.927a.95.95 0 00-.908.983.946.946 0 00.908.908h17.924l-8.089 8.552c-.357.379-.341.977.034 1.334s.977.341 1.334-.034l9.594-10.148c.044-.044.063-.1.097-.15.028-.047.069-.088.091-.141z\"\/><\/g><defs><clipPath id=\"acA\"><path fill=\"#fff\" d=\"M0 0h22v22H0z\"\/><\/clipPath><\/defs><\/svg><\/span><\/a><\/div>[\/vc_column][vc_column width=&#8221;1\/3&#8243;]<div class=\"uoh_title_component-container\"><h2 class=\"title title--ms d-inline-block title--decorator  medium\">Contacto<\/h2><\/div><div class=\"uoh_link_component pe-4 d-inline-block py-1 button_icon inline\"><i class=\"me-2 far fa-envelope\" style=\"color: #42a0f8\"><\/i><a href=\"mailto:admision@uoh.cl\"\n                                    class=\"link link--bold component__btn-content\"\n                                    title\"admision@uoh.cl\"\n                                    target=\"_blank\"\n                                    rel=\"\">admision@uoh.cl<span class=\"icon icon--inline icon--link\"><svg version=\"1.1\" xmlns=\"http:\/\/www.w3.org\/2000\/svg\" xmlns:xlink=\"http:\/\/www.w3.org\/1999\/xlink\" x=\"0px\" y=\"0px\" width=\"22px\"height=\"22px\" viewBox=\"0 0 22 22\" style=\"overflow:visible;enable-background:new 0 0 80 64.6;\" xml:space=\"preserve\"><g clip-path=\"url(#acA)\"><path fill-rule=\"evenodd\" d=\"M21.913 11.266a.93.93 0 000-.711c-.022-.056-.063-.097-.091-.144s-.053-.103-.097-.15L12.306.294c-.357-.379-.955-.394-1.334-.038s-.394.955-.038 1.334l7.917 8.374H.927a.95.95 0 00-.908.983.946.946 0 00.908.908h17.924l-8.089 8.552c-.357.379-.341.977.034 1.334s.977.341 1.334-.034l9.594-10.148c.044-.044.063-.1.097-.15.028-.047.069-.088.091-.141z\"\/><\/g><defs><clipPath id=\"acA\"><path fill=\"#fff\" d=\"M0 0h22v22H0z\"\/><\/clipPath><\/defs><\/svg><\/span><\/a><\/div>[vc_zigzag color=&#8221;white&#8221; el_border_width=&#8221;20&#8243;][\/vc_column][\/vc_row][vc_row][vc_column][vc_zigzag color=&#8221;white&#8221; el_border_width=&#8221;20&#8243;][\/vc_column][\/vc_row][\/vc_section]<\/p>\n<\/div>","protected":false},"excerpt":{"rendered":"<p>[vc_row][vc_column][\/vc_column][\/vc_row][vc_section el_class=&#8221;container mx-auto align-items-center circle&#8211;pattern&#8221; css=&#8221;.vc_custom_1648956589196{padding-top: 3rem !important;}&#8221;][vc_row el_class=&#8221;pb-5&#8243;][vc_column][vc_wp_custommenu nav_menu=&#8221;8&#8243;][vc_column_text css=&#8221;&#8221;]\u00bfEres estudiante de cuarto medio en la Regi\u00f3n de O&#8217;Higgins? \u00bfTienes un inter\u00e9s especial por la docencia y te gustar\u00eda explorar m\u00e1s sobre el mundo de la educaci\u00f3n? Entonces, el Programa de Vocaci\u00f3n Pedag\u00f3gica (PVP) de la Universidad de O&#8217;Higgins es para ti.[\/vc_column_text][\/vc_column][\/vc_row][\/vc_section][vc_section css=&#8221;.vc_custom_1721324328728{background-color: #f6faff [&hellip;]<\/p>\n","protected":false},"author":23,"featured_media":0,"parent":0,"menu_order":0,"comment_status":"closed","ping_status":"closed","template":"","meta":{"_acf_changed":false,"footnotes":""},"class_list":["post-3672","page","type-page","status-publish","hentry"],"acf":[],"yoast_head":"<!-- This site is optimized with the Yoast SEO plugin v26.6 - https:\/\/yoast.com\/wordpress\/plugins\/seo\/ -->\n<title>Programa Vocaci\u00f3n Pedag\u00f3gica - Admisi\u00f3n UOH<\/title>\n<meta name=\"robots\" content=\"index, follow, max-snippet:-1, max-image-preview:large, max-video-preview:-1\" \/>\n<link rel=\"canonical\" href=\"https:\/\/www.uoh.cl\/admision\/programa-vocacion-pedagogica\/\" \/>\n<meta property=\"og:locale\" content=\"es_ES\" \/>\n<meta property=\"og:type\" content=\"article\" \/>\n<meta property=\"og:title\" content=\"Programa Vocaci\u00f3n Pedag\u00f3gica - Admisi\u00f3n UOH\" \/>\n<meta property=\"og:description\" content=\"[vc_row][vc_column][\/vc_column][\/vc_row][vc_section el_class=&#8221;container mx-auto align-items-center circle&#8211;pattern&#8221; css=&#8221;.vc_custom_1648956589196{padding-top: 3rem !important;}&#8221;][vc_row el_class=&#8221;pb-5&#8243;][vc_column][vc_wp_custommenu nav_menu=&#8221;8&#8243;][vc_column_text css=&#8221;&#8221;]\u00bfEres estudiante de cuarto medio en la Regi\u00f3n de O&#8217;Higgins? \u00bfTienes un inter\u00e9s especial por la docencia y te gustar\u00eda explorar m\u00e1s sobre el mundo de la educaci\u00f3n? Entonces, el Programa de Vocaci\u00f3n Pedag\u00f3gica (PVP) de la Universidad de O&#8217;Higgins es para ti.[\/vc_column_text][\/vc_column][\/vc_row][\/vc_section][vc_section css=&#8221;.vc_custom_1721324328728{background-color: #f6faff [&hellip;]\" \/>\n<meta property=\"og:url\" content=\"https:\/\/www.uoh.cl\/admision\/programa-vocacion-pedagogica\/\" \/>\n<meta property=\"og:site_name\" content=\"Admisi\u00f3n UOH\" \/>\n<meta property=\"article:modified_time\" content=\"2024-07-23T15:00:54+00:00\" \/>\n<meta name=\"twitter:card\" content=\"summary_large_image\" \/>\n<meta name=\"twitter:label1\" content=\"Tiempo estimado de lectura\" \/>\n\t<meta name=\"twitter:data1\" content=\"4 minutos\" \/>\n<script type=\"application\/ld+json\" class=\"yoast-schema-graph\">{\"@context\":\"https:\/\/schema.org\",\"@graph\":[{\"@type\":\"WebPage\",\"@id\":\"https:\/\/www.uoh.cl\/admision\/programa-vocacion-pedagogica\/\",\"url\":\"https:\/\/www.uoh.cl\/admision\/programa-vocacion-pedagogica\/\",\"name\":\"Programa Vocaci\u00f3n Pedag\u00f3gica - Admisi\u00f3n UOH\",\"isPartOf\":{\"@id\":\"https:\/\/www.uoh.cl\/admision\/#website\"},\"datePublished\":\"2023-11-09T21:00:56+00:00\",\"dateModified\":\"2024-07-23T15:00:54+00:00\",\"inLanguage\":\"es-CL\",\"potentialAction\":[{\"@type\":\"ReadAction\",\"target\":[\"https:\/\/www.uoh.cl\/admision\/programa-vocacion-pedagogica\/\"]}]},{\"@type\":\"WebSite\",\"@id\":\"https:\/\/www.uoh.cl\/admision\/#website\",\"url\":\"https:\/\/www.uoh.cl\/admision\/\",\"name\":\"Admisi\u00f3n UOH\",\"description\":\"Otro sitio de Sitios de Universidad O&#039;higgins\",\"potentialAction\":[{\"@type\":\"SearchAction\",\"target\":{\"@type\":\"EntryPoint\",\"urlTemplate\":\"https:\/\/www.uoh.cl\/admision\/?s={search_term_string}\"},\"query-input\":{\"@type\":\"PropertyValueSpecification\",\"valueRequired\":true,\"valueName\":\"search_term_string\"}}],\"inLanguage\":\"es-CL\"}]}<\/script>\n<!-- \/ Yoast SEO plugin. -->","yoast_head_json":{"title":"Programa Vocaci\u00f3n Pedag\u00f3gica - Admisi\u00f3n UOH","robots":{"index":"index","follow":"follow","max-snippet":"max-snippet:-1","max-image-preview":"max-image-preview:large","max-video-preview":"max-video-preview:-1"},"canonical":"https:\/\/www.uoh.cl\/admision\/programa-vocacion-pedagogica\/","og_locale":"es_ES","og_type":"article","og_title":"Programa Vocaci\u00f3n Pedag\u00f3gica - Admisi\u00f3n UOH","og_description":"[vc_row][vc_column][\/vc_column][\/vc_row][vc_section el_class=&#8221;container mx-auto align-items-center circle&#8211;pattern&#8221; css=&#8221;.vc_custom_1648956589196{padding-top: 3rem !important;}&#8221;][vc_row el_class=&#8221;pb-5&#8243;][vc_column][vc_wp_custommenu nav_menu=&#8221;8&#8243;][vc_column_text css=&#8221;&#8221;]\u00bfEres estudiante de cuarto medio en la Regi\u00f3n de O&#8217;Higgins? \u00bfTienes un inter\u00e9s especial por la docencia y te gustar\u00eda explorar m\u00e1s sobre el mundo de la educaci\u00f3n? Entonces, el Programa de Vocaci\u00f3n Pedag\u00f3gica (PVP) de la Universidad de O&#8217;Higgins es para ti.[\/vc_column_text][\/vc_column][\/vc_row][\/vc_section][vc_section css=&#8221;.vc_custom_1721324328728{background-color: #f6faff [&hellip;]","og_url":"https:\/\/www.uoh.cl\/admision\/programa-vocacion-pedagogica\/","og_site_name":"Admisi\u00f3n UOH","article_modified_time":"2024-07-23T15:00:54+00:00","twitter_card":"summary_large_image","twitter_misc":{"Tiempo estimado de lectura":"4 minutos"},"schema":{"@context":"https:\/\/schema.org","@graph":[{"@type":"WebPage","@id":"https:\/\/www.uoh.cl\/admision\/programa-vocacion-pedagogica\/","url":"https:\/\/www.uoh.cl\/admision\/programa-vocacion-pedagogica\/","name":"Programa Vocaci\u00f3n Pedag\u00f3gica - Admisi\u00f3n UOH","isPartOf":{"@id":"https:\/\/www.uoh.cl\/admision\/#website"},"datePublished":"2023-11-09T21:00:56+00:00","dateModified":"2024-07-23T15:00:54+00:00","inLanguage":"es-CL","potentialAction":[{"@type":"ReadAction","target":["https:\/\/www.uoh.cl\/admision\/programa-vocacion-pedagogica\/"]}]},{"@type":"WebSite","@id":"https:\/\/www.uoh.cl\/admision\/#website","url":"https:\/\/www.uoh.cl\/admision\/","name":"Admisi\u00f3n UOH","description":"Otro sitio de Sitios de Universidad O&#039;higgins","potentialAction":[{"@type":"SearchAction","target":{"@type":"EntryPoint","urlTemplate":"https:\/\/www.uoh.cl\/admision\/?s={search_term_string}"},"query-input":{"@type":"PropertyValueSpecification","valueRequired":true,"valueName":"search_term_string"}}],"inLanguage":"es-CL"}]}},"_links":{"self":[{"href":"https:\/\/www.uoh.cl\/admision\/wp-json\/wp\/v2\/pages\/3672","targetHints":{"allow":["GET"]}}],"collection":[{"href":"https:\/\/www.uoh.cl\/admision\/wp-json\/wp\/v2\/pages"}],"about":[{"href":"https:\/\/www.uoh.cl\/admision\/wp-json\/wp\/v2\/types\/page"}],"author":[{"embeddable":true,"href":"https:\/\/www.uoh.cl\/admision\/wp-json\/wp\/v2\/users\/23"}],"replies":[{"embeddable":true,"href":"https:\/\/www.uoh.cl\/admision\/wp-json\/wp\/v2\/comments?post=3672"}],"version-history":[{"count":17,"href":"https:\/\/www.uoh.cl\/admision\/wp-json\/wp\/v2\/pages\/3672\/revisions"}],"predecessor-version":[{"id":11250,"href":"https:\/\/www.uoh.cl\/admision\/wp-json\/wp\/v2\/pages\/3672\/revisions\/11250"}],"wp:attachment":[{"href":"https:\/\/www.uoh.cl\/admision\/wp-json\/wp\/v2\/media?parent=3672"}],"curies":[{"name":"wp","href":"https:\/\/api.w.org\/{rel}","templated":true}]}}