
{"id":3660,"date":"2023-11-09T17:52:52","date_gmt":"2023-11-09T20:52:52","guid":{"rendered":"https:\/\/www.uoh.cl\/admision\/?page_id=3660"},"modified":"2025-05-16T12:01:00","modified_gmt":"2025-05-16T15:01:00","slug":"beca-vocacion-de-profesor-pedagogias-bvp-pedagogia","status":"publish","type":"page","link":"https:\/\/www.uoh.cl\/admision\/beca-vocacion-de-profesor-pedagogias-bvp-pedagogia\/","title":{"rendered":"Beca Vocaci\u00f3n de Profesor &#8211; Pedagog\u00edas (BVP Pedagog\u00eda)"},"content":{"rendered":"<div class=\"wpb-content-wrapper\"><p>[vc_row][vc_column]<div class=\"uoh_slider_featured_component component__featured-slide row mx-auto col-12 m-0 align-items-center position-relative lazyload\" style=\" background:inherit\" data-bg=\"url(https:\/\/www.uoh.cl\/admision\/wp-content\/uploads\/sites\/2\/2023\/11\/matematica-1.jpg)\"><div class=\"caption--degrade\"><svg  xmlns=\"http:\/\/www.w3.org\/2000\/svg\" xmlns:xlink=\"http:\/\/www.w3.org\/1999\/xlink\" width=\"1061px\" height=\"539px\"><defs><linearGradient id=\"PSgrad_0\" x1=\"0%\" x2=\"64.279%\" y1=\"76.604%\" y2=\"0%\"><stop offset=\"0%\" stop-color=\"rgb(66,160,248)\" stop-opacity=\"1\" \/><stop offset=\"100%\" stop-color=\"rgb(66,160,248)\" stop-opacity=\"0\" \/><\/linearGradient><\/defs><path fill-rule=\"evenodd\"  fill=\"none\" d=\"M311.000,515.000 C311.000,515.000 211.039,468.555 132.000,357.000 C21.864,201.555 -4.306,4.695 1.000,0.000 L196.000,0.000 L811.000,0.000 L1061.000,0.000 C1061.000,0.000 851.535,430.030 546.000,521.000 C402.674,563.674 311.000,515.000 311.000,515.000 Z\"\/> <path fill=\"url(#PSgrad_0)\"d=\"M311.000,515.000 C311.000,515.000 211.039,468.555 132.000,357.000 C21.864,201.555 -4.306,4.695 1.000,0.000 L196.000,0.000 L811.000,0.000 L1061.000,0.000 C1061.000,0.000 851.535,430.030 546.000,521.000 C402.674,563.674 311.000,515.000 311.000,515.000 Z\"\/><\/svg><\/div><div class=\"caption--quote\"><svg xmlns=\"http:\/\/www.w3.org\/2000\/svg\" xmlns:xlink=\"http:\/\/www.w3.org\/1999\/xlink\"width=\"226px\" height=\"273px\"><defs><linearGradient id=\"PSgrad_0\" x1=\"71.934%\" x2=\"0%\" y1=\"69.466%\" y2=\"0%\"><stop offset=\"0%\" stop-color=\"rgb(66,160,248)\" stop-opacity=\"0.49\" \/><stop offset=\"100%\" stop-color=\"rgb(66,160,248)\" stop-opacity=\"0\" \/><\/linearGradient><\/defs><path fill-rule=\"evenodd\"  fill=\"none\" d=\"M-0.000,273.000 L174.000,273.000 C174.000,273.000 226.000,266.268 226.000,221.000 C226.000,175.732 226.000,-0.000 226.000,-0.000 C226.000,-0.000 24.577,71.878 -0.000,273.000 Z\"\/><path fill=\"url(#PSgrad_0)\"d=\"M-0.000,273.000 L174.000,273.000 C174.000,273.000 226.000,266.268 226.000,221.000 C226.000,175.732 226.000,-0.000 226.000,-0.000 C226.000,-0.000 24.577,71.878 -0.000,273.000 Z\"\/><\/svg><\/div><div class=\"my-uoh_slider_featured_component container mx-auto p-md-0\" ><div class=\"content component__featured-slide-content container row mx-auto aling-items-center p-0\"><h1 class=\"p-0 featured-slide title\"  style=\"\"><em>Beca<\/em>Vocaci\u00f3n de Profesor<\/h1><\/div><span><\/span><\/div><\/div>[\/vc_column][\/vc_row][vc_section el_class=&#8221;container mx-auto align-items-center circle&#8211;pattern&#8221; css=&#8221;.vc_custom_1648956589196{padding-top: 3rem !important;}&#8221;][vc_row el_class=&#8221;pb-5&#8243;][vc_column][vc_wp_custommenu nav_menu=&#8221;8&#8243;]<div class=\"breadcrumb\"><ol itemscope itemtype=\"https:\/\/schema.org\/BreadcrumbList\"><li itemprop=\"itemListElement\" itemscope itemtype=\"https:\/\/schema.org\/ListItem\"><a itemprop=\"item\" href=\"http:\/\/www.uoh.cl\"><span itemprop=\"name\">Inicio<\/span><\/a><meta itemprop=\"position\" content=\"1\" \/><li itemprop=\"itemListElement\" itemscope itemtype=\"https:\/\/schema.org\/ListItem\"><a itemprop=\"item\" href=\"https:\/\/www.uoh.cl\/admision\"><span itemprop=\"name\">Admisi\u00f3n UOH<\/span><\/a><meta itemprop=\"position\" content=\"2\" \/><li itemprop=\"itemListElement\" itemscope itemtype=\"https:\/\/schema.org\/ListItem\"><span itemprop=\"name\">Beca Vocaci\u00f3n de Profesor &#8211; Pedagog\u00edas (BVP Pedagog\u00eda) <\/span><meta itemprop=\"position\" content=\"3\" \/><\/ol><\/div>[vc_column_text]<\/p>\n<p style=\"font-weight: 400\">\u00bfSientes la vocaci\u00f3n de ense\u00f1ar y sacaste m\u00e1s de 625 puntos en la PAES? Si es as\u00ed, existe una beca del Ministerio de Educaci\u00f3n (Mineduc) que financia el costo total de tu carrera.<\/p>\n<p style=\"font-weight: 400\">Est\u00e1 dirigida a estudiantes que se matriculen por primera vez en primer a\u00f1o en carreras del \u00e1rea de las Pedagog\u00edas, Educaci\u00f3n Parvularia o Educaci\u00f3n Diferencial acreditadas y elegibles para este beneficio.<\/p>\n<p style=\"font-weight: 400\">De acuerdo a la Subsecretar\u00eda de Educaci\u00f3n Superior, la Beca Vocaci\u00f3n de Profesor fue creada con el fin de mejorar la calidad de los\/as profesoras\/es, tanto en el \u00e1mbito pedag\u00f3gico como disciplinario; incentivando el ingreso, permanencia y egreso de estudiantes destacadas\/os a carreras de Pedagog\u00eda.<\/p>\n<p>[\/vc_column_text][\/vc_column][\/vc_row][\/vc_section][vc_section css=&#8221;.vc_custom_1699563155739{background-color: #f6faff !important;}&#8221; el_class=&#8221;p-md-0 pt-md-5&#8243;][vc_row el_class=&#8221;container mx-auto align-items-center p-md-0 pt-5&#8243;][vc_column el_class=&#8221;p-0&#8243;]<div class=\"uoh_title_component-container\"><h2 class=\"title title--ms d-inline-block title--decorator  medium\">En la Universidad de O\u2019Higgins puedes estudiar:<\/h2><\/div>[vc_column_text]<\/p>\n<ul>\n<li style=\"font-weight: 400\">Pedagog\u00eda en Ciencias Naturales con menciones.<\/li>\n<li style=\"font-weight: 400\">Pedagog\u00eda en Educaci\u00f3n Especial con menciones.<\/li>\n<li style=\"font-weight: 400\">Pedagog\u00eda en Educaci\u00f3n Parvularia.<\/li>\n<li style=\"font-weight: 400\">Pedagog\u00eda en Ingl\u00e9s para Ense\u00f1anza B\u00e1sica y Media.<\/li>\n<li style=\"font-weight: 400\">Pedagog\u00eda en Matem\u00e1tica.<\/li>\n<li style=\"font-weight: 400\">Pedagog\u00eda en Lenguaje y Comunicaci\u00f3n.<\/li>\n<li style=\"font-weight: 400\">Pedagog\u00eda en Educaci\u00f3n B\u00e1sica.<\/li>\n<\/ul>\n<p>[\/vc_column_text][vc_zigzag color=&#8221;custom&#8221; custom_color=&#8221;#f6faff&#8221;][\/vc_column][\/vc_row][\/vc_section][vc_section el_class=&#8221;p-md-0 pt-md-5&#8243;][vc_row el_class=&#8221;container mx-auto align-items-center p-md-0 pt-5&#8243;][vc_column el_class=&#8221;p-0&#8243;]<div class=\"uoh_title_component-container\"><h2 class=\"title title--ms d-inline-block title--decorator  medium\">\u00bfQu\u00e9 financia?<\/h2><\/div>[vc_column_text css=&#8221;&#8221;]Financia la matr\u00edcula y la totalidad del arancel anual de la carrera.<\/p>\n<p style=\"font-weight: 400\">Adem\u00e1s, otorga un beneficio adicional en caso de haber obtenido en la PAES un promedio de al menos 800 puntos (Competencia Lectora y Matem\u00e1tica 1), que consiste en un aporte mensual de $84.000, que se entrega a trav\u00e9s de Junaeb.<\/p>\n<p>Descubre c\u00f3mo postular, sus requisitos y cu\u00e1les ser\u00edan tus compromisos <a href=\"https:\/\/portal.beneficiosestudiantiles.cl\/becas-y-creditos\/beca-vocacion-de-profesora-pedagogias-bvp-pedagogia\" target=\"_blank\" rel=\"noopener\">AQU\u00cd<\/a>.[\/vc_column_text][vc_zigzag color=&#8221;white&#8221;][\/vc_column][\/vc_row][\/vc_section][vc_section el_class=&#8221;p-md-0 pt-md-5&#8243; css=&#8221;.vc_custom_1700147645410{background-color: #f6faff !important;}&#8221;][vc_row el_class=&#8221;container mx-auto align-items-center p-md-0 pt-5&#8243;][vc_column width=&#8221;1\/3&#8243;]<div class=\"uoh_title_component-container\"><h2 class=\"title title--ms d-inline-block title--decorator  medium\">Conoce m\u00e1s<\/h2><\/div><div class=\"uoh_link_component pe-4 d-inline-block py-1 button_icon inline\"><i class=\"me-2 fas fa-globe\" style=\"color: #42a0f8\"><\/i><a href=\"http:\/\/acceso.mineduc.cl\/\"\n                                    class=\"link link--bold component__btn-content\"\n                                    title\"\"\n                                    target=\"_blank\"\n                                    rel=\"\">Ir a Mineduc<span class=\"icon icon--inline icon--link\"><svg version=\"1.1\" xmlns=\"http:\/\/www.w3.org\/2000\/svg\" xmlns:xlink=\"http:\/\/www.w3.org\/1999\/xlink\" x=\"0px\" y=\"0px\" width=\"22px\"height=\"22px\" viewBox=\"0 0 22 22\" style=\"overflow:visible;enable-background:new 0 0 80 64.6;\" xml:space=\"preserve\"><g clip-path=\"url(#acA)\"><path fill-rule=\"evenodd\" d=\"M21.913 11.266a.93.93 0 000-.711c-.022-.056-.063-.097-.091-.144s-.053-.103-.097-.15L12.306.294c-.357-.379-.955-.394-1.334-.038s-.394.955-.038 1.334l7.917 8.374H.927a.95.95 0 00-.908.983.946.946 0 00.908.908h17.924l-8.089 8.552c-.357.379-.341.977.034 1.334s.977.341 1.334-.034l9.594-10.148c.044-.044.063-.1.097-.15.028-.047.069-.088.091-.141z\"\/><\/g><defs><clipPath id=\"acA\"><path fill=\"#fff\" d=\"M0 0h22v22H0z\"\/><\/clipPath><\/defs><\/svg><\/span><\/a><\/div>[vc_zigzag color=&#8221;custom&#8221; el_border_width=&#8221;20&#8243; custom_color=&#8221;#f6faff&#8221;][\/vc_column][vc_column width=&#8221;1\/3&#8243;][vc_zigzag color=&#8221;custom&#8221; el_border_width=&#8221;20&#8243; custom_color=&#8221;#f6faff&#8221;]<div class=\"uoh_title_component-container\"><h2 class=\"title title--ms d-inline-block title--decorator  medium\">S\u00edguenos<\/h2><\/div><div class=\"uoh_link_component pe-4 d-inline-block py-1 button_icon inline\"><i class=\"me-2 fab fa-instagram\" style=\"color: #42a0f8\"><\/i><a href=\"https:\/\/www.instagram.com\/admision_uoh\/?hl=es\"\n                                    class=\"link link--bold component__btn-content\"\n                                    title\"\"\n                                    target=\"_blank\"\n                                    rel=\"\">@admision_uoh<span class=\"icon icon--inline icon--link\"><svg version=\"1.1\" xmlns=\"http:\/\/www.w3.org\/2000\/svg\" xmlns:xlink=\"http:\/\/www.w3.org\/1999\/xlink\" x=\"0px\" y=\"0px\" width=\"22px\"height=\"22px\" viewBox=\"0 0 22 22\" style=\"overflow:visible;enable-background:new 0 0 80 64.6;\" xml:space=\"preserve\"><g clip-path=\"url(#acA)\"><path fill-rule=\"evenodd\" d=\"M21.913 11.266a.93.93 0 000-.711c-.022-.056-.063-.097-.091-.144s-.053-.103-.097-.15L12.306.294c-.357-.379-.955-.394-1.334-.038s-.394.955-.038 1.334l7.917 8.374H.927a.95.95 0 00-.908.983.946.946 0 00.908.908h17.924l-8.089 8.552c-.357.379-.341.977.034 1.334s.977.341 1.334-.034l9.594-10.148c.044-.044.063-.1.097-.15.028-.047.069-.088.091-.141z\"\/><\/g><defs><clipPath id=\"acA\"><path fill=\"#fff\" d=\"M0 0h22v22H0z\"\/><\/clipPath><\/defs><\/svg><\/span><\/a><\/div><div class=\"uoh_link_component pe-4 d-inline-block py-1 button_icon inline\"><i class=\"me-2 fab fa-facebook\" style=\"color: #42a0f8\"><\/i><a href=\"https:\/\/www.facebook.com\/SomosUOH\/\"\n                                    class=\"link link--bold component__btn-content\"\n                                    title\"\"\n                                    target=\"_blank\"\n                                    rel=\"\">Admisi\u00f3n Universidad de O&#8217;Higgins<span class=\"icon icon--inline icon--link\"><svg version=\"1.1\" xmlns=\"http:\/\/www.w3.org\/2000\/svg\" xmlns:xlink=\"http:\/\/www.w3.org\/1999\/xlink\" x=\"0px\" y=\"0px\" width=\"22px\"height=\"22px\" viewBox=\"0 0 22 22\" style=\"overflow:visible;enable-background:new 0 0 80 64.6;\" xml:space=\"preserve\"><g clip-path=\"url(#acA)\"><path fill-rule=\"evenodd\" d=\"M21.913 11.266a.93.93 0 000-.711c-.022-.056-.063-.097-.091-.144s-.053-.103-.097-.15L12.306.294c-.357-.379-.955-.394-1.334-.038s-.394.955-.038 1.334l7.917 8.374H.927a.95.95 0 00-.908.983.946.946 0 00.908.908h17.924l-8.089 8.552c-.357.379-.341.977.034 1.334s.977.341 1.334-.034l9.594-10.148c.044-.044.063-.1.097-.15.028-.047.069-.088.091-.141z\"\/><\/g><defs><clipPath id=\"acA\"><path fill=\"#fff\" d=\"M0 0h22v22H0z\"\/><\/clipPath><\/defs><\/svg><\/span><\/a><\/div><div class=\"uoh_link_component pe-4 d-inline-block py-1 button_icon inline\"><i class=\"me-2 fas fa-play-circle\" style=\"color: #42a0f8\"><\/i><a href=\"https:\/\/www.tiktok.com\/@admision_uoh\"\n                                    class=\"link link--bold component__btn-content\"\n                                    title\"\"\n                                    target=\"_blank\"\n                                    rel=\"\">@admision_uoh<span class=\"icon icon--inline icon--link\"><svg version=\"1.1\" xmlns=\"http:\/\/www.w3.org\/2000\/svg\" xmlns:xlink=\"http:\/\/www.w3.org\/1999\/xlink\" x=\"0px\" y=\"0px\" width=\"22px\"height=\"22px\" viewBox=\"0 0 22 22\" style=\"overflow:visible;enable-background:new 0 0 80 64.6;\" xml:space=\"preserve\"><g clip-path=\"url(#acA)\"><path fill-rule=\"evenodd\" d=\"M21.913 11.266a.93.93 0 000-.711c-.022-.056-.063-.097-.091-.144s-.053-.103-.097-.15L12.306.294c-.357-.379-.955-.394-1.334-.038s-.394.955-.038 1.334l7.917 8.374H.927a.95.95 0 00-.908.983.946.946 0 00.908.908h17.924l-8.089 8.552c-.357.379-.341.977.034 1.334s.977.341 1.334-.034l9.594-10.148c.044-.044.063-.1.097-.15.028-.047.069-.088.091-.141z\"\/><\/g><defs><clipPath id=\"acA\"><path fill=\"#fff\" d=\"M0 0h22v22H0z\"\/><\/clipPath><\/defs><\/svg><\/span><\/a><\/div>[\/vc_column][vc_column width=&#8221;1\/3&#8243;]<div class=\"uoh_title_component-container\"><h2 class=\"title title--ms d-inline-block title--decorator  medium\">Contacto<\/h2><\/div><div class=\"uoh_link_component pe-4 d-inline-block py-1 button_icon inline\"><i class=\"me-2 far fa-envelope\" style=\"color: #42a0f8\"><\/i><a href=\"mailto:admision@uoh.cl\"\n                                    class=\"link link--bold component__btn-content\"\n                                    title\"admision@uoh.cl\"\n                                    target=\"_blank\"\n                                    rel=\"\">admision@uoh.cl<span class=\"icon icon--inline icon--link\"><svg version=\"1.1\" xmlns=\"http:\/\/www.w3.org\/2000\/svg\" xmlns:xlink=\"http:\/\/www.w3.org\/1999\/xlink\" x=\"0px\" y=\"0px\" width=\"22px\"height=\"22px\" viewBox=\"0 0 22 22\" style=\"overflow:visible;enable-background:new 0 0 80 64.6;\" xml:space=\"preserve\"><g clip-path=\"url(#acA)\"><path fill-rule=\"evenodd\" d=\"M21.913 11.266a.93.93 0 000-.711c-.022-.056-.063-.097-.091-.144s-.053-.103-.097-.15L12.306.294c-.357-.379-.955-.394-1.334-.038s-.394.955-.038 1.334l7.917 8.374H.927a.95.95 0 00-.908.983.946.946 0 00.908.908h17.924l-8.089 8.552c-.357.379-.341.977.034 1.334s.977.341 1.334-.034l9.594-10.148c.044-.044.063-.1.097-.15.028-.047.069-.088.091-.141z\"\/><\/g><defs><clipPath id=\"acA\"><path fill=\"#fff\" d=\"M0 0h22v22H0z\"\/><\/clipPath><\/defs><\/svg><\/span><\/a><\/div>[vc_zigzag color=&#8221;custom&#8221; el_border_width=&#8221;20&#8243; custom_color=&#8221;#f6faff&#8221;][\/vc_column][\/vc_row][vc_row][vc_column][vc_zigzag color=&#8221;custom&#8221; custom_color=&#8221;#f6faff&#8221;][\/vc_column][\/vc_row][\/vc_section]<\/p>\n<\/div>","protected":false},"excerpt":{"rendered":"<p>[vc_row][vc_column][\/vc_column][\/vc_row][vc_section el_class=&#8221;container mx-auto align-items-center circle&#8211;pattern&#8221; css=&#8221;.vc_custom_1648956589196{padding-top: 3rem !important;}&#8221;][vc_row el_class=&#8221;pb-5&#8243;][vc_column][vc_wp_custommenu nav_menu=&#8221;8&#8243;][vc_column_text] \u00bfSientes la vocaci\u00f3n de ense\u00f1ar y sacaste m\u00e1s de 625 puntos en la PAES? Si es as\u00ed, existe una beca del Ministerio de Educaci\u00f3n (Mineduc) que financia el costo total de tu carrera. Est\u00e1 dirigida a estudiantes que se matriculen por primera vez en primer [&hellip;]<\/p>\n","protected":false},"author":23,"featured_media":0,"parent":0,"menu_order":0,"comment_status":"closed","ping_status":"closed","template":"","meta":{"_acf_changed":false,"footnotes":""},"class_list":["post-3660","page","type-page","status-publish","hentry"],"acf":[],"yoast_head":"<!-- This site is optimized with the Yoast SEO plugin v26.6 - https:\/\/yoast.com\/wordpress\/plugins\/seo\/ -->\n<title>Beca Vocaci\u00f3n de Profesor - Pedagog\u00edas (BVP Pedagog\u00eda) - Admisi\u00f3n UOH<\/title>\n<meta name=\"robots\" content=\"index, follow, max-snippet:-1, max-image-preview:large, max-video-preview:-1\" \/>\n<link rel=\"canonical\" href=\"https:\/\/www.uoh.cl\/admision\/beca-vocacion-de-profesor-pedagogias-bvp-pedagogia\/\" \/>\n<meta property=\"og:locale\" content=\"es_ES\" \/>\n<meta property=\"og:type\" content=\"article\" \/>\n<meta property=\"og:title\" content=\"Beca Vocaci\u00f3n de Profesor - Pedagog\u00edas (BVP Pedagog\u00eda) - Admisi\u00f3n UOH\" \/>\n<meta property=\"og:description\" content=\"[vc_row][vc_column][\/vc_column][\/vc_row][vc_section el_class=&#8221;container mx-auto align-items-center circle&#8211;pattern&#8221; css=&#8221;.vc_custom_1648956589196{padding-top: 3rem !important;}&#8221;][vc_row el_class=&#8221;pb-5&#8243;][vc_column][vc_wp_custommenu nav_menu=&#8221;8&#8243;][vc_column_text] \u00bfSientes la vocaci\u00f3n de ense\u00f1ar y sacaste m\u00e1s de 625 puntos en la PAES? Si es as\u00ed, existe una beca del Ministerio de Educaci\u00f3n (Mineduc) que financia el costo total de tu carrera. Est\u00e1 dirigida a estudiantes que se matriculen por primera vez en primer [&hellip;]\" \/>\n<meta property=\"og:url\" content=\"https:\/\/www.uoh.cl\/admision\/beca-vocacion-de-profesor-pedagogias-bvp-pedagogia\/\" \/>\n<meta property=\"og:site_name\" content=\"Admisi\u00f3n UOH\" \/>\n<meta property=\"article:modified_time\" content=\"2025-05-16T15:01:00+00:00\" \/>\n<meta name=\"twitter:card\" content=\"summary_large_image\" \/>\n<meta name=\"twitter:label1\" content=\"Tiempo estimado de lectura\" \/>\n\t<meta name=\"twitter:data1\" content=\"2 minutos\" \/>\n<script type=\"application\/ld+json\" class=\"yoast-schema-graph\">{\"@context\":\"https:\/\/schema.org\",\"@graph\":[{\"@type\":\"WebPage\",\"@id\":\"https:\/\/www.uoh.cl\/admision\/beca-vocacion-de-profesor-pedagogias-bvp-pedagogia\/\",\"url\":\"https:\/\/www.uoh.cl\/admision\/beca-vocacion-de-profesor-pedagogias-bvp-pedagogia\/\",\"name\":\"Beca Vocaci\u00f3n de Profesor - Pedagog\u00edas (BVP Pedagog\u00eda) - Admisi\u00f3n UOH\",\"isPartOf\":{\"@id\":\"https:\/\/www.uoh.cl\/admision\/#website\"},\"datePublished\":\"2023-11-09T20:52:52+00:00\",\"dateModified\":\"2025-05-16T15:01:00+00:00\",\"inLanguage\":\"es-CL\",\"potentialAction\":[{\"@type\":\"ReadAction\",\"target\":[\"https:\/\/www.uoh.cl\/admision\/beca-vocacion-de-profesor-pedagogias-bvp-pedagogia\/\"]}]},{\"@type\":\"WebSite\",\"@id\":\"https:\/\/www.uoh.cl\/admision\/#website\",\"url\":\"https:\/\/www.uoh.cl\/admision\/\",\"name\":\"Admisi\u00f3n UOH\",\"description\":\"Otro sitio de Sitios de Universidad O&#039;higgins\",\"potentialAction\":[{\"@type\":\"SearchAction\",\"target\":{\"@type\":\"EntryPoint\",\"urlTemplate\":\"https:\/\/www.uoh.cl\/admision\/?s={search_term_string}\"},\"query-input\":{\"@type\":\"PropertyValueSpecification\",\"valueRequired\":true,\"valueName\":\"search_term_string\"}}],\"inLanguage\":\"es-CL\"}]}<\/script>\n<!-- \/ Yoast SEO plugin. -->","yoast_head_json":{"title":"Beca Vocaci\u00f3n de Profesor - Pedagog\u00edas (BVP Pedagog\u00eda) - Admisi\u00f3n UOH","robots":{"index":"index","follow":"follow","max-snippet":"max-snippet:-1","max-image-preview":"max-image-preview:large","max-video-preview":"max-video-preview:-1"},"canonical":"https:\/\/www.uoh.cl\/admision\/beca-vocacion-de-profesor-pedagogias-bvp-pedagogia\/","og_locale":"es_ES","og_type":"article","og_title":"Beca Vocaci\u00f3n de Profesor - Pedagog\u00edas (BVP Pedagog\u00eda) - Admisi\u00f3n UOH","og_description":"[vc_row][vc_column][\/vc_column][\/vc_row][vc_section el_class=&#8221;container mx-auto align-items-center circle&#8211;pattern&#8221; css=&#8221;.vc_custom_1648956589196{padding-top: 3rem !important;}&#8221;][vc_row el_class=&#8221;pb-5&#8243;][vc_column][vc_wp_custommenu nav_menu=&#8221;8&#8243;][vc_column_text] \u00bfSientes la vocaci\u00f3n de ense\u00f1ar y sacaste m\u00e1s de 625 puntos en la PAES? Si es as\u00ed, existe una beca del Ministerio de Educaci\u00f3n (Mineduc) que financia el costo total de tu carrera. Est\u00e1 dirigida a estudiantes que se matriculen por primera vez en primer [&hellip;]","og_url":"https:\/\/www.uoh.cl\/admision\/beca-vocacion-de-profesor-pedagogias-bvp-pedagogia\/","og_site_name":"Admisi\u00f3n UOH","article_modified_time":"2025-05-16T15:01:00+00:00","twitter_card":"summary_large_image","twitter_misc":{"Tiempo estimado de lectura":"2 minutos"},"schema":{"@context":"https:\/\/schema.org","@graph":[{"@type":"WebPage","@id":"https:\/\/www.uoh.cl\/admision\/beca-vocacion-de-profesor-pedagogias-bvp-pedagogia\/","url":"https:\/\/www.uoh.cl\/admision\/beca-vocacion-de-profesor-pedagogias-bvp-pedagogia\/","name":"Beca Vocaci\u00f3n de Profesor - Pedagog\u00edas (BVP Pedagog\u00eda) - Admisi\u00f3n UOH","isPartOf":{"@id":"https:\/\/www.uoh.cl\/admision\/#website"},"datePublished":"2023-11-09T20:52:52+00:00","dateModified":"2025-05-16T15:01:00+00:00","inLanguage":"es-CL","potentialAction":[{"@type":"ReadAction","target":["https:\/\/www.uoh.cl\/admision\/beca-vocacion-de-profesor-pedagogias-bvp-pedagogia\/"]}]},{"@type":"WebSite","@id":"https:\/\/www.uoh.cl\/admision\/#website","url":"https:\/\/www.uoh.cl\/admision\/","name":"Admisi\u00f3n UOH","description":"Otro sitio de Sitios de Universidad O&#039;higgins","potentialAction":[{"@type":"SearchAction","target":{"@type":"EntryPoint","urlTemplate":"https:\/\/www.uoh.cl\/admision\/?s={search_term_string}"},"query-input":{"@type":"PropertyValueSpecification","valueRequired":true,"valueName":"search_term_string"}}],"inLanguage":"es-CL"}]}},"_links":{"self":[{"href":"https:\/\/www.uoh.cl\/admision\/wp-json\/wp\/v2\/pages\/3660","targetHints":{"allow":["GET"]}}],"collection":[{"href":"https:\/\/www.uoh.cl\/admision\/wp-json\/wp\/v2\/pages"}],"about":[{"href":"https:\/\/www.uoh.cl\/admision\/wp-json\/wp\/v2\/types\/page"}],"author":[{"embeddable":true,"href":"https:\/\/www.uoh.cl\/admision\/wp-json\/wp\/v2\/users\/23"}],"replies":[{"embeddable":true,"href":"https:\/\/www.uoh.cl\/admision\/wp-json\/wp\/v2\/comments?post=3660"}],"version-history":[{"count":14,"href":"https:\/\/www.uoh.cl\/admision\/wp-json\/wp\/v2\/pages\/3660\/revisions"}],"predecessor-version":[{"id":23248,"href":"https:\/\/www.uoh.cl\/admision\/wp-json\/wp\/v2\/pages\/3660\/revisions\/23248"}],"wp:attachment":[{"href":"https:\/\/www.uoh.cl\/admision\/wp-json\/wp\/v2\/media?parent=3660"}],"curies":[{"name":"wp","href":"https:\/\/api.w.org\/{rel}","templated":true}]}}