
{"id":3118,"date":"2023-10-23T15:48:00","date_gmt":"2023-10-23T18:48:00","guid":{"rendered":"https:\/\/www.uoh.cl\/admision\/?page_id=3118"},"modified":"2025-04-17T18:27:46","modified_gmt":"2025-04-17T21:27:46","slug":"cupo-preparate-uoh","status":"publish","type":"page","link":"https:\/\/www.uoh.cl\/admision\/vias-de-ingreso\/admision-especial\/cupo-preparate-uoh\/","title":{"rendered":"Cupo PREPARATE UOH"},"content":{"rendered":"<div class=\"wpb-content-wrapper\"><p>[vc_section el_class=&#8221;container mx-auto align-items-center circle&#8211;pattern&#8221; css=&#8221;.vc_custom_1673375617444{padding-top: 3rem !important;}&#8221;][vc_row el_class=&#8221;pb-5&#8243;][vc_column][vc_wp_custommenu nav_menu=&#8221;14&#8243;]<div class=\"breadcrumb\"><ol itemscope itemtype=\"https:\/\/schema.org\/BreadcrumbList\"><li itemprop=\"itemListElement\" itemscope itemtype=\"https:\/\/schema.org\/ListItem\"><a itemprop=\"item\" href=\"http:\/\/www.uoh.cl\"><span itemprop=\"name\">Inicio<\/span><\/a><meta itemprop=\"position\" content=\"1\" \/><li itemprop=\"itemListElement\" itemscope itemtype=\"https:\/\/schema.org\/ListItem\"><a itemprop=\"item\" href=\"https:\/\/www.uoh.cl\/admision\"><span itemprop=\"name\">Admisi\u00f3n UOH<\/span><\/a><meta itemprop=\"position\" content=\"2\" \/><li itemprop=\"itemListElement\" itemscope itemtype=\"https:\/\/schema.org\/ListItem\"><a itemprop=\"item\" href=\"https:\/\/www.uoh.cl\/admision\/vias-de-ingreso\/\"><span itemprop=\"name\">V\u00edas de Ingreso<\/span><\/a><meta itemprop=\"position\" content=\"3\" \/><li itemprop=\"itemListElement\" itemscope itemtype=\"https:\/\/schema.org\/ListItem\"><a itemprop=\"item\" href=\"https:\/\/www.uoh.cl\/admision\/vias-de-ingreso\/admision-especial\/\"><span itemprop=\"name\">Admisi\u00f3n Especial<\/span><\/a><meta itemprop=\"position\" content=\"4\" \/><li itemprop=\"itemListElement\" itemscope itemtype=\"https:\/\/schema.org\/ListItem\"><span itemprop=\"name\">Cupo PREPARATE UOH <\/span><meta itemprop=\"position\" content=\"5\" \/><\/ol><\/div><div class=\"uoh_title_component-container\"><h1 class=\"title title--ms d-inline-block title--decorator  big\">Cupo PREPARATE UOH<\/h1><\/div>[vc_column_text css=&#8221;&#8221;]La Universidad de O&#8217;Higgins pone a disposici\u00f3n cupos especiales para estudiantes que hayan finalizado exitosamente el Programa PREPARATE de la UOH.[\/vc_column_text][\/vc_column][\/vc_row][\/vc_section][vc_section css=&#8221;.vc_custom_1727103121206{background-color: #f6faff !important;}&#8221; el_class=&#8221;p-md-0 pt-md-5 pb-md-5&#8243;][vc_row el_class=&#8221;container mx-auto align-items-center p-md-0 pt-5&#8243;][vc_column width=&#8221;1\/6&#8243; el_class=&#8221;p-0&#8243;][\/vc_column][vc_column width=&#8221;2\/3&#8243;][vc_zigzag color=&#8221;custom&#8221; custom_color=&#8221;#f6faff&#8221;]<div class=\"uoh_title_component-container\"><h4 class=\"title title--ms d-inline-block small\">Requisitos<\/h4><\/div>[vc_column_text el_class=&#8221;pb-4 pt-4 w-100&#8243;]Un\/a estudiante ser\u00e1 considerado\/a postulante al Cupo de PREPARATE UOH cuando haya cumplido con todos los requisitos y etapas previstas en el Sistema de Admisi\u00f3n centralizado, y cumpla adem\u00e1s con los siguientes requisitos:<\/p>\n<p>1. Estar habilitado por el Programa PREPARATE UOH, es decir, egresar y aprobar el programa PREPARATE UOH el a\u00f1o correspondiente.<\/p>\n<p>2. Completar el formulario de postulaci\u00f3n y entregar la documentaci\u00f3n requerida en los plazos estipulados por la Direcci\u00f3n de Admisi\u00f3n y Acceso Efectivo (DACE) de la Universidad de O\u2019Higgins que ser\u00e1 informada oportunamente a las y los estudiantes.<\/p>\n<p>3. Ser parte del proceso de Admisi\u00f3n correspondiente.<\/p>\n<p>4. Postular a beneficios estatales (FUAS) del presente proceso de admisi\u00f3n en el primer llamado.<\/p>\n<p>5. Rendir las Pruebas de Acceso obligatorias y electivas requeridas para la(s) carrera(s) elegida(s) por cada postulante. Es de exclusiva responsabilidad de cada postulante inscribir correctamente las pruebas PAES que se requieren para la carrera en que desea seguir sus estudios.<\/p>\n<p>6. Cumplir con los puntajes m\u00ednimos de postulaci\u00f3n establecidos por la UOH, seg\u00fan los criterios por carrera y promedio entre Competencia Lectora y Competencia Matem\u00e1tica 1 (M1) igual o superior a 458.[\/vc_column_text]<div class=\"uoh_title_component-container\"><h4 class=\"title title--ms d-inline-block small\">Del puntaje ponderado<\/h4><\/div>[vc_column_text el_class=&#8221;pb-4 pt-4 w-100&#8243;]Se fijar\u00e1 el puntaje ponderado PREPARATE UOH para la selecci\u00f3n de los\/as estudiantes postulantes:<\/p>\n<table>\n<tbody>\n<tr>\n<td width=\"444\"><strong>Criterio<\/strong><\/td>\n<td width=\"94\"><strong>Ponderaci\u00f3n<\/strong><\/td>\n<\/tr>\n<tr>\n<td width=\"444\">Promedio del Puntaje obtenido de los ensayos aplicados por el programa PREPARATE UOH del \u00e1rea de Competencia Lectora del a\u00f1o en curso<\/td>\n<td width=\"94\">30%<\/td>\n<\/tr>\n<tr>\n<td width=\"444\">Promedio del Puntaje obtenido de los ensayos aplicados por el programa PREPARATE UOH del \u00e1rea de Competencia Matem\u00e1tica 1 (M1) del a\u00f1o en curso<\/td>\n<td width=\"94\">30%<\/td>\n<\/tr>\n<tr>\n<td width=\"444\">Asistencia al programa PREPARATE UOH del a\u00f1o en curso<\/td>\n<td width=\"94\">40%<\/td>\n<\/tr>\n<\/tbody>\n<\/table>\n<p>&nbsp;<\/p>\n<p>Todos los ponderadores se ajustar\u00e1n a puntajes en escala PAES determinada por DEMRE.[\/vc_column_text]<div class=\"uoh_title_component-container\"><h4 class=\"title title--ms d-inline-block small\">De la selecci\u00f3n<\/h4><\/div>[vc_column_text css=&#8221;&#8221; el_class=&#8221;pb-4 pt-3&#8243;]La selecci\u00f3n de estudiantes a este cupo estar\u00e1 a cargo de la Vicerrector\u00eda Acad\u00e9mica, a trav\u00e9s de la Direcci\u00f3n de Admisi\u00f3n y Acceso Efectivo (DACE). El proceso de selecci\u00f3n se realizar\u00e1 en las siguientes etapas:<\/p>\n<ul>\n<li>Cumplir con los requisitos.<\/li>\n<li>Los cupos se asignar\u00e1n autom\u00e1ticamente, en estricto orden decreciente del puntaje ponderado PREPARATE UOH hasta completar el total de cupos.<\/li>\n<li>En caso de que en el proceso de asignaci\u00f3n queden cupos de PREPARATE UOH sin asignar, se repetir\u00e1n los pasos 1 y 2 sin considerar a los\/as estudiantes previamente seleccionados\/as.<\/li>\n<\/ul>\n<p>En caso de empate, se dirimir\u00e1 por el\/la estudiante que tenga el puntaje ranking m\u00e1s alto.<strong>\u00a0\u00a0\u00a0\u00a0\u00a0\u00a0 <\/strong>[\/vc_column_text]<div class=\"uoh_title_component-container\"><h4 class=\"title title--ms d-inline-block small\">De la matr\u00edcula<\/h4><\/div>[vc_column_text]1. Los\/as seleccionados\/as ser\u00e1n publicados a trav\u00e9s de los medios oficiales el d\u00eda anterior al inicio del primer periodo de matr\u00edcula.<\/p>\n<p>2. Para hacer efectivo su cupo, los\/as seleccionados\/as deber\u00e1n matricularse en el primer periodo de matr\u00edcula.<\/p>\n<p>3. De no concretar la matr\u00edcula en dicho periodo, se entender\u00e1 que el\/la estudiante ha desistido del cupo, el cual podr\u00e1 ser asignado en el segundo periodo de matr\u00edcula a otro\/a estudiante que cumpla con los requisitos.[\/vc_column_text][vc_zigzag color=&#8221;custom&#8221; el_class=&#8221;mb-3&#8243; custom_color=&#8221;#F6FAFF&#8221;]<h4 class=\"title title--ms d-inline-block small\">Cupos<\/h4><style>\n    .tabla_ponderaciones tbody tr td,\n    .tabla_ponderaciones tbody tr td a,\n    .tabla_ponderaciones tbody tr td ul li{\n        font-size: 0.7rem;\n    }\n\n    .tabla_ponderaciones thead tr th{\n        font-size: 0.7rem;\n        background-color: #A889FF !important;\n        color: #fff;\n        font-weight: bold;\n    }\n\n\n    .tabla_ponderaciones tbody tr td{\n        font-weight: initial !important;\n    }\n\n    .tabla_ponderaciones tbody tr:nth-child(odd) td{\n        background-color: #A889FF11 !important;\n    }\n    \n    .tabla_ponderaciones tr td:last-child:before {\n        content: \"\";\n        height: 50%;\n        width: 0 !important;\n        background-color: transparent !important;\n        position: absolute;\n        left: 0;\n    }\n<\/style><div class=\"table-responsive\"><input type=\"text\" id=\"search_vacantes\" placeholder=\"Buscar en la tabla...\" class=\"form-control mb-3\">    <table class=\"table table-hover table-striped table-bordered tabla_ponderaciones\" id=\"tabla_vacantes\">\n        <thead>\n            <tr>\n                <th scope=\"col\">C\u00d3D.<\/th>\n                <th scope=\"col\" class=\"text-uppercase\">Nombre Carrera<\/th>\n                <th scope=\"col\" class=\"text-uppercase\">Sede<\/th><th scope=\"col\" class=\"text-uppercase\">Cupo PREPARATE<\/th>            <\/tr>\n        <\/thead>\n        <tbody class=\"table-group-divider\">        <\/tbody>\n    <\/table>\n<\/div><script>\n    document.addEventListener('DOMContentLoaded', function() {\n        function sortTable(table) {\n            var tbody = table.querySelector('tbody');\n            var rows = Array.prototype.slice.call(tbody.querySelectorAll('tr'));\n            rows.sort(function(a, b) {\n                var A = parseInt(a.cells[0].textContent.trim(), 10);\n                var B = parseInt(b.cells[0].textContent.trim(), 10);\n                return A - B;\n            });\n            rows.forEach(function(row) {\n                tbody.appendChild(row);\n            });\n        }\n\n        function filterTable(table, keyword) {\n            var tbody = table.querySelector('tbody');\n            var rows = tbody.querySelectorAll('tr');\n            rows.forEach(function(row) {\n                var cells = row.querySelectorAll('td');\n                var match = false;\n                cells.forEach(function(cell) {\n                    if (cell.textContent.toLowerCase().normalize('NFD').replace(\/[\\u0300-\\u036f]\/g, '').includes(keyword.toLowerCase().normalize('NFD').replace(\/[\\u0300-\\u036f]\/g, ''))) {\n                        match = true;\n                    }\n                });\n                if (match) {\n                    row.style.display = '';\n                } else {\n                    row.style.display = 'none';\n                }\n            });\n        }\n\n        var tabla = document.getElementById('tabla_vacantes');\n        sortTable(tabla);\n\n        var searchInput = document.getElementById('search_vacantes');\n        if (searchInput) {\n            searchInput.addEventListener('input', function() {\n                var keyword = searchInput.value;\n                filterTable(tabla, keyword);\n            });\n        }\n    });\n<\/script>[vc_column_text css=&#8221;&#8221; el_class=&#8221;pt-4&#8243;]<strong><em>* Para postular a carreras de Pedagog\u00eda, se debe cumplir con alguna de las condiciones m\u00ednimas que establece la Ley N\u00b020.903.<\/em><\/strong><\/p>\n<p><strong><em>* Cualquier situaci\u00f3n de excepci\u00f3n no prevista en esta reglamentaci\u00f3n, ser\u00e1 resuelta por la Vicerrector\u00eda Acad\u00e9mica.<\/em><\/strong><\/p>\n<p>[\/vc_column_text]<div class=\"uoh_link_component pe-4 center py-1 button center\"><a href=\"https:\/\/www.uoh.cl\/admision\/vias-de-ingreso\/formulario-de-admision-especial\/\"\n                                    class=\"link link--bold component__btn-content\"\n                                    title\"\"\n                                    target=\"\"\n                                    rel=\"\">\n            <span class=\"icon__arrow-prelink\"><svg version=\"1.1\" xmlns=\"http:\/\/www.w3.org\/2000\/svg\" xmlns:xlink=\"http:\/\/www.w3.org\/1999\/xlink\" x=\"0px\" y=\"0px\" width=\"80px\" height=\"64.6px\" viewBox=\"0 0 80 64.6\" style=\"overflow:visible;enable-background:new 0 0 80 64.6;\" xml:space=\"preserve\"><defs><\/defs><path d=\"M4,36.3h62.3L44.9,57.7c-1.6,1.6-1.6,4.1,0,5.7c1.6,1.6,4.1,1.6,5.7,0l28.3-28.3l0,0c0.2-0.2,0.4-0.4,0.5-0.6 c0.1-0.1,0.1-0.2,0.2-0.3c0.1-0.1,0.1-0.2,0.2-0.4c0.1-0.1,0.1-0.3,0.1-0.4c0-0.1,0.1-0.2,0.1-0.3c0.1-0.3,0.1-0.5,0.1-0.8l0,0 c0,0,0,0,0,0c0-0.3,0-0.5-0.1-0.8c0-0.1-0.1-0.2-0.1-0.3c0-0.1-0.1-0.3-0.1-0.4c-0.1-0.1-0.1-0.3-0.2-0.4c-0.1-0.1-0.1-0.2-0.2-0.3 c-0.1-0.2-0.3-0.4-0.5-0.6L50.5,1.2c-1.6-1.6-4.1-1.6-5.7,0c-1.6,1.6-1.6,4.1,0,5.7l21.5,21.5H4c-2.2,0-4,1.8-4,4S1.8,36.3,4,36.3z\"><\/path><\/svg><\/span>\n            Formulario Admisi\u00f3n Especial<\/a><\/div>[\/vc_column][vc_column width=&#8221;1\/6&#8243;][\/vc_column][\/vc_row][\/vc_section]<\/p>\n<\/div>","protected":false},"excerpt":{"rendered":"<p>[vc_section el_class=&#8221;container mx-auto align-items-center circle&#8211;pattern&#8221; css=&#8221;.vc_custom_1673375617444{padding-top: 3rem !important;}&#8221;][vc_row el_class=&#8221;pb-5&#8243;][vc_column][vc_wp_custommenu nav_menu=&#8221;14&#8243;][vc_column_text css=&#8221;&#8221;]La Universidad de O&#8217;Higgins pone a disposici\u00f3n cupos especiales para estudiantes que hayan finalizado exitosamente el Programa PREPARATE de la UOH.[\/vc_column_text][\/vc_column][\/vc_row][\/vc_section][vc_section css=&#8221;.vc_custom_1727103121206{background-color: #f6faff !important;}&#8221; el_class=&#8221;p-md-0 pt-md-5 pb-md-5&#8243;][vc_row el_class=&#8221;container mx-auto align-items-center p-md-0 pt-5&#8243;][vc_column width=&#8221;1\/6&#8243; el_class=&#8221;p-0&#8243;][\/vc_column][vc_column width=&#8221;2\/3&#8243;][vc_zigzag color=&#8221;custom&#8221; custom_color=&#8221;#f6faff&#8221;][vc_column_text el_class=&#8221;pb-4 pt-4 w-100&#8243;]Un\/a estudiante ser\u00e1 considerado\/a postulante al [&hellip;]<\/p>\n","protected":false},"author":23,"featured_media":0,"parent":64,"menu_order":0,"comment_status":"closed","ping_status":"closed","template":"","meta":{"_acf_changed":false,"footnotes":""},"class_list":["post-3118","page","type-page","status-publish","hentry"],"acf":[],"yoast_head":"<!-- This site is optimized with the Yoast SEO plugin v26.6 - https:\/\/yoast.com\/wordpress\/plugins\/seo\/ -->\n<title>Cupo PREPARATE UOH - Admisi\u00f3n UOH<\/title>\n<meta name=\"robots\" content=\"index, follow, max-snippet:-1, max-image-preview:large, max-video-preview:-1\" \/>\n<link rel=\"canonical\" href=\"https:\/\/www.uoh.cl\/admision\/vias-de-ingreso\/admision-especial\/cupo-preparate-uoh\/\" \/>\n<meta property=\"og:locale\" content=\"es_ES\" \/>\n<meta property=\"og:type\" content=\"article\" \/>\n<meta property=\"og:title\" content=\"Cupo PREPARATE UOH - Admisi\u00f3n UOH\" \/>\n<meta property=\"og:description\" content=\"[vc_section el_class=&#8221;container mx-auto align-items-center circle&#8211;pattern&#8221; css=&#8221;.vc_custom_1673375617444{padding-top: 3rem !important;}&#8221;][vc_row el_class=&#8221;pb-5&#8243;][vc_column][vc_wp_custommenu nav_menu=&#8221;14&#8243;][vc_column_text css=&#8221;&#8221;]La Universidad de O&#8217;Higgins pone a disposici\u00f3n cupos especiales para estudiantes que hayan finalizado exitosamente el Programa PREPARATE de la UOH.[\/vc_column_text][\/vc_column][\/vc_row][\/vc_section][vc_section css=&#8221;.vc_custom_1727103121206{background-color: #f6faff !important;}&#8221; el_class=&#8221;p-md-0 pt-md-5 pb-md-5&#8243;][vc_row el_class=&#8221;container mx-auto align-items-center p-md-0 pt-5&#8243;][vc_column width=&#8221;1\/6&#8243; el_class=&#8221;p-0&#8243;][\/vc_column][vc_column width=&#8221;2\/3&#8243;][vc_zigzag color=&#8221;custom&#8221; custom_color=&#8221;#f6faff&#8221;][vc_column_text el_class=&#8221;pb-4 pt-4 w-100&#8243;]Un\/a estudiante ser\u00e1 considerado\/a postulante al [&hellip;]\" \/>\n<meta property=\"og:url\" content=\"https:\/\/www.uoh.cl\/admision\/vias-de-ingreso\/admision-especial\/cupo-preparate-uoh\/\" \/>\n<meta property=\"og:site_name\" content=\"Admisi\u00f3n UOH\" \/>\n<meta property=\"article:modified_time\" content=\"2025-04-17T21:27:46+00:00\" \/>\n<meta name=\"twitter:card\" content=\"summary_large_image\" \/>\n<meta name=\"twitter:label1\" content=\"Tiempo estimado de lectura\" \/>\n\t<meta name=\"twitter:data1\" content=\"4 minutos\" \/>\n<script type=\"application\/ld+json\" class=\"yoast-schema-graph\">{\"@context\":\"https:\/\/schema.org\",\"@graph\":[{\"@type\":\"WebPage\",\"@id\":\"https:\/\/www.uoh.cl\/admision\/vias-de-ingreso\/admision-especial\/cupo-preparate-uoh\/\",\"url\":\"https:\/\/www.uoh.cl\/admision\/vias-de-ingreso\/admision-especial\/cupo-preparate-uoh\/\",\"name\":\"Cupo PREPARATE UOH - Admisi\u00f3n UOH\",\"isPartOf\":{\"@id\":\"https:\/\/www.uoh.cl\/admision\/#website\"},\"datePublished\":\"2023-10-23T18:48:00+00:00\",\"dateModified\":\"2025-04-17T21:27:46+00:00\",\"breadcrumb\":{\"@id\":\"https:\/\/www.uoh.cl\/admision\/vias-de-ingreso\/admision-especial\/cupo-preparate-uoh\/#breadcrumb\"},\"inLanguage\":\"es-CL\",\"potentialAction\":[{\"@type\":\"ReadAction\",\"target\":[\"https:\/\/www.uoh.cl\/admision\/vias-de-ingreso\/admision-especial\/cupo-preparate-uoh\/\"]}]},{\"@type\":\"BreadcrumbList\",\"@id\":\"https:\/\/www.uoh.cl\/admision\/vias-de-ingreso\/admision-especial\/cupo-preparate-uoh\/#breadcrumb\",\"itemListElement\":[{\"@type\":\"ListItem\",\"position\":1,\"name\":\"V\u00edas de Ingreso\",\"item\":\"https:\/\/www.uoh.cl\/admision\/vias-de-ingreso\/\"},{\"@type\":\"ListItem\",\"position\":2,\"name\":\"Admisi\u00f3n Especial\",\"item\":\"https:\/\/www.uoh.cl\/admision\/vias-de-ingreso\/admision-especial\/\"},{\"@type\":\"ListItem\",\"position\":3,\"name\":\"Cupo PREPARATE UOH\"}]},{\"@type\":\"WebSite\",\"@id\":\"https:\/\/www.uoh.cl\/admision\/#website\",\"url\":\"https:\/\/www.uoh.cl\/admision\/\",\"name\":\"Admisi\u00f3n UOH\",\"description\":\"Otro sitio de Sitios de Universidad O&#039;higgins\",\"potentialAction\":[{\"@type\":\"SearchAction\",\"target\":{\"@type\":\"EntryPoint\",\"urlTemplate\":\"https:\/\/www.uoh.cl\/admision\/?s={search_term_string}\"},\"query-input\":{\"@type\":\"PropertyValueSpecification\",\"valueRequired\":true,\"valueName\":\"search_term_string\"}}],\"inLanguage\":\"es-CL\"}]}<\/script>\n<!-- \/ Yoast SEO plugin. -->","yoast_head_json":{"title":"Cupo PREPARATE UOH - Admisi\u00f3n UOH","robots":{"index":"index","follow":"follow","max-snippet":"max-snippet:-1","max-image-preview":"max-image-preview:large","max-video-preview":"max-video-preview:-1"},"canonical":"https:\/\/www.uoh.cl\/admision\/vias-de-ingreso\/admision-especial\/cupo-preparate-uoh\/","og_locale":"es_ES","og_type":"article","og_title":"Cupo PREPARATE UOH - Admisi\u00f3n UOH","og_description":"[vc_section el_class=&#8221;container mx-auto align-items-center circle&#8211;pattern&#8221; css=&#8221;.vc_custom_1673375617444{padding-top: 3rem !important;}&#8221;][vc_row el_class=&#8221;pb-5&#8243;][vc_column][vc_wp_custommenu nav_menu=&#8221;14&#8243;][vc_column_text css=&#8221;&#8221;]La Universidad de O&#8217;Higgins pone a disposici\u00f3n cupos especiales para estudiantes que hayan finalizado exitosamente el Programa PREPARATE de la UOH.[\/vc_column_text][\/vc_column][\/vc_row][\/vc_section][vc_section css=&#8221;.vc_custom_1727103121206{background-color: #f6faff !important;}&#8221; el_class=&#8221;p-md-0 pt-md-5 pb-md-5&#8243;][vc_row el_class=&#8221;container mx-auto align-items-center p-md-0 pt-5&#8243;][vc_column width=&#8221;1\/6&#8243; el_class=&#8221;p-0&#8243;][\/vc_column][vc_column width=&#8221;2\/3&#8243;][vc_zigzag color=&#8221;custom&#8221; custom_color=&#8221;#f6faff&#8221;][vc_column_text el_class=&#8221;pb-4 pt-4 w-100&#8243;]Un\/a estudiante ser\u00e1 considerado\/a postulante al [&hellip;]","og_url":"https:\/\/www.uoh.cl\/admision\/vias-de-ingreso\/admision-especial\/cupo-preparate-uoh\/","og_site_name":"Admisi\u00f3n UOH","article_modified_time":"2025-04-17T21:27:46+00:00","twitter_card":"summary_large_image","twitter_misc":{"Tiempo estimado de lectura":"4 minutos"},"schema":{"@context":"https:\/\/schema.org","@graph":[{"@type":"WebPage","@id":"https:\/\/www.uoh.cl\/admision\/vias-de-ingreso\/admision-especial\/cupo-preparate-uoh\/","url":"https:\/\/www.uoh.cl\/admision\/vias-de-ingreso\/admision-especial\/cupo-preparate-uoh\/","name":"Cupo PREPARATE UOH - Admisi\u00f3n UOH","isPartOf":{"@id":"https:\/\/www.uoh.cl\/admision\/#website"},"datePublished":"2023-10-23T18:48:00+00:00","dateModified":"2025-04-17T21:27:46+00:00","breadcrumb":{"@id":"https:\/\/www.uoh.cl\/admision\/vias-de-ingreso\/admision-especial\/cupo-preparate-uoh\/#breadcrumb"},"inLanguage":"es-CL","potentialAction":[{"@type":"ReadAction","target":["https:\/\/www.uoh.cl\/admision\/vias-de-ingreso\/admision-especial\/cupo-preparate-uoh\/"]}]},{"@type":"BreadcrumbList","@id":"https:\/\/www.uoh.cl\/admision\/vias-de-ingreso\/admision-especial\/cupo-preparate-uoh\/#breadcrumb","itemListElement":[{"@type":"ListItem","position":1,"name":"V\u00edas de Ingreso","item":"https:\/\/www.uoh.cl\/admision\/vias-de-ingreso\/"},{"@type":"ListItem","position":2,"name":"Admisi\u00f3n Especial","item":"https:\/\/www.uoh.cl\/admision\/vias-de-ingreso\/admision-especial\/"},{"@type":"ListItem","position":3,"name":"Cupo PREPARATE UOH"}]},{"@type":"WebSite","@id":"https:\/\/www.uoh.cl\/admision\/#website","url":"https:\/\/www.uoh.cl\/admision\/","name":"Admisi\u00f3n UOH","description":"Otro sitio de Sitios de Universidad O&#039;higgins","potentialAction":[{"@type":"SearchAction","target":{"@type":"EntryPoint","urlTemplate":"https:\/\/www.uoh.cl\/admision\/?s={search_term_string}"},"query-input":{"@type":"PropertyValueSpecification","valueRequired":true,"valueName":"search_term_string"}}],"inLanguage":"es-CL"}]}},"_links":{"self":[{"href":"https:\/\/www.uoh.cl\/admision\/wp-json\/wp\/v2\/pages\/3118","targetHints":{"allow":["GET"]}}],"collection":[{"href":"https:\/\/www.uoh.cl\/admision\/wp-json\/wp\/v2\/pages"}],"about":[{"href":"https:\/\/www.uoh.cl\/admision\/wp-json\/wp\/v2\/types\/page"}],"author":[{"embeddable":true,"href":"https:\/\/www.uoh.cl\/admision\/wp-json\/wp\/v2\/users\/23"}],"replies":[{"embeddable":true,"href":"https:\/\/www.uoh.cl\/admision\/wp-json\/wp\/v2\/comments?post=3118"}],"version-history":[{"count":11,"href":"https:\/\/www.uoh.cl\/admision\/wp-json\/wp\/v2\/pages\/3118\/revisions"}],"predecessor-version":[{"id":23097,"href":"https:\/\/www.uoh.cl\/admision\/wp-json\/wp\/v2\/pages\/3118\/revisions\/23097"}],"up":[{"embeddable":true,"href":"https:\/\/www.uoh.cl\/admision\/wp-json\/wp\/v2\/pages\/64"}],"wp:attachment":[{"href":"https:\/\/www.uoh.cl\/admision\/wp-json\/wp\/v2\/media?parent=3118"}],"curies":[{"name":"wp","href":"https:\/\/api.w.org\/{rel}","templated":true}]}}