
{"id":3114,"date":"2023-10-23T15:35:12","date_gmt":"2023-10-23T18:35:12","guid":{"rendered":"https:\/\/www.uoh.cl\/admision\/?page_id=3114"},"modified":"2025-10-08T13:57:49","modified_gmt":"2025-10-08T16:57:49","slug":"cupo-programa-vocacion-pedagogica","status":"publish","type":"page","link":"https:\/\/www.uoh.cl\/admision\/vias-de-ingreso\/admision-especial\/cupo-programa-vocacion-pedagogica\/","title":{"rendered":"Cupo Programa Vocaci\u00f3n Pedag\u00f3gica"},"content":{"rendered":"<div class=\"wpb-content-wrapper\"><p>[vc_section el_class=&#8221;container mx-auto align-items-center circle&#8211;pattern&#8221; css=&#8221;.vc_custom_1673375617444{padding-top: 3rem !important;}&#8221;][vc_row el_class=&#8221;pb-5&#8243;][vc_column][vc_wp_custommenu nav_menu=&#8221;14&#8243;]<div class=\"breadcrumb\"><ol itemscope itemtype=\"https:\/\/schema.org\/BreadcrumbList\"><li itemprop=\"itemListElement\" itemscope itemtype=\"https:\/\/schema.org\/ListItem\"><a itemprop=\"item\" href=\"http:\/\/www.uoh.cl\"><span itemprop=\"name\">Inicio<\/span><\/a><meta itemprop=\"position\" content=\"1\" \/><li itemprop=\"itemListElement\" itemscope itemtype=\"https:\/\/schema.org\/ListItem\"><a itemprop=\"item\" href=\"https:\/\/www.uoh.cl\/admision\"><span itemprop=\"name\">Admisi\u00f3n UOH<\/span><\/a><meta itemprop=\"position\" content=\"2\" \/><li itemprop=\"itemListElement\" itemscope itemtype=\"https:\/\/schema.org\/ListItem\"><a itemprop=\"item\" href=\"https:\/\/www.uoh.cl\/admision\/vias-de-ingreso\/\"><span itemprop=\"name\">V\u00edas de Ingreso<\/span><\/a><meta itemprop=\"position\" content=\"3\" \/><li itemprop=\"itemListElement\" itemscope itemtype=\"https:\/\/schema.org\/ListItem\"><a itemprop=\"item\" href=\"https:\/\/www.uoh.cl\/admision\/vias-de-ingreso\/admision-especial\/\"><span itemprop=\"name\">Admisi\u00f3n Especial<\/span><\/a><meta itemprop=\"position\" content=\"4\" \/><li itemprop=\"itemListElement\" itemscope itemtype=\"https:\/\/schema.org\/ListItem\"><span itemprop=\"name\">Cupo Programa Vocaci\u00f3n Pedag\u00f3gica <\/span><meta itemprop=\"position\" content=\"5\" \/><\/ol><\/div><div class=\"uoh_title_component-container\"><h1 class=\"title title--ms d-inline-block title--decorator  big\">Cupo Programa Vocaci\u00f3n Pedag\u00f3gica<\/h1><\/div>[vc_column_text css=&#8221;&#8221;]La Universidad de O\u2019Higgins reconoce la importancia de fomentar la vocaci\u00f3n pedag\u00f3gica y el desarrollo de futuros\/as docentes altamente comprometidos\/as con la educaci\u00f3n.<\/p>\n<p>Conscientes de la relevancia de contar con profesionales de la educaci\u00f3n dedicados y apasionados por la ense\u00f1anza, la UOH busca brindar oportunidades a quienes desean seguir una carrera pedag\u00f3gica. Por ello, el establecimiento de una v\u00eda especial de ingreso confirma y realza el compromiso de la instituci\u00f3n por promover la calidad de la formaci\u00f3n docente y contribuir al fortalecimiento del sistema educativo.[\/vc_column_text][\/vc_column][\/vc_row][\/vc_section][vc_section css=&#8221;.vc_custom_1728056169333{background-color: #f6faff !important;}&#8221; el_class=&#8221;p-md-0 pt-md-5 pb-md-5&#8243;][vc_row el_class=&#8221;container mx-auto align-items-center p-md-0 pt-5&#8243;][vc_column width=&#8221;1\/6&#8243; el_class=&#8221;p-0&#8243;][\/vc_column][vc_column width=&#8221;2\/3&#8243;]<div class=\"uoh_title_component-container\"><h4 class=\"title title--ms d-inline-block small\">Requisitos<\/h4><\/div>[vc_column_text css=&#8221;&#8221; el_class=&#8221;pb-4 pt-4 w-100&#8243;]Se considerar\u00e1 postulante al cupo del Programa de Vocaci\u00f3n Pedag\u00f3gica quien, habiendo cumplido todas las etapas previstas en el Sistema de Admisi\u00f3n Regular, cumpla adem\u00e1s con los siguientes requisitos:<\/p>\n<p>1. Haber aprobado el Programa Vocaci\u00f3n Pedag\u00f3gica, seg\u00fan los criterios de evaluaci\u00f3n que establezca dicho programa.<\/p>\n<p>2. Entregar Certificado de Notas de Ense\u00f1anza Media (promedios finales obtenidos de 1\u00b0 a 4\u00b0 medio).<\/p>\n<p>3. Haber egresado de Ense\u00f1anza Media de la promoci\u00f3n del a\u00f1o de postulaci\u00f3n.<\/p>\n<p>4. Haber egresado de un establecimiento educacional de la Regi\u00f3n de O&#8217;Higgins.<\/p>\n<p>5. Haber rendido las pruebas obligatorias que determine el Sistema de Acceso a la Educaci\u00f3n Superior.<\/p>\n<p>6. Completar el formulario de postulaci\u00f3n y entregar la documentaci\u00f3n requerida en los plazos estipulados por la Direcci\u00f3n de Admisi\u00f3n y Acceso Efectivo (DACE) de la Universidad de O\u2019Higgins, que ser\u00e1 informada oportunamente a los\/as estudiantes.<\/p>\n<p>7. La postulaci\u00f3n realizada v\u00eda DEMRE deber\u00e1 considerar a la Universidad de O\u2019Higgins, incluyendo las carreras postuladas por la v\u00eda de ingreso especial.<\/p>\n<p>8. Entregar el consentimiento informado en el portal DEMRE para el traspaso de datos a las Instituciones de Educaci\u00f3n Superior a m\u00e1s tardar el 05 de enero de 2026. Si no cumple con este requerimiento, no se podr\u00e1n validar requisitos y quedar\u00e1 fuera de postulaci\u00f3n[\/vc_column_text]<div class=\"uoh_title_component-container\"><h4 class=\"title title--ms d-inline-block small\">De la selecci\u00f3n<\/h4><\/div>[vc_column_text css=&#8221;&#8221; el_class=&#8221;pb-4 pt-3&#8243;]La UOH, a trav\u00e9s del Comit\u00e9 Ejecutivo del Programa Vocaci\u00f3n Pedag\u00f3gica revisar\u00e1 el cumplimiento de las condiciones de aprobaci\u00f3n del programa. El Comit\u00e9 estar\u00e1 conformado al menos por:<\/p>\n<ul>\n<li>Director\/a de Pregrado.<\/li>\n<li>Director\/a de la Escuela de Educaci\u00f3n.<\/li>\n<li>Encargado\/a del Programa Vocaci\u00f3n Pedag\u00f3gica.<\/li>\n<li>Director\/a de Admisi\u00f3n y Acceso Efectivo (DACE).<\/li>\n<\/ul>\n<p>[\/vc_column_text]<div class=\"uoh_title_component-container\"><h4 class=\"title title--ms d-inline-block small\">De la matr\u00edcula<\/h4><\/div>[vc_column_text css=&#8221;&#8221;]1. Los\/as seleccionados\/as ser\u00e1n informados\/as a trav\u00e9s de correo electr\u00f3nico institucional de la UOH al correo que el\/la postulante realiz\u00f3 la postulaci\u00f3n.<\/p>\n<p>2. Para hacer efectivo su cupo, los\/as seleccionados\/as deber\u00e1n matricularse en la fecha definida para aquello.<\/p>\n<p>3. Si resulta seleccionado\/a en la misma carrera, tanto por la v\u00eda regular (PAES, +MC, BEA y PACE), como por la v\u00eda especial, primar\u00e1 la selecci\u00f3n y matr\u00edcula por la v\u00eda regular.<\/p>\n<p>4. De no concretar la matr\u00edcula en dicho periodo, se entender\u00e1 que el\/la estudiante ha desistido del cupo, el cual podr\u00e1 ser asignado a otro\/a estudiante que cumpla con los requisitos.[\/vc_column_text][vc_zigzag color=&#8221;custom&#8221; custom_color=&#8221;#f6faff&#8221;]<h4 class=\"title title--ms d-inline-block small\">Cupos disponibles para el Proceso de Admisi\u00f3n 2026<\/h4><style>\n    .tabla_ponderaciones tbody tr td,\n    .tabla_ponderaciones tbody tr td a,\n    .tabla_ponderaciones tbody tr td ul li{\n        font-size: 0.7rem;\n    }\n\n    .tabla_ponderaciones thead tr th{\n        font-size: 0.7rem;\n        background-color: #A889FF !important;\n        color: #fff;\n        font-weight: bold;\n    }\n\n\n    .tabla_ponderaciones tbody tr td{\n        font-weight: initial !important;\n    }\n\n    .tabla_ponderaciones tbody tr:nth-child(odd) td{\n        background-color: #A889FF11 !important;\n    }\n    \n    .tabla_ponderaciones tr td:last-child:before {\n        content: \"\";\n        height: 50%;\n        width: 0 !important;\n        background-color: transparent !important;\n        position: absolute;\n        left: 0;\n    }\n<\/style><div class=\"table-responsive\"><input type=\"text\" id=\"search_vacantes\" placeholder=\"Buscar en la tabla...\" class=\"form-control mb-3\">    <table class=\"table table-hover table-striped table-bordered tabla_ponderaciones\" id=\"tabla_vacantes\">\n        <thead>\n            <tr>\n                <th scope=\"col\">C\u00d3D.<\/th>\n                <th scope=\"col\" class=\"text-uppercase\">Nombre Carrera<\/th>\n                <th scope=\"col\" class=\"text-uppercase\">Sede<\/th><th scope=\"col\" class=\"text-uppercase\">Cupo Programa Vocaci\u00f3n Pedag\u00f3gica<\/th>            <\/tr>\n        <\/thead>\n        <tbody class=\"table-group-divider\">    <tr>\n        <td>47007<\/td>\n        <td class=\"text-uppercase\"><a href=\"https:\/\/www.uoh.cl\/escuela-de-educacion\/?p=22\" class=\"link-primary link-underline-opacity-0 text-uppercase\" target=\"_blank\">Pedagog\u00eda en Ciencias Naturales<\/a><\/td>\n        <td class=\"text-uppercase\">Campus Rancagua<\/td><td scope=\"col\" class=\"text-uppercase\">15<\/td>    <\/tr>    <tr>\n        <td>47002<\/td>\n        <td class=\"text-uppercase\"><a href=\"https:\/\/www.uoh.cl\/escuela-de-educacion\/?p=60\" class=\"link-primary link-underline-opacity-0 text-uppercase\" target=\"_blank\">Pedagog\u00eda en Educaci\u00f3n B\u00e1sica<\/a><\/td>\n        <td class=\"text-uppercase\">Campus Rancagua<\/td><td scope=\"col\" class=\"text-uppercase\">10<\/td>    <\/tr>    <tr>\n        <td>47006<\/td>\n        <td class=\"text-uppercase\"><a href=\"https:\/\/www.uoh.cl\/escuela-de-educacion\/?p=45\" class=\"link-primary link-underline-opacity-0 text-uppercase\" target=\"_blank\">Pedagog\u00eda en Educaci\u00f3n Especial<\/a><\/td>\n        <td class=\"text-uppercase\">Campus Rancagua<\/td><td scope=\"col\" class=\"text-uppercase\">5<\/td>    <\/tr>    <tr>\n        <td>47001<\/td>\n        <td class=\"text-uppercase\"><a href=\"https:\/\/www.uoh.cl\/escuela-de-educacion\/?p=64\" class=\"link-primary link-underline-opacity-0 text-uppercase\" target=\"_blank\">Pedagog\u00eda en Educaci\u00f3n Parvularia<\/a><\/td>\n        <td class=\"text-uppercase\">Campus Rancagua<\/td><td scope=\"col\" class=\"text-uppercase\">10<\/td>    <\/tr>    <tr>\n        <td>47003<\/td>\n        <td class=\"text-uppercase\"><a href=\"https:\/\/www.uoh.cl\/escuela-de-educacion\/?p=55\" class=\"link-primary link-underline-opacity-0 text-uppercase\" target=\"_blank\">Pedagog\u00eda en Ingl\u00e9s para Ense\u00f1anza B\u00e1sica y Media<\/a><\/td>\n        <td class=\"text-uppercase\">Campus Rancagua<\/td><td scope=\"col\" class=\"text-uppercase\">5<\/td>    <\/tr>    <tr>\n        <td>47004<\/td>\n        <td class=\"text-uppercase\"><a href=\"https:\/\/www.uoh.cl\/escuela-de-educacion\/?p=50\" class=\"link-primary link-underline-opacity-0 text-uppercase\" target=\"_blank\">Pedagog\u00eda en Lenguaje y Comunicaci\u00f3n<\/a><\/td>\n        <td class=\"text-uppercase\">Campus Rancagua<\/td><td scope=\"col\" class=\"text-uppercase\">10<\/td>    <\/tr>    <tr>\n        <td>47005<\/td>\n        <td class=\"text-uppercase\"><a href=\"https:\/\/www.uoh.cl\/escuela-de-educacion\/?p=36\" class=\"link-primary link-underline-opacity-0 text-uppercase\" target=\"_blank\">Pedagog\u00eda en Matem\u00e1tica<\/a><\/td>\n        <td class=\"text-uppercase\">Campus Rancagua<\/td><td scope=\"col\" class=\"text-uppercase\">15<\/td>    <\/tr>        <\/tbody>\n    <\/table>\n<\/div><script>\n    document.addEventListener('DOMContentLoaded', function() {\n        function sortTable(table) {\n            var tbody = table.querySelector('tbody');\n            var rows = Array.prototype.slice.call(tbody.querySelectorAll('tr'));\n            rows.sort(function(a, b) {\n                var A = parseInt(a.cells[0].textContent.trim(), 10);\n                var B = parseInt(b.cells[0].textContent.trim(), 10);\n                return A - B;\n            });\n            rows.forEach(function(row) {\n                tbody.appendChild(row);\n            });\n        }\n\n        function filterTable(table, keyword) {\n            var tbody = table.querySelector('tbody');\n            var rows = tbody.querySelectorAll('tr');\n            rows.forEach(function(row) {\n                var cells = row.querySelectorAll('td');\n                var match = false;\n                cells.forEach(function(cell) {\n                    if (cell.textContent.toLowerCase().normalize('NFD').replace(\/[\\u0300-\\u036f]\/g, '').includes(keyword.toLowerCase().normalize('NFD').replace(\/[\\u0300-\\u036f]\/g, ''))) {\n                        match = true;\n                    }\n                });\n                if (match) {\n                    row.style.display = '';\n                } else {\n                    row.style.display = 'none';\n                }\n            });\n        }\n\n        var tabla = document.getElementById('tabla_vacantes');\n        sortTable(tabla);\n\n        var searchInput = document.getElementById('search_vacantes');\n        if (searchInput) {\n            searchInput.addEventListener('input', function() {\n                var keyword = searchInput.value;\n                filterTable(tabla, keyword);\n            });\n        }\n    });\n<\/script>[vc_zigzag color=&#8221;custom&#8221; custom_color=&#8221;#f6faff&#8221;][vc_column_text css=&#8221;&#8221;]<em>* Para postular a carreras de Pedagog\u00eda, se deben cumplir adicionalmente con las condiciones que establece la Ley N\u00b020.903.<\/em>[\/vc_column_text][\/vc_column][vc_column width=&#8221;1\/6&#8243;][\/vc_column][\/vc_row][vc_row][vc_column][vc_row_inner][vc_column_inner width=&#8221;1\/2&#8243;][vc_zigzag color=&#8221;custom&#8221; custom_color=&#8221;#F6FAFF&#8221;][vc_btn title=&#8221;REVISA M\u00c1S INFORMACI\u00d3N AQU\u00cd&#8221; color=&#8221;violet&#8221; align=&#8221;center&#8221; i_icon_fontawesome=&#8221;fas fa-mouse-pointer&#8221; css=&#8221;&#8221; add_icon=&#8221;true&#8221; link=&#8221;url:https%3A%2F%2Fwww.uoh.cl%2Fadmision%2Fprograma-vocacion-pedagogica%2F|target:_blank&#8221;][\/vc_column_inner][vc_column_inner width=&#8221;1\/2&#8243;]<div class=\"uoh_link_component pe-4 d-inline-block py-1 button inline\"><a href=\"https:\/\/admisionespecial.uoh.cl\/\"\n                                    class=\"link link--bold component__btn-content\"\n                                    title\"Plataforma de Postulaci\u00f3n a Admisi\u00f3n Especial\"\n                                    target=\"_blank\"\n                                    rel=\"\">\n            <span class=\"icon__arrow-prelink\"><svg version=\"1.1\" xmlns=\"http:\/\/www.w3.org\/2000\/svg\" xmlns:xlink=\"http:\/\/www.w3.org\/1999\/xlink\" x=\"0px\" y=\"0px\" width=\"80px\" height=\"64.6px\" viewBox=\"0 0 80 64.6\" style=\"overflow:visible;enable-background:new 0 0 80 64.6;\" xml:space=\"preserve\"><defs><\/defs><path d=\"M4,36.3h62.3L44.9,57.7c-1.6,1.6-1.6,4.1,0,5.7c1.6,1.6,4.1,1.6,5.7,0l28.3-28.3l0,0c0.2-0.2,0.4-0.4,0.5-0.6 c0.1-0.1,0.1-0.2,0.2-0.3c0.1-0.1,0.1-0.2,0.2-0.4c0.1-0.1,0.1-0.3,0.1-0.4c0-0.1,0.1-0.2,0.1-0.3c0.1-0.3,0.1-0.5,0.1-0.8l0,0 c0,0,0,0,0,0c0-0.3,0-0.5-0.1-0.8c0-0.1-0.1-0.2-0.1-0.3c0-0.1-0.1-0.3-0.1-0.4c-0.1-0.1-0.1-0.3-0.2-0.4c-0.1-0.1-0.1-0.2-0.2-0.3 c-0.1-0.2-0.3-0.4-0.5-0.6L50.5,1.2c-1.6-1.6-4.1-1.6-5.7,0c-1.6,1.6-1.6,4.1,0,5.7l21.5,21.5H4c-2.2,0-4,1.8-4,4S1.8,36.3,4,36.3z\"><\/path><\/svg><\/span>\n            Plataforma de Postulaci\u00f3n a Admisi\u00f3n Especial<\/a><\/div>[\/vc_column_inner][\/vc_row_inner][\/vc_column][\/vc_row][\/vc_section][vc_row][vc_column width=&#8221;1\/2&#8243;][\/vc_column][vc_column width=&#8221;1\/2&#8243;][\/vc_column][\/vc_row]<\/p>\n<\/div>","protected":false},"excerpt":{"rendered":"<p>[vc_section el_class=&#8221;container mx-auto align-items-center circle&#8211;pattern&#8221; css=&#8221;.vc_custom_1673375617444{padding-top: 3rem !important;}&#8221;][vc_row el_class=&#8221;pb-5&#8243;][vc_column][vc_wp_custommenu nav_menu=&#8221;14&#8243;][vc_column_text css=&#8221;&#8221;]La Universidad de O\u2019Higgins reconoce la importancia de fomentar la vocaci\u00f3n pedag\u00f3gica y el desarrollo de futuros\/as docentes altamente comprometidos\/as con la educaci\u00f3n. Conscientes de la relevancia de contar con profesionales de la educaci\u00f3n dedicados y apasionados por la ense\u00f1anza, la UOH busca brindar oportunidades [&hellip;]<\/p>\n","protected":false},"author":23,"featured_media":0,"parent":64,"menu_order":0,"comment_status":"closed","ping_status":"closed","template":"","meta":{"_acf_changed":false,"footnotes":""},"class_list":["post-3114","page","type-page","status-publish","hentry"],"acf":[],"yoast_head":"<!-- This site is optimized with the Yoast SEO plugin v26.6 - https:\/\/yoast.com\/wordpress\/plugins\/seo\/ -->\n<title>Cupo Programa Vocaci\u00f3n Pedag\u00f3gica - Admisi\u00f3n UOH<\/title>\n<meta name=\"robots\" content=\"index, follow, max-snippet:-1, max-image-preview:large, max-video-preview:-1\" \/>\n<link rel=\"canonical\" href=\"https:\/\/www.uoh.cl\/admision\/vias-de-ingreso\/admision-especial\/cupo-programa-vocacion-pedagogica\/\" \/>\n<meta property=\"og:locale\" content=\"es_ES\" \/>\n<meta property=\"og:type\" content=\"article\" \/>\n<meta property=\"og:title\" content=\"Cupo Programa Vocaci\u00f3n Pedag\u00f3gica - Admisi\u00f3n UOH\" \/>\n<meta property=\"og:description\" content=\"[vc_section el_class=&#8221;container mx-auto align-items-center circle&#8211;pattern&#8221; css=&#8221;.vc_custom_1673375617444{padding-top: 3rem !important;}&#8221;][vc_row el_class=&#8221;pb-5&#8243;][vc_column][vc_wp_custommenu nav_menu=&#8221;14&#8243;][vc_column_text css=&#8221;&#8221;]La Universidad de O\u2019Higgins reconoce la importancia de fomentar la vocaci\u00f3n pedag\u00f3gica y el desarrollo de futuros\/as docentes altamente comprometidos\/as con la educaci\u00f3n. Conscientes de la relevancia de contar con profesionales de la educaci\u00f3n dedicados y apasionados por la ense\u00f1anza, la UOH busca brindar oportunidades [&hellip;]\" \/>\n<meta property=\"og:url\" content=\"https:\/\/www.uoh.cl\/admision\/vias-de-ingreso\/admision-especial\/cupo-programa-vocacion-pedagogica\/\" \/>\n<meta property=\"og:site_name\" content=\"Admisi\u00f3n UOH\" \/>\n<meta property=\"article:modified_time\" content=\"2025-10-08T16:57:49+00:00\" \/>\n<meta name=\"twitter:card\" content=\"summary_large_image\" \/>\n<meta name=\"twitter:label1\" content=\"Tiempo estimado de lectura\" \/>\n\t<meta name=\"twitter:data1\" content=\"3 minutos\" \/>\n<script type=\"application\/ld+json\" class=\"yoast-schema-graph\">{\"@context\":\"https:\/\/schema.org\",\"@graph\":[{\"@type\":\"WebPage\",\"@id\":\"https:\/\/www.uoh.cl\/admision\/vias-de-ingreso\/admision-especial\/cupo-programa-vocacion-pedagogica\/\",\"url\":\"https:\/\/www.uoh.cl\/admision\/vias-de-ingreso\/admision-especial\/cupo-programa-vocacion-pedagogica\/\",\"name\":\"Cupo Programa Vocaci\u00f3n Pedag\u00f3gica - Admisi\u00f3n UOH\",\"isPartOf\":{\"@id\":\"https:\/\/www.uoh.cl\/admision\/#website\"},\"datePublished\":\"2023-10-23T18:35:12+00:00\",\"dateModified\":\"2025-10-08T16:57:49+00:00\",\"breadcrumb\":{\"@id\":\"https:\/\/www.uoh.cl\/admision\/vias-de-ingreso\/admision-especial\/cupo-programa-vocacion-pedagogica\/#breadcrumb\"},\"inLanguage\":\"es-CL\",\"potentialAction\":[{\"@type\":\"ReadAction\",\"target\":[\"https:\/\/www.uoh.cl\/admision\/vias-de-ingreso\/admision-especial\/cupo-programa-vocacion-pedagogica\/\"]}]},{\"@type\":\"BreadcrumbList\",\"@id\":\"https:\/\/www.uoh.cl\/admision\/vias-de-ingreso\/admision-especial\/cupo-programa-vocacion-pedagogica\/#breadcrumb\",\"itemListElement\":[{\"@type\":\"ListItem\",\"position\":1,\"name\":\"V\u00edas de Ingreso\",\"item\":\"https:\/\/www.uoh.cl\/admision\/vias-de-ingreso\/\"},{\"@type\":\"ListItem\",\"position\":2,\"name\":\"Admisi\u00f3n Especial\",\"item\":\"https:\/\/www.uoh.cl\/admision\/vias-de-ingreso\/admision-especial\/\"},{\"@type\":\"ListItem\",\"position\":3,\"name\":\"Cupo Programa Vocaci\u00f3n Pedag\u00f3gica\"}]},{\"@type\":\"WebSite\",\"@id\":\"https:\/\/www.uoh.cl\/admision\/#website\",\"url\":\"https:\/\/www.uoh.cl\/admision\/\",\"name\":\"Admisi\u00f3n UOH\",\"description\":\"Otro sitio de Sitios de Universidad O&#039;higgins\",\"potentialAction\":[{\"@type\":\"SearchAction\",\"target\":{\"@type\":\"EntryPoint\",\"urlTemplate\":\"https:\/\/www.uoh.cl\/admision\/?s={search_term_string}\"},\"query-input\":{\"@type\":\"PropertyValueSpecification\",\"valueRequired\":true,\"valueName\":\"search_term_string\"}}],\"inLanguage\":\"es-CL\"}]}<\/script>\n<!-- \/ Yoast SEO plugin. -->","yoast_head_json":{"title":"Cupo Programa Vocaci\u00f3n Pedag\u00f3gica - Admisi\u00f3n UOH","robots":{"index":"index","follow":"follow","max-snippet":"max-snippet:-1","max-image-preview":"max-image-preview:large","max-video-preview":"max-video-preview:-1"},"canonical":"https:\/\/www.uoh.cl\/admision\/vias-de-ingreso\/admision-especial\/cupo-programa-vocacion-pedagogica\/","og_locale":"es_ES","og_type":"article","og_title":"Cupo Programa Vocaci\u00f3n Pedag\u00f3gica - Admisi\u00f3n UOH","og_description":"[vc_section el_class=&#8221;container mx-auto align-items-center circle&#8211;pattern&#8221; css=&#8221;.vc_custom_1673375617444{padding-top: 3rem !important;}&#8221;][vc_row el_class=&#8221;pb-5&#8243;][vc_column][vc_wp_custommenu nav_menu=&#8221;14&#8243;][vc_column_text css=&#8221;&#8221;]La Universidad de O\u2019Higgins reconoce la importancia de fomentar la vocaci\u00f3n pedag\u00f3gica y el desarrollo de futuros\/as docentes altamente comprometidos\/as con la educaci\u00f3n. Conscientes de la relevancia de contar con profesionales de la educaci\u00f3n dedicados y apasionados por la ense\u00f1anza, la UOH busca brindar oportunidades [&hellip;]","og_url":"https:\/\/www.uoh.cl\/admision\/vias-de-ingreso\/admision-especial\/cupo-programa-vocacion-pedagogica\/","og_site_name":"Admisi\u00f3n UOH","article_modified_time":"2025-10-08T16:57:49+00:00","twitter_card":"summary_large_image","twitter_misc":{"Tiempo estimado de lectura":"3 minutos"},"schema":{"@context":"https:\/\/schema.org","@graph":[{"@type":"WebPage","@id":"https:\/\/www.uoh.cl\/admision\/vias-de-ingreso\/admision-especial\/cupo-programa-vocacion-pedagogica\/","url":"https:\/\/www.uoh.cl\/admision\/vias-de-ingreso\/admision-especial\/cupo-programa-vocacion-pedagogica\/","name":"Cupo Programa Vocaci\u00f3n Pedag\u00f3gica - Admisi\u00f3n UOH","isPartOf":{"@id":"https:\/\/www.uoh.cl\/admision\/#website"},"datePublished":"2023-10-23T18:35:12+00:00","dateModified":"2025-10-08T16:57:49+00:00","breadcrumb":{"@id":"https:\/\/www.uoh.cl\/admision\/vias-de-ingreso\/admision-especial\/cupo-programa-vocacion-pedagogica\/#breadcrumb"},"inLanguage":"es-CL","potentialAction":[{"@type":"ReadAction","target":["https:\/\/www.uoh.cl\/admision\/vias-de-ingreso\/admision-especial\/cupo-programa-vocacion-pedagogica\/"]}]},{"@type":"BreadcrumbList","@id":"https:\/\/www.uoh.cl\/admision\/vias-de-ingreso\/admision-especial\/cupo-programa-vocacion-pedagogica\/#breadcrumb","itemListElement":[{"@type":"ListItem","position":1,"name":"V\u00edas de Ingreso","item":"https:\/\/www.uoh.cl\/admision\/vias-de-ingreso\/"},{"@type":"ListItem","position":2,"name":"Admisi\u00f3n Especial","item":"https:\/\/www.uoh.cl\/admision\/vias-de-ingreso\/admision-especial\/"},{"@type":"ListItem","position":3,"name":"Cupo Programa Vocaci\u00f3n Pedag\u00f3gica"}]},{"@type":"WebSite","@id":"https:\/\/www.uoh.cl\/admision\/#website","url":"https:\/\/www.uoh.cl\/admision\/","name":"Admisi\u00f3n UOH","description":"Otro sitio de Sitios de Universidad O&#039;higgins","potentialAction":[{"@type":"SearchAction","target":{"@type":"EntryPoint","urlTemplate":"https:\/\/www.uoh.cl\/admision\/?s={search_term_string}"},"query-input":{"@type":"PropertyValueSpecification","valueRequired":true,"valueName":"search_term_string"}}],"inLanguage":"es-CL"}]}},"_links":{"self":[{"href":"https:\/\/www.uoh.cl\/admision\/wp-json\/wp\/v2\/pages\/3114","targetHints":{"allow":["GET"]}}],"collection":[{"href":"https:\/\/www.uoh.cl\/admision\/wp-json\/wp\/v2\/pages"}],"about":[{"href":"https:\/\/www.uoh.cl\/admision\/wp-json\/wp\/v2\/types\/page"}],"author":[{"embeddable":true,"href":"https:\/\/www.uoh.cl\/admision\/wp-json\/wp\/v2\/users\/23"}],"replies":[{"embeddable":true,"href":"https:\/\/www.uoh.cl\/admision\/wp-json\/wp\/v2\/comments?post=3114"}],"version-history":[{"count":20,"href":"https:\/\/www.uoh.cl\/admision\/wp-json\/wp\/v2\/pages\/3114\/revisions"}],"predecessor-version":[{"id":11251,"href":"https:\/\/www.uoh.cl\/admision\/wp-json\/wp\/v2\/pages\/3114\/revisions\/11251"}],"up":[{"embeddable":true,"href":"https:\/\/www.uoh.cl\/admision\/wp-json\/wp\/v2\/pages\/64"}],"wp:attachment":[{"href":"https:\/\/www.uoh.cl\/admision\/wp-json\/wp\/v2\/media?parent=3114"}],"curies":[{"name":"wp","href":"https:\/\/api.w.org\/{rel}","templated":true}]}}