
{"id":2845,"date":"2023-09-29T11:45:19","date_gmt":"2023-09-29T14:45:19","guid":{"rendered":"https:\/\/www.uoh.cl\/admision\/?page_id=2845"},"modified":"2025-09-11T14:19:42","modified_gmt":"2025-09-11T17:19:42","slug":"cupo-mas-mujeres-cientificas-mc","status":"publish","type":"page","link":"https:\/\/www.uoh.cl\/admision\/vias-de-ingreso\/admision-especial\/cupo-mas-mujeres-cientificas-mc\/","title":{"rendered":"Cupo M\u00e1s Mujeres Cient\u00edficas (+MC)"},"content":{"rendered":"<div class=\"wpb-content-wrapper\"><p>[vc_section el_class=&#8221;container mx-auto align-items-center circle&#8211;pattern&#8221; css=&#8221;.vc_custom_1673375537392{padding-top: 3rem !important;}&#8221;][vc_row el_class=&#8221;pb-5&#8243;][vc_column][vc_wp_custommenu nav_menu=&#8221;14&#8243;]<div class=\"breadcrumb\"><ol itemscope itemtype=\"https:\/\/schema.org\/BreadcrumbList\"><li itemprop=\"itemListElement\" itemscope itemtype=\"https:\/\/schema.org\/ListItem\"><a itemprop=\"item\" href=\"http:\/\/www.uoh.cl\"><span itemprop=\"name\">Inicio<\/span><\/a><meta itemprop=\"position\" content=\"1\" \/><li itemprop=\"itemListElement\" itemscope itemtype=\"https:\/\/schema.org\/ListItem\"><a itemprop=\"item\" href=\"https:\/\/www.uoh.cl\/admision\"><span itemprop=\"name\">Admisi\u00f3n UOH<\/span><\/a><meta itemprop=\"position\" content=\"2\" \/><li itemprop=\"itemListElement\" itemscope itemtype=\"https:\/\/schema.org\/ListItem\"><a itemprop=\"item\" href=\"https:\/\/www.uoh.cl\/admision\/vias-de-ingreso\/\"><span itemprop=\"name\">V\u00edas de Ingreso<\/span><\/a><meta itemprop=\"position\" content=\"3\" \/><li itemprop=\"itemListElement\" itemscope itemtype=\"https:\/\/schema.org\/ListItem\"><a itemprop=\"item\" href=\"https:\/\/www.uoh.cl\/admision\/vias-de-ingreso\/admision-especial\/\"><span itemprop=\"name\">Admisi\u00f3n Especial<\/span><\/a><meta itemprop=\"position\" content=\"4\" \/><li itemprop=\"itemListElement\" itemscope itemtype=\"https:\/\/schema.org\/ListItem\"><span itemprop=\"name\">Cupo M\u00e1s Mujeres Cient\u00edficas (+MC) <\/span><meta itemprop=\"position\" content=\"5\" \/><\/ol><\/div><div class=\"uoh_title_component-container\"><h1 class=\"title title--ms d-inline-block title--decorator  big\">Cupo M\u00e1s Mujeres Cient\u00edficas (+MC) <\/h1><\/div>[\/vc_column][\/vc_row][\/vc_section][vc_section css=&#8221;.vc_custom_1702415889908{background-color: #f6faff !important;}&#8221; el_class=&#8221;p-md-0 pt-md-5 pb-md-5&#8243;][vc_row el_class=&#8221;container mx-auto align-items-center p-md-0 pt-5&#8243;][vc_column width=&#8221;1\/6&#8243; el_class=&#8221;p-0&#8243;][\/vc_column][vc_column width=&#8221;2\/3&#8243;][vc_column_text el_class=&#8221;pb-4 pt-4 w-100&#8243;]Corresponde a cupos adicionales para mujeres en las carreras de las \u00e1reas de las ciencias, tecnolog\u00eda, ingenier\u00eda y matem\u00e1tica, las llamadas carreras STEM por sus siglas en ingl\u00e9s. Su objetivo es potenciar y aumentar la participaci\u00f3n de mujeres en dichas carreras, con el prop\u00f3sito de contribuir a la disminuci\u00f3n de las brechas de g\u00e9nero y educacionales en estas disciplinas teniendo impacto en los salarios futuros y en el desarrollo pa\u00eds.<\/p>\n<p>El cupo se administrar\u00e1 de forma centralizada por la Subsecretar\u00eda de Educaci\u00f3n Superior a partir de Admisi\u00f3n 2024, siendo esta entidad quien recepcione las postulaciones e informe de la selecci\u00f3n de postulantes a las instituciones de educaci\u00f3n superior.<\/p>\n<p>Las mujeres interesadas en estudiar este tipo de carreras podr\u00e1n acceder a estos cupos haciendo la postulaci\u00f3n con sus puntajes vigentes (correspondientes a los dos \u00faltimos procesos de admisi\u00f3n) a las universidades y carreras que ofrezcan este tipo de vacantes.<\/p>\n<p>En el caso particular de la Universidad de O&#8217;Higgins se abrir\u00e1n vacantes para las carreras de Ingenier\u00eda Ambiental e Ingenier\u00eda Civil. Ambas carreras tienen como requisito la rendici\u00f3n de la prueba de competencia matem\u00e1tica 2 (M2).[\/vc_column_text][vc_zigzag color=&#8221;custom&#8221; el_class=&#8221;mb-3&#8243; css=&#8221;.vc_custom_1702415916270{background-color: #f6faff !important;}&#8221; custom_color=&#8221;#f6faff&#8221;][vc_raw_html]JTNDaWZyYW1lJTIwd2lkdGglM0QlMjI1NjAlMjIlMjBoZWlnaHQlM0QlMjIzMTUlMjIlMjBzcmMlM0QlMjJodHRwcyUzQSUyRiUyRnd3dy55b3V0dWJlLmNvbSUyRmVtYmVkJTJGMFlwS0paLVNEenclM0ZzaSUzRFJnQks2Zl96MVF6am1zWXUlMjIlMjB0aXRsZSUzRCUyMllvdVR1YmUlMjB2aWRlbyUyMHBsYXllciUyMiUyMGZyYW1lYm9yZGVyJTNEJTIyMCUyMiUyMGFsbG93JTNEJTIyYWNjZWxlcm9tZXRlciUzQiUyMGF1dG9wbGF5JTNCJTIwY2xpcGJvYXJkLXdyaXRlJTNCJTIwZW5jcnlwdGVkLW1lZGlhJTNCJTIwZ3lyb3Njb3BlJTNCJTIwcGljdHVyZS1pbi1waWN0dXJlJTNCJTIwd2ViLXNoYXJlJTIyJTIwYWxsb3dmdWxsc2NyZWVuJTNFJTNDJTJGaWZyYW1lJTNF[\/vc_raw_html][vc_zigzag color=&#8221;custom&#8221; el_class=&#8221;mb-3&#8243; css=&#8221;.vc_custom_1702415923446{background-color: #f6faff !important;}&#8221; custom_color=&#8221;#f6faff&#8221;]<h4 class=\"title title--ms d-inline-block small\">Cupos disponibles para el Proceso de Admisi\u00f3n 2026<\/h4><style>\n    .tabla_ponderaciones tbody tr td,\n    .tabla_ponderaciones tbody tr td a,\n    .tabla_ponderaciones tbody tr td ul li{\n        font-size: 0.7rem;\n    }\n\n    .tabla_ponderaciones thead tr th{\n        font-size: 0.7rem;\n        background-color: #A889FF !important;\n        color: #fff;\n        font-weight: bold;\n    }\n\n\n    .tabla_ponderaciones tbody tr td{\n        font-weight: initial !important;\n    }\n\n    .tabla_ponderaciones tbody tr:nth-child(odd) td{\n        background-color: #A889FF11 !important;\n    }\n    \n    .tabla_ponderaciones tr td:last-child:before {\n        content: \"\";\n        height: 50%;\n        width: 0 !important;\n        background-color: transparent !important;\n        position: absolute;\n        left: 0;\n    }\n<\/style><div class=\"table-responsive\"><input type=\"text\" id=\"search_vacantes\" placeholder=\"Buscar en la tabla...\" class=\"form-control mb-3\">    <table class=\"table table-hover table-striped table-bordered tabla_ponderaciones\" id=\"tabla_vacantes\">\n        <thead>\n            <tr>\n                <th scope=\"col\">C\u00d3D.<\/th>\n                <th scope=\"col\" class=\"text-uppercase\">Nombre Carrera<\/th>\n                <th scope=\"col\" class=\"text-uppercase\">Sede<\/th><th scope=\"col\" class=\"text-uppercase\">+MC<\/th>            <\/tr>\n        <\/thead>\n        <tbody class=\"table-group-divider\">    <tr>\n        <td>47201<\/td>\n        <td class=\"text-uppercase\">INGENIER\u00cdA CIVIL CONDUCENTE A:<br><a href=\"https:\/\/www.uoh.cl\/escuela-de-ingenieria\/?p=27\" class=\"link-primary link-underline-opacity-0 text-uppercase\" target=\"_blank\">Ingenier\u00eda Civil El\u00e9ctrica<\/a>,<br><a href=\"https:\/\/www.uoh.cl\/escuela-de-ingenieria\/?p=45\" class=\"link-primary link-underline-opacity-0 text-uppercase\" target=\"_blank\">Ingenier\u00eda Civil en Computaci\u00f3n<\/a>,<br><a href=\"https:\/\/www.uoh.cl\/escuela-de-ingenieria\/?p=57\" class=\"link-primary link-underline-opacity-0 text-uppercase\" target=\"_blank\">Ingenier\u00eda Civil en Modelamiento Matem\u00e1tico de Datos<\/a>,<br><a href=\"https:\/\/www.uoh.cl\/escuela-de-ingenieria\/?p=49\" class=\"link-primary link-underline-opacity-0 text-uppercase\" target=\"_blank\">Ingenier\u00eda Civil Geol\u00f3gica<\/a>,<br><a href=\"https:\/\/www.uoh.cl\/escuela-de-ingenieria\/?p=53\" class=\"link-primary link-underline-opacity-0 text-uppercase\" target=\"_blank\">Ingenier\u00eda Civil Industrial<\/a>,<br><a href=\"https:\/\/www.uoh.cl\/escuela-de-ingenieria\/?p=39\" class=\"link-primary link-underline-opacity-0 text-uppercase\" target=\"_blank\">Ingenier\u00eda Civil Mec\u00e1nica<\/a>,<br><\/td>\n        <td class=\"text-uppercase\">Campus Rancagua<\/td><td scope=\"col\" class=\"text-uppercase\">50<\/td>    <\/tr>    <tr>\n        <td>47131<\/td>\n        <td class=\"text-uppercase\"><a href=\"https:\/\/www.uoh.cl\/escuelas-de-ciencias-agroalimentarias\/?p=150\" class=\"link-primary link-underline-opacity-0 text-uppercase\" target=\"_blank\">Ingenier\u00eda Ambiental<\/a><\/td>\n        <td class=\"text-uppercase\">Campus Colchagua<\/td><td scope=\"col\" class=\"text-uppercase\">6<\/td>    <\/tr>        <\/tbody>\n    <\/table>\n<\/div><script>\n    document.addEventListener('DOMContentLoaded', function() {\n        function sortTable(table) {\n            var tbody = table.querySelector('tbody');\n            var rows = Array.prototype.slice.call(tbody.querySelectorAll('tr'));\n            rows.sort(function(a, b) {\n                var A = parseInt(a.cells[0].textContent.trim(), 10);\n                var B = parseInt(b.cells[0].textContent.trim(), 10);\n                return A - B;\n            });\n            rows.forEach(function(row) {\n                tbody.appendChild(row);\n            });\n        }\n\n        function filterTable(table, keyword) {\n            var tbody = table.querySelector('tbody');\n            var rows = tbody.querySelectorAll('tr');\n            rows.forEach(function(row) {\n                var cells = row.querySelectorAll('td');\n                var match = false;\n                cells.forEach(function(cell) {\n                    if (cell.textContent.toLowerCase().normalize('NFD').replace(\/[\\u0300-\\u036f]\/g, '').includes(keyword.toLowerCase().normalize('NFD').replace(\/[\\u0300-\\u036f]\/g, ''))) {\n                        match = true;\n                    }\n                });\n                if (match) {\n                    row.style.display = '';\n                } else {\n                    row.style.display = 'none';\n                }\n            });\n        }\n\n        var tabla = document.getElementById('tabla_vacantes');\n        sortTable(tabla);\n\n        var searchInput = document.getElementById('search_vacantes');\n        if (searchInput) {\n            searchInput.addEventListener('input', function() {\n                var keyword = searchInput.value;\n                filterTable(tabla, keyword);\n            });\n        }\n    });\n<\/script>[\/vc_column][vc_column width=&#8221;1\/6&#8243;][\/vc_column][\/vc_row][\/vc_section]<\/p>\n<\/div>","protected":false},"excerpt":{"rendered":"<p>[vc_section el_class=&#8221;container mx-auto align-items-center circle&#8211;pattern&#8221; css=&#8221;.vc_custom_1673375537392{padding-top: 3rem !important;}&#8221;][vc_row el_class=&#8221;pb-5&#8243;][vc_column][vc_wp_custommenu nav_menu=&#8221;14&#8243;][\/vc_column][\/vc_row][\/vc_section][vc_section css=&#8221;.vc_custom_1702415889908{background-color: #f6faff !important;}&#8221; el_class=&#8221;p-md-0 pt-md-5 pb-md-5&#8243;][vc_row el_class=&#8221;container mx-auto align-items-center p-md-0 pt-5&#8243;][vc_column width=&#8221;1\/6&#8243; el_class=&#8221;p-0&#8243;][\/vc_column][vc_column width=&#8221;2\/3&#8243;][vc_column_text el_class=&#8221;pb-4 pt-4 w-100&#8243;]Corresponde a cupos adicionales para mujeres en las carreras de las \u00e1reas de las ciencias, tecnolog\u00eda, ingenier\u00eda y matem\u00e1tica, las llamadas carreras STEM por sus siglas en ingl\u00e9s. Su [&hellip;]<\/p>\n","protected":false},"author":23,"featured_media":0,"parent":64,"menu_order":0,"comment_status":"closed","ping_status":"closed","template":"","meta":{"_acf_changed":false,"footnotes":""},"class_list":["post-2845","page","type-page","status-publish","hentry"],"acf":[],"yoast_head":"<!-- This site is optimized with the Yoast SEO plugin v26.6 - https:\/\/yoast.com\/wordpress\/plugins\/seo\/ -->\n<title>Cupo M\u00e1s Mujeres Cient\u00edficas (+MC) - Admisi\u00f3n UOH<\/title>\n<meta name=\"robots\" content=\"index, follow, max-snippet:-1, max-image-preview:large, max-video-preview:-1\" \/>\n<link rel=\"canonical\" href=\"https:\/\/www.uoh.cl\/admision\/vias-de-ingreso\/admision-especial\/cupo-mas-mujeres-cientificas-mc\/\" \/>\n<meta property=\"og:locale\" content=\"es_ES\" \/>\n<meta property=\"og:type\" content=\"article\" \/>\n<meta property=\"og:title\" content=\"Cupo M\u00e1s Mujeres Cient\u00edficas (+MC) - Admisi\u00f3n UOH\" \/>\n<meta property=\"og:description\" content=\"[vc_section el_class=&#8221;container mx-auto align-items-center circle&#8211;pattern&#8221; css=&#8221;.vc_custom_1673375537392{padding-top: 3rem !important;}&#8221;][vc_row el_class=&#8221;pb-5&#8243;][vc_column][vc_wp_custommenu nav_menu=&#8221;14&#8243;][\/vc_column][\/vc_row][\/vc_section][vc_section css=&#8221;.vc_custom_1702415889908{background-color: #f6faff !important;}&#8221; el_class=&#8221;p-md-0 pt-md-5 pb-md-5&#8243;][vc_row el_class=&#8221;container mx-auto align-items-center p-md-0 pt-5&#8243;][vc_column width=&#8221;1\/6&#8243; el_class=&#8221;p-0&#8243;][\/vc_column][vc_column width=&#8221;2\/3&#8243;][vc_column_text el_class=&#8221;pb-4 pt-4 w-100&#8243;]Corresponde a cupos adicionales para mujeres en las carreras de las \u00e1reas de las ciencias, tecnolog\u00eda, ingenier\u00eda y matem\u00e1tica, las llamadas carreras STEM por sus siglas en ingl\u00e9s. Su [&hellip;]\" \/>\n<meta property=\"og:url\" content=\"https:\/\/www.uoh.cl\/admision\/vias-de-ingreso\/admision-especial\/cupo-mas-mujeres-cientificas-mc\/\" \/>\n<meta property=\"og:site_name\" content=\"Admisi\u00f3n UOH\" \/>\n<meta property=\"article:modified_time\" content=\"2025-09-11T17:19:42+00:00\" \/>\n<meta name=\"twitter:card\" content=\"summary_large_image\" \/>\n<meta name=\"twitter:label1\" content=\"Tiempo estimado de lectura\" \/>\n\t<meta name=\"twitter:data1\" content=\"2 minutos\" \/>\n<script type=\"application\/ld+json\" class=\"yoast-schema-graph\">{\"@context\":\"https:\/\/schema.org\",\"@graph\":[{\"@type\":\"WebPage\",\"@id\":\"https:\/\/www.uoh.cl\/admision\/vias-de-ingreso\/admision-especial\/cupo-mas-mujeres-cientificas-mc\/\",\"url\":\"https:\/\/www.uoh.cl\/admision\/vias-de-ingreso\/admision-especial\/cupo-mas-mujeres-cientificas-mc\/\",\"name\":\"Cupo M\u00e1s Mujeres Cient\u00edficas (+MC) - Admisi\u00f3n UOH\",\"isPartOf\":{\"@id\":\"https:\/\/www.uoh.cl\/admision\/#website\"},\"datePublished\":\"2023-09-29T14:45:19+00:00\",\"dateModified\":\"2025-09-11T17:19:42+00:00\",\"breadcrumb\":{\"@id\":\"https:\/\/www.uoh.cl\/admision\/vias-de-ingreso\/admision-especial\/cupo-mas-mujeres-cientificas-mc\/#breadcrumb\"},\"inLanguage\":\"es-CL\",\"potentialAction\":[{\"@type\":\"ReadAction\",\"target\":[\"https:\/\/www.uoh.cl\/admision\/vias-de-ingreso\/admision-especial\/cupo-mas-mujeres-cientificas-mc\/\"]}]},{\"@type\":\"BreadcrumbList\",\"@id\":\"https:\/\/www.uoh.cl\/admision\/vias-de-ingreso\/admision-especial\/cupo-mas-mujeres-cientificas-mc\/#breadcrumb\",\"itemListElement\":[{\"@type\":\"ListItem\",\"position\":1,\"name\":\"V\u00edas de Ingreso\",\"item\":\"https:\/\/www.uoh.cl\/admision\/vias-de-ingreso\/\"},{\"@type\":\"ListItem\",\"position\":2,\"name\":\"Admisi\u00f3n Especial\",\"item\":\"https:\/\/www.uoh.cl\/admision\/vias-de-ingreso\/admision-especial\/\"},{\"@type\":\"ListItem\",\"position\":3,\"name\":\"Cupo M\u00e1s Mujeres Cient\u00edficas (+MC)\"}]},{\"@type\":\"WebSite\",\"@id\":\"https:\/\/www.uoh.cl\/admision\/#website\",\"url\":\"https:\/\/www.uoh.cl\/admision\/\",\"name\":\"Admisi\u00f3n UOH\",\"description\":\"Otro sitio de Sitios de Universidad O&#039;higgins\",\"potentialAction\":[{\"@type\":\"SearchAction\",\"target\":{\"@type\":\"EntryPoint\",\"urlTemplate\":\"https:\/\/www.uoh.cl\/admision\/?s={search_term_string}\"},\"query-input\":{\"@type\":\"PropertyValueSpecification\",\"valueRequired\":true,\"valueName\":\"search_term_string\"}}],\"inLanguage\":\"es-CL\"}]}<\/script>\n<!-- \/ Yoast SEO plugin. -->","yoast_head_json":{"title":"Cupo M\u00e1s Mujeres Cient\u00edficas (+MC) - Admisi\u00f3n UOH","robots":{"index":"index","follow":"follow","max-snippet":"max-snippet:-1","max-image-preview":"max-image-preview:large","max-video-preview":"max-video-preview:-1"},"canonical":"https:\/\/www.uoh.cl\/admision\/vias-de-ingreso\/admision-especial\/cupo-mas-mujeres-cientificas-mc\/","og_locale":"es_ES","og_type":"article","og_title":"Cupo M\u00e1s Mujeres Cient\u00edficas (+MC) - Admisi\u00f3n UOH","og_description":"[vc_section el_class=&#8221;container mx-auto align-items-center circle&#8211;pattern&#8221; css=&#8221;.vc_custom_1673375537392{padding-top: 3rem !important;}&#8221;][vc_row el_class=&#8221;pb-5&#8243;][vc_column][vc_wp_custommenu nav_menu=&#8221;14&#8243;][\/vc_column][\/vc_row][\/vc_section][vc_section css=&#8221;.vc_custom_1702415889908{background-color: #f6faff !important;}&#8221; el_class=&#8221;p-md-0 pt-md-5 pb-md-5&#8243;][vc_row el_class=&#8221;container mx-auto align-items-center p-md-0 pt-5&#8243;][vc_column width=&#8221;1\/6&#8243; el_class=&#8221;p-0&#8243;][\/vc_column][vc_column width=&#8221;2\/3&#8243;][vc_column_text el_class=&#8221;pb-4 pt-4 w-100&#8243;]Corresponde a cupos adicionales para mujeres en las carreras de las \u00e1reas de las ciencias, tecnolog\u00eda, ingenier\u00eda y matem\u00e1tica, las llamadas carreras STEM por sus siglas en ingl\u00e9s. Su [&hellip;]","og_url":"https:\/\/www.uoh.cl\/admision\/vias-de-ingreso\/admision-especial\/cupo-mas-mujeres-cientificas-mc\/","og_site_name":"Admisi\u00f3n UOH","article_modified_time":"2025-09-11T17:19:42+00:00","twitter_card":"summary_large_image","twitter_misc":{"Tiempo estimado de lectura":"2 minutos"},"schema":{"@context":"https:\/\/schema.org","@graph":[{"@type":"WebPage","@id":"https:\/\/www.uoh.cl\/admision\/vias-de-ingreso\/admision-especial\/cupo-mas-mujeres-cientificas-mc\/","url":"https:\/\/www.uoh.cl\/admision\/vias-de-ingreso\/admision-especial\/cupo-mas-mujeres-cientificas-mc\/","name":"Cupo M\u00e1s Mujeres Cient\u00edficas (+MC) - Admisi\u00f3n UOH","isPartOf":{"@id":"https:\/\/www.uoh.cl\/admision\/#website"},"datePublished":"2023-09-29T14:45:19+00:00","dateModified":"2025-09-11T17:19:42+00:00","breadcrumb":{"@id":"https:\/\/www.uoh.cl\/admision\/vias-de-ingreso\/admision-especial\/cupo-mas-mujeres-cientificas-mc\/#breadcrumb"},"inLanguage":"es-CL","potentialAction":[{"@type":"ReadAction","target":["https:\/\/www.uoh.cl\/admision\/vias-de-ingreso\/admision-especial\/cupo-mas-mujeres-cientificas-mc\/"]}]},{"@type":"BreadcrumbList","@id":"https:\/\/www.uoh.cl\/admision\/vias-de-ingreso\/admision-especial\/cupo-mas-mujeres-cientificas-mc\/#breadcrumb","itemListElement":[{"@type":"ListItem","position":1,"name":"V\u00edas de Ingreso","item":"https:\/\/www.uoh.cl\/admision\/vias-de-ingreso\/"},{"@type":"ListItem","position":2,"name":"Admisi\u00f3n Especial","item":"https:\/\/www.uoh.cl\/admision\/vias-de-ingreso\/admision-especial\/"},{"@type":"ListItem","position":3,"name":"Cupo M\u00e1s Mujeres Cient\u00edficas (+MC)"}]},{"@type":"WebSite","@id":"https:\/\/www.uoh.cl\/admision\/#website","url":"https:\/\/www.uoh.cl\/admision\/","name":"Admisi\u00f3n UOH","description":"Otro sitio de Sitios de Universidad O&#039;higgins","potentialAction":[{"@type":"SearchAction","target":{"@type":"EntryPoint","urlTemplate":"https:\/\/www.uoh.cl\/admision\/?s={search_term_string}"},"query-input":{"@type":"PropertyValueSpecification","valueRequired":true,"valueName":"search_term_string"}}],"inLanguage":"es-CL"}]}},"_links":{"self":[{"href":"https:\/\/www.uoh.cl\/admision\/wp-json\/wp\/v2\/pages\/2845","targetHints":{"allow":["GET"]}}],"collection":[{"href":"https:\/\/www.uoh.cl\/admision\/wp-json\/wp\/v2\/pages"}],"about":[{"href":"https:\/\/www.uoh.cl\/admision\/wp-json\/wp\/v2\/types\/page"}],"author":[{"embeddable":true,"href":"https:\/\/www.uoh.cl\/admision\/wp-json\/wp\/v2\/users\/23"}],"replies":[{"embeddable":true,"href":"https:\/\/www.uoh.cl\/admision\/wp-json\/wp\/v2\/comments?post=2845"}],"version-history":[{"count":9,"href":"https:\/\/www.uoh.cl\/admision\/wp-json\/wp\/v2\/pages\/2845\/revisions"}],"predecessor-version":[{"id":27175,"href":"https:\/\/www.uoh.cl\/admision\/wp-json\/wp\/v2\/pages\/2845\/revisions\/27175"}],"up":[{"embeddable":true,"href":"https:\/\/www.uoh.cl\/admision\/wp-json\/wp\/v2\/pages\/64"}],"wp:attachment":[{"href":"https:\/\/www.uoh.cl\/admision\/wp-json\/wp\/v2\/media?parent=2845"}],"curies":[{"name":"wp","href":"https:\/\/api.w.org\/{rel}","templated":true}]}}