
{"id":2814,"date":"2023-09-27T16:06:24","date_gmt":"2023-09-27T19:06:24","guid":{"rendered":"https:\/\/www.uoh.cl\/admision\/?page_id=2814"},"modified":"2023-11-16T10:29:11","modified_gmt":"2023-11-16T13:29:11","slug":"escuela-de-ingenieria","status":"publish","type":"page","link":"https:\/\/www.uoh.cl\/admision\/escuela-de-ingenieria\/","title":{"rendered":"Escuela de Ingenier\u00eda"},"content":{"rendered":"<div class=\"wpb-content-wrapper\"><p>[vc_row][vc_column]<div class=\"uoh_slider_featured_component component__featured-slide row mx-auto col-12 m-0 align-items-center position-relative lazyload\" style=\" background:inherit\" data-bg=\"url(https:\/\/www.uoh.cl\/admision\/wp-content\/uploads\/sites\/2\/2023\/09\/Foto-Carrera-Ingenieria-web-scaled.jpg)\"><div class=\"caption--degrade\"><svg  xmlns=\"http:\/\/www.w3.org\/2000\/svg\" xmlns:xlink=\"http:\/\/www.w3.org\/1999\/xlink\" width=\"1061px\" height=\"539px\"><defs><linearGradient id=\"PSgrad_0\" x1=\"0%\" x2=\"64.279%\" y1=\"76.604%\" y2=\"0%\"><stop offset=\"0%\" stop-color=\"rgb(66,160,248)\" stop-opacity=\"1\" \/><stop offset=\"100%\" stop-color=\"rgb(66,160,248)\" stop-opacity=\"0\" \/><\/linearGradient><\/defs><path fill-rule=\"evenodd\"  fill=\"none\" d=\"M311.000,515.000 C311.000,515.000 211.039,468.555 132.000,357.000 C21.864,201.555 -4.306,4.695 1.000,0.000 L196.000,0.000 L811.000,0.000 L1061.000,0.000 C1061.000,0.000 851.535,430.030 546.000,521.000 C402.674,563.674 311.000,515.000 311.000,515.000 Z\"\/> <path fill=\"url(#PSgrad_0)\"d=\"M311.000,515.000 C311.000,515.000 211.039,468.555 132.000,357.000 C21.864,201.555 -4.306,4.695 1.000,0.000 L196.000,0.000 L811.000,0.000 L1061.000,0.000 C1061.000,0.000 851.535,430.030 546.000,521.000 C402.674,563.674 311.000,515.000 311.000,515.000 Z\"\/><\/svg><\/div><div class=\"caption--quote\"><svg xmlns=\"http:\/\/www.w3.org\/2000\/svg\" xmlns:xlink=\"http:\/\/www.w3.org\/1999\/xlink\"width=\"226px\" height=\"273px\"><defs><linearGradient id=\"PSgrad_0\" x1=\"71.934%\" x2=\"0%\" y1=\"69.466%\" y2=\"0%\"><stop offset=\"0%\" stop-color=\"rgb(66,160,248)\" stop-opacity=\"0.49\" \/><stop offset=\"100%\" stop-color=\"rgb(66,160,248)\" stop-opacity=\"0\" \/><\/linearGradient><\/defs><path fill-rule=\"evenodd\"  fill=\"none\" d=\"M-0.000,273.000 L174.000,273.000 C174.000,273.000 226.000,266.268 226.000,221.000 C226.000,175.732 226.000,-0.000 226.000,-0.000 C226.000,-0.000 24.577,71.878 -0.000,273.000 Z\"\/><path fill=\"url(#PSgrad_0)\"d=\"M-0.000,273.000 L174.000,273.000 C174.000,273.000 226.000,266.268 226.000,221.000 C226.000,175.732 226.000,-0.000 226.000,-0.000 C226.000,-0.000 24.577,71.878 -0.000,273.000 Z\"\/><\/svg><\/div><div class=\"my-uoh_slider_featured_component container mx-auto p-md-0\" ><div class=\"content component__featured-slide-content container row mx-auto aling-items-center p-0\"><h1 class=\"p-0 featured-slide title\"  style=\"\"><em>Carreras UOH: \u00bfCu\u00e1l es para ti?<\/em>Escuela de Ingenier\u00eda<\/h1><\/div><span><\/span><\/div><\/div>[\/vc_column][\/vc_row][vc_section el_class=&#8221;container mx-auto align-items-center circle&#8211;pattern pt-md-5&#8243;][vc_row][vc_column][vc_wp_custommenu nav_menu=&#8221;8&#8243;]<div class=\"breadcrumb\"><ol itemscope itemtype=\"https:\/\/schema.org\/BreadcrumbList\"><li itemprop=\"itemListElement\" itemscope itemtype=\"https:\/\/schema.org\/ListItem\"><a itemprop=\"item\" href=\"http:\/\/www.uoh.cl\"><span itemprop=\"name\">Inicio<\/span><\/a><meta itemprop=\"position\" content=\"1\" \/><li itemprop=\"itemListElement\" itemscope itemtype=\"https:\/\/schema.org\/ListItem\"><a itemprop=\"item\" href=\"https:\/\/www.uoh.cl\/admision\"><span itemprop=\"name\">Admisi\u00f3n UOH<\/span><\/a><meta itemprop=\"position\" content=\"2\" \/><li itemprop=\"itemListElement\" itemscope itemtype=\"https:\/\/schema.org\/ListItem\"><span itemprop=\"name\">Escuela de Ingenier\u00eda <\/span><meta itemprop=\"position\" content=\"3\" \/><\/ol><\/div>[\/vc_column][\/vc_row][\/vc_section][vc_section el_class=&#8221;container mx-auto align-items-center&#8221;][vc_row][vc_column][vc_row_inner][vc_column_inner width=&#8221;1\/2&#8243;]<div class=\"uoh_title_component-container\"><h2 class=\"title title--ms d-inline-block title--decorator  medium\">Ingenier\u00eda Civil en Computaci\u00f3n<\/h2><\/div>[vc_column_text]Conversamos con la docente adjunto, Paula Quitral quien asegur\u00f3 que si te interesa esta alternativa acad\u00e9mica debes considerar tener inter\u00e9s y habilidades en matem\u00e1ticas y ciencias de la computaci\u00f3n.[\/vc_column_text][\/vc_column_inner][vc_column_inner width=&#8221;1\/2&#8243;][vc_raw_html]JTNDaWZyYW1lJTIwd2lkdGglM0QlMjIxMDAlMjUlMjIlMjBoZWlnaHQlM0QlMjIzMTUlMjIlMjBzcmMlM0QlMjJodHRwcyUzQSUyRiUyRnd3dy55b3V0dWJlLmNvbSUyRmVtYmVkJTJGV1BCaHc4dEhkX3clM0ZzaSUzRGhBdnlNV3lFcnRFMTh2b1IlMjIlMjB0aXRsZSUzRCUyMllvdVR1YmUlMjB2aWRlbyUyMHBsYXllciUyMiUyMGZyYW1lYm9yZGVyJTNEJTIyMCUyMiUyMGFsbG93JTNEJTIyYWNjZWxlcm9tZXRlciUzQiUyMGF1dG9wbGF5JTNCJTIwY2xpcGJvYXJkLXdyaXRlJTNCJTIwZW5jcnlwdGVkLW1lZGlhJTNCJTIwZ3lyb3Njb3BlJTNCJTIwcGljdHVyZS1pbi1waWN0dXJlJTNCJTIwd2ViLXNoYXJlJTIyJTIwYWxsb3dmdWxsc2NyZWVuJTNFJTNDJTJGaWZyYW1lJTNF[\/vc_raw_html][\/vc_column_inner][\/vc_row_inner][\/vc_column][\/vc_row][vc_row][vc_column][vc_zigzag color=&#8221;white&#8221;][\/vc_column][\/vc_row][\/vc_section][vc_section css=&#8221;.vc_custom_1698781041128{background-color: #f6faff !important;}&#8221;][vc_row el_class=&#8221;container mx-auto p-md-0 align-items-center pb-5&#8243;][vc_column width=&#8221;1\/2&#8243;]<div class=\"uoh_title_component-container\"><h2 class=\"title title--ms d-inline-block title--decorator  medium\">Ingenier\u00eda Civil en Modelamiento Matem\u00e1tico de Datos<\/h2><\/div>[vc_column_text]Conversamos con su jefe de carrera, V\u00edctor Bucarey.<\/p>\n<p>El\/la Ingeniero\/a Civil en Modelamiento Matem\u00e1tico de Datos de la Universidad de O\u2019Higgins es un\/a profesional que utiliza y desarrolla modelos matem\u00e1ticos, modelos estad\u00edsticos y m\u00e9todos computacionales para analizar datos y extraer informaci\u00f3n de variados contextos.<\/p>\n<p>Los \u00e1mbitos en que se desarrolla la carrera son:<\/p>\n<ul>\n<li>Modelamiento Matem\u00e1tico<\/li>\n<li>Optimizaci\u00f3n<\/li>\n<li>Modelamiento Estad\u00edstico<\/li>\n<li>Ingenier\u00eda de Datos<\/li>\n<\/ul>\n<p>[\/vc_column_text][\/vc_column][vc_column width=&#8221;1\/2&#8243;][vc_raw_html]JTNDaWZyYW1lJTIwd2lkdGglM0QlMjIxMDAlMjUlMjIlMjBoZWlnaHQlM0QlMjIzMTUlMjIlMjBzcmMlM0QlMjJodHRwcyUzQSUyRiUyRnd3dy55b3V0dWJlLmNvbSUyRmVtYmVkJTJGZ1dscFFqZkp5aUElM0ZzaSUzREtqeEw1SEpUX3BJdnpFSzAlMjIlMjB0aXRsZSUzRCUyMllvdVR1YmUlMjB2aWRlbyUyMHBsYXllciUyMiUyMGZyYW1lYm9yZGVyJTNEJTIyMCUyMiUyMGFsbG93JTNEJTIyYWNjZWxlcm9tZXRlciUzQiUyMGF1dG9wbGF5JTNCJTIwY2xpcGJvYXJkLXdyaXRlJTNCJTIwZW5jcnlwdGVkLW1lZGlhJTNCJTIwZ3lyb3Njb3BlJTNCJTIwcGljdHVyZS1pbi1waWN0dXJlJTNCJTIwd2ViLXNoYXJlJTIyJTIwYWxsb3dmdWxsc2NyZWVuJTNFJTNDJTJGaWZyYW1lJTNF[\/vc_raw_html][\/vc_column][\/vc_row][vc_row][vc_column][vc_zigzag color=&#8221;white&#8221;][\/vc_column][\/vc_row][\/vc_section][vc_section][vc_row el_class=&#8221;container mx-auto p-md-0 align-items-center pb-5&#8243;][vc_column width=&#8221;1\/2&#8243;]<div class=\"uoh_title_component-container\"><h2 class=\"title title--ms d-inline-block title--decorator  medium\">Ingenier\u00eda Civil Industrial<\/h2><\/div>[vc_column_text]Conversamos con su jefe de carrera, Job Rivas, quien especific\u00f3 qu\u00e9 habilidades deben poseer quienes quieran estudiar esta alternativa acad\u00e9mica en la Universidad de O\u2019Higgins.<\/p>\n<p>Los \u00e1mbitos en que se desarrolla la carrera son:<\/p>\n<ul>\n<li>Dise\u00f1o de Procesos con Tecnolog\u00edas de Informaci\u00f3n<\/li>\n<li>Comunicaci\u00f3n y Automatizaci\u00f3n<\/li>\n<li>Gesti\u00f3n de Operaciones<\/li>\n<li>Gesti\u00f3n de Organizaciones<\/li>\n<\/ul>\n<p>[\/vc_column_text][\/vc_column][vc_column width=&#8221;1\/2&#8243;][vc_raw_html]JTNDaWZyYW1lJTIwd2lkdGglM0QlMjIxMDAlMjUlMjIlMjBoZWlnaHQlM0QlMjIzMTUlMjIlMjBzcmMlM0QlMjJodHRwcyUzQSUyRiUyRnd3dy55b3V0dWJlLmNvbSUyRmVtYmVkJTJGaDZ4T2ZjT3RqRkElM0ZzaSUzRDRNbi1tWUE4M2NISlF4S0glMjIlMjB0aXRsZSUzRCUyMllvdVR1YmUlMjB2aWRlbyUyMHBsYXllciUyMiUyMGZyYW1lYm9yZGVyJTNEJTIyMCUyMiUyMGFsbG93JTNEJTIyYWNjZWxlcm9tZXRlciUzQiUyMGF1dG9wbGF5JTNCJTIwY2xpcGJvYXJkLXdyaXRlJTNCJTIwZW5jcnlwdGVkLW1lZGlhJTNCJTIwZ3lyb3Njb3BlJTNCJTIwcGljdHVyZS1pbi1waWN0dXJlJTNCJTIwd2ViLXNoYXJlJTIyJTIwYWxsb3dmdWxsc2NyZWVuJTNFJTNDJTJGaWZyYW1lJTNF[\/vc_raw_html][\/vc_column][\/vc_row][vc_row][vc_column][vc_zigzag color=&#8221;white&#8221;][\/vc_column][\/vc_row][\/vc_section][vc_section css=&#8221;.vc_custom_1698781049494{background-color: #f6faff !important;}&#8221;][vc_row el_class=&#8221;container mx-auto p-md-0 align-items-center pb-5&#8243;][vc_column width=&#8221;1\/2&#8243;]<div class=\"uoh_title_component-container\"><h2 class=\"title title--ms d-inline-block title--decorator  medium\">Ingenier\u00eda Civil El\u00e9ctrica<\/h2><\/div>[vc_column_text]<span style=\"font-weight: 400\">\u00a1Descubre de qu\u00e9 trata esta alternativa acad\u00e9mica de la UOH en esta entrevista! Conversamos con su jefe de carrera, Alfonso Ehijo.<\/span><\/p>\n<p><span style=\"font-weight: 400\">Ingenier\u00eda Civil El\u00e9ctrica UOH est\u00e1 formando profesionales capaces de aplicar los conocimientos de las ciencias, la econom\u00eda y la gesti\u00f3n de tecnolog\u00edas con el prop\u00f3sito de producir, adaptar u optimizar bienes y servicios para el desarrollo y el bienestar de la sociedad.<\/span><\/p>\n<p><span style=\"font-weight: 400\">El\/la Ingeniero\/a Civil El\u00e9ctrico\/a egresado de la Universidad de O\u2019Higgins tiene una amplia formaci\u00f3n en Ciencias de la Ingenier\u00eda lo que le permite crear, dise\u00f1ar e implementar desarrollos tecnol\u00f3gicos. Demuestra capacidad de emprendimiento, invenci\u00f3n e innovaci\u00f3n y tiene habilidades de liderazgo, comunicaci\u00f3n y un alto compromiso social.<\/span>[\/vc_column_text][\/vc_column][vc_column width=&#8221;1\/2&#8243;][vc_raw_html]JTNDaWZyYW1lJTIwd2lkdGglM0QlMjIxMDAlMjUlMjIlMjBoZWlnaHQlM0QlMjIzMTUlMjIlMjBzcmMlM0QlMjJodHRwcyUzQSUyRiUyRnd3dy55b3V0dWJlLmNvbSUyRmVtYmVkJTJGc0dGODVFUmZkNnMlM0ZzaSUzRFVKZEZyNFFDVTRwVkpRQzclMjIlMjB0aXRsZSUzRCUyMllvdVR1YmUlMjB2aWRlbyUyMHBsYXllciUyMiUyMGZyYW1lYm9yZGVyJTNEJTIyMCUyMiUyMGFsbG93JTNEJTIyYWNjZWxlcm9tZXRlciUzQiUyMGF1dG9wbGF5JTNCJTIwY2xpcGJvYXJkLXdyaXRlJTNCJTIwZW5jcnlwdGVkLW1lZGlhJTNCJTIwZ3lyb3Njb3BlJTNCJTIwcGljdHVyZS1pbi1waWN0dXJlJTNCJTIwd2ViLXNoYXJlJTIyJTIwYWxsb3dmdWxsc2NyZWVuJTNFJTNDJTJGaWZyYW1lJTNF[\/vc_raw_html][\/vc_column][\/vc_row][vc_row][vc_column][vc_zigzag color=&#8221;white&#8221;][\/vc_column][\/vc_row][\/vc_section][vc_section][vc_row el_class=&#8221;container mx-auto p-md-0 align-items-center pb-5&#8243;][vc_column width=&#8221;1\/2&#8243;]<div class=\"uoh_title_component-container\"><h2 class=\"title title--ms d-inline-block title--decorator  medium\">Ingenier\u00eda Civil Geol\u00f3gica<\/h2><\/div>[vc_column_text]<span style=\"font-weight: 400\">El\/la Ingeniero\/a Civil Ge\u00f3logo\/a cuenta con amplia formaci\u00f3n en Ciencias Geol\u00f3gicas y de la Ingenier\u00eda. Es capaz de concebir soluciones integrales a desaf\u00edos que surgen como resultado de la interacci\u00f3n entre el medio f\u00edsico natural y las actividades humanas.<\/span><\/p>\n<p><span style=\"font-weight: 400\">\u00bfEn qu\u00e9 \u00e1mbitos se desarrolla?<\/span><\/p>\n<ul>\n<li><span style=\"font-weight: 400\">Geolog\u00eda Aplicada a la Ingenier\u00eda<\/span><\/li>\n<li>Ingenier\u00eda en Roca<\/li>\n<li>Recursos H\u00eddricos<\/li>\n<li>Recursos Minerales<\/li>\n<li>Peligros Geol\u00f3gicos<\/li>\n<\/ul>\n<p><span style=\"font-weight: 400\">De eso y mucho m\u00e1s conversamos con su jefe de carrera, Santiago Tassara, en este \u00faltimo cap\u00edtulo de este espacio informativo creado para ti y tus padres\/madres, y\/o apoderados\/as.<\/span>[\/vc_column_text][\/vc_column][vc_column width=&#8221;1\/2&#8243;][vc_raw_html]JTNDaWZyYW1lJTIwd2lkdGglM0QlMjIxMDAlMjUlMjIlMjBoZWlnaHQlM0QlMjIzMTUlMjIlMjBzcmMlM0QlMjJodHRwcyUzQSUyRiUyRnd3dy55b3V0dWJlLmNvbSUyRmVtYmVkJTJGQlg3aDBUeTFZdjglM0ZzaSUzRDlKeUUxUVFuRGRBb3Y0cFolMjIlMjB0aXRsZSUzRCUyMllvdVR1YmUlMjB2aWRlbyUyMHBsYXllciUyMiUyMGZyYW1lYm9yZGVyJTNEJTIyMCUyMiUyMGFsbG93JTNEJTIyYWNjZWxlcm9tZXRlciUzQiUyMGF1dG9wbGF5JTNCJTIwY2xpcGJvYXJkLXdyaXRlJTNCJTIwZW5jcnlwdGVkLW1lZGlhJTNCJTIwZ3lyb3Njb3BlJTNCJTIwcGljdHVyZS1pbi1waWN0dXJlJTNCJTIwd2ViLXNoYXJlJTIyJTIwYWxsb3dmdWxsc2NyZWVuJTNFJTNDJTJGaWZyYW1lJTNF[\/vc_raw_html][\/vc_column][\/vc_row][vc_row][vc_column][vc_zigzag color=&#8221;white&#8221;][\/vc_column][\/vc_row][\/vc_section][vc_section css=&#8221;.vc_custom_1698781049494{background-color: #f6faff !important;}&#8221;][vc_row el_class=&#8221;container mx-auto p-md-0 align-items-center pb-5&#8243;][vc_column width=&#8221;1\/2&#8243;]<div class=\"uoh_title_component-container\"><h2 class=\"title title--ms d-inline-block title--decorator  medium\">Ingenier\u00eda Civil Mec\u00e1nica<\/h2><\/div>[vc_column_text]<span style=\"font-weight: 400\">Junto a Deny Gonz\u00e1lez, jefe de la carrera, conversamos acerca del campo laboral y qu\u00e9 elementos debes considerar si quieres estudiar esta alternativa acad\u00e9mica en la UOH.<\/span><\/p>\n<p><span style=\"font-weight: 400\">El\/la Ingeniero\/a Civil Mec\u00e1nico\/a es un\/a profesional que concibe dispositivos y sistemas mec\u00e1nicos, procesos energ\u00e9ticos y estrategias de gesti\u00f3n de activos, buscando la innovaci\u00f3n tecnol\u00f3gica, con responsabilidad social y teniendo presente el respeto al medio ambiente.<\/span><\/p>\n<p><span style=\"font-weight: 400\">En los \u00e1mbitos desarrollados est\u00e1n:<\/span><\/p>\n<ul>\n<li><span style=\"font-weight: 400\">Dise\u00f1o de Sistemas Mec\u00e1nicos<\/span><\/li>\n<li>Dise\u00f1o de Procesos T\u00e9rmicos y de Conversi\u00f3n de Energ\u00eda<\/li>\n<li>Gesti\u00f3n de Proyectos<\/li>\n<li>Gesti\u00f3n de Activos F\u00edsicos<\/li>\n<\/ul>\n<p>[\/vc_column_text][\/vc_column][vc_column width=&#8221;1\/2&#8243;][vc_raw_html]JTNDaWZyYW1lJTIwd2lkdGglM0QlMjIxMDAlMjUlMjIlMjBoZWlnaHQlM0QlMjIzMTUlMjIlMjBzcmMlM0QlMjJodHRwcyUzQSUyRiUyRnd3dy55b3V0dWJlLmNvbSUyRmVtYmVkJTJGcmp4Y1BmTE5pUlUlM0ZzaSUzRFQ2M2QwR1ZOdkdkdDNNNnclMjIlMjB0aXRsZSUzRCUyMllvdVR1YmUlMjB2aWRlbyUyMHBsYXllciUyMiUyMGZyYW1lYm9yZGVyJTNEJTIyMCUyMiUyMGFsbG93JTNEJTIyYWNjZWxlcm9tZXRlciUzQiUyMGF1dG9wbGF5JTNCJTIwY2xpcGJvYXJkLXdyaXRlJTNCJTIwZW5jcnlwdGVkLW1lZGlhJTNCJTIwZ3lyb3Njb3BlJTNCJTIwcGljdHVyZS1pbi1waWN0dXJlJTNCJTIwd2ViLXNoYXJlJTIyJTIwYWxsb3dmdWxsc2NyZWVuJTNFJTNDJTJGaWZyYW1lJTNF[\/vc_raw_html][\/vc_column][\/vc_row][vc_row][vc_column][vc_zigzag color=&#8221;white&#8221;][\/vc_column][\/vc_row][\/vc_section]<\/p>\n<\/div>","protected":false},"excerpt":{"rendered":"<p>[vc_row][vc_column][\/vc_column][\/vc_row][vc_section el_class=&#8221;container mx-auto align-items-center circle&#8211;pattern pt-md-5&#8243;][vc_row][vc_column][vc_wp_custommenu nav_menu=&#8221;8&#8243;][\/vc_column][\/vc_row][\/vc_section][vc_section el_class=&#8221;container mx-auto align-items-center&#8221;][vc_row][vc_column][vc_row_inner][vc_column_inner width=&#8221;1\/2&#8243;][vc_column_text]Conversamos con la docente adjunto, Paula Quitral quien asegur\u00f3 que si te interesa esta alternativa acad\u00e9mica debes considerar tener inter\u00e9s y habilidades en matem\u00e1ticas y ciencias de la computaci\u00f3n.[\/vc_column_text][\/vc_column_inner][vc_column_inner width=&#8221;1\/2&#8243;][vc_raw_html]JTNDaWZyYW1lJTIwd2lkdGglM0QlMjIxMDAlMjUlMjIlMjBoZWlnaHQlM0QlMjIzMTUlMjIlMjBzcmMlM0QlMjJodHRwcyUzQSUyRiUyRnd3dy55b3V0dWJlLmNvbSUyRmVtYmVkJTJGV1BCaHc4dEhkX3clM0ZzaSUzRGhBdnlNV3lFcnRFMTh2b1IlMjIlMjB0aXRsZSUzRCUyMllvdVR1YmUlMjB2aWRlbyUyMHBsYXllciUyMiUyMGZyYW1lYm9yZGVyJTNEJTIyMCUyMiUyMGFsbG93JTNEJTIyYWNjZWxlcm9tZXRlciUzQiUyMGF1dG9wbGF5JTNCJTIwY2xpcGJvYXJkLXdyaXRlJTNCJTIwZW5jcnlwdGVkLW1lZGlhJTNCJTIwZ3lyb3Njb3BlJTNCJTIwcGljdHVyZS1pbi1waWN0dXJlJTNCJTIwd2ViLXNoYXJlJTIyJTIwYWxsb3dmdWxsc2NyZWVuJTNFJTNDJTJGaWZyYW1lJTNF[\/vc_raw_html][\/vc_column_inner][\/vc_row_inner][\/vc_column][\/vc_row][vc_row][vc_column][vc_zigzag color=&#8221;white&#8221;][\/vc_column][\/vc_row][\/vc_section][vc_section css=&#8221;.vc_custom_1698781041128{background-color: #f6faff !important;}&#8221;][vc_row el_class=&#8221;container mx-auto p-md-0 align-items-center pb-5&#8243;][vc_column width=&#8221;1\/2&#8243;][vc_column_text]Conversamos con su jefe de carrera, [&hellip;]<\/p>\n","protected":false},"author":23,"featured_media":0,"parent":0,"menu_order":0,"comment_status":"closed","ping_status":"closed","template":"","meta":{"_acf_changed":false,"footnotes":""},"class_list":["post-2814","page","type-page","status-publish","hentry"],"acf":[],"yoast_head":"<!-- This site is optimized with the Yoast SEO plugin v26.6 - https:\/\/yoast.com\/wordpress\/plugins\/seo\/ -->\n<title>Escuela de Ingenier\u00eda - Admisi\u00f3n UOH<\/title>\n<meta name=\"robots\" content=\"index, follow, max-snippet:-1, max-image-preview:large, max-video-preview:-1\" \/>\n<link rel=\"canonical\" href=\"https:\/\/www.uoh.cl\/admision\/escuela-de-ingenieria\/\" \/>\n<meta property=\"og:locale\" content=\"es_ES\" \/>\n<meta property=\"og:type\" content=\"article\" \/>\n<meta property=\"og:title\" content=\"Escuela de Ingenier\u00eda - Admisi\u00f3n UOH\" \/>\n<meta property=\"og:description\" content=\"[vc_row][vc_column][\/vc_column][\/vc_row][vc_section el_class=&#8221;container mx-auto align-items-center circle&#8211;pattern pt-md-5&#8243;][vc_row][vc_column][vc_wp_custommenu nav_menu=&#8221;8&#8243;][\/vc_column][\/vc_row][\/vc_section][vc_section el_class=&#8221;container mx-auto align-items-center&#8221;][vc_row][vc_column][vc_row_inner][vc_column_inner width=&#8221;1\/2&#8243;][vc_column_text]Conversamos con la docente adjunto, Paula Quitral quien asegur\u00f3 que si te interesa esta alternativa acad\u00e9mica debes considerar tener inter\u00e9s y habilidades en matem\u00e1ticas y ciencias de la computaci\u00f3n.[\/vc_column_text][\/vc_column_inner][vc_column_inner width=&#8221;1\/2&#8243;][vc_raw_html]JTNDaWZyYW1lJTIwd2lkdGglM0QlMjIxMDAlMjUlMjIlMjBoZWlnaHQlM0QlMjIzMTUlMjIlMjBzcmMlM0QlMjJodHRwcyUzQSUyRiUyRnd3dy55b3V0dWJlLmNvbSUyRmVtYmVkJTJGV1BCaHc4dEhkX3clM0ZzaSUzRGhBdnlNV3lFcnRFMTh2b1IlMjIlMjB0aXRsZSUzRCUyMllvdVR1YmUlMjB2aWRlbyUyMHBsYXllciUyMiUyMGZyYW1lYm9yZGVyJTNEJTIyMCUyMiUyMGFsbG93JTNEJTIyYWNjZWxlcm9tZXRlciUzQiUyMGF1dG9wbGF5JTNCJTIwY2xpcGJvYXJkLXdyaXRlJTNCJTIwZW5jcnlwdGVkLW1lZGlhJTNCJTIwZ3lyb3Njb3BlJTNCJTIwcGljdHVyZS1pbi1waWN0dXJlJTNCJTIwd2ViLXNoYXJlJTIyJTIwYWxsb3dmdWxsc2NyZWVuJTNFJTNDJTJGaWZyYW1lJTNF[\/vc_raw_html][\/vc_column_inner][\/vc_row_inner][\/vc_column][\/vc_row][vc_row][vc_column][vc_zigzag color=&#8221;white&#8221;][\/vc_column][\/vc_row][\/vc_section][vc_section css=&#8221;.vc_custom_1698781041128{background-color: #f6faff !important;}&#8221;][vc_row el_class=&#8221;container mx-auto p-md-0 align-items-center pb-5&#8243;][vc_column width=&#8221;1\/2&#8243;][vc_column_text]Conversamos con su jefe de carrera, [&hellip;]\" \/>\n<meta property=\"og:url\" content=\"https:\/\/www.uoh.cl\/admision\/escuela-de-ingenieria\/\" \/>\n<meta property=\"og:site_name\" content=\"Admisi\u00f3n UOH\" \/>\n<meta property=\"article:modified_time\" content=\"2023-11-16T13:29:11+00:00\" \/>\n<meta name=\"twitter:card\" content=\"summary_large_image\" \/>\n<meta name=\"twitter:label1\" content=\"Tiempo estimado de lectura\" \/>\n\t<meta name=\"twitter:data1\" content=\"3 minutos\" \/>\n<script type=\"application\/ld+json\" class=\"yoast-schema-graph\">{\"@context\":\"https:\/\/schema.org\",\"@graph\":[{\"@type\":\"WebPage\",\"@id\":\"https:\/\/www.uoh.cl\/admision\/escuela-de-ingenieria\/\",\"url\":\"https:\/\/www.uoh.cl\/admision\/escuela-de-ingenieria\/\",\"name\":\"Escuela de Ingenier\u00eda - Admisi\u00f3n UOH\",\"isPartOf\":{\"@id\":\"https:\/\/www.uoh.cl\/admision\/#website\"},\"datePublished\":\"2023-09-27T19:06:24+00:00\",\"dateModified\":\"2023-11-16T13:29:11+00:00\",\"inLanguage\":\"es-CL\",\"potentialAction\":[{\"@type\":\"ReadAction\",\"target\":[\"https:\/\/www.uoh.cl\/admision\/escuela-de-ingenieria\/\"]}]},{\"@type\":\"WebSite\",\"@id\":\"https:\/\/www.uoh.cl\/admision\/#website\",\"url\":\"https:\/\/www.uoh.cl\/admision\/\",\"name\":\"Admisi\u00f3n UOH\",\"description\":\"Otro sitio de Sitios de Universidad O&#039;higgins\",\"potentialAction\":[{\"@type\":\"SearchAction\",\"target\":{\"@type\":\"EntryPoint\",\"urlTemplate\":\"https:\/\/www.uoh.cl\/admision\/?s={search_term_string}\"},\"query-input\":{\"@type\":\"PropertyValueSpecification\",\"valueRequired\":true,\"valueName\":\"search_term_string\"}}],\"inLanguage\":\"es-CL\"}]}<\/script>\n<!-- \/ Yoast SEO plugin. -->","yoast_head_json":{"title":"Escuela de Ingenier\u00eda - Admisi\u00f3n UOH","robots":{"index":"index","follow":"follow","max-snippet":"max-snippet:-1","max-image-preview":"max-image-preview:large","max-video-preview":"max-video-preview:-1"},"canonical":"https:\/\/www.uoh.cl\/admision\/escuela-de-ingenieria\/","og_locale":"es_ES","og_type":"article","og_title":"Escuela de Ingenier\u00eda - Admisi\u00f3n UOH","og_description":"[vc_row][vc_column][\/vc_column][\/vc_row][vc_section el_class=&#8221;container mx-auto align-items-center circle&#8211;pattern pt-md-5&#8243;][vc_row][vc_column][vc_wp_custommenu nav_menu=&#8221;8&#8243;][\/vc_column][\/vc_row][\/vc_section][vc_section el_class=&#8221;container mx-auto align-items-center&#8221;][vc_row][vc_column][vc_row_inner][vc_column_inner width=&#8221;1\/2&#8243;][vc_column_text]Conversamos con la docente adjunto, Paula Quitral quien asegur\u00f3 que si te interesa esta alternativa acad\u00e9mica debes considerar tener inter\u00e9s y habilidades en matem\u00e1ticas y ciencias de la computaci\u00f3n.[\/vc_column_text][\/vc_column_inner][vc_column_inner width=&#8221;1\/2&#8243;][vc_raw_html]JTNDaWZyYW1lJTIwd2lkdGglM0QlMjIxMDAlMjUlMjIlMjBoZWlnaHQlM0QlMjIzMTUlMjIlMjBzcmMlM0QlMjJodHRwcyUzQSUyRiUyRnd3dy55b3V0dWJlLmNvbSUyRmVtYmVkJTJGV1BCaHc4dEhkX3clM0ZzaSUzRGhBdnlNV3lFcnRFMTh2b1IlMjIlMjB0aXRsZSUzRCUyMllvdVR1YmUlMjB2aWRlbyUyMHBsYXllciUyMiUyMGZyYW1lYm9yZGVyJTNEJTIyMCUyMiUyMGFsbG93JTNEJTIyYWNjZWxlcm9tZXRlciUzQiUyMGF1dG9wbGF5JTNCJTIwY2xpcGJvYXJkLXdyaXRlJTNCJTIwZW5jcnlwdGVkLW1lZGlhJTNCJTIwZ3lyb3Njb3BlJTNCJTIwcGljdHVyZS1pbi1waWN0dXJlJTNCJTIwd2ViLXNoYXJlJTIyJTIwYWxsb3dmdWxsc2NyZWVuJTNFJTNDJTJGaWZyYW1lJTNF[\/vc_raw_html][\/vc_column_inner][\/vc_row_inner][\/vc_column][\/vc_row][vc_row][vc_column][vc_zigzag color=&#8221;white&#8221;][\/vc_column][\/vc_row][\/vc_section][vc_section css=&#8221;.vc_custom_1698781041128{background-color: #f6faff !important;}&#8221;][vc_row el_class=&#8221;container mx-auto p-md-0 align-items-center pb-5&#8243;][vc_column width=&#8221;1\/2&#8243;][vc_column_text]Conversamos con su jefe de carrera, [&hellip;]","og_url":"https:\/\/www.uoh.cl\/admision\/escuela-de-ingenieria\/","og_site_name":"Admisi\u00f3n UOH","article_modified_time":"2023-11-16T13:29:11+00:00","twitter_card":"summary_large_image","twitter_misc":{"Tiempo estimado de lectura":"3 minutos"},"schema":{"@context":"https:\/\/schema.org","@graph":[{"@type":"WebPage","@id":"https:\/\/www.uoh.cl\/admision\/escuela-de-ingenieria\/","url":"https:\/\/www.uoh.cl\/admision\/escuela-de-ingenieria\/","name":"Escuela de Ingenier\u00eda - Admisi\u00f3n UOH","isPartOf":{"@id":"https:\/\/www.uoh.cl\/admision\/#website"},"datePublished":"2023-09-27T19:06:24+00:00","dateModified":"2023-11-16T13:29:11+00:00","inLanguage":"es-CL","potentialAction":[{"@type":"ReadAction","target":["https:\/\/www.uoh.cl\/admision\/escuela-de-ingenieria\/"]}]},{"@type":"WebSite","@id":"https:\/\/www.uoh.cl\/admision\/#website","url":"https:\/\/www.uoh.cl\/admision\/","name":"Admisi\u00f3n UOH","description":"Otro sitio de Sitios de Universidad O&#039;higgins","potentialAction":[{"@type":"SearchAction","target":{"@type":"EntryPoint","urlTemplate":"https:\/\/www.uoh.cl\/admision\/?s={search_term_string}"},"query-input":{"@type":"PropertyValueSpecification","valueRequired":true,"valueName":"search_term_string"}}],"inLanguage":"es-CL"}]}},"_links":{"self":[{"href":"https:\/\/www.uoh.cl\/admision\/wp-json\/wp\/v2\/pages\/2814","targetHints":{"allow":["GET"]}}],"collection":[{"href":"https:\/\/www.uoh.cl\/admision\/wp-json\/wp\/v2\/pages"}],"about":[{"href":"https:\/\/www.uoh.cl\/admision\/wp-json\/wp\/v2\/types\/page"}],"author":[{"embeddable":true,"href":"https:\/\/www.uoh.cl\/admision\/wp-json\/wp\/v2\/users\/23"}],"replies":[{"embeddable":true,"href":"https:\/\/www.uoh.cl\/admision\/wp-json\/wp\/v2\/comments?post=2814"}],"version-history":[{"count":4,"href":"https:\/\/www.uoh.cl\/admision\/wp-json\/wp\/v2\/pages\/2814\/revisions"}],"predecessor-version":[{"id":7213,"href":"https:\/\/www.uoh.cl\/admision\/wp-json\/wp\/v2\/pages\/2814\/revisions\/7213"}],"wp:attachment":[{"href":"https:\/\/www.uoh.cl\/admision\/wp-json\/wp\/v2\/media?parent=2814"}],"curies":[{"name":"wp","href":"https:\/\/api.w.org\/{rel}","templated":true}]}}