
{"id":2785,"date":"2023-09-27T15:35:20","date_gmt":"2023-09-27T18:35:20","guid":{"rendered":"https:\/\/www.uoh.cl\/admision\/?page_id=2785"},"modified":"2023-09-27T15:35:20","modified_gmt":"2023-09-27T18:35:20","slug":"escuela-de-ciencias-sociales","status":"publish","type":"page","link":"https:\/\/www.uoh.cl\/admision\/escuela-de-ciencias-sociales\/","title":{"rendered":"Escuela de Ciencias Sociales"},"content":{"rendered":"<div class=\"wpb-content-wrapper\"><p>[vc_row][vc_column]<div class=\"uoh_slider_featured_component component__featured-slide row mx-auto col-12 m-0 align-items-center position-relative lazyload\" style=\" background:inherit\" data-bg=\"url(https:\/\/www.uoh.cl\/admision\/wp-content\/uploads\/sites\/2\/2023\/09\/Foto-Escuela-Sociales-web-scaled.jpg)\"><div class=\"caption--degrade\"><svg  xmlns=\"http:\/\/www.w3.org\/2000\/svg\" xmlns:xlink=\"http:\/\/www.w3.org\/1999\/xlink\" width=\"1061px\" height=\"539px\"><defs><linearGradient id=\"PSgrad_0\" x1=\"0%\" x2=\"64.279%\" y1=\"76.604%\" y2=\"0%\"><stop offset=\"0%\" stop-color=\"rgb(66,160,248)\" stop-opacity=\"1\" \/><stop offset=\"100%\" stop-color=\"rgb(66,160,248)\" stop-opacity=\"0\" \/><\/linearGradient><\/defs><path fill-rule=\"evenodd\"  fill=\"none\" d=\"M311.000,515.000 C311.000,515.000 211.039,468.555 132.000,357.000 C21.864,201.555 -4.306,4.695 1.000,0.000 L196.000,0.000 L811.000,0.000 L1061.000,0.000 C1061.000,0.000 851.535,430.030 546.000,521.000 C402.674,563.674 311.000,515.000 311.000,515.000 Z\"\/> <path fill=\"url(#PSgrad_0)\"d=\"M311.000,515.000 C311.000,515.000 211.039,468.555 132.000,357.000 C21.864,201.555 -4.306,4.695 1.000,0.000 L196.000,0.000 L811.000,0.000 L1061.000,0.000 C1061.000,0.000 851.535,430.030 546.000,521.000 C402.674,563.674 311.000,515.000 311.000,515.000 Z\"\/><\/svg><\/div><div class=\"caption--quote\"><svg xmlns=\"http:\/\/www.w3.org\/2000\/svg\" xmlns:xlink=\"http:\/\/www.w3.org\/1999\/xlink\"width=\"226px\" height=\"273px\"><defs><linearGradient id=\"PSgrad_0\" x1=\"71.934%\" x2=\"0%\" y1=\"69.466%\" y2=\"0%\"><stop offset=\"0%\" stop-color=\"rgb(66,160,248)\" stop-opacity=\"0.49\" \/><stop offset=\"100%\" stop-color=\"rgb(66,160,248)\" stop-opacity=\"0\" \/><\/linearGradient><\/defs><path fill-rule=\"evenodd\"  fill=\"none\" d=\"M-0.000,273.000 L174.000,273.000 C174.000,273.000 226.000,266.268 226.000,221.000 C226.000,175.732 226.000,-0.000 226.000,-0.000 C226.000,-0.000 24.577,71.878 -0.000,273.000 Z\"\/><path fill=\"url(#PSgrad_0)\"d=\"M-0.000,273.000 L174.000,273.000 C174.000,273.000 226.000,266.268 226.000,221.000 C226.000,175.732 226.000,-0.000 226.000,-0.000 C226.000,-0.000 24.577,71.878 -0.000,273.000 Z\"\/><\/svg><\/div><div class=\"my-uoh_slider_featured_component container mx-auto p-md-0\" ><div class=\"content component__featured-slide-content container row mx-auto aling-items-center p-0\"><h1 class=\"p-0 featured-slide title\"  style=\"\"><em>Carreras UOH: \u00bfCu\u00e1l es para ti?<\/em>Escuela de Ciencias Sociales<\/h1><\/div><span><\/span><\/div><\/div>[\/vc_column][\/vc_row][vc_section el_class=&#8221;container mx-auto align-items-center circle&#8211;pattern pt-md-5&#8243;][vc_row][vc_column][vc_wp_custommenu nav_menu=&#8221;8&#8243;]<div class=\"breadcrumb\"><ol itemscope itemtype=\"https:\/\/schema.org\/BreadcrumbList\"><li itemprop=\"itemListElement\" itemscope itemtype=\"https:\/\/schema.org\/ListItem\"><a itemprop=\"item\" href=\"http:\/\/www.uoh.cl\"><span itemprop=\"name\">Inicio<\/span><\/a><meta itemprop=\"position\" content=\"1\" \/><li itemprop=\"itemListElement\" itemscope itemtype=\"https:\/\/schema.org\/ListItem\"><a itemprop=\"item\" href=\"https:\/\/www.uoh.cl\/admision\"><span itemprop=\"name\">Admisi\u00f3n UOH<\/span><\/a><meta itemprop=\"position\" content=\"2\" \/><li itemprop=\"itemListElement\" itemscope itemtype=\"https:\/\/schema.org\/ListItem\"><span itemprop=\"name\">Escuela de Ciencias Sociales <\/span><meta itemprop=\"position\" content=\"3\" \/><\/ol><\/div>[\/vc_column][\/vc_row][\/vc_section][vc_section el_class=&#8221;container mx-auto align-items-center&#8221;][vc_row][vc_column][vc_row_inner][vc_column_inner width=&#8221;1\/2&#8243;]<div class=\"uoh_title_component-container\"><h2 class=\"title title--ms d-inline-block title--decorator  medium\">Administraci\u00f3n P\u00fablica<\/h2><\/div>[vc_column_text]\u00a1Descubre m\u00e1s de esta alternativa acad\u00e9mica en este nuevo cap\u00edtulo! Conversamos con su jefa de carrera, Javiera Delgadillo.<\/p>\n<p>Los\/as Administradores\/as P\u00fablicos\/as egresados\/as de la Universidad Estatal de O\u2019Higgins son profesionales interdisciplinarios que, en el ejercicio de su profesi\u00f3n, identifican problemas p\u00fablicos, proponen soluciones e inciden en el proceso de toma de decisiones, jugando un rol central en la satisfacci\u00f3n de necesidades y aspiraciones ciudadanas.[\/vc_column_text][\/vc_column_inner][vc_column_inner width=&#8221;1\/2&#8243;][vc_raw_html]JTNDaWZyYW1lJTIwd2lkdGglM0QlMjIxMDAlMjUlMjIlMjBoZWlnaHQlM0QlMjIzMTUlMjIlMjBzcmMlM0QlMjJodHRwcyUzQSUyRiUyRnd3dy55b3V0dWJlLmNvbSUyRmVtYmVkJTJGbTk2Z2Z6UnpvLWslM0ZzaSUzRFNfR040ejJjWEk2cGc3VEMlMjIlMjB0aXRsZSUzRCUyMllvdVR1YmUlMjB2aWRlbyUyMHBsYXllciUyMiUyMGZyYW1lYm9yZGVyJTNEJTIyMCUyMiUyMGFsbG93JTNEJTIyYWNjZWxlcm9tZXRlciUzQiUyMGF1dG9wbGF5JTNCJTIwY2xpcGJvYXJkLXdyaXRlJTNCJTIwZW5jcnlwdGVkLW1lZGlhJTNCJTIwZ3lyb3Njb3BlJTNCJTIwcGljdHVyZS1pbi1waWN0dXJlJTNCJTIwd2ViLXNoYXJlJTIyJTIwYWxsb3dmdWxsc2NyZWVuJTNFJTNDJTJGaWZyYW1lJTNF[\/vc_raw_html][\/vc_column_inner][\/vc_row_inner][\/vc_column][\/vc_row][vc_row][vc_column][vc_zigzag color=&#8221;white&#8221;][\/vc_column][\/vc_row][\/vc_section][vc_section css=&#8221;.vc_custom_1695839091235{background-color: #f6faff !important;}&#8221;][vc_row el_class=&#8221;container mx-auto p-md-0 align-items-center pb-5&#8243;][vc_column width=&#8221;1\/2&#8243;]<div class=\"uoh_title_component-container\"><h2 class=\"title title--ms d-inline-block title--decorator  medium\">Derecho<\/h2><\/div>[vc_column_text]Su jefe de carrera, Marcelo Acu\u00f1a, es el entrevistado en este nuevo cap\u00edtulo y nos cuenta que en Derecho, en su etapa final se trabaja intensivamente en habilidades pr\u00e1cticas para lo cual se cuenta con una sala de simulaci\u00f3n de audiencias que tiene la estructura de un tribunal para que nuestros\/as estudiantes trabajen las destrezas de litigaci\u00f3n y una sala de consultorio para la Cl\u00ednica Jur\u00eddica.<\/p>\n<p>Esta alternativa acad\u00e9mica en la UOH busca desde el primer a\u00f1o que los\/as estudiantes tengan un acercamiento al ejercicio de la profesi\u00f3n, respetando la diversidad, con un marcado sentido de responsabilidad por las instituciones p\u00fablicas y la cooperaci\u00f3n social, asumiendo un fuerte compromiso con la democracia.[\/vc_column_text][\/vc_column][vc_column width=&#8221;1\/2&#8243;][vc_raw_html]JTNDaWZyYW1lJTIwd2lkdGglM0QlMjIxMDAlMjUlMjIlMjBoZWlnaHQlM0QlMjIzMTUlMjIlMjBzcmMlM0QlMjJodHRwcyUzQSUyRiUyRnd3dy55b3V0dWJlLmNvbSUyRmVtYmVkJTJGb1hEcmpKUkUwOE0lM0ZzaSUzRG5NRkZBVWpUYnpYVzNCMlolMjIlMjB0aXRsZSUzRCUyMllvdVR1YmUlMjB2aWRlbyUyMHBsYXllciUyMiUyMGZyYW1lYm9yZGVyJTNEJTIyMCUyMiUyMGFsbG93JTNEJTIyYWNjZWxlcm9tZXRlciUzQiUyMGF1dG9wbGF5JTNCJTIwY2xpcGJvYXJkLXdyaXRlJTNCJTIwZW5jcnlwdGVkLW1lZGlhJTNCJTIwZ3lyb3Njb3BlJTNCJTIwcGljdHVyZS1pbi1waWN0dXJlJTNCJTIwd2ViLXNoYXJlJTIyJTIwYWxsb3dmdWxsc2NyZWVuJTNFJTNDJTJGaWZyYW1lJTNF[\/vc_raw_html][\/vc_column][\/vc_row][vc_row][vc_column][vc_zigzag color=&#8221;white&#8221;][\/vc_column][\/vc_row][\/vc_section][vc_section][vc_row el_class=&#8221;container mx-auto p-md-0 align-items-center pb-5&#8243;][vc_column width=&#8221;1\/2&#8243;]<div class=\"uoh_title_component-container\"><h2 class=\"title title--ms d-inline-block title--decorator  medium\">Ingenier\u00eda Comercial<\/h2><\/div>[vc_column_text]Si escoges Ingenier\u00eda Comercial en la Universidad de O\u2019Higgins ser\u00e1s un\/a profesional de excelencia en el \u00e1mbito de la econom\u00eda y la administraci\u00f3n, capaz de analizar realidades complejas, liderar, emprender e innovar, con un alto sentido de pertinencia regional, pero a su vez con consciencia de la relevancia que sus actividades tienen en un contexto global.<\/p>\n<p>Como economista, se distingue por incorporar una perspectiva disciplinaria, integrando los m\u00e9todos de la ciencia regional para analizar estructuras y procesos productivos en los territorios.<\/p>\n<p>Como administrador\/a se distingue por capacidad de liderar procesos de innovaci\u00f3n y gestionar nuevos emprendimientos.<\/p>\n<p>\u00a1Descubre m\u00e1s! En este nuevo cap\u00edtulo junto a la jefa de carrera, B\u00e1rbara Acu\u00f1a.[\/vc_column_text][\/vc_column][vc_column width=&#8221;1\/2&#8243;][vc_raw_html]JTNDaWZyYW1lJTIwd2lkdGglM0QlMjIxMDAlMjUlMjIlMjBoZWlnaHQlM0QlMjIzMTUlMjIlMjBzcmMlM0QlMjJodHRwcyUzQSUyRiUyRnd3dy55b3V0dWJlLmNvbSUyRmVtYmVkJTJGeXZrampMb3c4akElM0ZzaSUzRHB1V1Z6bWl3WVBsZ1NVOE4lMjIlMjB0aXRsZSUzRCUyMllvdVR1YmUlMjB2aWRlbyUyMHBsYXllciUyMiUyMGZyYW1lYm9yZGVyJTNEJTIyMCUyMiUyMGFsbG93JTNEJTIyYWNjZWxlcm9tZXRlciUzQiUyMGF1dG9wbGF5JTNCJTIwY2xpcGJvYXJkLXdyaXRlJTNCJTIwZW5jcnlwdGVkLW1lZGlhJTNCJTIwZ3lyb3Njb3BlJTNCJTIwcGljdHVyZS1pbi1waWN0dXJlJTNCJTIwd2ViLXNoYXJlJTIyJTIwYWxsb3dmdWxsc2NyZWVuJTNFJTNDJTJGaWZyYW1lJTNF[\/vc_raw_html][\/vc_column][\/vc_row][vc_row][vc_column][vc_zigzag color=&#8221;white&#8221;][\/vc_column][\/vc_row][\/vc_section][vc_section css=&#8221;.vc_custom_1695839091235{background-color: #f6faff !important;}&#8221;][vc_row el_class=&#8221;container mx-auto p-md-0 align-items-center pb-5&#8243;][vc_column width=&#8221;1\/2&#8243;]<div class=\"uoh_title_component-container\"><h2 class=\"title title--ms d-inline-block title--decorator  medium\">Psicolog\u00eda<\/h2><\/div>[vc_column_text]Psicolog\u00eda en la Universidad de O\u2019Higgins cuenta con un enfoque basado en la evidencia, que considera el entorno y la dimensi\u00f3n val\u00f3rica del ser humano en el ejercicio de la profesi\u00f3n. Es una de las alternativas acad\u00e9micas que componen la Escuela de Ciencias Sociales UOH.<\/p>\n<p>El\/la egresado\/a de Psicolog\u00eda de la Universidad de O\u2019Higgins es un\/a profesional formado\/a en la comprensi\u00f3n de fen\u00f3menos y procesos psicol\u00f3gicos desde un enfoque basado en la evidencia, donde desarrolla y aplica de manera id\u00f3nea estrategias de diagn\u00f3stico, intervenci\u00f3n, evaluaci\u00f3n e investigaci\u00f3n para abordar dimensiones relativas al bienestar biopsicosocial de personas, grupos, comunidades y organizaciones.<\/p>\n<p>Conoce m\u00e1s de ella junto a la jefa de carrera, Ana San Mart\u00edn.[\/vc_column_text][\/vc_column][vc_column width=&#8221;1\/2&#8243;][vc_raw_html]JTNDaWZyYW1lJTIwd2lkdGglM0QlMjIxMDAlMjUlMjIlMjBoZWlnaHQlM0QlMjIzMTUlMjIlMjBzcmMlM0QlMjJodHRwcyUzQSUyRiUyRnd3dy55b3V0dWJlLmNvbSUyRmVtYmVkJTJGeWpIZjItQXBIY1UlM0ZzaSUzRFFIQnFRaWZJb2YwSHpLRk0lMjIlMjB0aXRsZSUzRCUyMllvdVR1YmUlMjB2aWRlbyUyMHBsYXllciUyMiUyMGZyYW1lYm9yZGVyJTNEJTIyMCUyMiUyMGFsbG93JTNEJTIyYWNjZWxlcm9tZXRlciUzQiUyMGF1dG9wbGF5JTNCJTIwY2xpcGJvYXJkLXdyaXRlJTNCJTIwZW5jcnlwdGVkLW1lZGlhJTNCJTIwZ3lyb3Njb3BlJTNCJTIwcGljdHVyZS1pbi1waWN0dXJlJTNCJTIwd2ViLXNoYXJlJTIyJTIwYWxsb3dmdWxsc2NyZWVuJTNFJTNDJTJGaWZyYW1lJTNF[\/vc_raw_html][\/vc_column][\/vc_row][vc_row][vc_column][vc_zigzag color=&#8221;white&#8221;][\/vc_column][\/vc_row][\/vc_section][vc_section][vc_row el_class=&#8221;container mx-auto p-md-0 align-items-center pb-5&#8243;][vc_column width=&#8221;1\/2&#8243;]<div class=\"uoh_title_component-container\"><h2 class=\"title title--ms d-inline-block title--decorator  medium\">Contador Auditor<\/h2><\/div>[vc_column_text]El\/la egresado\/a de esta carrera en la UOH se destaca por ser un\/a profesional con alto dominio de la contabilidad, la auditor\u00eda, las finanzas y el control de gesti\u00f3n. Tiene la capacidad para manejar grandes vol\u00famenes de informaci\u00f3n, usando para este objetivo las tecnolog\u00edas que tenga a su disposici\u00f3n.<\/p>\n<p>Los\/as futuros\/as profesionales de la carrera podr\u00e1n trabajar en una amplia gama de organizaciones, incluyendo empresas privadas, organizaciones sin fines de lucro y el sector p\u00fablico. Tambi\u00e9n pueden ejercer como contadores independientes o trabajar en firmas de auditor\u00eda y consultor\u00eda. M\u00e1s detalles junto a su jefa de carrera, Andrea Lucero.[\/vc_column_text][\/vc_column][vc_column width=&#8221;1\/2&#8243;][vc_raw_html]JTNDaWZyYW1lJTIwd2lkdGglM0QlMjIxMDAlMjUlMjIlMjBoZWlnaHQlM0QlMjIzMTUlMjIlMjBzcmMlM0QlMjJodHRwcyUzQSUyRiUyRnd3dy55b3V0dWJlLmNvbSUyRmVtYmVkJTJGWU9HbGhvS3h4Nm8lM0ZzaSUzRGZSZGZrTzB3LUc5U204WWklMjIlMjB0aXRsZSUzRCUyMllvdVR1YmUlMjB2aWRlbyUyMHBsYXllciUyMiUyMGZyYW1lYm9yZGVyJTNEJTIyMCUyMiUyMGFsbG93JTNEJTIyYWNjZWxlcm9tZXRlciUzQiUyMGF1dG9wbGF5JTNCJTIwY2xpcGJvYXJkLXdyaXRlJTNCJTIwZW5jcnlwdGVkLW1lZGlhJTNCJTIwZ3lyb3Njb3BlJTNCJTIwcGljdHVyZS1pbi1waWN0dXJlJTNCJTIwd2ViLXNoYXJlJTIyJTIwYWxsb3dmdWxsc2NyZWVuJTNFJTNDJTJGaWZyYW1lJTNF[\/vc_raw_html][\/vc_column][\/vc_row][vc_row][vc_column][vc_zigzag color=&#8221;white&#8221;][\/vc_column][\/vc_row][\/vc_section]<\/p>\n<\/div>","protected":false},"excerpt":{"rendered":"<p>[vc_row][vc_column][\/vc_column][\/vc_row][vc_section el_class=&#8221;container mx-auto align-items-center circle&#8211;pattern pt-md-5&#8243;][vc_row][vc_column][vc_wp_custommenu nav_menu=&#8221;8&#8243;][\/vc_column][\/vc_row][\/vc_section][vc_section el_class=&#8221;container mx-auto align-items-center&#8221;][vc_row][vc_column][vc_row_inner][vc_column_inner width=&#8221;1\/2&#8243;][vc_column_text]\u00a1Descubre m\u00e1s de esta alternativa acad\u00e9mica en este nuevo cap\u00edtulo! Conversamos con su jefa de carrera, Javiera Delgadillo. Los\/as Administradores\/as P\u00fablicos\/as egresados\/as de la Universidad Estatal de O\u2019Higgins son profesionales interdisciplinarios que, en el ejercicio de su profesi\u00f3n, identifican problemas p\u00fablicos, proponen soluciones e inciden [&hellip;]<\/p>\n","protected":false},"author":23,"featured_media":0,"parent":0,"menu_order":0,"comment_status":"closed","ping_status":"closed","template":"","meta":{"_acf_changed":false,"footnotes":""},"class_list":["post-2785","page","type-page","status-publish","hentry"],"acf":[],"yoast_head":"<!-- This site is optimized with the Yoast SEO plugin v26.6 - https:\/\/yoast.com\/wordpress\/plugins\/seo\/ -->\n<title>Escuela de Ciencias Sociales - Admisi\u00f3n UOH<\/title>\n<meta name=\"robots\" content=\"index, follow, max-snippet:-1, max-image-preview:large, max-video-preview:-1\" \/>\n<link rel=\"canonical\" href=\"https:\/\/www.uoh.cl\/admision\/escuela-de-ciencias-sociales\/\" \/>\n<meta property=\"og:locale\" content=\"es_ES\" \/>\n<meta property=\"og:type\" content=\"article\" \/>\n<meta property=\"og:title\" content=\"Escuela de Ciencias Sociales - Admisi\u00f3n UOH\" \/>\n<meta property=\"og:description\" content=\"[vc_row][vc_column][\/vc_column][\/vc_row][vc_section el_class=&#8221;container mx-auto align-items-center circle&#8211;pattern pt-md-5&#8243;][vc_row][vc_column][vc_wp_custommenu nav_menu=&#8221;8&#8243;][\/vc_column][\/vc_row][\/vc_section][vc_section el_class=&#8221;container mx-auto align-items-center&#8221;][vc_row][vc_column][vc_row_inner][vc_column_inner width=&#8221;1\/2&#8243;][vc_column_text]\u00a1Descubre m\u00e1s de esta alternativa acad\u00e9mica en este nuevo cap\u00edtulo! Conversamos con su jefa de carrera, Javiera Delgadillo. Los\/as Administradores\/as P\u00fablicos\/as egresados\/as de la Universidad Estatal de O\u2019Higgins son profesionales interdisciplinarios que, en el ejercicio de su profesi\u00f3n, identifican problemas p\u00fablicos, proponen soluciones e inciden [&hellip;]\" \/>\n<meta property=\"og:url\" content=\"https:\/\/www.uoh.cl\/admision\/escuela-de-ciencias-sociales\/\" \/>\n<meta property=\"og:site_name\" content=\"Admisi\u00f3n UOH\" \/>\n<meta name=\"twitter:card\" content=\"summary_large_image\" \/>\n<meta name=\"twitter:label1\" content=\"Tiempo estimado de lectura\" \/>\n\t<meta name=\"twitter:data1\" content=\"3 minutos\" \/>\n<script type=\"application\/ld+json\" class=\"yoast-schema-graph\">{\"@context\":\"https:\/\/schema.org\",\"@graph\":[{\"@type\":\"WebPage\",\"@id\":\"https:\/\/www.uoh.cl\/admision\/escuela-de-ciencias-sociales\/\",\"url\":\"https:\/\/www.uoh.cl\/admision\/escuela-de-ciencias-sociales\/\",\"name\":\"Escuela de Ciencias Sociales - Admisi\u00f3n UOH\",\"isPartOf\":{\"@id\":\"https:\/\/www.uoh.cl\/admision\/#website\"},\"datePublished\":\"2023-09-27T18:35:20+00:00\",\"inLanguage\":\"es-CL\",\"potentialAction\":[{\"@type\":\"ReadAction\",\"target\":[\"https:\/\/www.uoh.cl\/admision\/escuela-de-ciencias-sociales\/\"]}]},{\"@type\":\"WebSite\",\"@id\":\"https:\/\/www.uoh.cl\/admision\/#website\",\"url\":\"https:\/\/www.uoh.cl\/admision\/\",\"name\":\"Admisi\u00f3n UOH\",\"description\":\"Otro sitio de Sitios de Universidad O&#039;higgins\",\"potentialAction\":[{\"@type\":\"SearchAction\",\"target\":{\"@type\":\"EntryPoint\",\"urlTemplate\":\"https:\/\/www.uoh.cl\/admision\/?s={search_term_string}\"},\"query-input\":{\"@type\":\"PropertyValueSpecification\",\"valueRequired\":true,\"valueName\":\"search_term_string\"}}],\"inLanguage\":\"es-CL\"}]}<\/script>\n<!-- \/ Yoast SEO plugin. -->","yoast_head_json":{"title":"Escuela de Ciencias Sociales - Admisi\u00f3n UOH","robots":{"index":"index","follow":"follow","max-snippet":"max-snippet:-1","max-image-preview":"max-image-preview:large","max-video-preview":"max-video-preview:-1"},"canonical":"https:\/\/www.uoh.cl\/admision\/escuela-de-ciencias-sociales\/","og_locale":"es_ES","og_type":"article","og_title":"Escuela de Ciencias Sociales - Admisi\u00f3n UOH","og_description":"[vc_row][vc_column][\/vc_column][\/vc_row][vc_section el_class=&#8221;container mx-auto align-items-center circle&#8211;pattern pt-md-5&#8243;][vc_row][vc_column][vc_wp_custommenu nav_menu=&#8221;8&#8243;][\/vc_column][\/vc_row][\/vc_section][vc_section el_class=&#8221;container mx-auto align-items-center&#8221;][vc_row][vc_column][vc_row_inner][vc_column_inner width=&#8221;1\/2&#8243;][vc_column_text]\u00a1Descubre m\u00e1s de esta alternativa acad\u00e9mica en este nuevo cap\u00edtulo! Conversamos con su jefa de carrera, Javiera Delgadillo. Los\/as Administradores\/as P\u00fablicos\/as egresados\/as de la Universidad Estatal de O\u2019Higgins son profesionales interdisciplinarios que, en el ejercicio de su profesi\u00f3n, identifican problemas p\u00fablicos, proponen soluciones e inciden [&hellip;]","og_url":"https:\/\/www.uoh.cl\/admision\/escuela-de-ciencias-sociales\/","og_site_name":"Admisi\u00f3n UOH","twitter_card":"summary_large_image","twitter_misc":{"Tiempo estimado de lectura":"3 minutos"},"schema":{"@context":"https:\/\/schema.org","@graph":[{"@type":"WebPage","@id":"https:\/\/www.uoh.cl\/admision\/escuela-de-ciencias-sociales\/","url":"https:\/\/www.uoh.cl\/admision\/escuela-de-ciencias-sociales\/","name":"Escuela de Ciencias Sociales - Admisi\u00f3n UOH","isPartOf":{"@id":"https:\/\/www.uoh.cl\/admision\/#website"},"datePublished":"2023-09-27T18:35:20+00:00","inLanguage":"es-CL","potentialAction":[{"@type":"ReadAction","target":["https:\/\/www.uoh.cl\/admision\/escuela-de-ciencias-sociales\/"]}]},{"@type":"WebSite","@id":"https:\/\/www.uoh.cl\/admision\/#website","url":"https:\/\/www.uoh.cl\/admision\/","name":"Admisi\u00f3n UOH","description":"Otro sitio de Sitios de Universidad O&#039;higgins","potentialAction":[{"@type":"SearchAction","target":{"@type":"EntryPoint","urlTemplate":"https:\/\/www.uoh.cl\/admision\/?s={search_term_string}"},"query-input":{"@type":"PropertyValueSpecification","valueRequired":true,"valueName":"search_term_string"}}],"inLanguage":"es-CL"}]}},"_links":{"self":[{"href":"https:\/\/www.uoh.cl\/admision\/wp-json\/wp\/v2\/pages\/2785","targetHints":{"allow":["GET"]}}],"collection":[{"href":"https:\/\/www.uoh.cl\/admision\/wp-json\/wp\/v2\/pages"}],"about":[{"href":"https:\/\/www.uoh.cl\/admision\/wp-json\/wp\/v2\/types\/page"}],"author":[{"embeddable":true,"href":"https:\/\/www.uoh.cl\/admision\/wp-json\/wp\/v2\/users\/23"}],"replies":[{"embeddable":true,"href":"https:\/\/www.uoh.cl\/admision\/wp-json\/wp\/v2\/comments?post=2785"}],"version-history":[{"count":23,"href":"https:\/\/www.uoh.cl\/admision\/wp-json\/wp\/v2\/pages\/2785\/revisions"}],"predecessor-version":[{"id":2809,"href":"https:\/\/www.uoh.cl\/admision\/wp-json\/wp\/v2\/pages\/2785\/revisions\/2809"}],"wp:attachment":[{"href":"https:\/\/www.uoh.cl\/admision\/wp-json\/wp\/v2\/media?parent=2785"}],"curies":[{"name":"wp","href":"https:\/\/api.w.org\/{rel}","templated":true}]}}