
{"id":277,"date":"2022-04-20T22:37:23","date_gmt":"2022-04-21T01:37:23","guid":{"rendered":"https:\/\/www.uoh.cl\/admision\/?page_id=277"},"modified":"2023-01-10T15:22:25","modified_gmt":"2023-01-10T18:22:25","slug":"gratuidad","status":"publish","type":"page","link":"https:\/\/www.uoh.cl\/admision\/gratuidad\/","title":{"rendered":"Gratuidad"},"content":{"rendered":"<div class=\"wpb-content-wrapper\"><p>[vc_section el_class=&#8221;container mx-auto align-items-center circle&#8211;pattern&#8221; css=&#8221;.vc_custom_1673374843643{padding-top: 3rem !important;}&#8221;][vc_row el_class=&#8221;pb-5&#8243;][vc_column el_class=&#8221;px-md-0&#8243;][vc_wp_custommenu nav_menu=&#8221;8&#8243;]<div class=\"breadcrumb\"><ol itemscope itemtype=\"https:\/\/schema.org\/BreadcrumbList\"><li itemprop=\"itemListElement\" itemscope itemtype=\"https:\/\/schema.org\/ListItem\"><a itemprop=\"item\" href=\"http:\/\/www.uoh.cl\"><span itemprop=\"name\">Inicio<\/span><\/a><meta itemprop=\"position\" content=\"1\" \/><li itemprop=\"itemListElement\" itemscope itemtype=\"https:\/\/schema.org\/ListItem\"><a itemprop=\"item\" href=\"https:\/\/www.uoh.cl\/admision\"><span itemprop=\"name\">Admisi\u00f3n UOH<\/span><\/a><meta itemprop=\"position\" content=\"2\" \/><li itemprop=\"itemListElement\" itemscope itemtype=\"https:\/\/schema.org\/ListItem\"><span itemprop=\"name\">Gratuidad <\/span><meta itemprop=\"position\" content=\"3\" \/><\/ol><\/div><div class=\"uoh_title_component-container\"><h1 class=\"title title--ms d-inline-block title--decorator  big\">Gratuidad<\/h1><\/div>[\/vc_column][\/vc_row][\/vc_section][vc_section css=&#8221;.vc_custom_1650505286273{background-color: #f6faff !important;}&#8221; el_class=&#8221;px-0 pt-md-5 m-0&#8243;][vc_row el_class=&#8221;container mx-auto align-items-center p-md-0 pt-5 m-0&#8243;][vc_column][vc_column_text]Gracias a la gratuidad,\u00a0las familias correspondientes al 60% de menores ingresos de la poblaci\u00f3n, cuyos miembros estudien en\u00a0<a href=\"https:\/\/portal.beneficiosestudiantiles.cl\/gratuidad#references_tabs_field_asociar_subproceso_tab2\" target=\"_blank\" rel=\"noopener\">instituciones adscritas a este beneficio<\/a>, no deber\u00e1n pagar el arancel ni la matr\u00edcula en su instituci\u00f3n durante la duraci\u00f3n nominal de la carrera.<\/p>\n<p>Para definir la clasificaci\u00f3n socioecon\u00f3mica de los estudiantes se considera la informaci\u00f3n entregada por los j\u00f3venes a trav\u00e9s del\u00a0<a href=\"https:\/\/portal.beneficiosestudiantiles.cl\/gratuidad\/guia-paso-a-paso\">Formulario \u00danico de Acreditaci\u00f3n Socioecon\u00f3mica (FUAS)<\/a>\u00a0al Ministerio de Educaci\u00f3n, datos que son validados con las bases de distintos organismos del Estado.<\/p>\n<p>Las instituciones elegibles para gratuidad son aquellas que cumplen los requisitos establecidos en la Ley 21.091, y que aceptan formalmente ingresar a esta pol\u00edtica p\u00fablica. A continuaci\u00f3n, se resumen las condiciones de elegibilidad:<\/p>\n<p><strong>Universidades<\/strong><\/p>\n<ul>\n<li>Estatales<\/li>\n<li>Privadas no estatales comprendidas en el art. N\u00b0 1 del DFL N\u00b04 de 1981.<\/li>\n<li>Privadas que est\u00e9n acreditadas por al menos cuatro a\u00f1os, constituidas como personas jur\u00eddicas de derecho privado sin fines de lucro, corporaciones de derecho p\u00fablico o que deriven su personalidad jur\u00eddica de \u00e9stas, u otras entidades de derecho p\u00fablico reconocidas por ley.<\/li>\n<\/ul>\n<p>Todas estas instituciones deber\u00e1n contar con al menos el 80% de sus estudiantes de primer a\u00f1o, matriculados en programas de licenciaturas no conducentes a t\u00edtulo, o carreras profesionales con licenciatura, con un puntaje PSU o Prueba de Transici\u00f3n Admisi\u00f3n Universitaria (PDT)\u00a0 ponderado promedio igual o mayor a 450 puntos, entre la prueba de selecci\u00f3n universitaria de Lenguaje y Comunicaci\u00f3n,\u00a0 la prueba de selecci\u00f3n universitaria de Matem\u00e1ticas, \u00a0el puntaje de Notas de Ense\u00f1anza Media y el puntaje de Ranking de Notas, los que se considerar\u00e1n en id\u00e9ntica proporci\u00f3n.<\/p>\n<p>Las universidades no estatales comprendidas en el art. N\u00b01 del DFL N\u00b04 de 1981, y las privadas no incluidas en dicha categor\u00eda, deben adem\u00e1s encontrarse adscritas al\u00a0<a href=\"https:\/\/acceso.mineduc.cl\/\" target=\"_blank\" rel=\"noopener\">Sistema de Acceso a la Educaci\u00f3n Superior<\/a>, o contar con un sistema de admisi\u00f3n transparente, objetivo y que no implique discriminaciones arbitrarias, basado en el m\u00e9rito de los estudiantes. Dicho sistema deber\u00e1 encontrarse publicado en su p\u00e1gina web al 1 de diciembre de 2021.<\/p>\n<p><strong>Institutos Profesionales y Centros de Formaci\u00f3n T\u00e9cnica<\/strong><\/p>\n<ul>\n<li>Estar acreditados por al menos cuatro a\u00f1os.<\/li>\n<li>Estar constituidos como personas jur\u00eddicas sin fines de lucro o, en caso de tener controlador o controladores, que \u00e9stos sean personas naturales o jur\u00eddicas sin fines de lucro.<\/li>\n<li>En el caso de instituciones con fines de lucro, \u00e9stas deber\u00e1n haber manifestado al Ministerio de Educaci\u00f3n su compromiso de transformaci\u00f3n a entidades sin fines de lucro, de acuerdo a lo que establezca la Ley.<\/li>\n<\/ul>\n<p>Los IP y CFT deber\u00e1n adem\u00e1s contar con un sistema de admisi\u00f3n transparente, objetivo y pertinente, que no implique discriminaciones arbitrarias, y favorezca a estudiantes egresados de establecimientos de ense\u00f1anza media t\u00e9cnico-profesional y a trabajadores del \u00e1rea.[\/vc_column_text][vc_row_inner][vc_column_inner width=&#8221;1\/3&#8243;]<div class=\"uoh_link_component pe-4 d-inline-block py-1 button_white inline\"><a href=\"https:\/\/portal.beneficiosestudiantiles.cl\/\"\n                                    class=\"link link--bold component__btn-content\"\n                                    title\"\"\n                                    target=\"\"\n                                    rel=\"\">Ir a portal de beneficios estudiantiles<span class=\"icon icon--inline icon--link\"><svg version=\"1.1\" xmlns=\"http:\/\/www.w3.org\/2000\/svg\" xmlns:xlink=\"http:\/\/www.w3.org\/1999\/xlink\" x=\"0px\" y=\"0px\" width=\"22px\"height=\"22px\" viewBox=\"0 0 22 22\" style=\"overflow:visible;enable-background:new 0 0 80 64.6;\" xml:space=\"preserve\"><g clip-path=\"url(#acA)\"><path fill-rule=\"evenodd\" d=\"M21.913 11.266a.93.93 0 000-.711c-.022-.056-.063-.097-.091-.144s-.053-.103-.097-.15L12.306.294c-.357-.379-.955-.394-1.334-.038s-.394.955-.038 1.334l7.917 8.374H.927a.95.95 0 00-.908.983.946.946 0 00.908.908h17.924l-8.089 8.552c-.357.379-.341.977.034 1.334s.977.341 1.334-.034l9.594-10.148c.044-.044.063-.1.097-.15.028-.047.069-.088.091-.141z\"\/><\/g><defs><clipPath id=\"acA\"><path fill=\"#fff\" d=\"M0 0h22v22H0z\"\/><\/clipPath><\/defs><\/svg><\/span><\/a><\/div>[\/vc_column_inner][vc_column_inner width=&#8221;1\/3&#8243;][\/vc_column_inner][vc_column_inner width=&#8221;1\/3&#8243;][\/vc_column_inner][\/vc_row_inner][\/vc_column][\/vc_row][\/vc_section][vc_section css=&#8221;.vc_custom_1649210787516{background-color: #f6faff !important;}&#8221; el_class=&#8221;p-md-0 pt-md-5 pb-md-5&#8243;][vc_row el_class=&#8221;container mx-auto align-items-center text-right&#8221;][vc_column][\/vc_column][\/vc_row][\/vc_section]<\/p>\n<\/div>","protected":false},"excerpt":{"rendered":"<p>[vc_section el_class=&#8221;container mx-auto align-items-center circle&#8211;pattern&#8221; css=&#8221;.vc_custom_1673374843643{padding-top: 3rem !important;}&#8221;][vc_row el_class=&#8221;pb-5&#8243;][vc_column el_class=&#8221;px-md-0&#8243;][vc_wp_custommenu nav_menu=&#8221;8&#8243;][\/vc_column][\/vc_row][\/vc_section][vc_section css=&#8221;.vc_custom_1650505286273{background-color: #f6faff !important;}&#8221; el_class=&#8221;px-0 pt-md-5 m-0&#8243;][vc_row el_class=&#8221;container mx-auto align-items-center p-md-0 pt-5 m-0&#8243;][vc_column][vc_column_text]Gracias a la gratuidad,\u00a0las familias correspondientes al 60% de menores ingresos de la poblaci\u00f3n, cuyos miembros estudien en\u00a0instituciones adscritas a este beneficio, no deber\u00e1n pagar el arancel ni la matr\u00edcula en su instituci\u00f3n [&hellip;]<\/p>\n","protected":false},"author":34,"featured_media":0,"parent":0,"menu_order":0,"comment_status":"closed","ping_status":"closed","template":"","meta":{"_acf_changed":false,"footnotes":""},"class_list":["post-277","page","type-page","status-publish","hentry"],"acf":[],"yoast_head":"<!-- This site is optimized with the Yoast SEO plugin v26.6 - https:\/\/yoast.com\/wordpress\/plugins\/seo\/ -->\n<title>Gratuidad - Admisi\u00f3n UOH<\/title>\n<meta name=\"robots\" content=\"index, follow, max-snippet:-1, max-image-preview:large, max-video-preview:-1\" \/>\n<link rel=\"canonical\" href=\"https:\/\/www.uoh.cl\/admision\/gratuidad\/\" \/>\n<meta property=\"og:locale\" content=\"es_ES\" \/>\n<meta property=\"og:type\" content=\"article\" \/>\n<meta property=\"og:title\" content=\"Gratuidad - Admisi\u00f3n UOH\" \/>\n<meta property=\"og:description\" content=\"[vc_section el_class=&#8221;container mx-auto align-items-center circle&#8211;pattern&#8221; css=&#8221;.vc_custom_1673374843643{padding-top: 3rem !important;}&#8221;][vc_row el_class=&#8221;pb-5&#8243;][vc_column el_class=&#8221;px-md-0&#8243;][vc_wp_custommenu nav_menu=&#8221;8&#8243;][\/vc_column][\/vc_row][\/vc_section][vc_section css=&#8221;.vc_custom_1650505286273{background-color: #f6faff !important;}&#8221; el_class=&#8221;px-0 pt-md-5 m-0&#8243;][vc_row el_class=&#8221;container mx-auto align-items-center p-md-0 pt-5 m-0&#8243;][vc_column][vc_column_text]Gracias a la gratuidad,\u00a0las familias correspondientes al 60% de menores ingresos de la poblaci\u00f3n, cuyos miembros estudien en\u00a0instituciones adscritas a este beneficio, no deber\u00e1n pagar el arancel ni la matr\u00edcula en su instituci\u00f3n [&hellip;]\" \/>\n<meta property=\"og:url\" content=\"https:\/\/www.uoh.cl\/admision\/gratuidad\/\" \/>\n<meta property=\"og:site_name\" content=\"Admisi\u00f3n UOH\" \/>\n<meta property=\"article:modified_time\" content=\"2023-01-10T18:22:25+00:00\" \/>\n<meta name=\"twitter:card\" content=\"summary_large_image\" \/>\n<meta name=\"twitter:label1\" content=\"Tiempo estimado de lectura\" \/>\n\t<meta name=\"twitter:data1\" content=\"3 minutos\" \/>\n<script type=\"application\/ld+json\" class=\"yoast-schema-graph\">{\"@context\":\"https:\/\/schema.org\",\"@graph\":[{\"@type\":\"WebPage\",\"@id\":\"https:\/\/www.uoh.cl\/admision\/gratuidad\/\",\"url\":\"https:\/\/www.uoh.cl\/admision\/gratuidad\/\",\"name\":\"Gratuidad - Admisi\u00f3n UOH\",\"isPartOf\":{\"@id\":\"https:\/\/www.uoh.cl\/admision\/#website\"},\"datePublished\":\"2022-04-21T01:37:23+00:00\",\"dateModified\":\"2023-01-10T18:22:25+00:00\",\"inLanguage\":\"es-CL\",\"potentialAction\":[{\"@type\":\"ReadAction\",\"target\":[\"https:\/\/www.uoh.cl\/admision\/gratuidad\/\"]}]},{\"@type\":\"WebSite\",\"@id\":\"https:\/\/www.uoh.cl\/admision\/#website\",\"url\":\"https:\/\/www.uoh.cl\/admision\/\",\"name\":\"Admisi\u00f3n UOH\",\"description\":\"Otro sitio de Sitios de Universidad O&#039;higgins\",\"potentialAction\":[{\"@type\":\"SearchAction\",\"target\":{\"@type\":\"EntryPoint\",\"urlTemplate\":\"https:\/\/www.uoh.cl\/admision\/?s={search_term_string}\"},\"query-input\":{\"@type\":\"PropertyValueSpecification\",\"valueRequired\":true,\"valueName\":\"search_term_string\"}}],\"inLanguage\":\"es-CL\"}]}<\/script>\n<!-- \/ Yoast SEO plugin. -->","yoast_head_json":{"title":"Gratuidad - Admisi\u00f3n UOH","robots":{"index":"index","follow":"follow","max-snippet":"max-snippet:-1","max-image-preview":"max-image-preview:large","max-video-preview":"max-video-preview:-1"},"canonical":"https:\/\/www.uoh.cl\/admision\/gratuidad\/","og_locale":"es_ES","og_type":"article","og_title":"Gratuidad - Admisi\u00f3n UOH","og_description":"[vc_section el_class=&#8221;container mx-auto align-items-center circle&#8211;pattern&#8221; css=&#8221;.vc_custom_1673374843643{padding-top: 3rem !important;}&#8221;][vc_row el_class=&#8221;pb-5&#8243;][vc_column el_class=&#8221;px-md-0&#8243;][vc_wp_custommenu nav_menu=&#8221;8&#8243;][\/vc_column][\/vc_row][\/vc_section][vc_section css=&#8221;.vc_custom_1650505286273{background-color: #f6faff !important;}&#8221; el_class=&#8221;px-0 pt-md-5 m-0&#8243;][vc_row el_class=&#8221;container mx-auto align-items-center p-md-0 pt-5 m-0&#8243;][vc_column][vc_column_text]Gracias a la gratuidad,\u00a0las familias correspondientes al 60% de menores ingresos de la poblaci\u00f3n, cuyos miembros estudien en\u00a0instituciones adscritas a este beneficio, no deber\u00e1n pagar el arancel ni la matr\u00edcula en su instituci\u00f3n [&hellip;]","og_url":"https:\/\/www.uoh.cl\/admision\/gratuidad\/","og_site_name":"Admisi\u00f3n UOH","article_modified_time":"2023-01-10T18:22:25+00:00","twitter_card":"summary_large_image","twitter_misc":{"Tiempo estimado de lectura":"3 minutos"},"schema":{"@context":"https:\/\/schema.org","@graph":[{"@type":"WebPage","@id":"https:\/\/www.uoh.cl\/admision\/gratuidad\/","url":"https:\/\/www.uoh.cl\/admision\/gratuidad\/","name":"Gratuidad - Admisi\u00f3n UOH","isPartOf":{"@id":"https:\/\/www.uoh.cl\/admision\/#website"},"datePublished":"2022-04-21T01:37:23+00:00","dateModified":"2023-01-10T18:22:25+00:00","inLanguage":"es-CL","potentialAction":[{"@type":"ReadAction","target":["https:\/\/www.uoh.cl\/admision\/gratuidad\/"]}]},{"@type":"WebSite","@id":"https:\/\/www.uoh.cl\/admision\/#website","url":"https:\/\/www.uoh.cl\/admision\/","name":"Admisi\u00f3n UOH","description":"Otro sitio de Sitios de Universidad O&#039;higgins","potentialAction":[{"@type":"SearchAction","target":{"@type":"EntryPoint","urlTemplate":"https:\/\/www.uoh.cl\/admision\/?s={search_term_string}"},"query-input":{"@type":"PropertyValueSpecification","valueRequired":true,"valueName":"search_term_string"}}],"inLanguage":"es-CL"}]}},"_links":{"self":[{"href":"https:\/\/www.uoh.cl\/admision\/wp-json\/wp\/v2\/pages\/277","targetHints":{"allow":["GET"]}}],"collection":[{"href":"https:\/\/www.uoh.cl\/admision\/wp-json\/wp\/v2\/pages"}],"about":[{"href":"https:\/\/www.uoh.cl\/admision\/wp-json\/wp\/v2\/types\/page"}],"author":[{"embeddable":true,"href":"https:\/\/www.uoh.cl\/admision\/wp-json\/wp\/v2\/users\/34"}],"replies":[{"embeddable":true,"href":"https:\/\/www.uoh.cl\/admision\/wp-json\/wp\/v2\/comments?post=277"}],"version-history":[{"count":11,"href":"https:\/\/www.uoh.cl\/admision\/wp-json\/wp\/v2\/pages\/277\/revisions"}],"predecessor-version":[{"id":1982,"href":"https:\/\/www.uoh.cl\/admision\/wp-json\/wp\/v2\/pages\/277\/revisions\/1982"}],"wp:attachment":[{"href":"https:\/\/www.uoh.cl\/admision\/wp-json\/wp\/v2\/media?parent=277"}],"curies":[{"name":"wp","href":"https:\/\/api.w.org\/{rel}","templated":true}]}}