
{"id":23295,"date":"2025-05-20T13:00:38","date_gmt":"2025-05-20T16:00:38","guid":{"rendered":"https:\/\/www.uoh.cl\/admision\/?page_id=23295"},"modified":"2025-08-28T12:29:03","modified_gmt":"2025-08-28T15:29:03","slug":"formulario-de-inscripcion","status":"publish","type":"page","link":"https:\/\/www.uoh.cl\/admision\/actividades\/puertas-abiertas-campus-colchagua\/formulario-de-inscripcion\/","title":{"rendered":"Formulario de inscripci\u00f3n Puertas Abiertas Campus Colchagua"},"content":{"rendered":"<div class=\"wpb-content-wrapper\"><p>[vc_section el_class=&#8221;container mx-auto align-items-center circle&#8211;pattern&#8221; css=&#8221;.vc_custom_1648956589196{padding-top: 3rem !important;}&#8221;][vc_row el_class=&#8221;pb-5&#8243;][vc_column][vc_wp_custommenu nav_menu=&#8221;6&#8243;]<div class=\"breadcrumb\"><ol itemscope itemtype=\"https:\/\/schema.org\/BreadcrumbList\"><li itemprop=\"itemListElement\" itemscope itemtype=\"https:\/\/schema.org\/ListItem\"><a itemprop=\"item\" href=\"http:\/\/www.uoh.cl\"><span itemprop=\"name\">Inicio<\/span><\/a><meta itemprop=\"position\" content=\"1\" \/><li itemprop=\"itemListElement\" itemscope itemtype=\"https:\/\/schema.org\/ListItem\"><a itemprop=\"item\" href=\"https:\/\/www.uoh.cl\/admision\"><span itemprop=\"name\">Admisi\u00f3n UOH<\/span><\/a><meta itemprop=\"position\" content=\"2\" \/><li itemprop=\"itemListElement\" itemscope itemtype=\"https:\/\/schema.org\/ListItem\"><a itemprop=\"item\" href=\"https:\/\/www.uoh.cl\/admision\/actividades\/\"><span itemprop=\"name\">Actividades<\/span><\/a><meta itemprop=\"position\" content=\"3\" \/><li itemprop=\"itemListElement\" itemscope itemtype=\"https:\/\/schema.org\/ListItem\"><a itemprop=\"item\" href=\"https:\/\/www.uoh.cl\/admision\/actividades\/puertas-abiertas-campus-colchagua\/\"><span itemprop=\"name\">Puertas Abiertas Campus Colchagua<\/span><\/a><meta itemprop=\"position\" content=\"4\" \/><li itemprop=\"itemListElement\" itemscope itemtype=\"https:\/\/schema.org\/ListItem\"><span itemprop=\"name\">Formulario de inscripci\u00f3n Puertas Abiertas Campus Colchagua <\/span><meta itemprop=\"position\" content=\"5\" \/><\/ol><\/div><div class=\"uoh_title_component-container\"><h1 class=\"title title--ms d-inline-block title--decorator  big\">Formulario de inscripci\u00f3n Puertas Abiertas Campus Colchagua<\/h1><\/div>[vc_column_text css=&#8221;&#8221;]<\/p>\n<h2><b>Registro de establecimientos \u2013 Puertas Abiertas Campus Colchagua<\/b><\/h2>\n<p class=\"p3\">Para completar correctamente la inscripci\u00f3n, es <span class=\"s2\"><b>obligatorio<\/b><\/span> descargar y completar el archivo en formato Excel que encontrar\u00e1s a continuaci\u00f3n. Este archivo contiene el formato estandarizado con la informaci\u00f3n que necesitamos para gestionar internamente los datos.<\/p>\n<blockquote><p>\u26a0\ufe0f <span class=\"s2\"><b>Importante:<\/b><\/span> No se aceptar\u00e1n archivos en otro formato ni con estructura distinta a la proporcionada.<\/p><\/blockquote>\n<p class=\"p3\">Una vez que hayas completado el archivo, podr\u00e1s subirlo en el formulario ubicado m\u00e1s abajo.<br \/>\nEl nombre del archivo debe incluir el nombre del establecimiento.<\/p>\n<p>[\/vc_column_text]<div class=\"uoh_link_component pe-4 d-inline-block py-1 button_icon inline\"><i class=\"me-2 fa fa-solid fa-cloud-arrow-down\" style=\"color: #42a0f8\"><\/i><a href=\"https:\/\/www.uoh.cl\/admision\/wp-content\/uploads\/sites\/2\/2025\/05\/Planilla-Inscripcion-Puertas-Abiertas-Campus-Colchagua-2025-Nombre-del-Establecimiento.xlsx\"\n                                    class=\"link link--bold component__btn-content\"\n                                    title\"Planilla Inscripcion Puertas Abiertas Campus Colchagua 2025\"\n                                    target=\"_blank\"\n                                    rel=\"\">Planilla Inscripci\u00f3n Puertas Abiertas Campus Colchagua 2025<span class=\"icon icon--inline icon--link\"><svg version=\"1.1\" xmlns=\"http:\/\/www.w3.org\/2000\/svg\" xmlns:xlink=\"http:\/\/www.w3.org\/1999\/xlink\" x=\"0px\" y=\"0px\" width=\"22px\"height=\"22px\" viewBox=\"0 0 22 22\" style=\"overflow:visible;enable-background:new 0 0 80 64.6;\" xml:space=\"preserve\"><g clip-path=\"url(#acA)\"><path fill-rule=\"evenodd\" d=\"M21.913 11.266a.93.93 0 000-.711c-.022-.056-.063-.097-.091-.144s-.053-.103-.097-.15L12.306.294c-.357-.379-.955-.394-1.334-.038s-.394.955-.038 1.334l7.917 8.374H.927a.95.95 0 00-.908.983.946.946 0 00.908.908h17.924l-8.089 8.552c-.357.379-.341.977.034 1.334s.977.341 1.334-.034l9.594-10.148c.044-.044.063-.1.097-.15.028-.047.069-.088.091-.141z\"\/><\/g><defs><clipPath id=\"acA\"><path fill=\"#fff\" d=\"M0 0h22v22H0z\"\/><\/clipPath><\/defs><\/svg><\/span><\/a><\/div>[vc_column_text css=&#8221;&#8221;]Agradecemos tu colaboraci\u00f3n para asegurar una correcta inscripci\u00f3n en esta actividad.[\/vc_column_text][\/vc_column][\/vc_row][\/vc_section][vc_section disable_element=&#8221;yes&#8221; css=&#8221;.vc_custom_1756394932769{background-color: #f6faff !important;}&#8221; el_class=&#8221;p-md-0 pt-md-5&#8243;][vc_row el_class=&#8221;container mx-auto align-items-center p-md-0 pt-5&#8243;][vc_column el_class=&#8221;p-0&#8243;]\n<div class=\"wpcf7 no-js\" id=\"wpcf7-f23293-o1\" lang=\"es-CL\" dir=\"ltr\" data-wpcf7-id=\"23293\">\n<div class=\"screen-reader-response\"><p role=\"status\" aria-live=\"polite\" aria-atomic=\"true\"><\/p> <ul><\/ul><\/div>\n<form action=\"\/admision\/wp-json\/wp\/v2\/pages\/23295#wpcf7-f23293-o1\" method=\"post\" class=\"wpcf7-form init\" aria-label=\"Formulario de contacto\" novalidate=\"novalidate\" data-status=\"init\">\n<fieldset class=\"hidden-fields-container\"><input type=\"hidden\" name=\"_wpcf7\" value=\"23293\" \/><input type=\"hidden\" name=\"_wpcf7_version\" value=\"6.1.4\" \/><input type=\"hidden\" name=\"_wpcf7_locale\" value=\"es_CL\" \/><input type=\"hidden\" name=\"_wpcf7_unit_tag\" value=\"wpcf7-f23293-o1\" \/><input type=\"hidden\" name=\"_wpcf7_container_post\" value=\"0\" \/><input type=\"hidden\" name=\"_wpcf7_posted_data_hash\" value=\"\" \/><input type=\"hidden\" name=\"_wpcf7cf_hidden_group_fields\" value=\"[]\" \/><input type=\"hidden\" name=\"_wpcf7cf_hidden_groups\" value=\"[]\" \/><input type=\"hidden\" name=\"_wpcf7cf_visible_groups\" value=\"[]\" \/><input type=\"hidden\" name=\"_wpcf7cf_repeaters\" value=\"[]\" \/><input type=\"hidden\" name=\"_wpcf7cf_steps\" value=\"{}\" \/><input type=\"hidden\" name=\"_wpcf7cf_options\" value=\"{&quot;form_id&quot;:23293,&quot;conditions&quot;:[],&quot;settings&quot;:{&quot;animation&quot;:&quot;yes&quot;,&quot;animation_intime&quot;:200,&quot;animation_outtime&quot;:200,&quot;conditions_ui&quot;:&quot;normal&quot;,&quot;notice_dismissed&quot;:false}}\" \/><input type=\"hidden\" name=\"_wpcf7_recaptcha_response\" value=\"\" \/>\n<\/fieldset>\n<p><label>Nombre del establecimiento<span class=\"wpcf7-form-control-wrap establecimiento\"><input size=\"40\" class=\"wpcf7-form-control wpcf7-autocomplete wpcf7-validates-as-required wpcf7-text\" id=\"clschools_autocomplete\" aria-required=\"true\" aria-invalid=\"false\" placeholder=\"Ingrese\" type=\"text\" name=\"establecimiento\" \/><\/span><input disabled placeholder=\"RBD\" type=\"text\" name=\"establecimiento_rbd\" id=\"establecimiento_rbd\" \/><\/label>\n<\/p>\n<input class=\"wpcf7-form-control wpcf7-hidden\" value=\"\" type=\"hidden\" name=\"establecimiento_rbd\" \/>\n<p><label>Nombre del\/la docente a cargo<\/label><br \/>\n<span class=\"wpcf7-form-control-wrap\" data-name=\"nombre_docente\"><input size=\"40\" maxlength=\"400\" class=\"wpcf7-form-control wpcf7-text wpcf7-validates-as-required\" autocomplete=\"name\" aria-required=\"true\" aria-invalid=\"false\" placeholder=\"Ingrese el Nombre del\/la docente a cargo\" value=\"\" type=\"text\" name=\"nombre_docente\" \/><\/span>\n<\/p>\n<p><label>Tel\u00e9fono de contacto<\/label><br \/>\n<span class=\"wpcf7-form-control-wrap\" data-name=\"telefono\"><input size=\"40\" maxlength=\"400\" class=\"wpcf7-form-control wpcf7-tel wpcf7-validates-as-required wpcf7-text wpcf7-validates-as-tel\" autocomplete=\"tel\" aria-required=\"true\" aria-invalid=\"false\" placeholder=\"Ingrese el Tel\u00e9fono de contacto\" value=\"\" type=\"tel\" name=\"telefono\" \/><\/span>\n<\/p>\n<p><label>Correo electr\u00f3nico<\/label><br \/>\n<span class=\"wpcf7-form-control-wrap\" data-name=\"correo\"><input size=\"40\" maxlength=\"400\" class=\"wpcf7-form-control wpcf7-email wpcf7-validates-as-required wpcf7-text wpcf7-validates-as-email\" autocomplete=\"email\" aria-required=\"true\" aria-invalid=\"false\" placeholder=\"Ingrese Correo electr\u00f3nico\" value=\"\" type=\"email\" name=\"correo\" \/><\/span>\n<\/p>\n<p><label>Adjuntar planilla con el listado de estudiantes asistentes<\/label><br \/>\n<small class=\"text-muted\">Debe completarse seg\u00fan el formato adjunto que se encuentra en la descripci\u00f3n de la p\u00e1gina o puede descargarlo aqu\u00ed:<br \/>\n<a href=\"https:\/\/www.uoh.cl\/admision\/wp-content\/uploads\/sites\/2\/2025\/05\/Planilla-Inscripcion-Puertas-Abiertas-Campus-Colchagua-2025-Nombre-del-Establecimiento.xlsx\" target=\"_blank\" class=\"d-block\"><i class=\"fa-solid fa-cloud-arrow-down fa-fw me-2\" style=\"color:#42a0f8;\"><\/i>Planilla Inscripci\u00f3n Puertas Abiertas Campus Colchagua 2025<\/a><\/small>\n<\/p>\n<div class=\"wpcf7-form-control-wrap\" data-name=\"planilla_adjunta\">                <div class=\"igd igd-shortcode-wrap igd-shortcode-uploader\"\n                     data-shortcode-data=\"eyJ0eXBlIjoidXBsb2FkZXIiLCJpc0Zvcm1VcGxvYWRlciI6ImNmNyIsImlzUmVxdWlyZWQiOnRydWUsImlkIjoxLCJ0aXRsZSI6Ik1vZHVsZSAoIzEpIC0gRmlsZSBVcGxvYWRlciAgLSBDb250YWN0IEZvcm0gNyAoIzIzMjkzKSIsImZvbGRlcnMiOlt7ImlkIjoiMVBIVDJRX09LZ2RURzB5QXBqT2xrdTFERE5oYjRiVEUtIiwibmFtZSI6IlB1ZXJ0YXMgQWJpZXJ0YXMgQ2FtcHVzIENvbGNoYWd1YSIsInR5cGUiOiJhcHBsaWNhdGlvblwvdm5kLmdvb2dsZS1hcHBzLmZvbGRlciIsInNpemUiOm51bGwsImljb25MaW5rIjoiaHR0cHM6XC9cL2RyaXZlLXRoaXJkcGFydHkuZ29vZ2xldXNlcmNvbnRlbnQuY29tXC8xNlwvdHlwZVwvYXBwbGljYXRpb25cL3ZuZC5nb29nbGUtYXBwcy5mb2xkZXIrc2hhcmVkIiwidGh1bWJuYWlsTGluayI6bnVsbCwid2ViVmlld0xpbmsiOiJodHRwczpcL1wvZHJpdmUuZ29vZ2xlLmNvbVwvZHJpdmVcL2ZvbGRlcnNcLzFQSFQyUV9PS2dkVEcweUFwak9sa3UxREROaGI0YlRFLSIsIndlYkNvbnRlbnRMaW5rIjpudWxsLCJjcmVhdGVkIjoiMjAyNS0wNS0yMFQxNjoxNzo1NS4yNDlaIiwidXBkYXRlZCI6IjIwMjUtMDUtMjBUMTY6MjE6NDkuODA4WiIsImRlc2NyaXB0aW9uIjpudWxsLCJzaGFyZWQiOnRydWUsInNoYXJlZFdpdGhNZVRpbWUiOm51bGwsImV4dGVuc2lvbiI6bnVsbCwicmVzb3VyY2VLZXkiOm51bGwsImNvcHlSZXF1aXJlc1dyaXRlclBlcm1pc3Npb24iOmZhbHNlLCJzdGFycmVkIjpmYWxzZSwiZXhwb3J0TGlua3MiOm51bGwsImFjY291bnRJZCI6IjAxOTA4NzM2NjAwMDk5MjM3Njk2IiwicGFyZW50cyI6WyJyb290Il0sInBlcm1pc3Npb25zIjp7ImNhblByZXZpZXciOnRydWUsImNhbkRvd25sb2FkIjpmYWxzZSwiY2FuRWRpdCI6ZmFsc2UsImNhbkRlbGV0ZSI6dHJ1ZSwiY2FuVHJhc2giOnRydWUsImNhbk1vdmUiOnRydWUsImNhblJlbmFtZSI6dHJ1ZSwiY2FuU2hhcmUiOnRydWUsImNvcHlSZXF1aXJlc1dyaXRlclBlcm1pc3Npb24iOmZhbHNlLCJjYW5DaGFuZ2VDb3B5UmVxdWlyZXNXcml0ZXJQZXJtaXNzaW9uIjpudWxsLCJ1c2VycyI6eyIwODk0ODkzMDY3MjgxNDQzMzY2NyI6eyJ0eXBlIjoidXNlciIsInJvbGUiOiJyZWFkZXIiLCJkb21haW4iOm51bGx9LCIwMTkwODczNjYwMDA5OTIzNzY5NiI6eyJ0eXBlIjoidXNlciIsInJvbGUiOiJvd25lciIsImRvbWFpbiI6bnVsbH19fSwiZXhwb3J0QXMiOltdLCJpc0ZvbGRlciI6dHJ1ZX1dLCJhbGxvd0V4dGVuc2lvbnMiOiJ4bHN4IiwibWF4RmlsZXMiOiIxIiwibWluRmlsZXMiOiIxIiwic2hvd1VwbG9hZExhYmVsIjpmYWxzZSwidXBsb2FkRmlsZU5hbWUiOiIlZmlsZV9uYW1lJV8lZGF0ZSUlZmlsZV9leHRlbnNpb24lIiwibm9uY2UiOiI3ZmEzYzU1N2UyIiwiZmlsdGVycyI6eyJhbGxvd0V4dGVuc2lvbnMiOiJ4bHN4IiwiYWxsb3dBbGxFeHRlbnNpb25zIjpmYWxzZSwiYWxsb3dFeGNlcHRFeHRlbnNpb25zIjoiIiwiYWxsb3dOYW1lcyI6IiIsImFsbG93QWxsTmFtZXMiOiIiLCJhbGxvd0V4Y2VwdE5hbWVzIjoiIiwibmFtZUZpbHRlck9wdGlvbnMiOlsiZmlsZXMiXSwic2hvd0ZpbGVzIjp0cnVlLCJzaG93Rm9sZGVycyI6dHJ1ZX0sImFjY291bnQiOnsiaWQiOiIwMTkwODczNjYwMDA5OTIzNzY5NiIsIm5hbWUiOiJKb25hdGhhbiBGb2xsaW4iLCJlbWFpbCI6ImpvbmF0aGFuLmZvbGxpbkB1b2guY2wiLCJwaG90byI6Imh0dHBzOlwvXC9saDMuZ29vZ2xldXNlcmNvbnRlbnQuY29tXC9hXC9BQ2c4b2NJZDZGaGdXS0ZtZEp1MnRVUEZuTURhcVllZW9rMlNndW94dDQzVU1JTlNYRTdSWXo0PXM2NCIsInN0b3JhZ2UiOnsidXNhZ2UiOiI4NTU0NjcyMzY4OTc4NyIsImxpbWl0IjoiMTA5OTUxMTYyNzc3NjAwIn0sImxvc3QiOmZhbHNlLCJyb290X2lkIjoiMEFIbzNLZTg0QnI1U1VrOVBWQSIsInVzZXJfaWQiOlsiYWRtaW4iXX19\"\n                     style=\"--module-width: 100%; --module-height: ;\"\n                ><\/div>\n\t\t\t\t<input name=\"planilla_adjunta\" class=\"wpcf7-form-control wpcf7-google_drive wpcf7-validates-as-required upload-file-list igd-hidden\" aria-invalid=\"false\" aria-required=\"true\" \/><input type='hidden' name='_user_id' value='0' \/><\/div>\n<p><p><span class=\"wpcf7-form-control-wrap\"><div class=\"f12-captcha template-2\">\r\n    <div class=\"c-header\">\r\n        <!-- Label korrekt mit `for` verkn\u00fcpfen -->\r\n        <div class=\"c-label\">\r\n            <label for=\"c_e15bec63d6d6fe42b3ac\">\r\n\t\t\t\tCaptcha            <\/label>\r\n        <\/div>\r\n\r\n        <!-- CAPTCHA-Daten mit Aria LIVE markieren -->\r\n        <div class=\"c-data\" aria-live=\"polite\" aria-atomic=\"true\" aria-describedby=\"captcha-instructions\">\r\n\t\t\t<span class=\"captcha-calculation\">6 - 1 = ?<\/span>        <\/div>\r\n\r\n        <!-- CAPTCHA Reload mit Tastenzug\u00e4nglichkeit -->\r\n        <div class=\"c-reload\" role=\"button\" tabindex=\"0\" aria-label=\"Refresh CAPTCHA\">\r\n\t\t\t<a href=\"javascript:void(0);\" class=\"cf7 captcha-reload\" title=\"Reload Captcha\"><img decoding=\"async\" style=\"--smush-placeholder-width: 16px; --smush-placeholder-aspect-ratio: 16\/16;margin-top:5px;\" data-src=\"https:\/\/www.uoh.cl\/admision\/wp-content\/plugins\/captcha-for-contact-form-7\/core\/assets\/reload-icon.png\" alt=\"Reload\" src=\"data:image\/svg+xml;base64,PHN2ZyB3aWR0aD0iMSIgaGVpZ2h0PSIxIiB4bWxucz0iaHR0cDovL3d3dy53My5vcmcvMjAwMC9zdmciPjwvc3ZnPg==\" class=\"lazyload\" \/><\/a>        <\/div>\r\n    <\/div>\r\n\r\n    <!-- Versteckte Eingabewerte -->\r\n    <input type=\"hidden\" id=\"hash_c_e15bec63d6d6fe42b3ac\"\r\n           name=\"f12_captcha_hash\"\r\n           value=\"$2y$10$FLNsEU9liQlryNgW71Z95eLLGLVrEN3WiwX5vCJXxHQ8KGjpc.HK6\"\/>\r\n\r\n    <!-- Eingabefeld mit Barrierefreiheitsattributen -->\r\n    <div class=\"\" >\r\n        <input class=\"f12c \"\r\n               data-method=\"math\"                type=\"text\"\r\n               id=\"c_e15bec63d6d6fe42b3ac\"\r\n               name=\"f12_captcha\"\r\n               placeholder=\"Captcha\"\r\n               value=\"\"\r\n               aria-required=\"true\"\r\n               aria-describedby=\"captcha-instructions\"\/>\r\n    <\/div>\r\n\r\n    <!-- Screenreader-Hinweise -->\r\n    <p id=\"captcha-instructions\" class=\"screen-reader-text\">\r\n\t\tPlease enter the characters shown in the CAPTCHA to verify that you are human.    <\/p>\r\n<\/div><\/span><\/p><input class=\"wpcf7-form-control wpcf7-submit has-spinner\" type=\"submit\" value=\"Enviar\" \/>\n<\/p><div class=\"wpcf7-response-output\" aria-hidden=\"true\"><\/div>\n<\/form>\n<\/div>\n[\/vc_column][\/vc_row][\/vc_section][vc_section css=&#8221;.vc_custom_1752762172196{background-color: #f6faff !important;}&#8221; el_class=&#8221;p-md-0 pt-md-5 pb-md-5&#8243;][vc_row el_class=&#8221;container mx-auto align-items-center&#8221;][vc_column][vc_column_text css=&#8221;&#8221;]<\/p>\n<p class=\"p1\"><b>El formulario de inscripci\u00f3n ya se encuentra cerrado<\/b><b><\/b><\/p>\n<p class=\"p1\"><span class=\"s1\">Agradecemos tu inter\u00e9s en ser parte del evento <\/span><b>Puertas Abiertas UOH \u2013 Campus Colchagua<\/b><span class=\"s1\">, organizado por la <\/span><b>Escuela de Ciencias Agroalimentarias, Animales y Ambientales (ECA3)<\/b><span class=\"s1\">.<\/span><\/p>\n<p class=\"p3\">El periodo de inscripci\u00f3n ha finalizado, pero te invitamos a seguir explorando nuestras carreras, talleres y actividades en el sitio web de la Universidad de O\u2019Higgins.<\/p>\n<p class=\"p3\">\u00a1Esperamos verte en una pr\u00f3xima oportunidad!<\/p>\n<p>[\/vc_column_text][\/vc_column][\/vc_row][\/vc_section]<\/p>\n<\/div>","protected":false},"excerpt":{"rendered":"<p>[vc_section el_class=&#8221;container mx-auto align-items-center circle&#8211;pattern&#8221; css=&#8221;.vc_custom_1648956589196{padding-top: 3rem !important;}&#8221;][vc_row el_class=&#8221;pb-5&#8243;][vc_column][vc_wp_custommenu nav_menu=&#8221;6&#8243;][vc_column_text css=&#8221;&#8221;] Registro de establecimientos \u2013 Puertas Abiertas Campus Colchagua Para completar correctamente la inscripci\u00f3n, es obligatorio descargar y completar el archivo en formato Excel que encontrar\u00e1s a continuaci\u00f3n. Este archivo contiene el formato estandarizado con la informaci\u00f3n que necesitamos para gestionar internamente los datos. \u26a0\ufe0f [&hellip;]<\/p>\n","protected":false},"author":6,"featured_media":0,"parent":6645,"menu_order":0,"comment_status":"closed","ping_status":"closed","template":"","meta":{"_acf_changed":false,"footnotes":""},"class_list":["post-23295","page","type-page","status-publish","hentry"],"acf":[],"yoast_head":"<!-- This site is optimized with the Yoast SEO plugin v26.6 - https:\/\/yoast.com\/wordpress\/plugins\/seo\/ -->\n<title>Formulario de inscripci\u00f3n Puertas Abiertas Campus Colchagua - Admisi\u00f3n UOH<\/title>\n<meta name=\"robots\" content=\"index, follow, max-snippet:-1, max-image-preview:large, max-video-preview:-1\" \/>\n<link rel=\"canonical\" href=\"https:\/\/www.uoh.cl\/admision\/actividades\/puertas-abiertas-campus-colchagua\/formulario-de-inscripcion\/\" \/>\n<meta property=\"og:locale\" content=\"es_ES\" \/>\n<meta property=\"og:type\" content=\"article\" \/>\n<meta property=\"og:title\" content=\"Formulario de inscripci\u00f3n Puertas Abiertas Campus Colchagua - Admisi\u00f3n UOH\" \/>\n<meta property=\"og:description\" content=\"[vc_section el_class=&#8221;container mx-auto align-items-center circle&#8211;pattern&#8221; css=&#8221;.vc_custom_1648956589196{padding-top: 3rem !important;}&#8221;][vc_row el_class=&#8221;pb-5&#8243;][vc_column][vc_wp_custommenu nav_menu=&#8221;6&#8243;][vc_column_text css=&#8221;&#8221;] Registro de establecimientos \u2013 Puertas Abiertas Campus Colchagua Para completar correctamente la inscripci\u00f3n, es obligatorio descargar y completar el archivo en formato Excel que encontrar\u00e1s a continuaci\u00f3n. Este archivo contiene el formato estandarizado con la informaci\u00f3n que necesitamos para gestionar internamente los datos. \u26a0\ufe0f [&hellip;]\" \/>\n<meta property=\"og:url\" content=\"https:\/\/www.uoh.cl\/admision\/actividades\/puertas-abiertas-campus-colchagua\/formulario-de-inscripcion\/\" \/>\n<meta property=\"og:site_name\" content=\"Admisi\u00f3n UOH\" \/>\n<meta property=\"article:modified_time\" content=\"2025-08-28T15:29:03+00:00\" \/>\n<meta name=\"twitter:card\" content=\"summary_large_image\" \/>\n<meta name=\"twitter:label1\" content=\"Tiempo estimado de lectura\" \/>\n\t<meta name=\"twitter:data1\" content=\"1 minuto\" \/>\n<script type=\"application\/ld+json\" class=\"yoast-schema-graph\">{\"@context\":\"https:\/\/schema.org\",\"@graph\":[{\"@type\":\"WebPage\",\"@id\":\"https:\/\/www.uoh.cl\/admision\/actividades\/puertas-abiertas-campus-colchagua\/formulario-de-inscripcion\/\",\"url\":\"https:\/\/www.uoh.cl\/admision\/actividades\/puertas-abiertas-campus-colchagua\/formulario-de-inscripcion\/\",\"name\":\"Formulario de inscripci\u00f3n Puertas Abiertas Campus Colchagua - Admisi\u00f3n UOH\",\"isPartOf\":{\"@id\":\"https:\/\/www.uoh.cl\/admision\/#website\"},\"datePublished\":\"2025-05-20T16:00:38+00:00\",\"dateModified\":\"2025-08-28T15:29:03+00:00\",\"breadcrumb\":{\"@id\":\"https:\/\/www.uoh.cl\/admision\/actividades\/puertas-abiertas-campus-colchagua\/formulario-de-inscripcion\/#breadcrumb\"},\"inLanguage\":\"es-CL\",\"potentialAction\":[{\"@type\":\"ReadAction\",\"target\":[\"https:\/\/www.uoh.cl\/admision\/actividades\/puertas-abiertas-campus-colchagua\/formulario-de-inscripcion\/\"]}]},{\"@type\":\"BreadcrumbList\",\"@id\":\"https:\/\/www.uoh.cl\/admision\/actividades\/puertas-abiertas-campus-colchagua\/formulario-de-inscripcion\/#breadcrumb\",\"itemListElement\":[{\"@type\":\"ListItem\",\"position\":1,\"name\":\"Actividades\",\"item\":\"https:\/\/www.uoh.cl\/admision\/actividades\/\"},{\"@type\":\"ListItem\",\"position\":2,\"name\":\"Puertas Abiertas Campus Colchagua\",\"item\":\"https:\/\/www.uoh.cl\/admision\/actividades\/puertas-abiertas-campus-colchagua\/\"},{\"@type\":\"ListItem\",\"position\":3,\"name\":\"Formulario de inscripci\u00f3n Puertas Abiertas Campus Colchagua\"}]},{\"@type\":\"WebSite\",\"@id\":\"https:\/\/www.uoh.cl\/admision\/#website\",\"url\":\"https:\/\/www.uoh.cl\/admision\/\",\"name\":\"Admisi\u00f3n UOH\",\"description\":\"Otro sitio de Sitios de Universidad O&#039;higgins\",\"potentialAction\":[{\"@type\":\"SearchAction\",\"target\":{\"@type\":\"EntryPoint\",\"urlTemplate\":\"https:\/\/www.uoh.cl\/admision\/?s={search_term_string}\"},\"query-input\":{\"@type\":\"PropertyValueSpecification\",\"valueRequired\":true,\"valueName\":\"search_term_string\"}}],\"inLanguage\":\"es-CL\"}]}<\/script>\n<!-- \/ Yoast SEO plugin. -->","yoast_head_json":{"title":"Formulario de inscripci\u00f3n Puertas Abiertas Campus Colchagua - Admisi\u00f3n UOH","robots":{"index":"index","follow":"follow","max-snippet":"max-snippet:-1","max-image-preview":"max-image-preview:large","max-video-preview":"max-video-preview:-1"},"canonical":"https:\/\/www.uoh.cl\/admision\/actividades\/puertas-abiertas-campus-colchagua\/formulario-de-inscripcion\/","og_locale":"es_ES","og_type":"article","og_title":"Formulario de inscripci\u00f3n Puertas Abiertas Campus Colchagua - Admisi\u00f3n UOH","og_description":"[vc_section el_class=&#8221;container mx-auto align-items-center circle&#8211;pattern&#8221; css=&#8221;.vc_custom_1648956589196{padding-top: 3rem !important;}&#8221;][vc_row el_class=&#8221;pb-5&#8243;][vc_column][vc_wp_custommenu nav_menu=&#8221;6&#8243;][vc_column_text css=&#8221;&#8221;] Registro de establecimientos \u2013 Puertas Abiertas Campus Colchagua Para completar correctamente la inscripci\u00f3n, es obligatorio descargar y completar el archivo en formato Excel que encontrar\u00e1s a continuaci\u00f3n. Este archivo contiene el formato estandarizado con la informaci\u00f3n que necesitamos para gestionar internamente los datos. \u26a0\ufe0f [&hellip;]","og_url":"https:\/\/www.uoh.cl\/admision\/actividades\/puertas-abiertas-campus-colchagua\/formulario-de-inscripcion\/","og_site_name":"Admisi\u00f3n UOH","article_modified_time":"2025-08-28T15:29:03+00:00","twitter_card":"summary_large_image","twitter_misc":{"Tiempo estimado de lectura":"1 minuto"},"schema":{"@context":"https:\/\/schema.org","@graph":[{"@type":"WebPage","@id":"https:\/\/www.uoh.cl\/admision\/actividades\/puertas-abiertas-campus-colchagua\/formulario-de-inscripcion\/","url":"https:\/\/www.uoh.cl\/admision\/actividades\/puertas-abiertas-campus-colchagua\/formulario-de-inscripcion\/","name":"Formulario de inscripci\u00f3n Puertas Abiertas Campus Colchagua - Admisi\u00f3n UOH","isPartOf":{"@id":"https:\/\/www.uoh.cl\/admision\/#website"},"datePublished":"2025-05-20T16:00:38+00:00","dateModified":"2025-08-28T15:29:03+00:00","breadcrumb":{"@id":"https:\/\/www.uoh.cl\/admision\/actividades\/puertas-abiertas-campus-colchagua\/formulario-de-inscripcion\/#breadcrumb"},"inLanguage":"es-CL","potentialAction":[{"@type":"ReadAction","target":["https:\/\/www.uoh.cl\/admision\/actividades\/puertas-abiertas-campus-colchagua\/formulario-de-inscripcion\/"]}]},{"@type":"BreadcrumbList","@id":"https:\/\/www.uoh.cl\/admision\/actividades\/puertas-abiertas-campus-colchagua\/formulario-de-inscripcion\/#breadcrumb","itemListElement":[{"@type":"ListItem","position":1,"name":"Actividades","item":"https:\/\/www.uoh.cl\/admision\/actividades\/"},{"@type":"ListItem","position":2,"name":"Puertas Abiertas Campus Colchagua","item":"https:\/\/www.uoh.cl\/admision\/actividades\/puertas-abiertas-campus-colchagua\/"},{"@type":"ListItem","position":3,"name":"Formulario de inscripci\u00f3n Puertas Abiertas Campus Colchagua"}]},{"@type":"WebSite","@id":"https:\/\/www.uoh.cl\/admision\/#website","url":"https:\/\/www.uoh.cl\/admision\/","name":"Admisi\u00f3n UOH","description":"Otro sitio de Sitios de Universidad O&#039;higgins","potentialAction":[{"@type":"SearchAction","target":{"@type":"EntryPoint","urlTemplate":"https:\/\/www.uoh.cl\/admision\/?s={search_term_string}"},"query-input":{"@type":"PropertyValueSpecification","valueRequired":true,"valueName":"search_term_string"}}],"inLanguage":"es-CL"}]}},"_links":{"self":[{"href":"https:\/\/www.uoh.cl\/admision\/wp-json\/wp\/v2\/pages\/23295","targetHints":{"allow":["GET"]}}],"collection":[{"href":"https:\/\/www.uoh.cl\/admision\/wp-json\/wp\/v2\/pages"}],"about":[{"href":"https:\/\/www.uoh.cl\/admision\/wp-json\/wp\/v2\/types\/page"}],"author":[{"embeddable":true,"href":"https:\/\/www.uoh.cl\/admision\/wp-json\/wp\/v2\/users\/6"}],"replies":[{"embeddable":true,"href":"https:\/\/www.uoh.cl\/admision\/wp-json\/wp\/v2\/comments?post=23295"}],"version-history":[{"count":6,"href":"https:\/\/www.uoh.cl\/admision\/wp-json\/wp\/v2\/pages\/23295\/revisions"}],"predecessor-version":[{"id":27061,"href":"https:\/\/www.uoh.cl\/admision\/wp-json\/wp\/v2\/pages\/23295\/revisions\/27061"}],"up":[{"embeddable":true,"href":"https:\/\/www.uoh.cl\/admision\/wp-json\/wp\/v2\/pages\/6645"}],"wp:attachment":[{"href":"https:\/\/www.uoh.cl\/admision\/wp-json\/wp\/v2\/media?parent=23295"}],"curies":[{"name":"wp","href":"https:\/\/api.w.org\/{rel}","templated":true}]}}