
{"id":227,"date":"2022-04-15T02:09:55","date_gmt":"2022-04-15T05:09:55","guid":{"rendered":"https:\/\/www.uoh.cl\/admision\/?page_id=227"},"modified":"2023-01-10T10:18:20","modified_gmt":"2023-01-10T13:18:20","slug":"becas-y-creditos","status":"publish","type":"page","link":"https:\/\/www.uoh.cl\/admision\/unidad-de-aranceles\/becas-y-creditos\/","title":{"rendered":"Becas y Cr\u00e9ditos"},"content":{"rendered":"<div class=\"wpb-content-wrapper\"><p>[vc_section el_class=&#8221;container mx-auto align-items-center circle&#8211;pattern&#8221; css=&#8221;.vc_custom_1673356660923{padding-top: 3rem !important;}&#8221;][vc_row el_class=&#8221;pb-5&#8243;][vc_column][vc_wp_custommenu nav_menu=&#8221;8&#8243;]<div class=\"breadcrumb\"><ol itemscope itemtype=\"https:\/\/schema.org\/BreadcrumbList\"><li itemprop=\"itemListElement\" itemscope itemtype=\"https:\/\/schema.org\/ListItem\"><a itemprop=\"item\" href=\"http:\/\/www.uoh.cl\"><span itemprop=\"name\">Inicio<\/span><\/a><meta itemprop=\"position\" content=\"1\" \/><li itemprop=\"itemListElement\" itemscope itemtype=\"https:\/\/schema.org\/ListItem\"><a itemprop=\"item\" href=\"https:\/\/www.uoh.cl\/admision\"><span itemprop=\"name\">Admisi\u00f3n UOH<\/span><\/a><meta itemprop=\"position\" content=\"2\" \/><li itemprop=\"itemListElement\" itemscope itemtype=\"https:\/\/schema.org\/ListItem\"><a itemprop=\"item\" href=\"https:\/\/www.uoh.cl\/admision\/unidad-de-aranceles\/\"><span itemprop=\"name\">Unidad de Aranceles<\/span><\/a><meta itemprop=\"position\" content=\"3\" \/><li itemprop=\"itemListElement\" itemscope itemtype=\"https:\/\/schema.org\/ListItem\"><span itemprop=\"name\">Becas y Cr\u00e9ditos <\/span><meta itemprop=\"position\" content=\"4\" \/><\/ol><\/div><div class=\"uoh_title_component-container\"><h1 class=\"title title--ms d-inline-block title--decorator  big\">Becas y Cr\u00e9ditos<\/h1><\/div>[vc_column_text]Tipo de beneficios[\/vc_column_text][\/vc_column][\/vc_row][\/vc_section][vc_section css=&#8221;.vc_custom_1649995750754{background-color: #f6faff !important;}&#8221; el_class=&#8221;pb-5&#8243;][vc_row el_class=&#8221;container mx-auto align-items-center&#8221;][vc_column el_class=&#8221;p-0&#8243;][vc_row_inner][vc_column_inner el_class=&#8221;mb-4&#8243; width=&#8221;1\/2&#8243;]<div class=\"box-container__info circle--pattern\" style=\"border-top: 4px solid #42a0f8\"><figure ><img decoding=\"async\" src=\"\" \/><figcaption class=\"uoh_row m-0 align-items-center\">\n                        <div class=\"\"><h5 class=\"title__caption mb-3\">Gratuidad<\/h5><div> <p>La gratuidad 2021 incluye el derecho b\u00e1sico de matr\u00edcula y el arancel de la carrera, por la duraci\u00f3n nominal de esta. No cubre costos de titulaci\u00f3n, impuestos, timbres, estampillas ni otros costos adicionales a los aranceles.<\/p><\/div><a class=\"link link link--bold component__btn-content mt-2\" href=\"https:\/\/portal.beneficiosestudiantiles.cl\/gratuidad\" title=\"\"> Saber m\u00e1s <span class=\"icon icon--inline icon--link\"><svg version=\"1.1\" xmlns=\"http:\/\/www.w3.org\/2000\/svg\" xmlns:xlink=\"http:\/\/www.w3.org\/1999\/xlink\" x=\"0px\" y=\"0px\" width=\"22px\"height=\"22px\" viewBox=\"0 0 22 22\" style=\"overflow:visible;enable-background:new 0 0 80 64.6;\" xml:space=\"preserve\"><g clip-path=\"url(#acA)\"><path fill-rule=\"evenodd\" d=\"M21.913 11.266a.93.93 0 000-.711c-.022-.056-.063-.097-.091-.144s-.053-.103-.097-.15L12.306.294c-.357-.379-.955-.394-1.334-.038s-.394.955-.038 1.334l7.917 8.374H.927a.95.95 0 00-.908.983.946.946 0 00.908.908h17.924l-8.089 8.552c-.357.379-.341.977.034 1.334s.977.341 1.334-.034l9.594-10.148c.044-.044.063-.1.097-.15.028-.047.069-.088.091-.141z\"\/><\/g><defs><clipPath id=\"acA\"><path fill=\"#fff\" d=\"M0 0h22v22H0z\"\/><\/clipPath><\/defs><\/svg><\/span><\/a><\/a><\/div> <\/figcaption><\/figure><\/div>[\/vc_column_inner][vc_column_inner el_class=&#8221;mb-4&#8243; width=&#8221;1\/2&#8243;]<div class=\"box-container__info circle--pattern\" style=\"border-top: 4px solid #42a0f8\"><figure ><img decoding=\"async\" src=\"\" \/><figcaption class=\"uoh_row m-0 align-items-center\">\n                        <div class=\"\"><h5 class=\"title__caption mb-3\">Becas<\/h5><div> <p>Son ayudas econ\u00f3micas dirigidas a financiar la totalidad o parte del arancel anual de la carrera, durante la duraci\u00f3n nominal. Las becas de arancel, cuentan con requisitos acad\u00e9micos y socioecon\u00f3micos tanto para la asignaci\u00f3n como la renovaci\u00f3n.<\/p>\n<p>Te invitamos a revisar m\u00e1s informaci\u00f3n en el sitio<\/p><\/div><a class=\"link link link--bold component__btn-content mt-2\" href=\"https:\/\/portal.beneficiosestudiantiles.cl\/becas\/becas-de-arancel\" title=\"\"> Saber m\u00e1s <span class=\"icon icon--inline icon--link\"><svg version=\"1.1\" xmlns=\"http:\/\/www.w3.org\/2000\/svg\" xmlns:xlink=\"http:\/\/www.w3.org\/1999\/xlink\" x=\"0px\" y=\"0px\" width=\"22px\"height=\"22px\" viewBox=\"0 0 22 22\" style=\"overflow:visible;enable-background:new 0 0 80 64.6;\" xml:space=\"preserve\"><g clip-path=\"url(#acA)\"><path fill-rule=\"evenodd\" d=\"M21.913 11.266a.93.93 0 000-.711c-.022-.056-.063-.097-.091-.144s-.053-.103-.097-.15L12.306.294c-.357-.379-.955-.394-1.334-.038s-.394.955-.038 1.334l7.917 8.374H.927a.95.95 0 00-.908.983.946.946 0 00.908.908h17.924l-8.089 8.552c-.357.379-.341.977.034 1.334s.977.341 1.334-.034l9.594-10.148c.044-.044.063-.1.097-.15.028-.047.069-.088.091-.141z\"\/><\/g><defs><clipPath id=\"acA\"><path fill=\"#fff\" d=\"M0 0h22v22H0z\"\/><\/clipPath><\/defs><\/svg><\/span><\/a><\/a><\/div> <\/figcaption><\/figure><\/div>[\/vc_column_inner][\/vc_row_inner][vc_row_inner][vc_column_inner el_class=&#8221;mb-4&#8243; width=&#8221;1\/2&#8243;]<div class=\"box-container__info circle--pattern\" style=\"border-top: 4px solid #42a0f8\"><figure ><img decoding=\"async\" src=\"\" \/><figcaption class=\"uoh_row m-0 align-items-center\">\n                        <div class=\"\"><h5 class=\"title__caption mb-3\">Fondo Solidario de Cr\u00e9dito Universitario (FSCU)<\/h5><div> <p>Es un beneficio que se otorga a los estudiantes de las Universidades del Consejo de Rectores, tambi\u00e9n denominadas Universidades Tradicionales, para financiar parte o el total del arancel de referencia anual de la carrera. Este cr\u00e9dito se entrega en UTM y tiene un inter\u00e9s anual del 2%.<\/p>\n<p>Te invitamos a revisar m\u00e1s informaci\u00f3n en el sitio<\/p><\/div><a class=\"link link link--bold component__btn-content mt-2\" href=\"https:\/\/portal.beneficiosestudiantiles.cl\/gratuidad\" title=\"\"> Saber m\u00e1s <span class=\"icon icon--inline icon--link\"><svg version=\"1.1\" xmlns=\"http:\/\/www.w3.org\/2000\/svg\" xmlns:xlink=\"http:\/\/www.w3.org\/1999\/xlink\" x=\"0px\" y=\"0px\" width=\"22px\"height=\"22px\" viewBox=\"0 0 22 22\" style=\"overflow:visible;enable-background:new 0 0 80 64.6;\" xml:space=\"preserve\"><g clip-path=\"url(#acA)\"><path fill-rule=\"evenodd\" d=\"M21.913 11.266a.93.93 0 000-.711c-.022-.056-.063-.097-.091-.144s-.053-.103-.097-.15L12.306.294c-.357-.379-.955-.394-1.334-.038s-.394.955-.038 1.334l7.917 8.374H.927a.95.95 0 00-.908.983.946.946 0 00.908.908h17.924l-8.089 8.552c-.357.379-.341.977.034 1.334s.977.341 1.334-.034l9.594-10.148c.044-.044.063-.1.097-.15.028-.047.069-.088.091-.141z\"\/><\/g><defs><clipPath id=\"acA\"><path fill=\"#fff\" d=\"M0 0h22v22H0z\"\/><\/clipPath><\/defs><\/svg><\/span><\/a><\/a><\/div> <\/figcaption><\/figure><\/div>[\/vc_column_inner][vc_column_inner el_class=&#8221;mb-4&#8243; width=&#8221;1\/2&#8243;]<div class=\"box-container__info circle--pattern\" style=\"border-top: 4px solid #42a0f8\"><figure ><img decoding=\"async\" src=\"\" \/><figcaption class=\"uoh_row m-0 align-items-center\">\n                        <div class=\"\"><h5 class=\"title__caption mb-3\">Cr\u00e9dito con Aval del Estado<\/h5><div> <p>Es un beneficio del Estado que se otorga a estudiantes de probado m\u00e9rito acad\u00e9mico, que necesitan apoyo financiero para iniciar o continuar una carrera en alguna de las instituciones de Educaci\u00f3n Superior Acreditadas que forman parte del Sistema de Cr\u00e9dito con Garant\u00eda Estatal. Es un cr\u00e9dito bancario en UF, que tiene un inter\u00e9s anual del 2%.<\/p><\/div><a class=\"link link link--bold component__btn-content mt-2\" href=\"https:\/\/portal.beneficiosestudiantiles.cl\/becas\/becas-de-arancel\" title=\"\"> Saber m\u00e1s <span class=\"icon icon--inline icon--link\"><svg version=\"1.1\" xmlns=\"http:\/\/www.w3.org\/2000\/svg\" xmlns:xlink=\"http:\/\/www.w3.org\/1999\/xlink\" x=\"0px\" y=\"0px\" width=\"22px\"height=\"22px\" viewBox=\"0 0 22 22\" style=\"overflow:visible;enable-background:new 0 0 80 64.6;\" xml:space=\"preserve\"><g clip-path=\"url(#acA)\"><path fill-rule=\"evenodd\" d=\"M21.913 11.266a.93.93 0 000-.711c-.022-.056-.063-.097-.091-.144s-.053-.103-.097-.15L12.306.294c-.357-.379-.955-.394-1.334-.038s-.394.955-.038 1.334l7.917 8.374H.927a.95.95 0 00-.908.983.946.946 0 00.908.908h17.924l-8.089 8.552c-.357.379-.341.977.034 1.334s.977.341 1.334-.034l9.594-10.148c.044-.044.063-.1.097-.15.028-.047.069-.088.091-.141z\"\/><\/g><defs><clipPath id=\"acA\"><path fill=\"#fff\" d=\"M0 0h22v22H0z\"\/><\/clipPath><\/defs><\/svg><\/span><\/a><\/a><\/div> <\/figcaption><\/figure><\/div>[\/vc_column_inner][\/vc_row_inner][\/vc_column][\/vc_row][\/vc_section][vc_section css=&#8221;.vc_custom_1649995265608{background-color: #ffffff !important;}&#8221; el_class=&#8221;p-md-0 pt-md-5 pb-md-5&#8243;][vc_row el_class=&#8221;container mx-auto align-items-center p-md-0 pb-5&#8243;][vc_column]<div class=\"uoh_title_component-container\"><h2 class=\"title title--ms d-inline-block title--decorator  medium\">Formulario Suspensi\u00f3n de Beneficios<\/h2><\/div>[vc_column_text el_class=&#8221;py-3 pb-4&#8243;]Ponemos a tu disposici\u00f3n el formulario de Suspensi\u00f3n de gratuidad y becas de arancel.[\/vc_column_text][vc_row_inner][vc_column_inner width=&#8221;1\/3&#8243;]<div class=\"uoh_link_component pe-4 d-inline-block py-1 button_white inline\"><a href=\"https:\/\/drive.google.com\/file\/d\/1QAv9fofZwTlW2RQRuQxCVGb_kLF1m9o-\/view?usp=sharing\"\n                                    class=\"link link--bold component__btn-content\"\n                                    title\"\"\n                                    target=\"_blank\"\n                                    rel=\"nofollow\">Revisa aqu\u00ed.<span class=\"icon icon--inline icon--link\"><svg version=\"1.1\" xmlns=\"http:\/\/www.w3.org\/2000\/svg\" xmlns:xlink=\"http:\/\/www.w3.org\/1999\/xlink\" x=\"0px\" y=\"0px\" width=\"22px\"height=\"22px\" viewBox=\"0 0 22 22\" style=\"overflow:visible;enable-background:new 0 0 80 64.6;\" xml:space=\"preserve\"><g clip-path=\"url(#acA)\"><path fill-rule=\"evenodd\" d=\"M21.913 11.266a.93.93 0 000-.711c-.022-.056-.063-.097-.091-.144s-.053-.103-.097-.15L12.306.294c-.357-.379-.955-.394-1.334-.038s-.394.955-.038 1.334l7.917 8.374H.927a.95.95 0 00-.908.983.946.946 0 00.908.908h17.924l-8.089 8.552c-.357.379-.341.977.034 1.334s.977.341 1.334-.034l9.594-10.148c.044-.044.063-.1.097-.15.028-.047.069-.088.091-.141z\"\/><\/g><defs><clipPath id=\"acA\"><path fill=\"#fff\" d=\"M0 0h22v22H0z\"\/><\/clipPath><\/defs><\/svg><\/span><\/a><\/div>[\/vc_column_inner][vc_column_inner width=&#8221;1\/3&#8243;][\/vc_column_inner][vc_column_inner width=&#8221;1\/3&#8243;][\/vc_column_inner][\/vc_row_inner][\/vc_column][\/vc_row][\/vc_section]<\/p>\n<\/div>","protected":false},"excerpt":{"rendered":"<p>[vc_section el_class=&#8221;container mx-auto align-items-center circle&#8211;pattern&#8221; css=&#8221;.vc_custom_1673356660923{padding-top: 3rem !important;}&#8221;][vc_row el_class=&#8221;pb-5&#8243;][vc_column][vc_wp_custommenu nav_menu=&#8221;8&#8243;][vc_column_text]Tipo de beneficios[\/vc_column_text][\/vc_column][\/vc_row][\/vc_section][vc_section css=&#8221;.vc_custom_1649995750754{background-color: #f6faff !important;}&#8221; el_class=&#8221;pb-5&#8243;][vc_row el_class=&#8221;container mx-auto align-items-center&#8221;][vc_column el_class=&#8221;p-0&#8243;][vc_row_inner][vc_column_inner el_class=&#8221;mb-4&#8243; width=&#8221;1\/2&#8243;][\/vc_column_inner][vc_column_inner el_class=&#8221;mb-4&#8243; width=&#8221;1\/2&#8243;][\/vc_column_inner][\/vc_row_inner][vc_row_inner][vc_column_inner el_class=&#8221;mb-4&#8243; width=&#8221;1\/2&#8243;][\/vc_column_inner][vc_column_inner el_class=&#8221;mb-4&#8243; width=&#8221;1\/2&#8243;][\/vc_column_inner][\/vc_row_inner][\/vc_column][\/vc_row][\/vc_section][vc_section css=&#8221;.vc_custom_1649995265608{background-color: #ffffff !important;}&#8221; el_class=&#8221;p-md-0 pt-md-5 pb-md-5&#8243;][vc_row el_class=&#8221;container mx-auto align-items-center p-md-0 pb-5&#8243;][vc_column][vc_column_text el_class=&#8221;py-3 pb-4&#8243;]Ponemos a tu disposici\u00f3n el formulario de Suspensi\u00f3n de gratuidad y becas de arancel.[\/vc_column_text][vc_row_inner][vc_column_inner width=&#8221;1\/3&#8243;][\/vc_column_inner][vc_column_inner [&hellip;]<\/p>\n","protected":false},"author":34,"featured_media":0,"parent":146,"menu_order":0,"comment_status":"closed","ping_status":"closed","template":"","meta":{"_acf_changed":false,"footnotes":""},"class_list":["post-227","page","type-page","status-publish","hentry"],"acf":[],"yoast_head":"<!-- This site is optimized with the Yoast SEO plugin v26.6 - https:\/\/yoast.com\/wordpress\/plugins\/seo\/ -->\n<title>Becas y Cr\u00e9ditos - Admisi\u00f3n UOH<\/title>\n<meta name=\"robots\" content=\"index, follow, max-snippet:-1, max-image-preview:large, max-video-preview:-1\" \/>\n<link rel=\"canonical\" href=\"https:\/\/www.uoh.cl\/admision\/unidad-de-aranceles\/becas-y-creditos\/\" \/>\n<meta property=\"og:locale\" content=\"es_ES\" \/>\n<meta property=\"og:type\" content=\"article\" \/>\n<meta property=\"og:title\" content=\"Becas y Cr\u00e9ditos - Admisi\u00f3n UOH\" \/>\n<meta property=\"og:description\" content=\"[vc_section el_class=&#8221;container mx-auto align-items-center circle&#8211;pattern&#8221; css=&#8221;.vc_custom_1673356660923{padding-top: 3rem !important;}&#8221;][vc_row el_class=&#8221;pb-5&#8243;][vc_column][vc_wp_custommenu nav_menu=&#8221;8&#8243;][vc_column_text]Tipo de beneficios[\/vc_column_text][\/vc_column][\/vc_row][\/vc_section][vc_section css=&#8221;.vc_custom_1649995750754{background-color: #f6faff !important;}&#8221; el_class=&#8221;pb-5&#8243;][vc_row el_class=&#8221;container mx-auto align-items-center&#8221;][vc_column el_class=&#8221;p-0&#8243;][vc_row_inner][vc_column_inner el_class=&#8221;mb-4&#8243; width=&#8221;1\/2&#8243;][\/vc_column_inner][vc_column_inner el_class=&#8221;mb-4&#8243; width=&#8221;1\/2&#8243;][\/vc_column_inner][\/vc_row_inner][vc_row_inner][vc_column_inner el_class=&#8221;mb-4&#8243; width=&#8221;1\/2&#8243;][\/vc_column_inner][vc_column_inner el_class=&#8221;mb-4&#8243; width=&#8221;1\/2&#8243;][\/vc_column_inner][\/vc_row_inner][\/vc_column][\/vc_row][\/vc_section][vc_section css=&#8221;.vc_custom_1649995265608{background-color: #ffffff !important;}&#8221; el_class=&#8221;p-md-0 pt-md-5 pb-md-5&#8243;][vc_row el_class=&#8221;container mx-auto align-items-center p-md-0 pb-5&#8243;][vc_column][vc_column_text el_class=&#8221;py-3 pb-4&#8243;]Ponemos a tu disposici\u00f3n el formulario de Suspensi\u00f3n de gratuidad y becas de arancel.[\/vc_column_text][vc_row_inner][vc_column_inner width=&#8221;1\/3&#8243;][\/vc_column_inner][vc_column_inner [&hellip;]\" \/>\n<meta property=\"og:url\" content=\"https:\/\/www.uoh.cl\/admision\/unidad-de-aranceles\/becas-y-creditos\/\" \/>\n<meta property=\"og:site_name\" content=\"Admisi\u00f3n UOH\" \/>\n<meta property=\"article:modified_time\" content=\"2023-01-10T13:18:20+00:00\" \/>\n<meta name=\"twitter:card\" content=\"summary_large_image\" \/>\n<meta name=\"twitter:label1\" content=\"Tiempo estimado de lectura\" \/>\n\t<meta name=\"twitter:data1\" content=\"2 minutos\" \/>\n<script type=\"application\/ld+json\" class=\"yoast-schema-graph\">{\"@context\":\"https:\/\/schema.org\",\"@graph\":[{\"@type\":\"WebPage\",\"@id\":\"https:\/\/www.uoh.cl\/admision\/unidad-de-aranceles\/becas-y-creditos\/\",\"url\":\"https:\/\/www.uoh.cl\/admision\/unidad-de-aranceles\/becas-y-creditos\/\",\"name\":\"Becas y Cr\u00e9ditos - Admisi\u00f3n UOH\",\"isPartOf\":{\"@id\":\"https:\/\/www.uoh.cl\/admision\/#website\"},\"datePublished\":\"2022-04-15T05:09:55+00:00\",\"dateModified\":\"2023-01-10T13:18:20+00:00\",\"breadcrumb\":{\"@id\":\"https:\/\/www.uoh.cl\/admision\/unidad-de-aranceles\/becas-y-creditos\/#breadcrumb\"},\"inLanguage\":\"es-CL\",\"potentialAction\":[{\"@type\":\"ReadAction\",\"target\":[\"https:\/\/www.uoh.cl\/admision\/unidad-de-aranceles\/becas-y-creditos\/\"]}]},{\"@type\":\"BreadcrumbList\",\"@id\":\"https:\/\/www.uoh.cl\/admision\/unidad-de-aranceles\/becas-y-creditos\/#breadcrumb\",\"itemListElement\":[{\"@type\":\"ListItem\",\"position\":1,\"name\":\"Unidad de Aranceles\",\"item\":\"https:\/\/www.uoh.cl\/admision\/unidad-de-aranceles\/\"},{\"@type\":\"ListItem\",\"position\":2,\"name\":\"Becas y Cr\u00e9ditos\"}]},{\"@type\":\"WebSite\",\"@id\":\"https:\/\/www.uoh.cl\/admision\/#website\",\"url\":\"https:\/\/www.uoh.cl\/admision\/\",\"name\":\"Admisi\u00f3n UOH\",\"description\":\"Otro sitio de Sitios de Universidad O&#039;higgins\",\"potentialAction\":[{\"@type\":\"SearchAction\",\"target\":{\"@type\":\"EntryPoint\",\"urlTemplate\":\"https:\/\/www.uoh.cl\/admision\/?s={search_term_string}\"},\"query-input\":{\"@type\":\"PropertyValueSpecification\",\"valueRequired\":true,\"valueName\":\"search_term_string\"}}],\"inLanguage\":\"es-CL\"}]}<\/script>\n<!-- \/ Yoast SEO plugin. -->","yoast_head_json":{"title":"Becas y Cr\u00e9ditos - Admisi\u00f3n UOH","robots":{"index":"index","follow":"follow","max-snippet":"max-snippet:-1","max-image-preview":"max-image-preview:large","max-video-preview":"max-video-preview:-1"},"canonical":"https:\/\/www.uoh.cl\/admision\/unidad-de-aranceles\/becas-y-creditos\/","og_locale":"es_ES","og_type":"article","og_title":"Becas y Cr\u00e9ditos - Admisi\u00f3n UOH","og_description":"[vc_section el_class=&#8221;container mx-auto align-items-center circle&#8211;pattern&#8221; css=&#8221;.vc_custom_1673356660923{padding-top: 3rem !important;}&#8221;][vc_row el_class=&#8221;pb-5&#8243;][vc_column][vc_wp_custommenu nav_menu=&#8221;8&#8243;][vc_column_text]Tipo de beneficios[\/vc_column_text][\/vc_column][\/vc_row][\/vc_section][vc_section css=&#8221;.vc_custom_1649995750754{background-color: #f6faff !important;}&#8221; el_class=&#8221;pb-5&#8243;][vc_row el_class=&#8221;container mx-auto align-items-center&#8221;][vc_column el_class=&#8221;p-0&#8243;][vc_row_inner][vc_column_inner el_class=&#8221;mb-4&#8243; width=&#8221;1\/2&#8243;][\/vc_column_inner][vc_column_inner el_class=&#8221;mb-4&#8243; width=&#8221;1\/2&#8243;][\/vc_column_inner][\/vc_row_inner][vc_row_inner][vc_column_inner el_class=&#8221;mb-4&#8243; width=&#8221;1\/2&#8243;][\/vc_column_inner][vc_column_inner el_class=&#8221;mb-4&#8243; width=&#8221;1\/2&#8243;][\/vc_column_inner][\/vc_row_inner][\/vc_column][\/vc_row][\/vc_section][vc_section css=&#8221;.vc_custom_1649995265608{background-color: #ffffff !important;}&#8221; el_class=&#8221;p-md-0 pt-md-5 pb-md-5&#8243;][vc_row el_class=&#8221;container mx-auto align-items-center p-md-0 pb-5&#8243;][vc_column][vc_column_text el_class=&#8221;py-3 pb-4&#8243;]Ponemos a tu disposici\u00f3n el formulario de Suspensi\u00f3n de gratuidad y becas de arancel.[\/vc_column_text][vc_row_inner][vc_column_inner width=&#8221;1\/3&#8243;][\/vc_column_inner][vc_column_inner [&hellip;]","og_url":"https:\/\/www.uoh.cl\/admision\/unidad-de-aranceles\/becas-y-creditos\/","og_site_name":"Admisi\u00f3n UOH","article_modified_time":"2023-01-10T13:18:20+00:00","twitter_card":"summary_large_image","twitter_misc":{"Tiempo estimado de lectura":"2 minutos"},"schema":{"@context":"https:\/\/schema.org","@graph":[{"@type":"WebPage","@id":"https:\/\/www.uoh.cl\/admision\/unidad-de-aranceles\/becas-y-creditos\/","url":"https:\/\/www.uoh.cl\/admision\/unidad-de-aranceles\/becas-y-creditos\/","name":"Becas y Cr\u00e9ditos - Admisi\u00f3n UOH","isPartOf":{"@id":"https:\/\/www.uoh.cl\/admision\/#website"},"datePublished":"2022-04-15T05:09:55+00:00","dateModified":"2023-01-10T13:18:20+00:00","breadcrumb":{"@id":"https:\/\/www.uoh.cl\/admision\/unidad-de-aranceles\/becas-y-creditos\/#breadcrumb"},"inLanguage":"es-CL","potentialAction":[{"@type":"ReadAction","target":["https:\/\/www.uoh.cl\/admision\/unidad-de-aranceles\/becas-y-creditos\/"]}]},{"@type":"BreadcrumbList","@id":"https:\/\/www.uoh.cl\/admision\/unidad-de-aranceles\/becas-y-creditos\/#breadcrumb","itemListElement":[{"@type":"ListItem","position":1,"name":"Unidad de Aranceles","item":"https:\/\/www.uoh.cl\/admision\/unidad-de-aranceles\/"},{"@type":"ListItem","position":2,"name":"Becas y Cr\u00e9ditos"}]},{"@type":"WebSite","@id":"https:\/\/www.uoh.cl\/admision\/#website","url":"https:\/\/www.uoh.cl\/admision\/","name":"Admisi\u00f3n UOH","description":"Otro sitio de Sitios de Universidad O&#039;higgins","potentialAction":[{"@type":"SearchAction","target":{"@type":"EntryPoint","urlTemplate":"https:\/\/www.uoh.cl\/admision\/?s={search_term_string}"},"query-input":{"@type":"PropertyValueSpecification","valueRequired":true,"valueName":"search_term_string"}}],"inLanguage":"es-CL"}]}},"_links":{"self":[{"href":"https:\/\/www.uoh.cl\/admision\/wp-json\/wp\/v2\/pages\/227","targetHints":{"allow":["GET"]}}],"collection":[{"href":"https:\/\/www.uoh.cl\/admision\/wp-json\/wp\/v2\/pages"}],"about":[{"href":"https:\/\/www.uoh.cl\/admision\/wp-json\/wp\/v2\/types\/page"}],"author":[{"embeddable":true,"href":"https:\/\/www.uoh.cl\/admision\/wp-json\/wp\/v2\/users\/34"}],"replies":[{"embeddable":true,"href":"https:\/\/www.uoh.cl\/admision\/wp-json\/wp\/v2\/comments?post=227"}],"version-history":[{"count":5,"href":"https:\/\/www.uoh.cl\/admision\/wp-json\/wp\/v2\/pages\/227\/revisions"}],"predecessor-version":[{"id":1967,"href":"https:\/\/www.uoh.cl\/admision\/wp-json\/wp\/v2\/pages\/227\/revisions\/1967"}],"up":[{"embeddable":true,"href":"https:\/\/www.uoh.cl\/admision\/wp-json\/wp\/v2\/pages\/146"}],"wp:attachment":[{"href":"https:\/\/www.uoh.cl\/admision\/wp-json\/wp\/v2\/media?parent=227"}],"curies":[{"name":"wp","href":"https:\/\/api.w.org\/{rel}","templated":true}]}}