
{"id":1522,"date":"2022-11-09T14:05:34","date_gmt":"2022-11-09T17:05:34","guid":{"rendered":"https:\/\/www.uoh.cl\/admision\/?page_id=1522"},"modified":"2025-06-26T11:46:29","modified_gmt":"2025-06-26T14:46:29","slug":"academias-uoh","status":"publish","type":"page","link":"https:\/\/www.uoh.cl\/admision\/academias-uoh\/","title":{"rendered":"Academias UOH"},"content":{"rendered":"<div class=\"wpb-content-wrapper\"><p>[vc_row][vc_column]<div class=\"uoh_slider_featured_component component__featured-slide row mx-auto col-12 m-0 align-items-center position-relative lazyload\" style=\" background:inherit\" data-bg=\"url(https:\/\/www.uoh.cl\/admision\/wp-content\/uploads\/sites\/2\/2025\/06\/Academias.jpg)\"><div class=\"caption--degrade\"><svg  xmlns=\"http:\/\/www.w3.org\/2000\/svg\" xmlns:xlink=\"http:\/\/www.w3.org\/1999\/xlink\" width=\"1061px\" height=\"539px\"><defs><linearGradient id=\"PSgrad_0\" x1=\"0%\" x2=\"64.279%\" y1=\"76.604%\" y2=\"0%\"><stop offset=\"0%\" stop-color=\"rgb(66,160,248)\" stop-opacity=\"1\" \/><stop offset=\"100%\" stop-color=\"rgb(66,160,248)\" stop-opacity=\"0\" \/><\/linearGradient><\/defs><path fill-rule=\"evenodd\"  fill=\"none\" d=\"M311.000,515.000 C311.000,515.000 211.039,468.555 132.000,357.000 C21.864,201.555 -4.306,4.695 1.000,0.000 L196.000,0.000 L811.000,0.000 L1061.000,0.000 C1061.000,0.000 851.535,430.030 546.000,521.000 C402.674,563.674 311.000,515.000 311.000,515.000 Z\"\/> <path fill=\"url(#PSgrad_0)\"d=\"M311.000,515.000 C311.000,515.000 211.039,468.555 132.000,357.000 C21.864,201.555 -4.306,4.695 1.000,0.000 L196.000,0.000 L811.000,0.000 L1061.000,0.000 C1061.000,0.000 851.535,430.030 546.000,521.000 C402.674,563.674 311.000,515.000 311.000,515.000 Z\"\/><\/svg><\/div><div class=\"caption--quote\"><svg xmlns=\"http:\/\/www.w3.org\/2000\/svg\" xmlns:xlink=\"http:\/\/www.w3.org\/1999\/xlink\"width=\"226px\" height=\"273px\"><defs><linearGradient id=\"PSgrad_0\" x1=\"71.934%\" x2=\"0%\" y1=\"69.466%\" y2=\"0%\"><stop offset=\"0%\" stop-color=\"rgb(66,160,248)\" stop-opacity=\"0.49\" \/><stop offset=\"100%\" stop-color=\"rgb(66,160,248)\" stop-opacity=\"0\" \/><\/linearGradient><\/defs><path fill-rule=\"evenodd\"  fill=\"none\" d=\"M-0.000,273.000 L174.000,273.000 C174.000,273.000 226.000,266.268 226.000,221.000 C226.000,175.732 226.000,-0.000 226.000,-0.000 C226.000,-0.000 24.577,71.878 -0.000,273.000 Z\"\/><path fill=\"url(#PSgrad_0)\"d=\"M-0.000,273.000 L174.000,273.000 C174.000,273.000 226.000,266.268 226.000,221.000 C226.000,175.732 226.000,-0.000 226.000,-0.000 C226.000,-0.000 24.577,71.878 -0.000,273.000 Z\"\/><\/svg><\/div><div class=\"my-uoh_slider_featured_component container mx-auto p-md-0\" ><div class=\"content component__featured-slide-content container row mx-auto aling-items-center p-0\"><h1 class=\"p-0 featured-slide title\"  style=\"\"><em>Conoce aqu\u00ed los cursos<\/em>Academias de Invierno UOH<\/h1><\/div><span><\/span><\/div><\/div>[\/vc_column][\/vc_row][vc_section el_class=&#8221;container mx-auto align-items-center circle&#8211;pattern pt-md-5&#8243;][vc_row][vc_column]<div class=\"uoh_title_component-container\"><h1 class=\"title title--ms d-inline-block title--decorator  big\">\u00bfQui\u00e9nes somos?<\/h1><\/div>[vc_column_text css=&#8221;&#8221; el_class=&#8221;pb-3&#8243;]Academias UOH es una iniciativa de la Vicerrector\u00eda Acad\u00e9mica de la Universidad de O\u2019Higgins que est\u00e1 dirigida a j\u00f3venes estudiantes de ense\u00f1anza media que deseen explorar las Ciencias, Artes y Humanidades, Matem\u00e1ticas e Idiomas.<\/p>\n<p>Quienes participen de la Academia de Invierno UOH 2025 tendr\u00e1n la oportunidad de cultivar sus conocimientos, potenciar sus competencias y habilidades en cursos de las diferentes \u00e1reas de nivel universitario.[\/vc_column_text][\/vc_column][\/vc_row][\/vc_section][vc_section css=&#8221;.vc_custom_1722979015267{background-color: #f7faff !important;}&#8221;][vc_row el_class=&#8221;container mx-auto align-items-center px-md-0 pt-md-5 pb-md-5&#8243;][vc_column]<div class=\"uoh_title_component-container\"><h2 class=\"title title--ms d-inline-block title--decorator  medium\">\u00bfQu\u00e9 es lo que queremos?<\/h2><\/div>[vc_row_inner el_class=&#8221;pb-3&#8243;][vc_column_inner][vc_column_text css=&#8221;&#8221; el_class=&#8221;mb-md-4&#8243;]<\/p>\n<ol>\n<li>Entregar una experiencia universitaria a estudiantes de s\u00e9ptimo a cuarto a\u00f1o medio, proporcionando el acceso a contenido de alta calidad impartido por docentes UOH.<\/li>\n<li>Acercar a las\/os estudiantes a la UOH, fortalecer la exploraci\u00f3n vocacional y fomentar el inter\u00e9s en disciplinas acad\u00e9micas diversas.<\/li>\n<li>Fortalecer la formaci\u00f3n integral de las\/os estudiantes de la UOH que participar\u00e1n como ayudantes.<\/li>\n<li>Promover la Universidad de O\u2019Higgins entre las\/os estudiantes destacados de s\u00e9ptimo a cuarto a\u00f1o medio.<\/li>\n<\/ol>\n<p>[\/vc_column_text][\/vc_column_inner][\/vc_row_inner][\/vc_column][\/vc_row][\/vc_section][vc_section el_id=&#8221;becas estatales&#8221; el_class=&#8221;container mx-auto pt-md-5 mt-md-5 align-items-center&#8221;][vc_row][vc_column]<div class=\"container__box-group-links p-3 lazyload\"\n                style=\"background-color:#42a0f8;\n                background-image:inherit;\n                background-repeat: no-repeat;\n                background-size: contain;\n                background-position: top right;\n                \" data-bg-image=\"url(https:\/\/www.uoh.cl\/admision\/wp-content\/uploads\/sites\/2\/2022\/06\/Academia-web.jpg)\"><div class=\"content__box-group-links \"><h3 class=\"title\" style=\"color :#ffffff\">Informaci\u00f3n sobre Academia UOH 2025<\/h3><div class=\"row__content\">[vc_column_text css=&#8221;&#8221;]<\/p>\n<p>&nbsp;<\/p>\n<p>&nbsp;<\/p>\n<p>&nbsp;<\/p>\n<p>&nbsp;<\/p>\n<p>[\/vc_column_text]<\/div><\/div><\/div>[vc_row_inner el_class=&#8221;add-box-shadow px-3 pb-3&#8243; css=&#8221;.vc_custom_1750948857080{background-color: #ffffff !important;}&#8221;][vc_column_inner width=&#8221;2\/3&#8243;][vc_column_text][\/vc_column_text][vc_column_text css=&#8221;&#8221;]La Academia de Invierno UOH contempla cursos que se desarrollar\u00e1n durante los s\u00e1bados desde julio a septiembre en Campus Rancagua de la Universidad de O\u2019Higgins, brindando una m\u00e1xima experiencia universitaria.<\/p>\n<p>Se impartir\u00e1n los siguientes cursos:<\/p>\n<p><b>\u00c1rea de Matem\u00e1tica:<\/b><\/p>\n<p><i>Modelamiento Matem\u00e1tico<\/i><br \/>\nDirigido a estudiantes desde 2\u00b0 Medio.<\/p>\n<p><b>\u00c1rea de Ciencias:<\/b><\/p>\n<p><em>Explorando la C\u00e9lula: Ciencia y Salud<\/em><br \/>\nDirigido a estudiantes desde 1\u00b0 Medio.<\/p>\n<p>Horarios:<\/p>\n<ul>\n<li>Clases te\u00f3ricas: 10:15 &#8211; 11:45 horas<\/li>\n<li>Clase Te\u00f3rico-pr\u00e1ctica: 12:00 \u2013 13:30 horas<\/li>\n<li>Ayudant\u00eda\/Tutor\u00eda\/Laboratorio\/actividades pr\u00e1cticas: 14:30 &#8211; 16:00 horas.<\/li>\n<\/ul>\n<p><strong>Matr\u00edcula hasta el 4 de julio<\/strong><\/p>\n<p>Valor \u00fanico de la Academia de Invierno $80.000.<\/p>\n<p>Forma de pago: transferencia.<\/p>\n<p><strong>Clases: desde s\u00e1bado 5 de julio al 13 de septiembre.<\/strong>[\/vc_column_text][\/vc_column_inner][vc_column_inner el_class=&#8221;row align-items-center m-0&#8243; width=&#8221;1\/3&#8243;][vc_btn title=&#8221;Postula aqu\u00ed&#8221; color=&#8221;orange&#8221; css=&#8221;&#8221; link=&#8221;url:https%3A%2F%2Fucampus.uoh.cl%2Fm%2Fadv_registro%2F|target:_blank&#8221;][\/vc_column_inner][\/vc_row_inner][\/vc_column][\/vc_row][\/vc_section][vc_section el_class=&#8221;container mx-auto&#8221;][vc_row][vc_column][vc_row_inner][vc_column_inner][vc_column_text css=&#8221;&#8221;]<\/p>\n<p>&nbsp;<\/p>\n<p>&nbsp;<\/p>\n<p>&nbsp;<\/p>\n<p>[\/vc_column_text][\/vc_column_inner][\/vc_row_inner][\/vc_column][\/vc_row][\/vc_section][vc_section el_class=&#8221;container mx-auto&#8221;][vc_row][vc_column][vc_row_inner][vc_column_inner][vc_column_text css=&#8221;&#8221;]<\/p>\n<p>&nbsp;<\/p>\n<p>&nbsp;<\/p>\n<p>&nbsp;<\/p>\n<p>[\/vc_column_text][\/vc_column_inner][\/vc_row_inner][\/vc_column][\/vc_row][\/vc_section][vc_section el_class=&#8221;container mx-auto&#8221;][vc_row][vc_column][vc_row_inner][vc_column_inner][vc_column_text css=&#8221;&#8221;]<\/p>\n<p>&nbsp;<\/p>\n<p>&nbsp;<\/p>\n<p>&nbsp;<\/p>\n<p>[\/vc_column_text][\/vc_column_inner][\/vc_row_inner][\/vc_column][\/vc_row][\/vc_section][vc_section el_class=&#8221;container mx-auto&#8221;][vc_row][vc_column][vc_row_inner][vc_column_inner][vc_column_text css=&#8221;&#8221;]<\/p>\n<p>&nbsp;<\/p>\n<p>&nbsp;<\/p>\n<p>&nbsp;<\/p>\n<p>[\/vc_column_text][\/vc_column_inner][\/vc_row_inner][\/vc_column][\/vc_row][\/vc_section][vc_section el_class=&#8221;container mx-auto&#8221;][\/vc_section][vc_section disable_element=&#8221;yes&#8221; css=&#8221;.vc_custom_1750703955155{background-color: #f7faff !important;}&#8221;][vc_row][vc_column][vc_btn title=&#8221;FORMULARIO DE POSTULACI\u00d3N&#8221; color=&#8221;primary&#8221; align=&#8221;center&#8221; css=&#8221;&#8221; link=&#8221;url:https%3A%2F%2Fucampus.uoh.cl%2Fm%2Fadv_registro%2F|target:_blank&#8221;][\/vc_column][\/vc_row][vc_row][vc_column][vc_btn title=&#8221;INSTRUCTIVO ACADEMIA DE VERANO UOH&#8221; color=&#8221;primary&#8221; align=&#8221;center&#8221; css=&#8221;&#8221; link=&#8221;url:http%3A%2F%2Fwww.uoh.cl%2Fwp-content%2Fuploads%2F2024%2F12%2FInstructivo-Academia-UOH-Verano-2025.pdf|target:_blank&#8221;][\/vc_column][\/vc_row][vc_row el_class=&#8221;container mx-auto align-items-center px-md-0 pt-md-5 pb-md-5&#8243;][vc_column]<div class=\"uoh_title_component-container\"><h2 class=\"title title--ms d-inline-block title--decorator  medium\">Cursos<\/h2><\/div>[vc_row_inner][vc_column_inner width=&#8221;1\/4&#8243;]<div class=\"uoh_link_component pe-4 d-inline-block py-1 button_white inline\"><a href=\"https:\/\/www.uoh.cl\/admision\/academia-ciencias\/\"\n                                    class=\"link link--bold component__btn-content\"\n                                    title\"Ciencias\"\n                                    target=\"_blank\"\n                                    rel=\"\">Ciencias<span class=\"icon icon--inline icon--link\"><svg version=\"1.1\" xmlns=\"http:\/\/www.w3.org\/2000\/svg\" xmlns:xlink=\"http:\/\/www.w3.org\/1999\/xlink\" x=\"0px\" y=\"0px\" width=\"22px\"height=\"22px\" viewBox=\"0 0 22 22\" style=\"overflow:visible;enable-background:new 0 0 80 64.6;\" xml:space=\"preserve\"><g clip-path=\"url(#acA)\"><path fill-rule=\"evenodd\" d=\"M21.913 11.266a.93.93 0 000-.711c-.022-.056-.063-.097-.091-.144s-.053-.103-.097-.15L12.306.294c-.357-.379-.955-.394-1.334-.038s-.394.955-.038 1.334l7.917 8.374H.927a.95.95 0 00-.908.983.946.946 0 00.908.908h17.924l-8.089 8.552c-.357.379-.341.977.034 1.334s.977.341 1.334-.034l9.594-10.148c.044-.044.063-.1.097-.15.028-.047.069-.088.091-.141z\"\/><\/g><defs><clipPath id=\"acA\"><path fill=\"#fff\" d=\"M0 0h22v22H0z\"\/><\/clipPath><\/defs><\/svg><\/span><\/a><\/div>[vc_column_text css=&#8221;&#8221;]<\/p>\n<ul>\n<li>Fundamentos de la Biolog\u00eda Celular<\/li>\n<li>Anatom\u00eda b\u00e1sica y su relaci\u00f3n con la cl\u00ednica<\/li>\n<\/ul>\n<p>[\/vc_column_text][\/vc_column_inner][vc_column_inner width=&#8221;1\/4&#8243;]<div class=\"uoh_link_component pe-4 d-inline-block py-1 button_white inline\"><a href=\"https:\/\/www.uoh.cl\/admision\/humanidades\/\"\n                                    class=\"link link--bold component__btn-content\"\n                                    title\"\"\n                                    target=\"_blank\"\n                                    rel=\"\">Humanidades<span class=\"icon icon--inline icon--link\"><svg version=\"1.1\" xmlns=\"http:\/\/www.w3.org\/2000\/svg\" xmlns:xlink=\"http:\/\/www.w3.org\/1999\/xlink\" x=\"0px\" y=\"0px\" width=\"22px\"height=\"22px\" viewBox=\"0 0 22 22\" style=\"overflow:visible;enable-background:new 0 0 80 64.6;\" xml:space=\"preserve\"><g clip-path=\"url(#acA)\"><path fill-rule=\"evenodd\" d=\"M21.913 11.266a.93.93 0 000-.711c-.022-.056-.063-.097-.091-.144s-.053-.103-.097-.15L12.306.294c-.357-.379-.955-.394-1.334-.038s-.394.955-.038 1.334l7.917 8.374H.927a.95.95 0 00-.908.983.946.946 0 00.908.908h17.924l-8.089 8.552c-.357.379-.341.977.034 1.334s.977.341 1.334-.034l9.594-10.148c.044-.044.063-.1.097-.15.028-.047.069-.088.091-.141z\"\/><\/g><defs><clipPath id=\"acA\"><path fill=\"#fff\" d=\"M0 0h22v22H0z\"\/><\/clipPath><\/defs><\/svg><\/span><\/a><\/div>[vc_column_text css=&#8221;&#8221;]<\/p>\n<ul>\n<li>\u00bfQu\u00e9 es el g\u00e9nero? G\u00e9nero y sociedad<\/li>\n<li>\u00bfQu\u00e9 habilidades tengo que desarrollar si quiero ser psic\u00f3logo\/a cl\u00ednico\/a?<\/li>\n<\/ul>\n<p>[\/vc_column_text][\/vc_column_inner][vc_column_inner width=&#8221;1\/4&#8243;]<div class=\"uoh_link_component pe-4 d-inline-block py-1 button_white inline\"><a href=\"https:\/\/www.uoh.cl\/admision\/academia-matematicas\/\"\n                                    class=\"link link--bold component__btn-content\"\n                                    title\"Matem\u00e1tica e Ingenier\u00eda\"\n                                    target=\"_blank\"\n                                    rel=\"\">Matem\u00e1tica e Ingenier\u00eda<span class=\"icon icon--inline icon--link\"><svg version=\"1.1\" xmlns=\"http:\/\/www.w3.org\/2000\/svg\" xmlns:xlink=\"http:\/\/www.w3.org\/1999\/xlink\" x=\"0px\" y=\"0px\" width=\"22px\"height=\"22px\" viewBox=\"0 0 22 22\" style=\"overflow:visible;enable-background:new 0 0 80 64.6;\" xml:space=\"preserve\"><g clip-path=\"url(#acA)\"><path fill-rule=\"evenodd\" d=\"M21.913 11.266a.93.93 0 000-.711c-.022-.056-.063-.097-.091-.144s-.053-.103-.097-.15L12.306.294c-.357-.379-.955-.394-1.334-.038s-.394.955-.038 1.334l7.917 8.374H.927a.95.95 0 00-.908.983.946.946 0 00.908.908h17.924l-8.089 8.552c-.357.379-.341.977.034 1.334s.977.341 1.334-.034l9.594-10.148c.044-.044.063-.1.097-.15.028-.047.069-.088.091-.141z\"\/><\/g><defs><clipPath id=\"acA\"><path fill=\"#fff\" d=\"M0 0h22v22H0z\"\/><\/clipPath><\/defs><\/svg><\/span><\/a><\/div>[vc_column_text css=&#8221;&#8221;]<\/p>\n<ul>\n<li>El Arte de la medici\u00f3n en ciencias e ingenier\u00eda<\/li>\n<li>Principios Matem\u00e1ticos en Ingenier\u00eda y Ciencias<\/li>\n<li>Educaci\u00f3n financiera, emprendimiento vivencial y fuentes de financiamiento<\/li>\n<li>Dise\u00f1o y fabricaci\u00f3n digital aplicadas al prototipado<\/li>\n<li>L\u00f3gica, funciones y trigonometr\u00eda<\/li>\n<li>Costea tu emprendimiento sin ser especialista: Herramientas para la factibilidad de tu negocio<\/li>\n<\/ul>\n<p>[\/vc_column_text][\/vc_column_inner][vc_column_inner width=&#8221;1\/4&#8243;]<div class=\"uoh_link_component pe-4 d-inline-block py-1 button_white inline\"><a href=\"https:\/\/www.uoh.cl\/admision\/idiomas\/\"\n                                    class=\"link link--bold component__btn-content\"\n                                    title\"Idiomas\"\n                                    target=\"_blank\"\n                                    rel=\"\">Idiomas<span class=\"icon icon--inline icon--link\"><svg version=\"1.1\" xmlns=\"http:\/\/www.w3.org\/2000\/svg\" xmlns:xlink=\"http:\/\/www.w3.org\/1999\/xlink\" x=\"0px\" y=\"0px\" width=\"22px\"height=\"22px\" viewBox=\"0 0 22 22\" style=\"overflow:visible;enable-background:new 0 0 80 64.6;\" xml:space=\"preserve\"><g clip-path=\"url(#acA)\"><path fill-rule=\"evenodd\" d=\"M21.913 11.266a.93.93 0 000-.711c-.022-.056-.063-.097-.091-.144s-.053-.103-.097-.15L12.306.294c-.357-.379-.955-.394-1.334-.038s-.394.955-.038 1.334l7.917 8.374H.927a.95.95 0 00-.908.983.946.946 0 00.908.908h17.924l-8.089 8.552c-.357.379-.341.977.034 1.334s.977.341 1.334-.034l9.594-10.148c.044-.044.063-.1.097-.15.028-.047.069-.088.091-.141z\"\/><\/g><defs><clipPath id=\"acA\"><path fill=\"#fff\" d=\"M0 0h22v22H0z\"\/><\/clipPath><\/defs><\/svg><\/span><\/a><\/div>[vc_column_text css=&#8221;&#8221;]<\/p>\n<ul>\n<li>Japon\u00e9s elemental<\/li>\n<li>Introducci\u00f3n a la lengua alemana<\/li>\n<\/ul>\n<p>[\/vc_column_text][\/vc_column_inner][\/vc_row_inner][vc_column_text][\/vc_column_text]<div class=\"uoh_title_component-container\"><h2 class=\"title title--ms d-inline-block title--decorator  medium\">Nuestro equipo<\/h2><\/div>[vc_column_text]<\/p>\n<h4><strong>Coordinadores de Gesti\u00f3n Docente<\/strong><\/h4>\n<p>[\/vc_column_text]<div class=\"authorities-container authorities-container--four-per-line px-0  content-holder\"><div class=\"authorities-container__box\"><figure><img decoding=\"async\" data-src=\"https:\/\/www.uoh.cl\/admision\/wp-content\/uploads\/sites\/2\/2022\/06\/Perfil-Gianfranco-Liberona.jpg\" alt=\"\" src=\"data:image\/svg+xml;base64,PHN2ZyB3aWR0aD0iMSIgaGVpZ2h0PSIxIiB4bWxucz0iaHR0cDovL3d3dy53My5vcmcvMjAwMC9zdmciPjwvc3ZnPg==\" class=\"lazyload\" style=\"--smush-placeholder-width: 1000px; --smush-placeholder-aspect-ratio: 1000\/1000;\"><figcaption><a href=\"\"><div class=\"flex\">Gianfranco Liberona<span>Director de Gesti\u00f3n Acad\u00e9mica<\/span><\/div><\/a><\/figcaption><\/figure><\/div><div class=\"authorities-container__box\"><figure><img decoding=\"async\" data-src=\"https:\/\/www.uoh.cl\/admision\/wp-content\/uploads\/sites\/2\/2022\/06\/Perfil-Felipe-Matus.jpg\" alt=\"\" src=\"data:image\/svg+xml;base64,PHN2ZyB3aWR0aD0iMSIgaGVpZ2h0PSIxIiB4bWxucz0iaHR0cDovL3d3dy53My5vcmcvMjAwMC9zdmciPjwvc3ZnPg==\" class=\"lazyload\" style=\"--smush-placeholder-width: 1000px; --smush-placeholder-aspect-ratio: 1000\/1000;\"><figcaption><a href=\"\"><div class=\"flex\">Felipe Matus<span>Coordinador de Registro Acad\u00e9mico<\/span><\/div><\/a><\/figcaption><\/figure><\/div><\/div><\/div><\/div>[vc_column_text]<\/p>\n<h4><strong>Coordinadores de Gesti\u00f3n Operacional y Comunitaria<\/strong><\/h4>\n<p>[\/vc_column_text]<div class=\"authorities-container authorities-container--four-per-line px-0  content-holder\"><div class=\"authorities-container__box\"><figure><img decoding=\"async\" data-src=\"https:\/\/www.uoh.cl\/admision\/wp-content\/uploads\/sites\/2\/2022\/06\/Su-Hsen-Sun-600x600.png\" alt=\"\" src=\"data:image\/svg+xml;base64,PHN2ZyB3aWR0aD0iMSIgaGVpZ2h0PSIxIiB4bWxucz0iaHR0cDovL3d3dy53My5vcmcvMjAwMC9zdmciPjwvc3ZnPg==\" class=\"lazyload\" style=\"--smush-placeholder-width: 600px; --smush-placeholder-aspect-ratio: 600\/600;\"><figcaption><a href=\"\"><div class=\"flex\">Su Hsen Sun<span>Directora de Admisi\u00f3n y Acceso Efectivo<\/span><\/div><\/a><\/figcaption><\/figure><\/div><div class=\"authorities-container__box\"><figure><img decoding=\"async\" data-src=\"https:\/\/www.uoh.cl\/admision\/wp-content\/uploads\/sites\/2\/2022\/06\/Maribel-Brito-600x600.jpg\" alt=\"\" src=\"data:image\/svg+xml;base64,PHN2ZyB3aWR0aD0iMSIgaGVpZ2h0PSIxIiB4bWxucz0iaHR0cDovL3d3dy53My5vcmcvMjAwMC9zdmciPjwvc3ZnPg==\" class=\"lazyload\" style=\"--smush-placeholder-width: 600px; --smush-placeholder-aspect-ratio: 600\/600;\"><figcaption><a href=\"\"><div class=\"flex\">Maribel Brito<span>Coordinadora de programas escolares<\/span><\/div><\/a><\/figcaption><\/figure><\/div><\/div><\/div><\/div>[\/vc_column][\/vc_row][vc_row el_class=&#8221;container mx-auto align-items-center px-md-0 pt-md-5 pb-md-5&#8243;][vc_column]<div class=\"uoh_title_component-container\"><h2 class=\"title title--ms d-inline-block title--decorator  medium\">\u00bfTienes dudas?<\/h2><\/div>[vc_column_text el_class=&#8221;mb-md-4&#8243;]<\/p>\n<h2>Escr\u00edbenos a: academiasuoh@uoh.cl<\/h2>\n<p>[\/vc_column_text][\/vc_column][\/vc_row][\/vc_section]<\/p>\n<\/div>","protected":false},"excerpt":{"rendered":"<p>[vc_row][vc_column][\/vc_column][\/vc_row][vc_section el_class=&#8221;container mx-auto align-items-center circle&#8211;pattern pt-md-5&#8243;][vc_row][vc_column][vc_column_text css=&#8221;&#8221; el_class=&#8221;pb-3&#8243;]Academias UOH es una iniciativa de la Vicerrector\u00eda Acad\u00e9mica de la Universidad de O\u2019Higgins que est\u00e1 dirigida a j\u00f3venes estudiantes de ense\u00f1anza media que deseen explorar las Ciencias, Artes y Humanidades, Matem\u00e1ticas e Idiomas. Quienes participen de la Academia de Invierno UOH 2025 tendr\u00e1n la oportunidad de cultivar [&hellip;]<\/p>\n","protected":false},"author":23,"featured_media":0,"parent":0,"menu_order":0,"comment_status":"closed","ping_status":"closed","template":"","meta":{"_acf_changed":false,"footnotes":""},"class_list":["post-1522","page","type-page","status-publish","hentry"],"acf":[],"yoast_head":"<!-- This site is optimized with the Yoast SEO plugin v26.6 - https:\/\/yoast.com\/wordpress\/plugins\/seo\/ -->\n<title>Academias UOH - Admisi\u00f3n UOH<\/title>\n<meta name=\"robots\" content=\"index, follow, max-snippet:-1, max-image-preview:large, max-video-preview:-1\" \/>\n<link rel=\"canonical\" href=\"https:\/\/www.uoh.cl\/admision\/academias-uoh\/\" \/>\n<meta property=\"og:locale\" content=\"es_ES\" \/>\n<meta property=\"og:type\" content=\"article\" \/>\n<meta property=\"og:title\" content=\"Academias UOH - Admisi\u00f3n UOH\" \/>\n<meta property=\"og:description\" content=\"[vc_row][vc_column][\/vc_column][\/vc_row][vc_section el_class=&#8221;container mx-auto align-items-center circle&#8211;pattern pt-md-5&#8243;][vc_row][vc_column][vc_column_text css=&#8221;&#8221; el_class=&#8221;pb-3&#8243;]Academias UOH es una iniciativa de la Vicerrector\u00eda Acad\u00e9mica de la Universidad de O\u2019Higgins que est\u00e1 dirigida a j\u00f3venes estudiantes de ense\u00f1anza media que deseen explorar las Ciencias, Artes y Humanidades, Matem\u00e1ticas e Idiomas. Quienes participen de la Academia de Invierno UOH 2025 tendr\u00e1n la oportunidad de cultivar [&hellip;]\" \/>\n<meta property=\"og:url\" content=\"https:\/\/www.uoh.cl\/admision\/academias-uoh\/\" \/>\n<meta property=\"og:site_name\" content=\"Admisi\u00f3n UOH\" \/>\n<meta property=\"article:modified_time\" content=\"2025-06-26T14:46:29+00:00\" \/>\n<meta name=\"twitter:card\" content=\"summary_large_image\" \/>\n<meta name=\"twitter:label1\" content=\"Tiempo estimado de lectura\" \/>\n\t<meta name=\"twitter:data1\" content=\"3 minutos\" \/>\n<script type=\"application\/ld+json\" class=\"yoast-schema-graph\">{\"@context\":\"https:\/\/schema.org\",\"@graph\":[{\"@type\":\"WebPage\",\"@id\":\"https:\/\/www.uoh.cl\/admision\/academias-uoh\/\",\"url\":\"https:\/\/www.uoh.cl\/admision\/academias-uoh\/\",\"name\":\"Academias UOH - Admisi\u00f3n UOH\",\"isPartOf\":{\"@id\":\"https:\/\/www.uoh.cl\/admision\/#website\"},\"datePublished\":\"2022-11-09T17:05:34+00:00\",\"dateModified\":\"2025-06-26T14:46:29+00:00\",\"inLanguage\":\"es-CL\",\"potentialAction\":[{\"@type\":\"ReadAction\",\"target\":[\"https:\/\/www.uoh.cl\/admision\/academias-uoh\/\"]}]},{\"@type\":\"WebSite\",\"@id\":\"https:\/\/www.uoh.cl\/admision\/#website\",\"url\":\"https:\/\/www.uoh.cl\/admision\/\",\"name\":\"Admisi\u00f3n UOH\",\"description\":\"Otro sitio de Sitios de Universidad O&#039;higgins\",\"potentialAction\":[{\"@type\":\"SearchAction\",\"target\":{\"@type\":\"EntryPoint\",\"urlTemplate\":\"https:\/\/www.uoh.cl\/admision\/?s={search_term_string}\"},\"query-input\":{\"@type\":\"PropertyValueSpecification\",\"valueRequired\":true,\"valueName\":\"search_term_string\"}}],\"inLanguage\":\"es-CL\"}]}<\/script>\n<!-- \/ Yoast SEO plugin. -->","yoast_head_json":{"title":"Academias UOH - Admisi\u00f3n UOH","robots":{"index":"index","follow":"follow","max-snippet":"max-snippet:-1","max-image-preview":"max-image-preview:large","max-video-preview":"max-video-preview:-1"},"canonical":"https:\/\/www.uoh.cl\/admision\/academias-uoh\/","og_locale":"es_ES","og_type":"article","og_title":"Academias UOH - Admisi\u00f3n UOH","og_description":"[vc_row][vc_column][\/vc_column][\/vc_row][vc_section el_class=&#8221;container mx-auto align-items-center circle&#8211;pattern pt-md-5&#8243;][vc_row][vc_column][vc_column_text css=&#8221;&#8221; el_class=&#8221;pb-3&#8243;]Academias UOH es una iniciativa de la Vicerrector\u00eda Acad\u00e9mica de la Universidad de O\u2019Higgins que est\u00e1 dirigida a j\u00f3venes estudiantes de ense\u00f1anza media que deseen explorar las Ciencias, Artes y Humanidades, Matem\u00e1ticas e Idiomas. Quienes participen de la Academia de Invierno UOH 2025 tendr\u00e1n la oportunidad de cultivar [&hellip;]","og_url":"https:\/\/www.uoh.cl\/admision\/academias-uoh\/","og_site_name":"Admisi\u00f3n UOH","article_modified_time":"2025-06-26T14:46:29+00:00","twitter_card":"summary_large_image","twitter_misc":{"Tiempo estimado de lectura":"3 minutos"},"schema":{"@context":"https:\/\/schema.org","@graph":[{"@type":"WebPage","@id":"https:\/\/www.uoh.cl\/admision\/academias-uoh\/","url":"https:\/\/www.uoh.cl\/admision\/academias-uoh\/","name":"Academias UOH - Admisi\u00f3n UOH","isPartOf":{"@id":"https:\/\/www.uoh.cl\/admision\/#website"},"datePublished":"2022-11-09T17:05:34+00:00","dateModified":"2025-06-26T14:46:29+00:00","inLanguage":"es-CL","potentialAction":[{"@type":"ReadAction","target":["https:\/\/www.uoh.cl\/admision\/academias-uoh\/"]}]},{"@type":"WebSite","@id":"https:\/\/www.uoh.cl\/admision\/#website","url":"https:\/\/www.uoh.cl\/admision\/","name":"Admisi\u00f3n UOH","description":"Otro sitio de Sitios de Universidad O&#039;higgins","potentialAction":[{"@type":"SearchAction","target":{"@type":"EntryPoint","urlTemplate":"https:\/\/www.uoh.cl\/admision\/?s={search_term_string}"},"query-input":{"@type":"PropertyValueSpecification","valueRequired":true,"valueName":"search_term_string"}}],"inLanguage":"es-CL"}]}},"_links":{"self":[{"href":"https:\/\/www.uoh.cl\/admision\/wp-json\/wp\/v2\/pages\/1522","targetHints":{"allow":["GET"]}}],"collection":[{"href":"https:\/\/www.uoh.cl\/admision\/wp-json\/wp\/v2\/pages"}],"about":[{"href":"https:\/\/www.uoh.cl\/admision\/wp-json\/wp\/v2\/types\/page"}],"author":[{"embeddable":true,"href":"https:\/\/www.uoh.cl\/admision\/wp-json\/wp\/v2\/users\/23"}],"replies":[{"embeddable":true,"href":"https:\/\/www.uoh.cl\/admision\/wp-json\/wp\/v2\/comments?post=1522"}],"version-history":[{"count":70,"href":"https:\/\/www.uoh.cl\/admision\/wp-json\/wp\/v2\/pages\/1522\/revisions"}],"predecessor-version":[{"id":24750,"href":"https:\/\/www.uoh.cl\/admision\/wp-json\/wp\/v2\/pages\/1522\/revisions\/24750"}],"wp:attachment":[{"href":"https:\/\/www.uoh.cl\/admision\/wp-json\/wp\/v2\/media?parent=1522"}],"curies":[{"name":"wp","href":"https:\/\/api.w.org\/{rel}","templated":true}]}}