
{"id":11549,"date":"2024-08-22T17:27:39","date_gmt":"2024-08-22T20:27:39","guid":{"rendered":"https:\/\/www.uoh.cl\/admision\/?page_id=11549"},"modified":"2025-10-08T13:59:55","modified_gmt":"2025-10-08T16:59:55","slug":"cupo-agropecuario","status":"publish","type":"page","link":"https:\/\/www.uoh.cl\/admision\/vias-de-ingreso\/admision-especial\/cupo-agropecuario\/","title":{"rendered":"Cupo Agropecuario"},"content":{"rendered":"<div class=\"wpb-content-wrapper\"><p>[vc_section el_class=&#8221;container mx-auto align-items-center circle&#8211;pattern&#8221; css=&#8221;.vc_custom_1673375843369{padding-top: 3rem !important;}&#8221;][vc_row el_class=&#8221;pb-5&#8243;][vc_column][vc_wp_custommenu nav_menu=&#8221;14&#8243;]<div class=\"breadcrumb\"><ol itemscope itemtype=\"https:\/\/schema.org\/BreadcrumbList\"><li itemprop=\"itemListElement\" itemscope itemtype=\"https:\/\/schema.org\/ListItem\"><a itemprop=\"item\" href=\"http:\/\/www.uoh.cl\"><span itemprop=\"name\">Inicio<\/span><\/a><meta itemprop=\"position\" content=\"1\" \/><li itemprop=\"itemListElement\" itemscope itemtype=\"https:\/\/schema.org\/ListItem\"><a itemprop=\"item\" href=\"https:\/\/www.uoh.cl\/admision\"><span itemprop=\"name\">Admisi\u00f3n UOH<\/span><\/a><meta itemprop=\"position\" content=\"2\" \/><li itemprop=\"itemListElement\" itemscope itemtype=\"https:\/\/schema.org\/ListItem\"><a itemprop=\"item\" href=\"https:\/\/www.uoh.cl\/admision\/vias-de-ingreso\/\"><span itemprop=\"name\">V\u00edas de Ingreso<\/span><\/a><meta itemprop=\"position\" content=\"3\" \/><li itemprop=\"itemListElement\" itemscope itemtype=\"https:\/\/schema.org\/ListItem\"><a itemprop=\"item\" href=\"https:\/\/www.uoh.cl\/admision\/vias-de-ingreso\/admision-especial\/\"><span itemprop=\"name\">Admisi\u00f3n Especial<\/span><\/a><meta itemprop=\"position\" content=\"4\" \/><li itemprop=\"itemListElement\" itemscope itemtype=\"https:\/\/schema.org\/ListItem\"><span itemprop=\"name\">Cupo Agropecuario <\/span><meta itemprop=\"position\" content=\"5\" \/><\/ol><\/div><div class=\"uoh_title_component-container\"><h1 class=\"title title--ms d-inline-block title--decorator  big\">Cupo Agropecuario<\/h1><\/div>[vc_column_text css=&#8221;&#8221;]Este cupo reconoce la importancia de la trayectoria escolar T\u00e9cnico Agr\u00edcola de las y los estudiantes de Educaci\u00f3n Media de la Regi\u00f3n de O\u2019Higgins, quienes deseen continuar su proceso formativo en una carrera af\u00edn a nuestra instituci\u00f3n.[\/vc_column_text][\/vc_column][\/vc_row][\/vc_section][vc_section css=&#8221;.vc_custom_1724358435168{background-color: #f6faff !important;}&#8221; el_class=&#8221;p-md-0 pt-md-5 pb-md-5&#8243;][vc_row el_class=&#8221;container mx-auto align-items-center p-md-0 pt-5&#8243;][vc_column width=&#8221;1\/6&#8243; el_class=&#8221;p-0&#8243;][\/vc_column][vc_column width=&#8221;2\/3&#8243;]<div class=\"uoh_title_component-container\"><h4 class=\"title title--ms d-inline-block small\">Requisitos<\/h4><\/div>[vc_column_text css=&#8221;&#8221; el_class=&#8221;pb-4 pt-3&#8243;]<\/p>\n<ul>\n<li>Estar dentro del 30% de rendimiento superior de su establecimiento.<\/li>\n<li>Haber egresado de ense\u00f1anza media hasta 2 (dos) a\u00f1os anteriores al proceso de admisi\u00f3n correspondiente de un establecimiento educacional T\u00e9cnico Agr\u00edcola y de ense\u00f1anza media TP Agr\u00edcola.<\/li>\n<li>Haber inscrito y haber rendido la PAES tanto obligatorias como electivas de acuerdo con la\/s carrera\/s de preferencia.<\/li>\n<li>Haber obtenido un promedio entre las pruebas obligatorias (Competencia Lectora y Competencia Matem\u00e1tica 1) un puntaje igual o superior a 458 puntos.<\/li>\n<li>Completar el formulario de postulaci\u00f3n y entregar la documentaci\u00f3n requerida en los plazos estipulados por la Direcci\u00f3n de Admisi\u00f3n y Acceso Efectivo (DACE) de la Universidad de O\u2019Higgins, fechas que ser\u00e1n informadas oportunamente a los\/as estudiantes.<\/li>\n<li>La postulaci\u00f3n realizada v\u00eda DEMRE deber\u00e1 considerar a la Universidad de O\u2019Higgins, incluyendo las carreras postuladas por la v\u00eda de ingreso especial.<\/li>\n<li>Entregar el consentimiento informado en el portal DEMRE para el traspaso de datos a las Instituciones de Educaci\u00f3n Superior a m\u00e1s tardar el 05 de enero de 2026. Si no cumple con este requerimiento, no se podr\u00e1n validar requisitos y quedar\u00e1 fuera de postulaci\u00f3n.<\/li>\n<li>Haber postulado al Formulario \u00danico de Acreditaci\u00f3n Socioecon\u00f3mica (FUAS).<\/li>\n<\/ul>\n<p>[\/vc_column_text]<div class=\"uoh_title_component-container\"><h4 class=\"title title--ms d-inline-block small\">De la selecci\u00f3n<\/h4><\/div>[vc_column_text css=&#8221;&#8221; el_class=&#8221;pb-4 pt-3&#8243;]La selecci\u00f3n de postulantes y asignaci\u00f3n de vacantes se realizar\u00e1 de acuerdo con el cumplimiento de requisitos definidos para esta v\u00eda de admisi\u00f3n especial y por estricto orden decreciente del puntaje ponderado, definido seg\u00fan se indica, a continuaci\u00f3n:<\/p>\n<table width=\"586\">\n<tbody>\n<tr>\n<td colspan=\"2\" width=\"586\"><strong>R\u00daBRICA DE EVALUACI\u00d3N<\/strong><\/td>\n<\/tr>\n<tr>\n<td width=\"366\"><strong>\u00c1MBITO<\/strong><\/td>\n<td width=\"220\"><strong>PONDERACI\u00d3N \u00c1MBITO<\/strong><\/td>\n<\/tr>\n<tr>\n<td width=\"366\"><strong>RANKING DE NOTAS<\/strong><\/td>\n<td width=\"220\">80%<\/td>\n<\/tr>\n<tr>\n<td width=\"366\"><strong>UBICACI\u00d3N EGRESO ENSE\u00d1ANZA MEDIA<\/strong><\/td>\n<td width=\"220\">20%<\/td>\n<\/tr>\n<\/tbody>\n<\/table>\n<p>&nbsp;<\/p>\n<p>La UOH, a trav\u00e9s de la Direcci\u00f3n de Admisi\u00f3n y Acceso Efectivo, revisar\u00e1 el cumplimiento de las condiciones de aprobaci\u00f3n de la postulaci\u00f3n.<\/p>\n<p>Cada estudiante ser\u00e1 considerado en una de las carreras de la Universidad de O&#8217;Higgins, de acuerdo con el orden de prioridades establecida en su postulaci\u00f3n en el Cupo Agropecuario.<\/p>\n<p>Se asignar\u00e1 el cupo conforme a la cantidad de vacantes ofrecidas por cada carrera.<\/p>\n<p>En caso de empate, se dirimir\u00e1 de acuerdo con el siguiente orden:<\/p>\n<ul>\n<li>Mejor Puntaje Ranking de Notas.<\/li>\n<li>Mejor Puntaje NEM.<\/li>\n<\/ul>\n<p>[\/vc_column_text]<div class=\"uoh_title_component-container\"><h4 class=\"title title--ms d-inline-block small\">De la matr\u00edcula<\/h4><\/div>[vc_column_text css=&#8221;&#8221; el_class=&#8221;pb-2 pt-3&#8243;]<\/p>\n<ul>\n<li>Los\/as seleccionados\/as ser\u00e1n informados\/as a trav\u00e9s de correo electr\u00f3nico institucional de la UOH al correo con el que se realiza la postulaci\u00f3n.<\/li>\n<li>Para hacer efectivo su cupo, los\/as seleccionados\/as deber\u00e1n matricularse en la fecha establecida para tal efecto.<\/li>\n<li>Si resulta seleccionado\/a en la misma carrera, tanto por la v\u00eda regular (PAES, +MC, BEA y PACE), como por la v\u00eda especial, primar\u00e1 la selecci\u00f3n y matr\u00edcula por la v\u00eda regular.<\/li>\n<li>De no concretar la matr\u00edcula en dicho periodo, se entender\u00e1 que el\/la estudiante ha desistido del cupo, el cual podr\u00e1 ser asignado a otro\/a estudiante que cumpla con los requisitos.<\/li>\n<\/ul>\n<p>[\/vc_column_text][vc_zigzag color=&#8221;custom&#8221; el_class=&#8221;mb-3&#8243; custom_color=&#8221;#f6faff&#8221;]<h4 class=\"title title--ms d-inline-block small\">Cupos disponibles para el Proceso de Admisi\u00f3n 2026<\/h4><style>\n    .tabla_ponderaciones tbody tr td,\n    .tabla_ponderaciones tbody tr td a,\n    .tabla_ponderaciones tbody tr td ul li{\n        font-size: 0.7rem;\n    }\n\n    .tabla_ponderaciones thead tr th{\n        font-size: 0.7rem;\n        background-color: #A889FF !important;\n        color: #fff;\n        font-weight: bold;\n    }\n\n\n    .tabla_ponderaciones tbody tr td{\n        font-weight: initial !important;\n    }\n\n    .tabla_ponderaciones tbody tr:nth-child(odd) td{\n        background-color: #A889FF11 !important;\n    }\n    \n    .tabla_ponderaciones tr td:last-child:before {\n        content: \"\";\n        height: 50%;\n        width: 0 !important;\n        background-color: transparent !important;\n        position: absolute;\n        left: 0;\n    }\n<\/style><div class=\"table-responsive\"><input type=\"text\" id=\"search_vacantes\" placeholder=\"Buscar en la tabla...\" class=\"form-control mb-3\">    <table class=\"table table-hover table-striped table-bordered tabla_ponderaciones\" id=\"tabla_vacantes\">\n        <thead>\n            <tr>\n                <th scope=\"col\">C\u00d3D.<\/th>\n                <th scope=\"col\" class=\"text-uppercase\">Nombre Carrera<\/th>\n                <th scope=\"col\" class=\"text-uppercase\">Sede<\/th><th scope=\"col\" class=\"text-uppercase\">Cupo Agropecuario<\/th>            <\/tr>\n        <\/thead>\n        <tbody class=\"table-group-divider\">    <tr>\n        <td>47101<\/td>\n        <td class=\"text-uppercase\"><a href=\"https:\/\/www.uoh.cl\/escuelas-de-ciencias-agroalimentarias\/?p=71\" class=\"link-primary link-underline-opacity-0 text-uppercase\" target=\"_blank\">Ingenier\u00eda Agron\u00f3mica<\/a><\/td>\n        <td class=\"text-uppercase\">Campus Colchagua<\/td><td scope=\"col\" class=\"text-uppercase\">10<\/td>    <\/tr>    <tr>\n        <td>47131<\/td>\n        <td class=\"text-uppercase\"><a href=\"https:\/\/www.uoh.cl\/escuelas-de-ciencias-agroalimentarias\/?p=150\" class=\"link-primary link-underline-opacity-0 text-uppercase\" target=\"_blank\">Ingenier\u00eda Ambiental<\/a><\/td>\n        <td class=\"text-uppercase\">Campus Colchagua<\/td><td scope=\"col\" class=\"text-uppercase\">20<\/td>    <\/tr>    <tr>\n        <td>47151<\/td>\n        <td class=\"text-uppercase\"><a href=\"https:\/\/www.uoh.cl\/escuelas-de-ciencias-agroalimentarias\/?p=40\" class=\"link-primary link-underline-opacity-0 text-uppercase\" target=\"_blank\">Medicina Veterinaria<\/a><\/td>\n        <td class=\"text-uppercase\">Campus Colchagua<\/td><td scope=\"col\" class=\"text-uppercase\">5<\/td>    <\/tr>        <\/tbody>\n    <\/table>\n<\/div><script>\n    document.addEventListener('DOMContentLoaded', function() {\n        function sortTable(table) {\n            var tbody = table.querySelector('tbody');\n            var rows = Array.prototype.slice.call(tbody.querySelectorAll('tr'));\n            rows.sort(function(a, b) {\n                var A = parseInt(a.cells[0].textContent.trim(), 10);\n                var B = parseInt(b.cells[0].textContent.trim(), 10);\n                return A - B;\n            });\n            rows.forEach(function(row) {\n                tbody.appendChild(row);\n            });\n        }\n\n        function filterTable(table, keyword) {\n            var tbody = table.querySelector('tbody');\n            var rows = tbody.querySelectorAll('tr');\n            rows.forEach(function(row) {\n                var cells = row.querySelectorAll('td');\n                var match = false;\n                cells.forEach(function(cell) {\n                    if (cell.textContent.toLowerCase().normalize('NFD').replace(\/[\\u0300-\\u036f]\/g, '').includes(keyword.toLowerCase().normalize('NFD').replace(\/[\\u0300-\\u036f]\/g, ''))) {\n                        match = true;\n                    }\n                });\n                if (match) {\n                    row.style.display = '';\n                } else {\n                    row.style.display = 'none';\n                }\n            });\n        }\n\n        var tabla = document.getElementById('tabla_vacantes');\n        sortTable(tabla);\n\n        var searchInput = document.getElementById('search_vacantes');\n        if (searchInput) {\n            searchInput.addEventListener('input', function() {\n                var keyword = searchInput.value;\n                filterTable(tabla, keyword);\n            });\n        }\n    });\n<\/script>[vc_zigzag color=&#8221;custom&#8221; el_class=&#8221;mb-3&#8243; custom_color=&#8221;#f6faff&#8221;]<div class=\"uoh_link_component pe-4 center py-1 button center\"><a href=\"https:\/\/admisionespecial.uoh.cl\/\"\n                                    class=\"link link--bold component__btn-content\"\n                                    title\"Plataforma de Postulaci\u00f3n a Admisi\u00f3n Especial\"\n                                    target=\"\"\n                                    rel=\"\">\n            <span class=\"icon__arrow-prelink\"><svg version=\"1.1\" xmlns=\"http:\/\/www.w3.org\/2000\/svg\" xmlns:xlink=\"http:\/\/www.w3.org\/1999\/xlink\" x=\"0px\" y=\"0px\" width=\"80px\" height=\"64.6px\" viewBox=\"0 0 80 64.6\" style=\"overflow:visible;enable-background:new 0 0 80 64.6;\" xml:space=\"preserve\"><defs><\/defs><path d=\"M4,36.3h62.3L44.9,57.7c-1.6,1.6-1.6,4.1,0,5.7c1.6,1.6,4.1,1.6,5.7,0l28.3-28.3l0,0c0.2-0.2,0.4-0.4,0.5-0.6 c0.1-0.1,0.1-0.2,0.2-0.3c0.1-0.1,0.1-0.2,0.2-0.4c0.1-0.1,0.1-0.3,0.1-0.4c0-0.1,0.1-0.2,0.1-0.3c0.1-0.3,0.1-0.5,0.1-0.8l0,0 c0,0,0,0,0,0c0-0.3,0-0.5-0.1-0.8c0-0.1-0.1-0.2-0.1-0.3c0-0.1-0.1-0.3-0.1-0.4c-0.1-0.1-0.1-0.3-0.2-0.4c-0.1-0.1-0.1-0.2-0.2-0.3 c-0.1-0.2-0.3-0.4-0.5-0.6L50.5,1.2c-1.6-1.6-4.1-1.6-5.7,0c-1.6,1.6-1.6,4.1,0,5.7l21.5,21.5H4c-2.2,0-4,1.8-4,4S1.8,36.3,4,36.3z\"><\/path><\/svg><\/span>\n            Plataforma de Postulaci\u00f3n a Admisi\u00f3n Especial<\/a><\/div>[\/vc_column][vc_column width=&#8221;1\/6&#8243;][\/vc_column][\/vc_row][\/vc_section]<\/p>\n<\/div>","protected":false},"excerpt":{"rendered":"<p>[vc_section el_class=&#8221;container mx-auto align-items-center circle&#8211;pattern&#8221; css=&#8221;.vc_custom_1673375843369{padding-top: 3rem !important;}&#8221;][vc_row el_class=&#8221;pb-5&#8243;][vc_column][vc_wp_custommenu nav_menu=&#8221;14&#8243;][vc_column_text css=&#8221;&#8221;]Este cupo reconoce la importancia de la trayectoria escolar T\u00e9cnico Agr\u00edcola de las y los estudiantes de Educaci\u00f3n Media de la Regi\u00f3n de O\u2019Higgins, quienes deseen continuar su proceso formativo en una carrera af\u00edn a nuestra instituci\u00f3n.[\/vc_column_text][\/vc_column][\/vc_row][\/vc_section][vc_section css=&#8221;.vc_custom_1724358435168{background-color: #f6faff !important;}&#8221; el_class=&#8221;p-md-0 pt-md-5 pb-md-5&#8243;][vc_row el_class=&#8221;container mx-auto [&hellip;]<\/p>\n","protected":false},"author":23,"featured_media":0,"parent":64,"menu_order":0,"comment_status":"closed","ping_status":"closed","template":"","meta":{"_acf_changed":false,"footnotes":""},"class_list":["post-11549","page","type-page","status-publish","hentry"],"acf":[],"yoast_head":"<!-- This site is optimized with the Yoast SEO plugin v26.6 - https:\/\/yoast.com\/wordpress\/plugins\/seo\/ -->\n<title>Cupo Agropecuario - Admisi\u00f3n UOH<\/title>\n<meta name=\"robots\" content=\"index, follow, max-snippet:-1, max-image-preview:large, max-video-preview:-1\" \/>\n<link rel=\"canonical\" href=\"https:\/\/www.uoh.cl\/admision\/vias-de-ingreso\/admision-especial\/cupo-agropecuario\/\" \/>\n<meta property=\"og:locale\" content=\"es_ES\" \/>\n<meta property=\"og:type\" content=\"article\" \/>\n<meta property=\"og:title\" content=\"Cupo Agropecuario - Admisi\u00f3n UOH\" \/>\n<meta property=\"og:description\" content=\"[vc_section el_class=&#8221;container mx-auto align-items-center circle&#8211;pattern&#8221; css=&#8221;.vc_custom_1673375843369{padding-top: 3rem !important;}&#8221;][vc_row el_class=&#8221;pb-5&#8243;][vc_column][vc_wp_custommenu nav_menu=&#8221;14&#8243;][vc_column_text css=&#8221;&#8221;]Este cupo reconoce la importancia de la trayectoria escolar T\u00e9cnico Agr\u00edcola de las y los estudiantes de Educaci\u00f3n Media de la Regi\u00f3n de O\u2019Higgins, quienes deseen continuar su proceso formativo en una carrera af\u00edn a nuestra instituci\u00f3n.[\/vc_column_text][\/vc_column][\/vc_row][\/vc_section][vc_section css=&#8221;.vc_custom_1724358435168{background-color: #f6faff !important;}&#8221; el_class=&#8221;p-md-0 pt-md-5 pb-md-5&#8243;][vc_row el_class=&#8221;container mx-auto [&hellip;]\" \/>\n<meta property=\"og:url\" content=\"https:\/\/www.uoh.cl\/admision\/vias-de-ingreso\/admision-especial\/cupo-agropecuario\/\" \/>\n<meta property=\"og:site_name\" content=\"Admisi\u00f3n UOH\" \/>\n<meta property=\"article:modified_time\" content=\"2025-10-08T16:59:55+00:00\" \/>\n<meta name=\"twitter:card\" content=\"summary_large_image\" \/>\n<meta name=\"twitter:label1\" content=\"Tiempo estimado de lectura\" \/>\n\t<meta name=\"twitter:data1\" content=\"3 minutos\" \/>\n<script type=\"application\/ld+json\" class=\"yoast-schema-graph\">{\"@context\":\"https:\/\/schema.org\",\"@graph\":[{\"@type\":\"WebPage\",\"@id\":\"https:\/\/www.uoh.cl\/admision\/vias-de-ingreso\/admision-especial\/cupo-agropecuario\/\",\"url\":\"https:\/\/www.uoh.cl\/admision\/vias-de-ingreso\/admision-especial\/cupo-agropecuario\/\",\"name\":\"Cupo Agropecuario - Admisi\u00f3n UOH\",\"isPartOf\":{\"@id\":\"https:\/\/www.uoh.cl\/admision\/#website\"},\"datePublished\":\"2024-08-22T20:27:39+00:00\",\"dateModified\":\"2025-10-08T16:59:55+00:00\",\"breadcrumb\":{\"@id\":\"https:\/\/www.uoh.cl\/admision\/vias-de-ingreso\/admision-especial\/cupo-agropecuario\/#breadcrumb\"},\"inLanguage\":\"es-CL\",\"potentialAction\":[{\"@type\":\"ReadAction\",\"target\":[\"https:\/\/www.uoh.cl\/admision\/vias-de-ingreso\/admision-especial\/cupo-agropecuario\/\"]}]},{\"@type\":\"BreadcrumbList\",\"@id\":\"https:\/\/www.uoh.cl\/admision\/vias-de-ingreso\/admision-especial\/cupo-agropecuario\/#breadcrumb\",\"itemListElement\":[{\"@type\":\"ListItem\",\"position\":1,\"name\":\"V\u00edas de Ingreso\",\"item\":\"https:\/\/www.uoh.cl\/admision\/vias-de-ingreso\/\"},{\"@type\":\"ListItem\",\"position\":2,\"name\":\"Admisi\u00f3n Especial\",\"item\":\"https:\/\/www.uoh.cl\/admision\/vias-de-ingreso\/admision-especial\/\"},{\"@type\":\"ListItem\",\"position\":3,\"name\":\"Cupo Agropecuario\"}]},{\"@type\":\"WebSite\",\"@id\":\"https:\/\/www.uoh.cl\/admision\/#website\",\"url\":\"https:\/\/www.uoh.cl\/admision\/\",\"name\":\"Admisi\u00f3n UOH\",\"description\":\"Otro sitio de Sitios de Universidad O&#039;higgins\",\"potentialAction\":[{\"@type\":\"SearchAction\",\"target\":{\"@type\":\"EntryPoint\",\"urlTemplate\":\"https:\/\/www.uoh.cl\/admision\/?s={search_term_string}\"},\"query-input\":{\"@type\":\"PropertyValueSpecification\",\"valueRequired\":true,\"valueName\":\"search_term_string\"}}],\"inLanguage\":\"es-CL\"}]}<\/script>\n<!-- \/ Yoast SEO plugin. -->","yoast_head_json":{"title":"Cupo Agropecuario - Admisi\u00f3n UOH","robots":{"index":"index","follow":"follow","max-snippet":"max-snippet:-1","max-image-preview":"max-image-preview:large","max-video-preview":"max-video-preview:-1"},"canonical":"https:\/\/www.uoh.cl\/admision\/vias-de-ingreso\/admision-especial\/cupo-agropecuario\/","og_locale":"es_ES","og_type":"article","og_title":"Cupo Agropecuario - Admisi\u00f3n UOH","og_description":"[vc_section el_class=&#8221;container mx-auto align-items-center circle&#8211;pattern&#8221; css=&#8221;.vc_custom_1673375843369{padding-top: 3rem !important;}&#8221;][vc_row el_class=&#8221;pb-5&#8243;][vc_column][vc_wp_custommenu nav_menu=&#8221;14&#8243;][vc_column_text css=&#8221;&#8221;]Este cupo reconoce la importancia de la trayectoria escolar T\u00e9cnico Agr\u00edcola de las y los estudiantes de Educaci\u00f3n Media de la Regi\u00f3n de O\u2019Higgins, quienes deseen continuar su proceso formativo en una carrera af\u00edn a nuestra instituci\u00f3n.[\/vc_column_text][\/vc_column][\/vc_row][\/vc_section][vc_section css=&#8221;.vc_custom_1724358435168{background-color: #f6faff !important;}&#8221; el_class=&#8221;p-md-0 pt-md-5 pb-md-5&#8243;][vc_row el_class=&#8221;container mx-auto [&hellip;]","og_url":"https:\/\/www.uoh.cl\/admision\/vias-de-ingreso\/admision-especial\/cupo-agropecuario\/","og_site_name":"Admisi\u00f3n UOH","article_modified_time":"2025-10-08T16:59:55+00:00","twitter_card":"summary_large_image","twitter_misc":{"Tiempo estimado de lectura":"3 minutos"},"schema":{"@context":"https:\/\/schema.org","@graph":[{"@type":"WebPage","@id":"https:\/\/www.uoh.cl\/admision\/vias-de-ingreso\/admision-especial\/cupo-agropecuario\/","url":"https:\/\/www.uoh.cl\/admision\/vias-de-ingreso\/admision-especial\/cupo-agropecuario\/","name":"Cupo Agropecuario - Admisi\u00f3n UOH","isPartOf":{"@id":"https:\/\/www.uoh.cl\/admision\/#website"},"datePublished":"2024-08-22T20:27:39+00:00","dateModified":"2025-10-08T16:59:55+00:00","breadcrumb":{"@id":"https:\/\/www.uoh.cl\/admision\/vias-de-ingreso\/admision-especial\/cupo-agropecuario\/#breadcrumb"},"inLanguage":"es-CL","potentialAction":[{"@type":"ReadAction","target":["https:\/\/www.uoh.cl\/admision\/vias-de-ingreso\/admision-especial\/cupo-agropecuario\/"]}]},{"@type":"BreadcrumbList","@id":"https:\/\/www.uoh.cl\/admision\/vias-de-ingreso\/admision-especial\/cupo-agropecuario\/#breadcrumb","itemListElement":[{"@type":"ListItem","position":1,"name":"V\u00edas de Ingreso","item":"https:\/\/www.uoh.cl\/admision\/vias-de-ingreso\/"},{"@type":"ListItem","position":2,"name":"Admisi\u00f3n Especial","item":"https:\/\/www.uoh.cl\/admision\/vias-de-ingreso\/admision-especial\/"},{"@type":"ListItem","position":3,"name":"Cupo Agropecuario"}]},{"@type":"WebSite","@id":"https:\/\/www.uoh.cl\/admision\/#website","url":"https:\/\/www.uoh.cl\/admision\/","name":"Admisi\u00f3n UOH","description":"Otro sitio de Sitios de Universidad O&#039;higgins","potentialAction":[{"@type":"SearchAction","target":{"@type":"EntryPoint","urlTemplate":"https:\/\/www.uoh.cl\/admision\/?s={search_term_string}"},"query-input":{"@type":"PropertyValueSpecification","valueRequired":true,"valueName":"search_term_string"}}],"inLanguage":"es-CL"}]}},"_links":{"self":[{"href":"https:\/\/www.uoh.cl\/admision\/wp-json\/wp\/v2\/pages\/11549","targetHints":{"allow":["GET"]}}],"collection":[{"href":"https:\/\/www.uoh.cl\/admision\/wp-json\/wp\/v2\/pages"}],"about":[{"href":"https:\/\/www.uoh.cl\/admision\/wp-json\/wp\/v2\/types\/page"}],"author":[{"embeddable":true,"href":"https:\/\/www.uoh.cl\/admision\/wp-json\/wp\/v2\/users\/23"}],"replies":[{"embeddable":true,"href":"https:\/\/www.uoh.cl\/admision\/wp-json\/wp\/v2\/comments?post=11549"}],"version-history":[{"count":15,"href":"https:\/\/www.uoh.cl\/admision\/wp-json\/wp\/v2\/pages\/11549\/revisions"}],"predecessor-version":[{"id":27666,"href":"https:\/\/www.uoh.cl\/admision\/wp-json\/wp\/v2\/pages\/11549\/revisions\/27666"}],"up":[{"embeddable":true,"href":"https:\/\/www.uoh.cl\/admision\/wp-json\/wp\/v2\/pages\/64"}],"wp:attachment":[{"href":"https:\/\/www.uoh.cl\/admision\/wp-json\/wp\/v2\/media?parent=11549"}],"curies":[{"name":"wp","href":"https:\/\/api.w.org\/{rel}","templated":true}]}}