
{"id":10553,"date":"2024-03-06T15:06:28","date_gmt":"2024-03-06T18:06:28","guid":{"rendered":"https:\/\/www.uoh.cl\/admision\/?page_id=10553"},"modified":"2024-03-06T15:06:28","modified_gmt":"2024-03-06T18:06:28","slug":"revive-las-matriculas-2024-en-la-uoh","status":"publish","type":"page","link":"https:\/\/www.uoh.cl\/admision\/revive-las-matriculas-2024-en-la-uoh\/","title":{"rendered":"Revive las matr\u00edculas 2024 en la UOH"},"content":{"rendered":"<div class=\"wpb-content-wrapper\"><p>[vc_section el_class=&#8221;container mx-auto align-items-center circle&#8211;pattern&#8221;][vc_row el_class=&#8221;pb-5&#8243;][vc_column][vc_wp_custommenu nav_menu=&#8221;8&#8243;]<div class=\"breadcrumb\"><ol itemscope itemtype=\"https:\/\/schema.org\/BreadcrumbList\"><li itemprop=\"itemListElement\" itemscope itemtype=\"https:\/\/schema.org\/ListItem\"><a itemprop=\"item\" href=\"http:\/\/www.uoh.cl\"><span itemprop=\"name\">Inicio<\/span><\/a><meta itemprop=\"position\" content=\"1\" \/><li itemprop=\"itemListElement\" itemscope itemtype=\"https:\/\/schema.org\/ListItem\"><a itemprop=\"item\" href=\"https:\/\/www.uoh.cl\/admision\"><span itemprop=\"name\">Admisi\u00f3n UOH<\/span><\/a><meta itemprop=\"position\" content=\"2\" \/><li itemprop=\"itemListElement\" itemscope itemtype=\"https:\/\/schema.org\/ListItem\"><span itemprop=\"name\">Revive las matr\u00edculas 2024 en la UOH <\/span><meta itemprop=\"position\" content=\"3\" \/><\/ol><\/div><div class=\"uoh_title_component-container\"><h1 class=\"title title--ms d-inline-block title--decorator  big\">Revive las matr\u00edculas 2024 en la UOH<\/h1><\/div>[vc_column_text]Revisa las mejores im\u00e1genes que dej\u00f3 el periodo de matr\u00edculas 2024 en la UOH.<\/p>\n<p>\u00bfTe matriculaste presencialmente? \u00a1B\u00fascate en nuestra galer\u00eda fotogr\u00e1fica![\/vc_column_text][\/vc_column][\/vc_row][vc_row][vc_column width=&#8221;1\/3&#8243;][vc_single_image image=&#8221;10554&#8243; img_size=&#8221;600&#215;350&#8243; alignment=&#8221;center&#8221; onclick=&#8221;link_image&#8221;][vc_zigzag color=&#8221;white&#8221;][\/vc_column][vc_column width=&#8221;1\/3&#8243;][vc_single_image image=&#8221;10555&#8243; img_size=&#8221;600&#215;350&#8243; alignment=&#8221;center&#8221; onclick=&#8221;link_image&#8221;][vc_zigzag color=&#8221;white&#8221;][\/vc_column][vc_column width=&#8221;1\/3&#8243;][vc_single_image image=&#8221;10556&#8243; img_size=&#8221;600&#215;350&#8243; alignment=&#8221;center&#8221; onclick=&#8221;link_image&#8221;][vc_zigzag color=&#8221;white&#8221;][\/vc_column][\/vc_row][vc_row][vc_column width=&#8221;1\/3&#8243;][vc_single_image image=&#8221;10557&#8243; img_size=&#8221;600&#215;350&#8243; alignment=&#8221;center&#8221; onclick=&#8221;link_image&#8221;][vc_zigzag color=&#8221;white&#8221;][\/vc_column][vc_column width=&#8221;1\/3&#8243;][vc_single_image image=&#8221;10558&#8243; img_size=&#8221;600&#215;350&#8243; alignment=&#8221;center&#8221; onclick=&#8221;link_image&#8221;][vc_zigzag color=&#8221;white&#8221;][\/vc_column][vc_column width=&#8221;1\/3&#8243;][vc_single_image image=&#8221;10561&#8243; img_size=&#8221;600&#215;350&#8243; alignment=&#8221;center&#8221; onclick=&#8221;link_image&#8221;][vc_zigzag color=&#8221;white&#8221;][\/vc_column][\/vc_row][vc_row][vc_column width=&#8221;1\/3&#8243;][vc_single_image image=&#8221;10562&#8243; img_size=&#8221;600&#215;350&#8243; alignment=&#8221;center&#8221; onclick=&#8221;link_image&#8221;][vc_zigzag color=&#8221;white&#8221;][\/vc_column][vc_column width=&#8221;1\/3&#8243;][vc_single_image image=&#8221;10563&#8243; img_size=&#8221;600&#215;350&#8243; alignment=&#8221;center&#8221; onclick=&#8221;link_image&#8221;][vc_zigzag color=&#8221;white&#8221;][\/vc_column][vc_column width=&#8221;1\/3&#8243;][vc_single_image image=&#8221;10564&#8243; img_size=&#8221;600&#215;350&#8243; alignment=&#8221;center&#8221; onclick=&#8221;link_image&#8221;][vc_zigzag color=&#8221;white&#8221;][\/vc_column][\/vc_row][vc_row][vc_column width=&#8221;1\/3&#8243;][vc_single_image image=&#8221;10565&#8243; img_size=&#8221;600&#215;350&#8243; alignment=&#8221;center&#8221; onclick=&#8221;link_image&#8221;][vc_zigzag color=&#8221;white&#8221;][\/vc_column][vc_column width=&#8221;1\/3&#8243;][vc_single_image image=&#8221;10566&#8243; img_size=&#8221;600&#215;350&#8243; alignment=&#8221;center&#8221; onclick=&#8221;link_image&#8221;][vc_zigzag color=&#8221;white&#8221;][\/vc_column][vc_column width=&#8221;1\/3&#8243;][vc_single_image image=&#8221;10567&#8243; img_size=&#8221;600&#215;350&#8243; alignment=&#8221;center&#8221; onclick=&#8221;link_image&#8221;][vc_zigzag color=&#8221;white&#8221;][\/vc_column][\/vc_row][vc_row][vc_column width=&#8221;1\/3&#8243;][vc_single_image image=&#8221;10568&#8243; img_size=&#8221;600&#215;350&#8243; alignment=&#8221;center&#8221; onclick=&#8221;link_image&#8221;][vc_zigzag color=&#8221;white&#8221;][\/vc_column][vc_column width=&#8221;1\/3&#8243;][vc_single_image image=&#8221;10571&#8243; img_size=&#8221;600&#215;350&#8243; alignment=&#8221;center&#8221; onclick=&#8221;link_image&#8221;][vc_zigzag color=&#8221;white&#8221;][\/vc_column][vc_column width=&#8221;1\/3&#8243;][vc_single_image image=&#8221;10572&#8243; img_size=&#8221;600&#215;350&#8243; alignment=&#8221;center&#8221; onclick=&#8221;link_image&#8221;][vc_zigzag color=&#8221;white&#8221;][\/vc_column][\/vc_row][vc_row][vc_column width=&#8221;1\/3&#8243;][vc_single_image image=&#8221;10574&#8243; img_size=&#8221;600&#215;350&#8243; alignment=&#8221;center&#8221; onclick=&#8221;link_image&#8221;][vc_zigzag color=&#8221;white&#8221;][\/vc_column][vc_column width=&#8221;1\/3&#8243;][vc_single_image image=&#8221;10575&#8243; img_size=&#8221;600&#215;350&#8243; alignment=&#8221;center&#8221; onclick=&#8221;link_image&#8221;][vc_zigzag color=&#8221;white&#8221;][\/vc_column][vc_column width=&#8221;1\/3&#8243;][vc_single_image image=&#8221;10576&#8243; img_size=&#8221;600&#215;350&#8243; alignment=&#8221;center&#8221; onclick=&#8221;link_image&#8221;][vc_zigzag color=&#8221;white&#8221;][\/vc_column][\/vc_row][vc_row][vc_column width=&#8221;1\/3&#8243;][vc_single_image image=&#8221;10577&#8243; img_size=&#8221;600&#215;350&#8243; alignment=&#8221;center&#8221; onclick=&#8221;link_image&#8221;][vc_zigzag color=&#8221;white&#8221;][\/vc_column][vc_column width=&#8221;1\/3&#8243;][vc_single_image image=&#8221;10578&#8243; img_size=&#8221;600&#215;350&#8243; alignment=&#8221;center&#8221; onclick=&#8221;link_image&#8221;][vc_zigzag color=&#8221;white&#8221;][\/vc_column][vc_column width=&#8221;1\/3&#8243;][vc_single_image image=&#8221;10579&#8243; img_size=&#8221;600&#215;350&#8243; alignment=&#8221;center&#8221; onclick=&#8221;link_image&#8221;][vc_zigzag color=&#8221;white&#8221;][\/vc_column][\/vc_row][vc_row][vc_column width=&#8221;1\/3&#8243;][vc_single_image image=&#8221;10580&#8243; img_size=&#8221;600&#215;350&#8243; alignment=&#8221;center&#8221; onclick=&#8221;link_image&#8221;][vc_zigzag color=&#8221;white&#8221;][\/vc_column][vc_column width=&#8221;1\/3&#8243;][vc_single_image image=&#8221;10581&#8243; img_size=&#8221;600&#215;350&#8243; alignment=&#8221;center&#8221; onclick=&#8221;link_image&#8221;][vc_zigzag color=&#8221;white&#8221;][\/vc_column][vc_column width=&#8221;1\/3&#8243;][vc_single_image image=&#8221;10582&#8243; img_size=&#8221;600&#215;350&#8243; alignment=&#8221;center&#8221; onclick=&#8221;link_image&#8221;][vc_zigzag color=&#8221;white&#8221;][\/vc_column][\/vc_row][vc_row][vc_column width=&#8221;1\/3&#8243;][vc_single_image image=&#8221;10583&#8243; img_size=&#8221;600&#215;350&#8243; alignment=&#8221;center&#8221; onclick=&#8221;link_image&#8221;][vc_zigzag color=&#8221;white&#8221;][\/vc_column][vc_column width=&#8221;1\/3&#8243;][vc_single_image image=&#8221;10584&#8243; img_size=&#8221;600&#215;350&#8243; alignment=&#8221;center&#8221; onclick=&#8221;link_image&#8221;][vc_zigzag color=&#8221;white&#8221;][\/vc_column][vc_column width=&#8221;1\/3&#8243;][vc_single_image image=&#8221;10585&#8243; img_size=&#8221;600&#215;350&#8243; alignment=&#8221;center&#8221; onclick=&#8221;link_image&#8221;][vc_zigzag color=&#8221;white&#8221;][\/vc_column][\/vc_row][vc_row][vc_column width=&#8221;1\/3&#8243;][vc_single_image image=&#8221;10586&#8243; img_size=&#8221;600&#215;350&#8243; alignment=&#8221;center&#8221; onclick=&#8221;link_image&#8221;][vc_zigzag color=&#8221;white&#8221;][\/vc_column][vc_column width=&#8221;1\/3&#8243;][vc_single_image image=&#8221;10587&#8243; img_size=&#8221;600&#215;350&#8243; alignment=&#8221;center&#8221; onclick=&#8221;link_image&#8221;][vc_zigzag color=&#8221;white&#8221;][\/vc_column][vc_column width=&#8221;1\/3&#8243;][vc_single_image image=&#8221;10590&#8243; img_size=&#8221;600&#215;350&#8243; alignment=&#8221;center&#8221; onclick=&#8221;link_image&#8221;][vc_zigzag color=&#8221;white&#8221;][\/vc_column][\/vc_row][vc_row][vc_column width=&#8221;1\/3&#8243;][vc_single_image image=&#8221;10591&#8243; img_size=&#8221;600&#215;350&#8243; alignment=&#8221;center&#8221; onclick=&#8221;link_image&#8221;][vc_zigzag color=&#8221;white&#8221;][\/vc_column][vc_column width=&#8221;1\/3&#8243;][vc_single_image image=&#8221;10592&#8243; img_size=&#8221;600&#215;350&#8243; alignment=&#8221;center&#8221; onclick=&#8221;link_image&#8221;][vc_zigzag color=&#8221;white&#8221;][\/vc_column][vc_column width=&#8221;1\/3&#8243;][\/vc_column][\/vc_row][\/vc_section][vc_section css=&#8221;.vc_custom_1703000153035{background-color: #f6faff !important;}&#8221;][vc_row el_class=&#8221;container mx-auto align-items-center&#8221;][vc_column][\/vc_column][\/vc_row][\/vc_section]<\/p>\n<\/div>","protected":false},"excerpt":{"rendered":"<p>[vc_section el_class=&#8221;container mx-auto align-items-center circle&#8211;pattern&#8221;][vc_row el_class=&#8221;pb-5&#8243;][vc_column][vc_wp_custommenu nav_menu=&#8221;8&#8243;][vc_column_text]Revisa las mejores im\u00e1genes que dej\u00f3 el periodo de matr\u00edculas 2024 en la UOH. \u00bfTe matriculaste presencialmente? \u00a1B\u00fascate en nuestra galer\u00eda fotogr\u00e1fica![\/vc_column_text][\/vc_column][\/vc_row][vc_row][vc_column width=&#8221;1\/3&#8243;][vc_single_image image=&#8221;10554&#8243; img_size=&#8221;600&#215;350&#8243; alignment=&#8221;center&#8221; onclick=&#8221;link_image&#8221;][vc_zigzag color=&#8221;white&#8221;][\/vc_column][vc_column width=&#8221;1\/3&#8243;][vc_single_image image=&#8221;10555&#8243; img_size=&#8221;600&#215;350&#8243; alignment=&#8221;center&#8221; onclick=&#8221;link_image&#8221;][vc_zigzag color=&#8221;white&#8221;][\/vc_column][vc_column width=&#8221;1\/3&#8243;][vc_single_image image=&#8221;10556&#8243; img_size=&#8221;600&#215;350&#8243; alignment=&#8221;center&#8221; onclick=&#8221;link_image&#8221;][vc_zigzag color=&#8221;white&#8221;][\/vc_column][\/vc_row][vc_row][vc_column width=&#8221;1\/3&#8243;][vc_single_image image=&#8221;10557&#8243; img_size=&#8221;600&#215;350&#8243; alignment=&#8221;center&#8221; onclick=&#8221;link_image&#8221;][vc_zigzag color=&#8221;white&#8221;][\/vc_column][vc_column width=&#8221;1\/3&#8243;][vc_single_image image=&#8221;10558&#8243; img_size=&#8221;600&#215;350&#8243; [&hellip;]<\/p>\n","protected":false},"author":23,"featured_media":0,"parent":0,"menu_order":0,"comment_status":"closed","ping_status":"closed","template":"","meta":{"_acf_changed":false,"footnotes":""},"class_list":["post-10553","page","type-page","status-publish","hentry"],"acf":[],"yoast_head":"<!-- This site is optimized with the Yoast SEO plugin v26.6 - https:\/\/yoast.com\/wordpress\/plugins\/seo\/ -->\n<title>Revive las matr\u00edculas 2024 en la UOH - Admisi\u00f3n UOH<\/title>\n<meta name=\"robots\" content=\"index, follow, max-snippet:-1, max-image-preview:large, max-video-preview:-1\" \/>\n<link rel=\"canonical\" href=\"https:\/\/www.uoh.cl\/admision\/revive-las-matriculas-2024-en-la-uoh\/\" \/>\n<meta property=\"og:locale\" content=\"es_ES\" \/>\n<meta property=\"og:type\" content=\"article\" \/>\n<meta property=\"og:title\" content=\"Revive las matr\u00edculas 2024 en la UOH - Admisi\u00f3n UOH\" \/>\n<meta property=\"og:description\" content=\"[vc_section el_class=&#8221;container mx-auto align-items-center circle&#8211;pattern&#8221;][vc_row el_class=&#8221;pb-5&#8243;][vc_column][vc_wp_custommenu nav_menu=&#8221;8&#8243;][vc_column_text]Revisa las mejores im\u00e1genes que dej\u00f3 el periodo de matr\u00edculas 2024 en la UOH. \u00bfTe matriculaste presencialmente? \u00a1B\u00fascate en nuestra galer\u00eda fotogr\u00e1fica![\/vc_column_text][\/vc_column][\/vc_row][vc_row][vc_column width=&#8221;1\/3&#8243;][vc_single_image image=&#8221;10554&#8243; img_size=&#8221;600&#215;350&#8243; alignment=&#8221;center&#8221; onclick=&#8221;link_image&#8221;][vc_zigzag color=&#8221;white&#8221;][\/vc_column][vc_column width=&#8221;1\/3&#8243;][vc_single_image image=&#8221;10555&#8243; img_size=&#8221;600&#215;350&#8243; alignment=&#8221;center&#8221; onclick=&#8221;link_image&#8221;][vc_zigzag color=&#8221;white&#8221;][\/vc_column][vc_column width=&#8221;1\/3&#8243;][vc_single_image image=&#8221;10556&#8243; img_size=&#8221;600&#215;350&#8243; alignment=&#8221;center&#8221; onclick=&#8221;link_image&#8221;][vc_zigzag color=&#8221;white&#8221;][\/vc_column][\/vc_row][vc_row][vc_column width=&#8221;1\/3&#8243;][vc_single_image image=&#8221;10557&#8243; img_size=&#8221;600&#215;350&#8243; alignment=&#8221;center&#8221; onclick=&#8221;link_image&#8221;][vc_zigzag color=&#8221;white&#8221;][\/vc_column][vc_column width=&#8221;1\/3&#8243;][vc_single_image image=&#8221;10558&#8243; img_size=&#8221;600&#215;350&#8243; [&hellip;]\" \/>\n<meta property=\"og:url\" content=\"https:\/\/www.uoh.cl\/admision\/revive-las-matriculas-2024-en-la-uoh\/\" \/>\n<meta property=\"og:site_name\" content=\"Admisi\u00f3n UOH\" \/>\n<meta name=\"twitter:card\" content=\"summary_large_image\" \/>\n<meta name=\"twitter:label1\" content=\"Tiempo estimado de lectura\" \/>\n\t<meta name=\"twitter:data1\" content=\"8 minutos\" \/>\n<script type=\"application\/ld+json\" class=\"yoast-schema-graph\">{\"@context\":\"https:\/\/schema.org\",\"@graph\":[{\"@type\":\"WebPage\",\"@id\":\"https:\/\/www.uoh.cl\/admision\/revive-las-matriculas-2024-en-la-uoh\/\",\"url\":\"https:\/\/www.uoh.cl\/admision\/revive-las-matriculas-2024-en-la-uoh\/\",\"name\":\"Revive las matr\u00edculas 2024 en la UOH - Admisi\u00f3n UOH\",\"isPartOf\":{\"@id\":\"https:\/\/www.uoh.cl\/admision\/#website\"},\"datePublished\":\"2024-03-06T18:06:28+00:00\",\"inLanguage\":\"es-CL\",\"potentialAction\":[{\"@type\":\"ReadAction\",\"target\":[\"https:\/\/www.uoh.cl\/admision\/revive-las-matriculas-2024-en-la-uoh\/\"]}]},{\"@type\":\"WebSite\",\"@id\":\"https:\/\/www.uoh.cl\/admision\/#website\",\"url\":\"https:\/\/www.uoh.cl\/admision\/\",\"name\":\"Admisi\u00f3n UOH\",\"description\":\"Otro sitio de Sitios de Universidad O&#039;higgins\",\"potentialAction\":[{\"@type\":\"SearchAction\",\"target\":{\"@type\":\"EntryPoint\",\"urlTemplate\":\"https:\/\/www.uoh.cl\/admision\/?s={search_term_string}\"},\"query-input\":{\"@type\":\"PropertyValueSpecification\",\"valueRequired\":true,\"valueName\":\"search_term_string\"}}],\"inLanguage\":\"es-CL\"}]}<\/script>\n<!-- \/ Yoast SEO plugin. -->","yoast_head_json":{"title":"Revive las matr\u00edculas 2024 en la UOH - Admisi\u00f3n UOH","robots":{"index":"index","follow":"follow","max-snippet":"max-snippet:-1","max-image-preview":"max-image-preview:large","max-video-preview":"max-video-preview:-1"},"canonical":"https:\/\/www.uoh.cl\/admision\/revive-las-matriculas-2024-en-la-uoh\/","og_locale":"es_ES","og_type":"article","og_title":"Revive las matr\u00edculas 2024 en la UOH - Admisi\u00f3n UOH","og_description":"[vc_section el_class=&#8221;container mx-auto align-items-center circle&#8211;pattern&#8221;][vc_row el_class=&#8221;pb-5&#8243;][vc_column][vc_wp_custommenu nav_menu=&#8221;8&#8243;][vc_column_text]Revisa las mejores im\u00e1genes que dej\u00f3 el periodo de matr\u00edculas 2024 en la UOH. \u00bfTe matriculaste presencialmente? \u00a1B\u00fascate en nuestra galer\u00eda fotogr\u00e1fica![\/vc_column_text][\/vc_column][\/vc_row][vc_row][vc_column width=&#8221;1\/3&#8243;][vc_single_image image=&#8221;10554&#8243; img_size=&#8221;600&#215;350&#8243; alignment=&#8221;center&#8221; onclick=&#8221;link_image&#8221;][vc_zigzag color=&#8221;white&#8221;][\/vc_column][vc_column width=&#8221;1\/3&#8243;][vc_single_image image=&#8221;10555&#8243; img_size=&#8221;600&#215;350&#8243; alignment=&#8221;center&#8221; onclick=&#8221;link_image&#8221;][vc_zigzag color=&#8221;white&#8221;][\/vc_column][vc_column width=&#8221;1\/3&#8243;][vc_single_image image=&#8221;10556&#8243; img_size=&#8221;600&#215;350&#8243; alignment=&#8221;center&#8221; onclick=&#8221;link_image&#8221;][vc_zigzag color=&#8221;white&#8221;][\/vc_column][\/vc_row][vc_row][vc_column width=&#8221;1\/3&#8243;][vc_single_image image=&#8221;10557&#8243; img_size=&#8221;600&#215;350&#8243; alignment=&#8221;center&#8221; onclick=&#8221;link_image&#8221;][vc_zigzag color=&#8221;white&#8221;][\/vc_column][vc_column width=&#8221;1\/3&#8243;][vc_single_image image=&#8221;10558&#8243; img_size=&#8221;600&#215;350&#8243; [&hellip;]","og_url":"https:\/\/www.uoh.cl\/admision\/revive-las-matriculas-2024-en-la-uoh\/","og_site_name":"Admisi\u00f3n UOH","twitter_card":"summary_large_image","twitter_misc":{"Tiempo estimado de lectura":"8 minutos"},"schema":{"@context":"https:\/\/schema.org","@graph":[{"@type":"WebPage","@id":"https:\/\/www.uoh.cl\/admision\/revive-las-matriculas-2024-en-la-uoh\/","url":"https:\/\/www.uoh.cl\/admision\/revive-las-matriculas-2024-en-la-uoh\/","name":"Revive las matr\u00edculas 2024 en la UOH - Admisi\u00f3n UOH","isPartOf":{"@id":"https:\/\/www.uoh.cl\/admision\/#website"},"datePublished":"2024-03-06T18:06:28+00:00","inLanguage":"es-CL","potentialAction":[{"@type":"ReadAction","target":["https:\/\/www.uoh.cl\/admision\/revive-las-matriculas-2024-en-la-uoh\/"]}]},{"@type":"WebSite","@id":"https:\/\/www.uoh.cl\/admision\/#website","url":"https:\/\/www.uoh.cl\/admision\/","name":"Admisi\u00f3n UOH","description":"Otro sitio de Sitios de Universidad O&#039;higgins","potentialAction":[{"@type":"SearchAction","target":{"@type":"EntryPoint","urlTemplate":"https:\/\/www.uoh.cl\/admision\/?s={search_term_string}"},"query-input":{"@type":"PropertyValueSpecification","valueRequired":true,"valueName":"search_term_string"}}],"inLanguage":"es-CL"}]}},"_links":{"self":[{"href":"https:\/\/www.uoh.cl\/admision\/wp-json\/wp\/v2\/pages\/10553","targetHints":{"allow":["GET"]}}],"collection":[{"href":"https:\/\/www.uoh.cl\/admision\/wp-json\/wp\/v2\/pages"}],"about":[{"href":"https:\/\/www.uoh.cl\/admision\/wp-json\/wp\/v2\/types\/page"}],"author":[{"embeddable":true,"href":"https:\/\/www.uoh.cl\/admision\/wp-json\/wp\/v2\/users\/23"}],"replies":[{"embeddable":true,"href":"https:\/\/www.uoh.cl\/admision\/wp-json\/wp\/v2\/comments?post=10553"}],"version-history":[{"count":2,"href":"https:\/\/www.uoh.cl\/admision\/wp-json\/wp\/v2\/pages\/10553\/revisions"}],"predecessor-version":[{"id":10594,"href":"https:\/\/www.uoh.cl\/admision\/wp-json\/wp\/v2\/pages\/10553\/revisions\/10594"}],"wp:attachment":[{"href":"https:\/\/www.uoh.cl\/admision\/wp-json\/wp\/v2\/media?parent=10553"}],"curies":[{"name":"wp","href":"https:\/\/api.w.org\/{rel}","templated":true}]}}