
{"id":102,"date":"2022-04-06T11:36:35","date_gmt":"2022-04-06T14:36:35","guid":{"rendered":"https:\/\/www.uoh.cl\/admision\/?page_id=102"},"modified":"2025-09-11T14:19:19","modified_gmt":"2025-09-11T17:19:19","slug":"cupo-equidad-de-genero","status":"publish","type":"page","link":"https:\/\/www.uoh.cl\/admision\/vias-de-ingreso\/admision-especial\/cupo-equidad-de-genero\/","title":{"rendered":"Cupo Equidad de G\u00e9nero"},"content":{"rendered":"<div class=\"wpb-content-wrapper\"><p>[vc_section el_class=&#8221;container mx-auto align-items-center circle&#8211;pattern&#8221; css=&#8221;.vc_custom_1673375745924{padding-top: 3rem !important;}&#8221;][vc_row el_class=&#8221;pb-5&#8243;][vc_column][vc_wp_custommenu nav_menu=&#8221;14&#8243;]<div class=\"breadcrumb\"><ol itemscope itemtype=\"https:\/\/schema.org\/BreadcrumbList\"><li itemprop=\"itemListElement\" itemscope itemtype=\"https:\/\/schema.org\/ListItem\"><a itemprop=\"item\" href=\"http:\/\/www.uoh.cl\"><span itemprop=\"name\">Inicio<\/span><\/a><meta itemprop=\"position\" content=\"1\" \/><li itemprop=\"itemListElement\" itemscope itemtype=\"https:\/\/schema.org\/ListItem\"><a itemprop=\"item\" href=\"https:\/\/www.uoh.cl\/admision\"><span itemprop=\"name\">Admisi\u00f3n UOH<\/span><\/a><meta itemprop=\"position\" content=\"2\" \/><li itemprop=\"itemListElement\" itemscope itemtype=\"https:\/\/schema.org\/ListItem\"><a itemprop=\"item\" href=\"https:\/\/www.uoh.cl\/admision\/vias-de-ingreso\/\"><span itemprop=\"name\">V\u00edas de Ingreso<\/span><\/a><meta itemprop=\"position\" content=\"3\" \/><li itemprop=\"itemListElement\" itemscope itemtype=\"https:\/\/schema.org\/ListItem\"><a itemprop=\"item\" href=\"https:\/\/www.uoh.cl\/admision\/vias-de-ingreso\/admision-especial\/\"><span itemprop=\"name\">Admisi\u00f3n Especial<\/span><\/a><meta itemprop=\"position\" content=\"4\" \/><li itemprop=\"itemListElement\" itemscope itemtype=\"https:\/\/schema.org\/ListItem\"><span itemprop=\"name\">Cupo Equidad de G\u00e9nero <\/span><meta itemprop=\"position\" content=\"5\" \/><\/ol><\/div><div class=\"uoh_title_component-container\"><h1 class=\"title title--ms d-inline-block title--decorator  big\">Cupo Equidad de G\u00e9nero<\/h1><\/div>[vc_column_text css=&#8221;&#8221;]Con el objetivo de promover la diversidad e igualdad de oportunidades, y combatir la segregaci\u00f3n horizontal por \u00e1rea de conocimiento en estudios de Pregrado, la UOH crea el Cupo de Equidad de G\u00e9nero, el cual permitir\u00e1 convocar desde la lista de espera, a estudiantes del g\u00e9nero con menor convocatoria en la admisi\u00f3n regular.[\/vc_column_text][\/vc_column][\/vc_row][\/vc_section][vc_section css=&#8221;.vc_custom_1649228955052{background-color: #f6faff !important;}&#8221; el_class=&#8221;p-md-0 pt-md-5 pb-md-5&#8243;][vc_row el_class=&#8221;container mx-auto align-items-center p-md-0 pt-5&#8243;][vc_column width=&#8221;1\/6&#8243; el_class=&#8221;p-0&#8243;][\/vc_column][vc_column width=&#8221;2\/3&#8243;]<div class=\"uoh_title_component-container\"><h4 class=\"title title--ms d-inline-block small\">De los requisitos<\/h4><\/div>[vc_column_text css=&#8221;&#8221; el_class=&#8221;pb-4 pt-4 w-100&#8243;]Un\/a estudiante ser\u00e1 considerado\/a postulante al Cupo de Equidad de G\u00e9nero cuando haya cumplido con todos los requisitos y etapas previstas en el Sistema de Admisi\u00f3n centralizado, y cumpla adem\u00e1s con los siguientes requisitos:<\/p>\n<p>1. Quedar en la lista de espera de la carrera en primera preferencia.<\/p>\n<p>2. Pertenecer al g\u00e9nero de baja representaci\u00f3n de los\/as seleccionados por v\u00eda regular de dicha carrera, de acuerdo con el sexo registral informado por DEMRE.<\/p>\n<p>3. Cumplir con los requisitos m\u00ednimos de postulaci\u00f3n establecidos por la Universidad de O&#8217;Higgins.[\/vc_column_text]<div class=\"uoh_title_component-container\"><h4 class=\"title title--ms d-inline-block small\">De la postulaci\u00f3n<\/h4><\/div>[vc_column_text css=&#8221;&#8221; el_class=&#8221;pb-4 pt-3&#8243;]<\/p>\n<div class=\"col-md-12\">\n<div class=\"row\">\n<div class=\"col-md-12 no-title\">\n<p>Es de asignaci\u00f3n autom\u00e1tica, por ende, no es necesaria la entrega de documentaci\u00f3n adicional.<\/p>\n<\/div>\n<\/div>\n<\/div>\n<div class=\"col-md-12\">\n<div class=\"row\">\n<div class=\"col-md-12 no-title\"><\/div>\n<\/div>\n<\/div>\n<p>[\/vc_column_text]<div class=\"uoh_title_component-container\"><h4 class=\"title title--ms d-inline-block small\">De la selecci\u00f3n<\/h4><\/div>[vc_column_text css=&#8221;&#8221; el_class=&#8221;pb-4 pt-3&#8243;]<\/p>\n<div class=\"col-md-12\">\n<div class=\"row\">\n<div class=\"col-md-12 no-title\">\n<p>La selecci\u00f3n de estudiantes a este cupo estar\u00e1 a cargo de la Vicerrector\u00eda Acad\u00e9mica, a trav\u00e9s de la Direcci\u00f3n de Admisi\u00f3n y Acceso Efectivo (DACE). El proceso contempla la revisi\u00f3n de la lista de espera de la Carrera por estricto orden de puntaje ponderado descendente, seg\u00fan el n\u00famero de cupos ofrecidos por la Carrera.<\/p>\n<p>En caso de empate, se dirimir\u00e1 por el\/la estudiante que tenga el puntaje ranking m\u00e1s alto.<\/p>\n<\/div>\n<\/div>\n<\/div>\n<p>[\/vc_column_text]<div class=\"uoh_title_component-container\"><h4 class=\"title title--ms d-inline-block small\">De la Matr\u00edcula<\/h4><\/div>[vc_column_text css=&#8221;&#8221; el_class=&#8221;pb-2 pt-3&#8243;]Los\/as seleccionados\/as ser\u00e1n publicados a trav\u00e9s de los medios oficiales el d\u00eda anterior al inicio del primer periodo de matr\u00edcula.<\/p>\n<p>Para hacer efectivo su cupo, los\/as seleccionados\/as deber\u00e1n matricularse en el primer periodo de matr\u00edcula.<\/p>\n<p>De no concretar la matr\u00edcula en dicho periodo, se entender\u00e1 que el\/la estudiante ha desistido del cupo, el cual podr\u00e1 ser asignado en el segundo periodo de matr\u00edcula a otro\/a estudiante que cumpla con los requisitos.[\/vc_column_text][vc_zigzag color=&#8221;custom&#8221; el_class=&#8221;mb-3&#8243; custom_color=&#8221;#F6FAFF&#8221;]<h4 class=\"title title--ms d-inline-block small\">Cupos disponibles para el Proceso de Admisi\u00f3n 2026<\/h4><style>\n    .tabla_ponderaciones tbody tr td,\n    .tabla_ponderaciones tbody tr td a,\n    .tabla_ponderaciones tbody tr td ul li{\n        font-size: 0.7rem;\n    }\n\n    .tabla_ponderaciones thead tr th{\n        font-size: 0.7rem;\n        background-color: #A889FF !important;\n        color: #fff;\n        font-weight: bold;\n    }\n\n\n    .tabla_ponderaciones tbody tr td{\n        font-weight: initial !important;\n    }\n\n    .tabla_ponderaciones tbody tr:nth-child(odd) td{\n        background-color: #A889FF11 !important;\n    }\n    \n    .tabla_ponderaciones tr td:last-child:before {\n        content: \"\";\n        height: 50%;\n        width: 0 !important;\n        background-color: transparent !important;\n        position: absolute;\n        left: 0;\n    }\n<\/style><div class=\"table-responsive\"><input type=\"text\" id=\"search_vacantes\" placeholder=\"Buscar en la tabla...\" class=\"form-control mb-3\">    <table class=\"table table-hover table-striped table-bordered tabla_ponderaciones\" id=\"tabla_vacantes\">\n        <thead>\n            <tr>\n                <th scope=\"col\">C\u00d3D.<\/th>\n                <th scope=\"col\" class=\"text-uppercase\">Nombre Carrera<\/th>\n                <th scope=\"col\" class=\"text-uppercase\">Sede<\/th><th scope=\"col\" class=\"text-uppercase\">Cupo de Equidad de G\u00e9nero<\/th>            <\/tr>\n        <\/thead>\n        <tbody class=\"table-group-divider\">    <tr>\n        <td>47201<\/td>\n        <td class=\"text-uppercase\">INGENIER\u00cdA CIVIL CONDUCENTE A:<br><a href=\"https:\/\/www.uoh.cl\/escuela-de-ingenieria\/?p=27\" class=\"link-primary link-underline-opacity-0 text-uppercase\" target=\"_blank\">Ingenier\u00eda Civil El\u00e9ctrica<\/a>,<br><a href=\"https:\/\/www.uoh.cl\/escuela-de-ingenieria\/?p=45\" class=\"link-primary link-underline-opacity-0 text-uppercase\" target=\"_blank\">Ingenier\u00eda Civil en Computaci\u00f3n<\/a>,<br><a href=\"https:\/\/www.uoh.cl\/escuela-de-ingenieria\/?p=57\" class=\"link-primary link-underline-opacity-0 text-uppercase\" target=\"_blank\">Ingenier\u00eda Civil en Modelamiento Matem\u00e1tico de Datos<\/a>,<br><a href=\"https:\/\/www.uoh.cl\/escuela-de-ingenieria\/?p=49\" class=\"link-primary link-underline-opacity-0 text-uppercase\" target=\"_blank\">Ingenier\u00eda Civil Geol\u00f3gica<\/a>,<br><a href=\"https:\/\/www.uoh.cl\/escuela-de-ingenieria\/?p=53\" class=\"link-primary link-underline-opacity-0 text-uppercase\" target=\"_blank\">Ingenier\u00eda Civil Industrial<\/a>,<br><a href=\"https:\/\/www.uoh.cl\/escuela-de-ingenieria\/?p=39\" class=\"link-primary link-underline-opacity-0 text-uppercase\" target=\"_blank\">Ingenier\u00eda Civil Mec\u00e1nica<\/a>,<br><\/td>\n        <td class=\"text-uppercase\">Campus Rancagua<\/td><td scope=\"col\" class=\"text-uppercase\">20<\/td>    <\/tr>    <tr>\n        <td>47151<\/td>\n        <td class=\"text-uppercase\"><a href=\"https:\/\/www.uoh.cl\/escuelas-de-ciencias-agroalimentarias\/?p=40\" class=\"link-primary link-underline-opacity-0 text-uppercase\" target=\"_blank\">Medicina Veterinaria<\/a><\/td>\n        <td class=\"text-uppercase\">Campus Colchagua<\/td><td scope=\"col\" class=\"text-uppercase\">2<\/td>    <\/tr>    <tr>\n        <td>47002<\/td>\n        <td class=\"text-uppercase\"><a href=\"https:\/\/www.uoh.cl\/escuela-de-educacion\/?p=60\" class=\"link-primary link-underline-opacity-0 text-uppercase\" target=\"_blank\">Pedagog\u00eda en Educaci\u00f3n B\u00e1sica<\/a><\/td>\n        <td class=\"text-uppercase\">Campus Rancagua<\/td><td scope=\"col\" class=\"text-uppercase\">5<\/td>    <\/tr>    <tr>\n        <td>47006<\/td>\n        <td class=\"text-uppercase\"><a href=\"https:\/\/www.uoh.cl\/escuela-de-educacion\/?p=45\" class=\"link-primary link-underline-opacity-0 text-uppercase\" target=\"_blank\">Pedagog\u00eda en Educaci\u00f3n Especial<\/a><\/td>\n        <td class=\"text-uppercase\">Campus Rancagua<\/td><td scope=\"col\" class=\"text-uppercase\">2<\/td>    <\/tr>    <tr>\n        <td>47001<\/td>\n        <td class=\"text-uppercase\"><a href=\"https:\/\/www.uoh.cl\/escuela-de-educacion\/?p=64\" class=\"link-primary link-underline-opacity-0 text-uppercase\" target=\"_blank\">Pedagog\u00eda en Educaci\u00f3n Parvularia<\/a><\/td>\n        <td class=\"text-uppercase\">Campus Rancagua<\/td><td scope=\"col\" class=\"text-uppercase\">1<\/td>    <\/tr>    <tr>\n        <td>47301<\/td>\n        <td class=\"text-uppercase\"><a href=\"https:\/\/www.uoh.cl\/escuela-de-salud\/?p=44\" class=\"link-primary link-underline-opacity-0 text-uppercase\" target=\"_blank\">Enfermer\u00eda<\/a><\/td>\n        <td class=\"text-uppercase\">Campus Rancagua<\/td><td scope=\"col\" class=\"text-uppercase\">3<\/td>    <\/tr>    <tr>\n        <td>47304<\/td>\n        <td class=\"text-uppercase\"><a href=\"https:\/\/www.uoh.cl\/escuela-de-salud\/?p=174\" class=\"link-primary link-underline-opacity-0 text-uppercase\" target=\"_blank\">Nutrici\u00f3n y Diet\u00e9tica<\/a><\/td>\n        <td class=\"text-uppercase\">Campus Rancagua<\/td><td scope=\"col\" class=\"text-uppercase\">2<\/td>    <\/tr>    <tr>\n        <td>47303<\/td>\n        <td class=\"text-uppercase\"><a href=\"https:\/\/www.uoh.cl\/escuela-de-salud\/?p=62\" class=\"link-primary link-underline-opacity-0 text-uppercase\" target=\"_blank\">Terapia Ocupacional<\/a><\/td>\n        <td class=\"text-uppercase\">Campus Rancagua<\/td><td scope=\"col\" class=\"text-uppercase\">2<\/td>    <\/tr>        <\/tbody>\n    <\/table>\n<\/div><script>\n    document.addEventListener('DOMContentLoaded', function() {\n        function sortTable(table) {\n            var tbody = table.querySelector('tbody');\n            var rows = Array.prototype.slice.call(tbody.querySelectorAll('tr'));\n            rows.sort(function(a, b) {\n                var A = parseInt(a.cells[0].textContent.trim(), 10);\n                var B = parseInt(b.cells[0].textContent.trim(), 10);\n                return A - B;\n            });\n            rows.forEach(function(row) {\n                tbody.appendChild(row);\n            });\n        }\n\n        function filterTable(table, keyword) {\n            var tbody = table.querySelector('tbody');\n            var rows = tbody.querySelectorAll('tr');\n            rows.forEach(function(row) {\n                var cells = row.querySelectorAll('td');\n                var match = false;\n                cells.forEach(function(cell) {\n                    if (cell.textContent.toLowerCase().normalize('NFD').replace(\/[\\u0300-\\u036f]\/g, '').includes(keyword.toLowerCase().normalize('NFD').replace(\/[\\u0300-\\u036f]\/g, ''))) {\n                        match = true;\n                    }\n                });\n                if (match) {\n                    row.style.display = '';\n                } else {\n                    row.style.display = 'none';\n                }\n            });\n        }\n\n        var tabla = document.getElementById('tabla_vacantes');\n        sortTable(tabla);\n\n        var searchInput = document.getElementById('search_vacantes');\n        if (searchInput) {\n            searchInput.addEventListener('input', function() {\n                var keyword = searchInput.value;\n                filterTable(tabla, keyword);\n            });\n        }\n    });\n<\/script>[vc_zigzag color=&#8221;custom&#8221; el_class=&#8221;mb-3&#8243; custom_color=&#8221;#F6FAFF&#8221;][vc_column_text css=&#8221;&#8221; el_class=&#8221;pt-4&#8243;]<em>* Para postular a carreras de Pedagog\u00eda, se debe cumplir adicionalmente con las condiciones que establece la Ley N\u00b020.903.<\/em>[\/vc_column_text][\/vc_column][vc_column width=&#8221;1\/6&#8243;][\/vc_column][\/vc_row][\/vc_section]<\/p>\n<\/div>","protected":false},"excerpt":{"rendered":"<p>[vc_section el_class=&#8221;container mx-auto align-items-center circle&#8211;pattern&#8221; css=&#8221;.vc_custom_1673375745924{padding-top: 3rem !important;}&#8221;][vc_row el_class=&#8221;pb-5&#8243;][vc_column][vc_wp_custommenu nav_menu=&#8221;14&#8243;][vc_column_text css=&#8221;&#8221;]Con el objetivo de promover la diversidad e igualdad de oportunidades, y combatir la segregaci\u00f3n horizontal por \u00e1rea de conocimiento en estudios de Pregrado, la UOH crea el Cupo de Equidad de G\u00e9nero, el cual permitir\u00e1 convocar desde la lista de espera, a estudiantes del [&hellip;]<\/p>\n","protected":false},"author":34,"featured_media":0,"parent":64,"menu_order":0,"comment_status":"closed","ping_status":"closed","template":"","meta":{"_acf_changed":false,"footnotes":""},"class_list":["post-102","page","type-page","status-publish","hentry"],"acf":[],"yoast_head":"<!-- This site is optimized with the Yoast SEO plugin v26.6 - https:\/\/yoast.com\/wordpress\/plugins\/seo\/ -->\n<title>Cupo Equidad de G\u00e9nero - Admisi\u00f3n UOH<\/title>\n<meta name=\"robots\" content=\"index, follow, max-snippet:-1, max-image-preview:large, max-video-preview:-1\" \/>\n<link rel=\"canonical\" href=\"https:\/\/www.uoh.cl\/admision\/vias-de-ingreso\/admision-especial\/cupo-equidad-de-genero\/\" \/>\n<meta property=\"og:locale\" content=\"es_ES\" \/>\n<meta property=\"og:type\" content=\"article\" \/>\n<meta property=\"og:title\" content=\"Cupo Equidad de G\u00e9nero - Admisi\u00f3n UOH\" \/>\n<meta property=\"og:description\" content=\"[vc_section el_class=&#8221;container mx-auto align-items-center circle&#8211;pattern&#8221; css=&#8221;.vc_custom_1673375745924{padding-top: 3rem !important;}&#8221;][vc_row el_class=&#8221;pb-5&#8243;][vc_column][vc_wp_custommenu nav_menu=&#8221;14&#8243;][vc_column_text css=&#8221;&#8221;]Con el objetivo de promover la diversidad e igualdad de oportunidades, y combatir la segregaci\u00f3n horizontal por \u00e1rea de conocimiento en estudios de Pregrado, la UOH crea el Cupo de Equidad de G\u00e9nero, el cual permitir\u00e1 convocar desde la lista de espera, a estudiantes del [&hellip;]\" \/>\n<meta property=\"og:url\" content=\"https:\/\/www.uoh.cl\/admision\/vias-de-ingreso\/admision-especial\/cupo-equidad-de-genero\/\" \/>\n<meta property=\"og:site_name\" content=\"Admisi\u00f3n UOH\" \/>\n<meta property=\"article:modified_time\" content=\"2025-09-11T17:19:19+00:00\" \/>\n<meta name=\"twitter:card\" content=\"summary_large_image\" \/>\n<meta name=\"twitter:label1\" content=\"Tiempo estimado de lectura\" \/>\n\t<meta name=\"twitter:data1\" content=\"2 minutos\" \/>\n<script type=\"application\/ld+json\" class=\"yoast-schema-graph\">{\"@context\":\"https:\/\/schema.org\",\"@graph\":[{\"@type\":\"WebPage\",\"@id\":\"https:\/\/www.uoh.cl\/admision\/vias-de-ingreso\/admision-especial\/cupo-equidad-de-genero\/\",\"url\":\"https:\/\/www.uoh.cl\/admision\/vias-de-ingreso\/admision-especial\/cupo-equidad-de-genero\/\",\"name\":\"Cupo Equidad de G\u00e9nero - Admisi\u00f3n UOH\",\"isPartOf\":{\"@id\":\"https:\/\/www.uoh.cl\/admision\/#website\"},\"datePublished\":\"2022-04-06T14:36:35+00:00\",\"dateModified\":\"2025-09-11T17:19:19+00:00\",\"breadcrumb\":{\"@id\":\"https:\/\/www.uoh.cl\/admision\/vias-de-ingreso\/admision-especial\/cupo-equidad-de-genero\/#breadcrumb\"},\"inLanguage\":\"es-CL\",\"potentialAction\":[{\"@type\":\"ReadAction\",\"target\":[\"https:\/\/www.uoh.cl\/admision\/vias-de-ingreso\/admision-especial\/cupo-equidad-de-genero\/\"]}]},{\"@type\":\"BreadcrumbList\",\"@id\":\"https:\/\/www.uoh.cl\/admision\/vias-de-ingreso\/admision-especial\/cupo-equidad-de-genero\/#breadcrumb\",\"itemListElement\":[{\"@type\":\"ListItem\",\"position\":1,\"name\":\"V\u00edas de Ingreso\",\"item\":\"https:\/\/www.uoh.cl\/admision\/vias-de-ingreso\/\"},{\"@type\":\"ListItem\",\"position\":2,\"name\":\"Admisi\u00f3n Especial\",\"item\":\"https:\/\/www.uoh.cl\/admision\/vias-de-ingreso\/admision-especial\/\"},{\"@type\":\"ListItem\",\"position\":3,\"name\":\"Cupo Equidad de G\u00e9nero\"}]},{\"@type\":\"WebSite\",\"@id\":\"https:\/\/www.uoh.cl\/admision\/#website\",\"url\":\"https:\/\/www.uoh.cl\/admision\/\",\"name\":\"Admisi\u00f3n UOH\",\"description\":\"Otro sitio de Sitios de Universidad O&#039;higgins\",\"potentialAction\":[{\"@type\":\"SearchAction\",\"target\":{\"@type\":\"EntryPoint\",\"urlTemplate\":\"https:\/\/www.uoh.cl\/admision\/?s={search_term_string}\"},\"query-input\":{\"@type\":\"PropertyValueSpecification\",\"valueRequired\":true,\"valueName\":\"search_term_string\"}}],\"inLanguage\":\"es-CL\"}]}<\/script>\n<!-- \/ Yoast SEO plugin. -->","yoast_head_json":{"title":"Cupo Equidad de G\u00e9nero - Admisi\u00f3n UOH","robots":{"index":"index","follow":"follow","max-snippet":"max-snippet:-1","max-image-preview":"max-image-preview:large","max-video-preview":"max-video-preview:-1"},"canonical":"https:\/\/www.uoh.cl\/admision\/vias-de-ingreso\/admision-especial\/cupo-equidad-de-genero\/","og_locale":"es_ES","og_type":"article","og_title":"Cupo Equidad de G\u00e9nero - Admisi\u00f3n UOH","og_description":"[vc_section el_class=&#8221;container mx-auto align-items-center circle&#8211;pattern&#8221; css=&#8221;.vc_custom_1673375745924{padding-top: 3rem !important;}&#8221;][vc_row el_class=&#8221;pb-5&#8243;][vc_column][vc_wp_custommenu nav_menu=&#8221;14&#8243;][vc_column_text css=&#8221;&#8221;]Con el objetivo de promover la diversidad e igualdad de oportunidades, y combatir la segregaci\u00f3n horizontal por \u00e1rea de conocimiento en estudios de Pregrado, la UOH crea el Cupo de Equidad de G\u00e9nero, el cual permitir\u00e1 convocar desde la lista de espera, a estudiantes del [&hellip;]","og_url":"https:\/\/www.uoh.cl\/admision\/vias-de-ingreso\/admision-especial\/cupo-equidad-de-genero\/","og_site_name":"Admisi\u00f3n UOH","article_modified_time":"2025-09-11T17:19:19+00:00","twitter_card":"summary_large_image","twitter_misc":{"Tiempo estimado de lectura":"2 minutos"},"schema":{"@context":"https:\/\/schema.org","@graph":[{"@type":"WebPage","@id":"https:\/\/www.uoh.cl\/admision\/vias-de-ingreso\/admision-especial\/cupo-equidad-de-genero\/","url":"https:\/\/www.uoh.cl\/admision\/vias-de-ingreso\/admision-especial\/cupo-equidad-de-genero\/","name":"Cupo Equidad de G\u00e9nero - Admisi\u00f3n UOH","isPartOf":{"@id":"https:\/\/www.uoh.cl\/admision\/#website"},"datePublished":"2022-04-06T14:36:35+00:00","dateModified":"2025-09-11T17:19:19+00:00","breadcrumb":{"@id":"https:\/\/www.uoh.cl\/admision\/vias-de-ingreso\/admision-especial\/cupo-equidad-de-genero\/#breadcrumb"},"inLanguage":"es-CL","potentialAction":[{"@type":"ReadAction","target":["https:\/\/www.uoh.cl\/admision\/vias-de-ingreso\/admision-especial\/cupo-equidad-de-genero\/"]}]},{"@type":"BreadcrumbList","@id":"https:\/\/www.uoh.cl\/admision\/vias-de-ingreso\/admision-especial\/cupo-equidad-de-genero\/#breadcrumb","itemListElement":[{"@type":"ListItem","position":1,"name":"V\u00edas de Ingreso","item":"https:\/\/www.uoh.cl\/admision\/vias-de-ingreso\/"},{"@type":"ListItem","position":2,"name":"Admisi\u00f3n Especial","item":"https:\/\/www.uoh.cl\/admision\/vias-de-ingreso\/admision-especial\/"},{"@type":"ListItem","position":3,"name":"Cupo Equidad de G\u00e9nero"}]},{"@type":"WebSite","@id":"https:\/\/www.uoh.cl\/admision\/#website","url":"https:\/\/www.uoh.cl\/admision\/","name":"Admisi\u00f3n UOH","description":"Otro sitio de Sitios de Universidad O&#039;higgins","potentialAction":[{"@type":"SearchAction","target":{"@type":"EntryPoint","urlTemplate":"https:\/\/www.uoh.cl\/admision\/?s={search_term_string}"},"query-input":{"@type":"PropertyValueSpecification","valueRequired":true,"valueName":"search_term_string"}}],"inLanguage":"es-CL"}]}},"_links":{"self":[{"href":"https:\/\/www.uoh.cl\/admision\/wp-json\/wp\/v2\/pages\/102","targetHints":{"allow":["GET"]}}],"collection":[{"href":"https:\/\/www.uoh.cl\/admision\/wp-json\/wp\/v2\/pages"}],"about":[{"href":"https:\/\/www.uoh.cl\/admision\/wp-json\/wp\/v2\/types\/page"}],"author":[{"embeddable":true,"href":"https:\/\/www.uoh.cl\/admision\/wp-json\/wp\/v2\/users\/34"}],"replies":[{"embeddable":true,"href":"https:\/\/www.uoh.cl\/admision\/wp-json\/wp\/v2\/comments?post=102"}],"version-history":[{"count":20,"href":"https:\/\/www.uoh.cl\/admision\/wp-json\/wp\/v2\/pages\/102\/revisions"}],"predecessor-version":[{"id":27174,"href":"https:\/\/www.uoh.cl\/admision\/wp-json\/wp\/v2\/pages\/102\/revisions\/27174"}],"up":[{"embeddable":true,"href":"https:\/\/www.uoh.cl\/admision\/wp-json\/wp\/v2\/pages\/64"}],"wp:attachment":[{"href":"https:\/\/www.uoh.cl\/admision\/wp-json\/wp\/v2\/media?parent=102"}],"curies":[{"name":"wp","href":"https:\/\/api.w.org\/{rel}","templated":true}]}}